{"id":10014,"date":"2020-01-12T15:48:53","date_gmt":"2020-01-12T14:48:53","guid":{"rendered":"https:\/\/www.wsein.org\/?page_id=10014"},"modified":"2020-01-12T20:32:00","modified_gmt":"2020-01-12T19:32:00","slug":"smart-city-egitimi","status":"publish","type":"page","link":"https:\/\/www.wsein.org\/tr\/egitimler\/smart-city-egitimi\/","title":{"rendered":"Akilli \u015eehirler E\u011fitimi"},"content":{"rendered":"<div id=\"pl-10014\"  class=\"panel-layout\" ><div id=\"pg-10014-0\"  class=\"panel-grid panel-no-style\" ><div id=\"pgc-10014-0-0\"  class=\"panel-grid-cell\" ><div id=\"panel-10014-0-0-0\" class=\"so-panel widget widget_heading panel-first-child panel-last-child\" data-index=\"0\" ><div class=\"thim-widget-heading template-base\"><div class=\"sc_heading  text-left\"><h2 style=\"text-transform: uppercase;color:#1b2c4e;\" class=\"title\">Akilli \u015eehirler E\u011fitimi<\/h2><span style=\"background-color:#be0000\" class=\"line\"><\/span><\/div><\/div><\/div><\/div><\/div><div id=\"pg-10014-1\"  class=\"panel-grid panel-no-style\" ><div id=\"pgc-10014-1-0\"  class=\"panel-grid-cell\" ><div id=\"panel-10014-1-0-0\" class=\"so-panel widget widget_sow-editor panel-first-child panel-last-child\" data-index=\"1\" ><div\n\t\t\t\n\t\t\tclass=\"so-widget-sow-editor so-widget-sow-editor-base\"\n\t\t\t\n\t\t>\n<div class=\"siteorigin-widget-tinymce textwidget\">\n\t<h3>HEDEFLENEN GRUP<\/h3>\n<p>Toplum ve \u015eehir temsilcileri (Belediyeler-Bakanl\u0131klar)<\/p>\n<h4>S\u00fcre (3 G\u00fcn)<\/h4>\n<p>1. G\u00fcn E\u011fitim<br \/>\n3. G\u00fcn Teknik Gezi<br \/>\n4. G\u00fcn S\u00fcrd\u00fcr\u00fclebilir \u015eehirler- Viyana tan\u0131t\u0131m\u0131<\/p>\n<h4>Konaklama ve E\u011fitimler<\/h4>\n<p>4 veya 5 y\u0131ld\u0131zl\u0131 Viyana\u2019 daki otellerde yap\u0131lacakt\u0131r<\/p>\n<h4>Kurs Konular\u0131<\/h4>\n<p>\u015eehir ve Yenilenebilir Enerji<br \/>\nYenilenebilir Enerjinin Kurallar\u0131<br \/>\nlektrikli Ula\u015f\u0131m Sistemleri (E- Mobility)<br \/>\n\u015eehirler \u0130\u00e7in \u00c7\u00f6z\u00fcmler<\/p>\n<\/div>\n<\/div><\/div><\/div><\/div><div id=\"pg-10014-2\"  class=\"panel-grid panel-no-style\" ><div id=\"pgc-10014-2-0\"  class=\"panel-grid-cell\" ><div id=\"panel-10014-2-0-0\" class=\"so-panel widget widget_heading panel-first-child panel-last-child\" data-index=\"2\" ><div class=\"thim-widget-heading template-base\"><div class=\"sc_heading  text-left\"><h3 style=\"text-transform: uppercase;color:#1b2c4e;\" class=\"title\">UZMANLAR<\/h3><span style=\"background-color:#be0000\" class=\"line\"><\/span><\/div><\/div><\/div><\/div><\/div><div id=\"pg-10014-3\"  class=\"panel-grid panel-no-style\" ><div id=\"pgc-10014-3-0\"  class=\"panel-grid-cell\" ><div id=\"panel-10014-3-0-0\" class=\"so-panel widget widget_sow-editor panel-first-child panel-last-child\" data-index=\"3\" ><div\n\t\t\t\n\t\t\tclass=\"so-widget-sow-editor so-widget-sow-editor-base\"\n\t\t\t\n\t\t>\n<div class=\"siteorigin-widget-tinymce textwidget\">\n\t<h3>Prof. Reinhard HAAS<\/h3>\n<p><img fetchpriority=\"high\" fetchpriority=\"high\" decoding=\"async\" src=\"https:\/\/www.wsein.org\/wp-content\/uploads\/haas.jpg\" alt=\"Univ. Prof. Reinhard Haas\" width=\"350\" height=\"250\" \/><\/p>\n<p class=\"sub-heading\">Teknoloji, Avusturya Viyana \u00dcniversitesi Enerji Ekonomi \u00dcniversitesi Profes\u00f6r\u00fc<\/p>\n<\/div>\n<\/div><\/div><\/div><div id=\"pgc-10014-3-1\"  class=\"panel-grid-cell\" ><div id=\"panel-10014-3-1-0\" class=\"so-panel widget widget_sow-editor panel-first-child panel-last-child\" data-index=\"4\" ><div\n\t\t\t\n\t\t\tclass=\"so-widget-sow-editor so-widget-sow-editor-base\"\n\t\t\t\n\t\t>\n<div class=\"siteorigin-widget-tinymce textwidget\">\n\t<h3>Y\u00fcksek M\u00fchendis G\u00f6khan YILDIRIM<\/h3>\n<p><img decoding=\"async\" src=\"https:\/\/www.wsein.org\/wp-content\/uploads\/team\/yildirim.jpg\" alt=\"MSc. G\u00f6khan Yildirim\" width=\"350\" height=\"250\" \/><\/p>\n<p class=\"sub-heading\">WSEIN Ba\u015fkan\u0131<\/p>\n<\/div>\n<\/div><\/div><\/div><\/div><div id=\"pg-10014-4\"  class=\"panel-grid panel-no-style\" ><div id=\"pgc-10014-4-0\"  class=\"panel-grid-cell\" ><div id=\"panel-10014-4-0-0\" class=\"so-panel widget widget_heading panel-first-child\" data-index=\"5\" ><div class=\"thim-widget-heading template-base\"><div class=\"sc_heading  text-left\"><h3 style=\"text-transform: uppercase;color:#1b2c4e;\" class=\"title\">\u0130ND\u0130R<\/h3><span style=\"background-color:#be0000\" class=\"line\"><\/span><\/div><\/div><\/div><div id=\"panel-10014-4-0-1\" class=\"so-panel widget widget_sow-editor\" data-index=\"6\" ><div\n\t\t\t\n\t\t\tclass=\"so-widget-sow-editor so-widget-sow-editor-base\"\n\t\t\t\n\t\t>\n<div class=\"siteorigin-widget-tinymce textwidget\">\n\t<h4>Program\u0131 indirmek i\u00e7in<\/h4>\n<p><a href=\"https:\/\/www.wsein.org\/wp-content\/uploads\/pdf\/tr\/AKILLI_SEHIRLER_EGITIM_DETAYI.pdf\" target=\"_blank\" rel=\"noopener noreferrer\">\u00bb AKILLI \u015eEH\u0130RLER E\u011e\u0130T\u0130M DETAYI<\/a><\/p>\n<\/div>\n<\/div><\/div><div id=\"panel-10014-4-0-2\" class=\"so-panel widget widget_sow-editor panel-last-child\" data-index=\"7\" ><div\n\t\t\t\n\t\t\tclass=\"so-widget-sow-editor so-widget-sow-editor-base\"\n\t\t\t\n\t\t>\n<div class=\"siteorigin-widget-tinymce textwidget\">\n\t<h4>Kay\u0131t olmak i\u00e7in<\/h4>\n<p><a href=\"https:\/\/www.wsein.org\/wp-content\/uploads\/pdf\/tr\/AKILLI_SEHIRLER_EGITIMI_KAYIT.pdf\" target=\"_blank\" rel=\"noopener noreferrer\">\u00bb AKILLI \u015eEH\u0130RLER E\u011e\u0130T\u0130M\u0130 KAYIT<\/a><\/p>\n<\/div>\n<\/div><\/div><\/div><\/div><\/div>","protected":false},"excerpt":{"rendered":"<p>HEDEFLENEN GRUP Toplum ve \u015eehir temsilcileri (Belediyeler-Bakanl\u0131klar) S\u00fcre (3 G\u00fcn) 1. G\u00fcn E\u011fitim 3. G\u00fcn Teknik Gezi 4. G\u00fcn S\u00fcrd\u00fcr\u00fclebilir \u015eehirler- Viyana tan\u0131t\u0131m\u0131 Konaklama ve E\u011fitimler 4 veya 5 y\u0131ld\u0131zl\u0131 &hellip; <\/p>\n","protected":false},"author":2,"featured_media":0,"parent":6472,"menu_order":0,"comment_status":"closed","ping_status":"closed","template":"","meta":{"footnotes":"","_links_to":"","_links_to_target":""},"class_list":["post-10014","page","type-page","status-publish","hentry"],"yoast_head":"<!-- This site is optimized with the Yoast SEO plugin v27.1.1 - https:\/\/yoast.com\/product\/yoast-seo-wordpress\/ -->\n<title>Akilli \u015eehirler E\u011fitimi | WSEIN - World Sustainable Energy Institute<\/title>\n<meta name=\"description\" content=\"WSEIN \u2212 World Sustainable Energy Institute is an international organisation based in Vienna that works for sustainable city solutions such as renewable energy, waste management, sustainable mobility and community.\" \/>\n<meta name=\"robots\" content=\"index, follow, max-snippet:-1, max-image-preview:large, max-video-preview:-1\" \/>\n<link rel=\"canonical\" href=\"https:\/\/www.wsein.org\/tr\/egitimler\/smart-city-egitimi\/\" \/>\n<meta name=\"twitter:label1\" content=\"Est. reading time\" \/>\n\t<meta name=\"twitter:data1\" content=\"1 minute\" \/>\n<script type=\"application\/ld+json\" class=\"yoast-schema-graph\">{\"@context\":\"https:\/\/schema.org\",\"@graph\":[{\"@type\":\"WebPage\",\"@id\":\"https:\/\/www.wsein.org\/tr\/egitimler\/smart-city-egitimi\/\",\"url\":\"https:\/\/www.wsein.org\/tr\/egitimler\/smart-city-egitimi\/\",\"name\":\"Akilli \u015eehirler E\u011fitimi | WSEIN - World Sustainable Energy Institute\",\"isPartOf\":{\"@id\":\"https:\/\/www.wsein.org\/tr\/#website\"},\"primaryImageOfPage\":{\"@id\":\"https:\/\/www.wsein.org\/tr\/egitimler\/smart-city-egitimi\/#primaryimage\"},\"image\":{\"@id\":\"https:\/\/www.wsein.org\/tr\/egitimler\/smart-city-egitimi\/#primaryimage\"},\"thumbnailUrl\":\"https:\/\/www.wsein.org\/wp-content\/uploads\/haas.jpg\",\"datePublished\":\"2020-01-12T14:48:53+00:00\",\"dateModified\":\"2020-01-12T19:32:00+00:00\",\"description\":\"WSEIN \u2212 World Sustainable Energy Institute is an international organisation based in Vienna that works for sustainable city solutions such as renewable energy, waste management, sustainable mobility and community.\",\"breadcrumb\":{\"@id\":\"https:\/\/www.wsein.org\/tr\/egitimler\/smart-city-egitimi\/#breadcrumb\"},\"inLanguage\":\"tr\",\"potentialAction\":[{\"@type\":\"ReadAction\",\"target\":[\"https:\/\/www.wsein.org\/tr\/egitimler\/smart-city-egitimi\/\"]}]},{\"@type\":\"ImageObject\",\"inLanguage\":\"tr\",\"@id\":\"https:\/\/www.wsein.org\/tr\/egitimler\/smart-city-egitimi\/#primaryimage\",\"url\":\"https:\/\/www.wsein.org\/wp-content\/uploads\/haas.jpg\",\"contentUrl\":\"https:\/\/www.wsein.org\/wp-content\/uploads\/haas.jpg\"},{\"@type\":\"BreadcrumbList\",\"@id\":\"https:\/\/www.wsein.org\/tr\/egitimler\/smart-city-egitimi\/#breadcrumb\",\"itemListElement\":[{\"@type\":\"ListItem\",\"position\":1,\"name\":\"Home\",\"item\":\"https:\/\/www.wsein.org\/tr\/\"},{\"@type\":\"ListItem\",\"position\":2,\"name\":\"E\u011fitimler\",\"item\":\"https:\/\/www.wsein.org\/tr\/egitimler\/\"},{\"@type\":\"ListItem\",\"position\":3,\"name\":\"Akilli \u015eehirler E\u011fitimi\"}]},{\"@type\":\"WebSite\",\"@id\":\"https:\/\/www.wsein.org\/tr\/#website\",\"url\":\"https:\/\/www.wsein.org\/tr\/\",\"name\":\"WSEIN \u2212 World Sustainable Energy Institute\",\"description\":\"World Sustainable Energy Institute\",\"publisher\":{\"@id\":\"https:\/\/www.wsein.org\/tr\/#organization\"},\"potentialAction\":[{\"@type\":\"SearchAction\",\"target\":{\"@type\":\"EntryPoint\",\"urlTemplate\":\"https:\/\/www.wsein.org\/tr\/?s={search_term_string}\"},\"query-input\":{\"@type\":\"PropertyValueSpecification\",\"valueRequired\":true,\"valueName\":\"search_term_string\"}}],\"inLanguage\":\"tr\"},{\"@type\":\"Organization\",\"@id\":\"https:\/\/www.wsein.org\/tr\/#organization\",\"name\":\"WSEIN - World Sustainable Energy Institute\",\"url\":\"https:\/\/www.wsein.org\/tr\/\",\"logo\":{\"@type\":\"ImageObject\",\"inLanguage\":\"tr\",\"@id\":\"https:\/\/www.wsein.org\/tr\/#\/schema\/logo\/image\/\",\"url\":\"https:\/\/www.wsein.org\/wp-content\/uploads\/Logo_WSEIN.png\",\"contentUrl\":\"https:\/\/www.wsein.org\/wp-content\/uploads\/Logo_WSEIN.png\",\"width\":1000,\"height\":200,\"caption\":\"WSEIN - World Sustainable Energy Institute\"},\"image\":{\"@id\":\"https:\/\/www.wsein.org\/tr\/#\/schema\/logo\/image\/\"},\"sameAs\":[\"https:\/\/www.facebook.com\/WSEinitiative\"]}]}<\/script>\n<!-- \/ Yoast SEO plugin. -->","yoast_head_json":{"title":"Akilli \u015eehirler E\u011fitimi | WSEIN - World Sustainable Energy Institute","description":"WSEIN \u2212 World Sustainable Energy Institute is an international organisation based in Vienna that works for sustainable city solutions such as renewable energy, waste management, sustainable mobility and community.","robots":{"index":"index","follow":"follow","max-snippet":"max-snippet:-1","max-image-preview":"max-image-preview:large","max-video-preview":"max-video-preview:-1"},"canonical":"https:\/\/www.wsein.org\/tr\/egitimler\/smart-city-egitimi\/","twitter_misc":{"Est. reading time":"1 minute"},"schema":{"@context":"https:\/\/schema.org","@graph":[{"@type":"WebPage","@id":"https:\/\/www.wsein.org\/tr\/egitimler\/smart-city-egitimi\/","url":"https:\/\/www.wsein.org\/tr\/egitimler\/smart-city-egitimi\/","name":"Akilli \u015eehirler E\u011fitimi | WSEIN - World Sustainable Energy Institute","isPartOf":{"@id":"https:\/\/www.wsein.org\/tr\/#website"},"primaryImageOfPage":{"@id":"https:\/\/www.wsein.org\/tr\/egitimler\/smart-city-egitimi\/#primaryimage"},"image":{"@id":"https:\/\/www.wsein.org\/tr\/egitimler\/smart-city-egitimi\/#primaryimage"},"thumbnailUrl":"https:\/\/www.wsein.org\/wp-content\/uploads\/haas.jpg","datePublished":"2020-01-12T14:48:53+00:00","dateModified":"2020-01-12T19:32:00+00:00","description":"WSEIN \u2212 World Sustainable Energy Institute is an international organisation based in Vienna that works for sustainable city solutions such as renewable energy, waste management, sustainable mobility and community.","breadcrumb":{"@id":"https:\/\/www.wsein.org\/tr\/egitimler\/smart-city-egitimi\/#breadcrumb"},"inLanguage":"tr","potentialAction":[{"@type":"ReadAction","target":["https:\/\/www.wsein.org\/tr\/egitimler\/smart-city-egitimi\/"]}]},{"@type":"ImageObject","inLanguage":"tr","@id":"https:\/\/www.wsein.org\/tr\/egitimler\/smart-city-egitimi\/#primaryimage","url":"https:\/\/www.wsein.org\/wp-content\/uploads\/haas.jpg","contentUrl":"https:\/\/www.wsein.org\/wp-content\/uploads\/haas.jpg"},{"@type":"BreadcrumbList","@id":"https:\/\/www.wsein.org\/tr\/egitimler\/smart-city-egitimi\/#breadcrumb","itemListElement":[{"@type":"ListItem","position":1,"name":"Home","item":"https:\/\/www.wsein.org\/tr\/"},{"@type":"ListItem","position":2,"name":"E\u011fitimler","item":"https:\/\/www.wsein.org\/tr\/egitimler\/"},{"@type":"ListItem","position":3,"name":"Akilli \u015eehirler E\u011fitimi"}]},{"@type":"WebSite","@id":"https:\/\/www.wsein.org\/tr\/#website","url":"https:\/\/www.wsein.org\/tr\/","name":"WSEIN \u2212 World Sustainable Energy Institute","description":"World Sustainable Energy Institute","publisher":{"@id":"https:\/\/www.wsein.org\/tr\/#organization"},"potentialAction":[{"@type":"SearchAction","target":{"@type":"EntryPoint","urlTemplate":"https:\/\/www.wsein.org\/tr\/?s={search_term_string}"},"query-input":{"@type":"PropertyValueSpecification","valueRequired":true,"valueName":"search_term_string"}}],"inLanguage":"tr"},{"@type":"Organization","@id":"https:\/\/www.wsein.org\/tr\/#organization","name":"WSEIN - World Sustainable Energy Institute","url":"https:\/\/www.wsein.org\/tr\/","logo":{"@type":"ImageObject","inLanguage":"tr","@id":"https:\/\/www.wsein.org\/tr\/#\/schema\/logo\/image\/","url":"https:\/\/www.wsein.org\/wp-content\/uploads\/Logo_WSEIN.png","contentUrl":"https:\/\/www.wsein.org\/wp-content\/uploads\/Logo_WSEIN.png","width":1000,"height":200,"caption":"WSEIN - World Sustainable Energy Institute"},"image":{"@id":"https:\/\/www.wsein.org\/tr\/#\/schema\/logo\/image\/"},"sameAs":["https:\/\/www.facebook.com\/WSEinitiative"]}]}},"_links":{"self":[{"href":"https:\/\/www.wsein.org\/tr\/wp-json\/wp\/v2\/pages\/10014","targetHints":{"allow":["GET"]}}],"collection":[{"href":"https:\/\/www.wsein.org\/tr\/wp-json\/wp\/v2\/pages"}],"about":[{"href":"https:\/\/www.wsein.org\/tr\/wp-json\/wp\/v2\/types\/page"}],"author":[{"embeddable":true,"href":"https:\/\/www.wsein.org\/tr\/wp-json\/wp\/v2\/users\/2"}],"replies":[{"embeddable":true,"href":"https:\/\/www.wsein.org\/tr\/wp-json\/wp\/v2\/comments?post=10014"}],"version-history":[{"count":0,"href":"https:\/\/www.wsein.org\/tr\/wp-json\/wp\/v2\/pages\/10014\/revisions"}],"up":[{"embeddable":true,"href":"https:\/\/www.wsein.org\/tr\/wp-json\/wp\/v2\/pages\/6472"}],"wp:attachment":[{"href":"https:\/\/www.wsein.org\/tr\/wp-json\/wp\/v2\/media?parent=10014"}],"curies":[{"name":"wp","href":"https:\/\/api.w.org\/{rel}","templated":true}]}}