{"id":6455,"date":"2016-03-17T21:23:42","date_gmt":"2016-03-17T20:23:42","guid":{"rendered":"http:\/\/www.wsein.org\/tr\/?page_id=6455"},"modified":"2020-01-12T19:32:59","modified_gmt":"2020-01-12T18:32:59","slug":"enstitu","status":"publish","type":"page","link":"https:\/\/www.wsein.org\/tr\/enstitu\/","title":{"rendered":"Enstit\u00fc"},"content":{"rendered":"<div id=\"pl-6455\"  class=\"panel-layout\" ><div id=\"pg-6455-0\"  class=\"panel-grid panel-no-style\" ><div id=\"pgc-6455-0-0\"  class=\"panel-grid-cell\" ><div id=\"panel-6455-0-0-0\" class=\"so-panel widget widget_heading panel-first-child\" data-index=\"0\" ><div class=\"thim-widget-heading template-base\"><div class=\"sc_heading  text-left\"><h2 style=\"text-transform: uppercase;\" class=\"title\">D\u00fcnya S\u00fcrd\u00fcr\u00fclebilir Enerji Enstit\u00fcs\u00fc<\/h2><p class=\"sub-heading\" style=\"color:#dd3333;\">WSEIN & Cluster (K\u00fcmele\u015fme)<\/p><span style=\"background-color:#be0000\" class=\"line\"><\/span><\/div><\/div><\/div><div id=\"panel-6455-0-0-1\" class=\"so-panel widget widget_sow-editor panel-last-child\" data-index=\"1\" ><div\n\t\t\t\n\t\t\tclass=\"so-widget-sow-editor so-widget-sow-editor-base\"\n\t\t\t\n\t\t>\n<div class=\"siteorigin-widget-tinymce textwidget\">\n\t<ul>\n<li>G\u00fcn\u00fcm\u00fczde ya\u015fanmakta olan k\u00fcresel boyutlardaki \u00e7evre sorunlar\u0131na s\u00fcrd\u00fcr\u00fclebilir \u00e7\u00f6z\u00fcmler \u00fcretmeyi te\u015fvik eden uluslararas\u0131 bir enstit\u00fcd\u00fcr<\/li>\n<li>Avusturya\u2019da Viyana merkezli olarak 2014 y\u0131l\u0131nda \u00e7al\u0131\u015fmalar\u0131na ba\u015flam\u0131\u015ft\u0131r<\/li>\n<li>Enstit\u00fcm\u00fcz, karar verici ki\u015fileri, akademisyenleri ve gen\u00e7 giri\u015fimcileri s\u00fcrd\u00fcr\u00fclebilir \u00e7\u00f6z\u00fcmler \u00fcretmek \u00fczere bir araya getirmektedir<\/li>\n<li>S\u00fcrd\u00fcr\u00fclebilir bir d\u00fcnya i\u00e7in \u015fehirlerde ve toplumda yap\u0131lmas\u0131 gereken de\u011fi\u015fiklikler i\u00e7in desteklemektedir<\/li>\n<li>Do\u011fal kaynaklar\u0131n ve k\u00fclt\u00fcr\u00fcn korunmas\u0131 i\u00e7in nas\u0131l davran\u0131lmas\u0131 gerekti\u011fi hususunda bilgilendirici rol \u00fcstlenmi\u015ftir<\/li>\n<li>S\u00fcrd\u00fcr\u00fclebilir geli\u015fmeleri uygulamakta olan geli\u015fmi\u015f \u00fclkelerin yapt\u0131klar\u0131n\u0131 g\u00f6z \u00f6n\u00fcnde bulundurarak geli\u015fmekte olan \u00fclkelerin s\u00fcrd\u00fcr\u00fclebilir \u00e7\u00f6z\u00fcmlere daha kolay ula\u015fmas\u0131n\u0131 ama\u00e7lamaktad\u0131r<\/li>\n<li>Do\u011fal kaynaklar\u0131m\u0131z\u0131 koruyarak geli\u015ftirilen yeni teknolojileri desteklemektedir<\/li>\n<li>\u0130klimsel de\u011fi\u015fikliklerin etkilerini ve do\u011fay\u0131 nas\u0131l koruyaca\u011f\u0131m\u0131z konusunu ele almaktad\u0131r<\/li>\n<li>Enerji, ula\u015f\u0131m ve trafik, \u00e7evre ve toplum alanlar\u0131nda s\u00fcr\u00fcd\u00fcr\u00fclebilir \u00e7\u00f6z\u00fcmler \u00fczerine \u00e7al\u0131\u015fmaktad\u0131r<\/li>\n<li>D\u00fcnya \u00e7ap\u0131nda \u00fcniversiteler,\u00a0belediyeler ve baknl\u0131klar, kurum ve kurulu\u015flar\u00a0ile birlikte s\u00fcrd\u00fcr\u00fclebilir geli\u015fim konular\u0131nda i\u015fbirli\u011fi yapmaktad\u0131r<\/li>\n<li>S\u00fcrd\u00fcr\u00fclebilir giri\u015fimcili\u011fi desteklemektedir<\/li>\n<\/ul>\n<p style=\"padding-top: 15px;\">WSEIN d\u00fcnya \u00e7ap\u0131nda \u00fcniversiteler, \u015fehirlerdeki ilgili belediyeler ve yetkililer ile birlikte s\u00fcrd\u00fcr\u00fclebilir geli\u015fim ve <strong>s\u00fcrd\u00fcr\u00fclebilir enerji, ula\u015f\u0131m ve trafik, \u00e7evre ve toplum<\/strong> alanlar\u0131nda projeleri desteklemektedir.<\/p>\n<p class=\"highlight\">D\u00fcnya S\u00fcrd\u00fcr\u00fclebilir Enerji Enstit\u00fcs\u00fc, 70 \u00fclkenin \u00fczerindeki ba\u011flant\u0131lar\u0131 ile firmalara k\u00fcresel k\u00fcmele\u015fme imkan\u0131 sa\u011flamaktad\u0131r.<\/p>\n<p>Enstit\u00fcm\u00fcz, s\u00fcrd\u00fcr\u00fclebilir enerji (yenilenebilir enerji\u00a0vb.), \u00e7evre ve at\u0131k y\u00f6netimi, ula\u015f\u0131m ve trafik planlamas\u0131 alanlar\u0131nda e\u011fitimler d\u00fczenlemektedir.<\/p>\n<p>Alanlar\u0131nda uzman profes\u00f6rler ve uluslararas\u0131 alanlanda bilinir uzmanlar enstit\u00fcm\u00fcze know-how katmakta ve problemlerin \u00e7\u00f6z\u00fcm\u00fc konusunda dan\u0131\u015fmanl\u0131k sa\u011flamaktad\u0131r.<\/p>\n<\/div>\n<\/div><\/div><\/div><\/div><div id=\"pg-6455-1\"  class=\"panel-grid panel-no-style\" ><div id=\"pgc-6455-1-0\"  class=\"panel-grid-cell\" ><div id=\"panel-6455-1-0-0\" class=\"so-panel widget widget_text panel-first-child\" data-index=\"2\" ><h3 class=\"widget-title\">\u0130ND\u0130R<\/h3>\t\t\t<div class=\"textwidget\"><\/div>\n\t\t<\/div><div id=\"panel-6455-1-0-1\" class=\"so-panel widget widget_sow-editor panel-last-child\" data-index=\"3\" ><div\n\t\t\t\n\t\t\tclass=\"so-widget-sow-editor so-widget-sow-editor-base\"\n\t\t\t\n\t\t>\n<div class=\"siteorigin-widget-tinymce textwidget\">\n\t<p><a href=\"https:\/\/www.wsein.org\/wp-content\/uploads\/pdf\/tr\/WSEIN_EGITIM_PROGRAMLARI_2020.pdf\" target=\"_blank\" rel=\"noopener\">\u00bb WSEIN EGITIM PROGRAMLARI<\/a><\/p>\n<\/div>\n<\/div><\/div><\/div><\/div><\/div>","protected":false},"excerpt":{"rendered":"<p>G\u00fcn\u00fcm\u00fczde ya\u015fanmakta olan k\u00fcresel boyutlardaki \u00e7evre sorunlar\u0131na s\u00fcrd\u00fcr\u00fclebilir \u00e7\u00f6z\u00fcmler \u00fcretmeyi te\u015fvik eden uluslararas\u0131 bir enstit\u00fcd\u00fcr Avusturya\u2019da Viyana merkezli olarak 2014 y\u0131l\u0131nda \u00e7al\u0131\u015fmalar\u0131na ba\u015flam\u0131\u015ft\u0131r Enstit\u00fcm\u00fcz, karar verici ki\u015fileri, akademisyenleri ve gen\u00e7 &hellip; <\/p>\n","protected":false},"author":5,"featured_media":0,"parent":0,"menu_order":0,"comment_status":"closed","ping_status":"closed","template":"","meta":{"footnotes":"","_links_to":"","_links_to_target":""},"class_list":["post-6455","page","type-page","status-publish","hentry"],"yoast_head":"<!-- This site is optimized with the Yoast SEO plugin v27.1.1 - https:\/\/yoast.com\/product\/yoast-seo-wordpress\/ -->\n<title>Enstit\u00fc | WSEIN - D\u00fcnya S\u00fcrd\u00fcr\u00fclebilir Enerji Enstit\u00fcs\u00fc<\/title>\n<meta name=\"description\" content=\"WSEIN - D\u00fcnya S\u00fcrd\u00fcr\u00fclebilir Enerji Enstit\u00fcs\u00fc, yenilenebilir enerji, at\u0131k y\u00f6netimi, s\u00fcrd\u00fcr\u00fclebilir ula\u015f\u0131m ve trafik, s\u00fcrd\u00fcr\u00fclebilir toplum konular\u0131nda kent \u00e7\u00f6z\u00fcmleri \u00fczerine \u00e7al\u0131\u015fan Viyana merkezli uluslararas\u0131 bir organizasyondur.\" \/>\n<meta name=\"robots\" content=\"index, follow, max-snippet:-1, max-image-preview:large, max-video-preview:-1\" \/>\n<link rel=\"canonical\" href=\"https:\/\/www.wsein.org\/tr\/enstitu\/\" \/>\n<meta name=\"twitter:label1\" content=\"Est. reading time\" \/>\n\t<meta name=\"twitter:data1\" content=\"2 minutes\" \/>\n<script type=\"application\/ld+json\" class=\"yoast-schema-graph\">{\"@context\":\"https:\/\/schema.org\",\"@graph\":[{\"@type\":\"WebPage\",\"@id\":\"https:\/\/www.wsein.org\/tr\/enstitu\/\",\"url\":\"https:\/\/www.wsein.org\/tr\/enstitu\/\",\"name\":\"Enstit\u00fc | WSEIN - D\u00fcnya S\u00fcrd\u00fcr\u00fclebilir Enerji Enstit\u00fcs\u00fc\",\"isPartOf\":{\"@id\":\"https:\/\/www.wsein.org\/tr\/#website\"},\"datePublished\":\"2016-03-17T20:23:42+00:00\",\"dateModified\":\"2020-01-12T18:32:59+00:00\",\"description\":\"WSEIN - D\u00fcnya S\u00fcrd\u00fcr\u00fclebilir Enerji Enstit\u00fcs\u00fc, yenilenebilir enerji, at\u0131k y\u00f6netimi, s\u00fcrd\u00fcr\u00fclebilir ula\u015f\u0131m ve trafik, s\u00fcrd\u00fcr\u00fclebilir toplum konular\u0131nda kent \u00e7\u00f6z\u00fcmleri \u00fczerine \u00e7al\u0131\u015fan Viyana merkezli uluslararas\u0131 bir organizasyondur.\",\"breadcrumb\":{\"@id\":\"https:\/\/www.wsein.org\/tr\/enstitu\/#breadcrumb\"},\"inLanguage\":\"tr\",\"potentialAction\":[{\"@type\":\"ReadAction\",\"target\":[\"https:\/\/www.wsein.org\/tr\/enstitu\/\"]}]},{\"@type\":\"BreadcrumbList\",\"@id\":\"https:\/\/www.wsein.org\/tr\/enstitu\/#breadcrumb\",\"itemListElement\":[{\"@type\":\"ListItem\",\"position\":1,\"name\":\"Home\",\"item\":\"https:\/\/www.wsein.org\/tr\/\"},{\"@type\":\"ListItem\",\"position\":2,\"name\":\"Enstit\u00fc\"}]},{\"@type\":\"WebSite\",\"@id\":\"https:\/\/www.wsein.org\/tr\/#website\",\"url\":\"https:\/\/www.wsein.org\/tr\/\",\"name\":\"WSEIN \u2212 World Sustainable Energy Institute\",\"description\":\"World Sustainable Energy Institute\",\"publisher\":{\"@id\":\"https:\/\/www.wsein.org\/tr\/#organization\"},\"potentialAction\":[{\"@type\":\"SearchAction\",\"target\":{\"@type\":\"EntryPoint\",\"urlTemplate\":\"https:\/\/www.wsein.org\/tr\/?s={search_term_string}\"},\"query-input\":{\"@type\":\"PropertyValueSpecification\",\"valueRequired\":true,\"valueName\":\"search_term_string\"}}],\"inLanguage\":\"tr\"},{\"@type\":\"Organization\",\"@id\":\"https:\/\/www.wsein.org\/tr\/#organization\",\"name\":\"WSEIN - World Sustainable Energy Institute\",\"url\":\"https:\/\/www.wsein.org\/tr\/\",\"logo\":{\"@type\":\"ImageObject\",\"inLanguage\":\"tr\",\"@id\":\"https:\/\/www.wsein.org\/tr\/#\/schema\/logo\/image\/\",\"url\":\"https:\/\/www.wsein.org\/wp-content\/uploads\/Logo_WSEIN.png\",\"contentUrl\":\"https:\/\/www.wsein.org\/wp-content\/uploads\/Logo_WSEIN.png\",\"width\":1000,\"height\":200,\"caption\":\"WSEIN - World Sustainable Energy Institute\"},\"image\":{\"@id\":\"https:\/\/www.wsein.org\/tr\/#\/schema\/logo\/image\/\"},\"sameAs\":[\"https:\/\/www.facebook.com\/WSEinitiative\"]}]}<\/script>\n<!-- \/ Yoast SEO plugin. -->","yoast_head_json":{"title":"Enstit\u00fc | WSEIN - D\u00fcnya S\u00fcrd\u00fcr\u00fclebilir Enerji Enstit\u00fcs\u00fc","description":"WSEIN - D\u00fcnya S\u00fcrd\u00fcr\u00fclebilir Enerji Enstit\u00fcs\u00fc, yenilenebilir enerji, at\u0131k y\u00f6netimi, s\u00fcrd\u00fcr\u00fclebilir ula\u015f\u0131m ve trafik, s\u00fcrd\u00fcr\u00fclebilir toplum konular\u0131nda kent \u00e7\u00f6z\u00fcmleri \u00fczerine \u00e7al\u0131\u015fan Viyana merkezli uluslararas\u0131 bir organizasyondur.","robots":{"index":"index","follow":"follow","max-snippet":"max-snippet:-1","max-image-preview":"max-image-preview:large","max-video-preview":"max-video-preview:-1"},"canonical":"https:\/\/www.wsein.org\/tr\/enstitu\/","twitter_misc":{"Est. reading time":"2 minutes"},"schema":{"@context":"https:\/\/schema.org","@graph":[{"@type":"WebPage","@id":"https:\/\/www.wsein.org\/tr\/enstitu\/","url":"https:\/\/www.wsein.org\/tr\/enstitu\/","name":"Enstit\u00fc | WSEIN - D\u00fcnya S\u00fcrd\u00fcr\u00fclebilir Enerji Enstit\u00fcs\u00fc","isPartOf":{"@id":"https:\/\/www.wsein.org\/tr\/#website"},"datePublished":"2016-03-17T20:23:42+00:00","dateModified":"2020-01-12T18:32:59+00:00","description":"WSEIN - D\u00fcnya S\u00fcrd\u00fcr\u00fclebilir Enerji Enstit\u00fcs\u00fc, yenilenebilir enerji, at\u0131k y\u00f6netimi, s\u00fcrd\u00fcr\u00fclebilir ula\u015f\u0131m ve trafik, s\u00fcrd\u00fcr\u00fclebilir toplum konular\u0131nda kent \u00e7\u00f6z\u00fcmleri \u00fczerine \u00e7al\u0131\u015fan Viyana merkezli uluslararas\u0131 bir organizasyondur.","breadcrumb":{"@id":"https:\/\/www.wsein.org\/tr\/enstitu\/#breadcrumb"},"inLanguage":"tr","potentialAction":[{"@type":"ReadAction","target":["https:\/\/www.wsein.org\/tr\/enstitu\/"]}]},{"@type":"BreadcrumbList","@id":"https:\/\/www.wsein.org\/tr\/enstitu\/#breadcrumb","itemListElement":[{"@type":"ListItem","position":1,"name":"Home","item":"https:\/\/www.wsein.org\/tr\/"},{"@type":"ListItem","position":2,"name":"Enstit\u00fc"}]},{"@type":"WebSite","@id":"https:\/\/www.wsein.org\/tr\/#website","url":"https:\/\/www.wsein.org\/tr\/","name":"WSEIN \u2212 World Sustainable Energy Institute","description":"World Sustainable Energy Institute","publisher":{"@id":"https:\/\/www.wsein.org\/tr\/#organization"},"potentialAction":[{"@type":"SearchAction","target":{"@type":"EntryPoint","urlTemplate":"https:\/\/www.wsein.org\/tr\/?s={search_term_string}"},"query-input":{"@type":"PropertyValueSpecification","valueRequired":true,"valueName":"search_term_string"}}],"inLanguage":"tr"},{"@type":"Organization","@id":"https:\/\/www.wsein.org\/tr\/#organization","name":"WSEIN - World Sustainable Energy Institute","url":"https:\/\/www.wsein.org\/tr\/","logo":{"@type":"ImageObject","inLanguage":"tr","@id":"https:\/\/www.wsein.org\/tr\/#\/schema\/logo\/image\/","url":"https:\/\/www.wsein.org\/wp-content\/uploads\/Logo_WSEIN.png","contentUrl":"https:\/\/www.wsein.org\/wp-content\/uploads\/Logo_WSEIN.png","width":1000,"height":200,"caption":"WSEIN - World Sustainable Energy Institute"},"image":{"@id":"https:\/\/www.wsein.org\/tr\/#\/schema\/logo\/image\/"},"sameAs":["https:\/\/www.facebook.com\/WSEinitiative"]}]}},"_links":{"self":[{"href":"https:\/\/www.wsein.org\/tr\/wp-json\/wp\/v2\/pages\/6455","targetHints":{"allow":["GET"]}}],"collection":[{"href":"https:\/\/www.wsein.org\/tr\/wp-json\/wp\/v2\/pages"}],"about":[{"href":"https:\/\/www.wsein.org\/tr\/wp-json\/wp\/v2\/types\/page"}],"author":[{"embeddable":true,"href":"https:\/\/www.wsein.org\/tr\/wp-json\/wp\/v2\/users\/5"}],"replies":[{"embeddable":true,"href":"https:\/\/www.wsein.org\/tr\/wp-json\/wp\/v2\/comments?post=6455"}],"version-history":[{"count":0,"href":"https:\/\/www.wsein.org\/tr\/wp-json\/wp\/v2\/pages\/6455\/revisions"}],"wp:attachment":[{"href":"https:\/\/www.wsein.org\/tr\/wp-json\/wp\/v2\/media?parent=6455"}],"curies":[{"name":"wp","href":"https:\/\/api.w.org\/{rel}","templated":true}]}}