{"id":6458,"date":"2016-03-17T21:31:32","date_gmt":"2016-03-17T20:31:32","guid":{"rendered":"http:\/\/www.wsein.org\/tr\/?page_id=6458"},"modified":"2025-03-20T15:48:43","modified_gmt":"2025-03-20T14:48:43","slug":"anasayfa","status":"publish","type":"page","link":"https:\/\/www.wsein.org\/tr\/","title":{"rendered":"Anasayfa"},"content":{"rendered":"<div id=\"pl-6458\"  class=\"panel-layout\" ><div id=\"pg-6458-0\"  class=\"panel-grid panel-has-style\" ><div class=\"panel-row-style panel-row-style-for-6458-0\" ><div id=\"pgc-6458-0-0\"  class=\"panel-grid-cell\" ><\/div><\/div><\/div><div id=\"pg-6458-1\"  class=\"panel-grid panel-has-style\" ><div class=\"thim-best-industry panel-row-style panel-row-style-for-6458-1\" ><div id=\"pgc-6458-1-0\"  class=\"panel-grid-cell\" ><div id=\"panel-6458-1-0-0\" class=\"so-panel widget widget_icon-box panel-first-child panel-last-child\" data-index=\"1\" ><div class=\"thim-widget-icon-box template-base\"><div class=\"wrapper-box-icon has_custom_image has_read_more text-left overlay\" ><div class=\"smicon-box iconbox-left\" style=\"--icon-color:#ffffff;--icon-width: 85px;--icon-height: 85px;\"><div class=\"boxes-icon\"><span class=\"inner-icon\"><span class=\"icon icon-images\"><img decoding=\"async\" src=\"https:\/\/www.wsein.org\/wp-content\/uploads\/image-001.png\" alt=\"image-001\"  width=\"75\" height=\"75\"><\/span><\/span><\/span><\/div><div class=\"content-inner\"><div class=\"sc-heading article_heading\"><h3 class = \"heading__primary\" >WSEIN \u00fcyelik<\/h3><\/div><a class=\"smicon-read sc-btn\" target=\"_self\" href=\"https:\/\/www.wsein.org\/tr\/enstitu\/wsein-uyelik\/\"  style=\"--btn-text-color: #ffb606;--btn-text-color-hover:#ffb606;\" >detay<i class=\"edu-chevron-right\"><\/i><\/a><\/div><\/div><\/div><\/div><\/div><\/div><div id=\"pgc-6458-1-1\"  class=\"panel-grid-cell\" ><div id=\"panel-6458-1-1-0\" class=\"so-panel widget widget_icon-box panel-first-child panel-last-child\" data-index=\"2\" ><div class=\"thim-widget-icon-box template-base\"><div class=\"wrapper-box-icon has_custom_image has_read_more text-left overlay\" ><div class=\"smicon-box iconbox-left\" style=\"--icon-color:#ffffff;--icon-width: 85px;--icon-height: 85px;\"><div class=\"boxes-icon\"><span class=\"inner-icon\"><span class=\"icon icon-images\"><img decoding=\"async\" src=\"https:\/\/www.wsein.org\/wp-content\/uploads\/image-001-1.png\" alt=\"image-001\"  width=\"75\" height=\"75\"><\/span><\/span><\/span><\/div><div class=\"content-inner\"><div class=\"sc-heading article_heading\"><h3 class = \"heading__primary\" >E\u011fitmen Ba\u015fvurusu<\/h3><\/div><a class=\"smicon-read sc-btn\" target=\"_self\" href=\"https:\/\/www.wsein.org\/tr\/enstitu\/egitmen-basvurusu\/\"  style=\"--btn-text-color: #ffb606;--btn-text-color-hover:#ffb606;\" >detay<i class=\"edu-chevron-right\"><\/i><\/a><\/div><\/div><\/div><\/div><\/div><\/div><div id=\"pgc-6458-1-2\"  class=\"panel-grid-cell\" ><div id=\"panel-6458-1-2-0\" class=\"so-panel widget widget_icon-box panel-first-child panel-last-child\" data-index=\"3\" ><div class=\"thim-widget-icon-box template-base\"><div class=\"wrapper-box-icon has_custom_image has_read_more text-left overlay\" ><div class=\"smicon-box iconbox-left\" style=\"--icon-color:#ffffff;--icon-width: 85px;--icon-height: 85px;\"><div class=\"boxes-icon\"><span class=\"inner-icon\"><span class=\"icon icon-images\"><img decoding=\"async\" src=\"https:\/\/www.wsein.org\/wp-content\/uploads\/image-003.png\" alt=\"image-003\"  width=\"75\" height=\"75\"><\/span><\/span><\/span><\/div><div class=\"content-inner\"><div class=\"sc-heading article_heading\"><h3 class = \"heading__primary\" >\u0130leti\u015fim bilgi<\/h3><\/div><a class=\"smicon-read sc-btn\" target=\"_self\" href=\"https:\/\/www.wsein.org\/tr\/iletisim\/\"  style=\"--btn-text-color: #ffb606;--btn-text-color-hover:#ffb606;\" >detay<i class=\"edu-chevron-right\"><\/i><\/a><\/div><\/div><\/div><\/div><\/div><\/div><\/div><\/div><div id=\"pg-6458-2\"  class=\"panel-grid panel-has-style\" ><div class=\"panel-row-style panel-row-style-for-6458-2\" ><div id=\"pgc-6458-2-0\"  class=\"panel-grid-cell\" ><div id=\"panel-6458-2-0-0\" class=\"so-panel widget widget_sow-editor panel-first-child panel-last-child\" data-index=\"4\" ><div class=\"panel-widget-style panel-widget-style-for-6458-2-0-0\" ><div\n\t\t\t\n\t\t\tclass=\"so-widget-sow-editor so-widget-sow-editor-base\"\n\t\t\t\n\t\t>\n<div class=\"siteorigin-widget-tinymce textwidget\">\n\t<h2 style=\"text-align: center; text-transform: uppercase;\">D\u00fcnya S\u00fcrd\u00fcr\u00fclebilir Enerji Enstit\u00fcs\u00fc<\/h2>\n<h4 style=\"text-align: center; text-transform: normal; color: #be0000;\">E\u011fitimler<\/h4>\n<\/div>\n<\/div><\/div><\/div><\/div><\/div><\/div><div id=\"pg-6458-3\"  class=\"panel-grid panel-has-style\" ><div class=\"panel-row-style panel-row-style-for-6458-3\" ><div id=\"pgc-6458-3-0\"  class=\"panel-grid-cell\" ><div id=\"panel-6458-3-0-0\" class=\"so-panel widget widget_heading panel-first-child\" data-index=\"5\" ><div class=\"thim-widget-heading template-base\"><div class=\"sc_heading  text-center\"><h4 class=\"title\">S\u00fcrd\u00fcr\u00fclebilir \u00c7evre ve At\u0131k<\/h4><span style=\"background-color:#be0000\" class=\"line\"><\/span><\/div><\/div><\/div><div id=\"panel-6458-3-0-1\" class=\"so-panel widget widget_sow-image panel-last-child\" data-index=\"6\" ><div\n\t\t\t\n\t\t\tclass=\"so-widget-sow-image so-widget-sow-image-default-113ccd71f3e6-6458\"\n\t\t\t\n\t\t>\n<div class=\"sow-image-container\">\n\t\t\t<a href=\"https:\/\/www.wsein.org\/tr\/egitimler\/surdurulebilir-cevre\/\"\n\t\t\t\t\t>\n\t\t\t<img loading=\"lazy\" \n\tsrc=\"https:\/\/www.wsein.org\/wp-content\/uploads\/sustainable-environment.jpg\" width=\"350\" height=\"350\" srcset=\"https:\/\/www.wsein.org\/wp-content\/uploads\/sustainable-environment.jpg 350w, https:\/\/www.wsein.org\/wp-content\/uploads\/sustainable-environment-300x300.jpg 300w, https:\/\/www.wsein.org\/wp-content\/uploads\/sustainable-environment-100x100.jpg 100w, https:\/\/www.wsein.org\/wp-content\/uploads\/sustainable-environment-150x150.jpg 150w, https:\/\/www.wsein.org\/wp-content\/uploads\/sustainable-environment-75x75.jpg 75w\" sizes=\"(max-width: 350px) 100vw, 350px\" title=\"S\u00fcrd\u00fcr\u00fclebilir \u00c7evre ve At\u0131k\" alt=\"\" \t\tclass=\"so-widget-image\"\/>\n\t\t\t<\/a><\/div>\n\n<\/div><\/div><\/div><div id=\"pgc-6458-3-1\"  class=\"panel-grid-cell\" ><div id=\"panel-6458-3-1-0\" class=\"so-panel widget widget_heading panel-first-child\" data-index=\"7\" ><div class=\"thim-widget-heading template-base\"><div class=\"sc_heading  text-center\"><h4 class=\"title\">S\u00fcrd\u00fcr\u00fclebilir Enerji<\/h4><span style=\"background-color:#be0000\" class=\"line\"><\/span><\/div><\/div><\/div><div id=\"panel-6458-3-1-1\" class=\"so-panel widget widget_sow-image panel-last-child\" data-index=\"8\" ><div\n\t\t\t\n\t\t\tclass=\"so-widget-sow-image so-widget-sow-image-default-113ccd71f3e6-6458\"\n\t\t\t\n\t\t>\n<div class=\"sow-image-container\">\n\t\t\t<a href=\"https:\/\/www.wsein.org\/tr\/egitimler\/surdurulebilir-enerji\/\"\n\t\t\t\t\t>\n\t\t\t<img loading=\"lazy\" \n\tsrc=\"https:\/\/www.wsein.org\/wp-content\/uploads\/sustainable-energy.jpg\" width=\"350\" height=\"350\" srcset=\"https:\/\/www.wsein.org\/wp-content\/uploads\/sustainable-energy.jpg 350w, https:\/\/www.wsein.org\/wp-content\/uploads\/sustainable-energy-300x300.jpg 300w, https:\/\/www.wsein.org\/wp-content\/uploads\/sustainable-energy-100x100.jpg 100w, https:\/\/www.wsein.org\/wp-content\/uploads\/sustainable-energy-150x150.jpg 150w, https:\/\/www.wsein.org\/wp-content\/uploads\/sustainable-energy-75x75.jpg 75w\" sizes=\"(max-width: 350px) 100vw, 350px\" title=\"S\u00fcrd\u00fcr\u00fclebilir Enerji\" alt=\"\" \t\tclass=\"so-widget-image\"\/>\n\t\t\t<\/a><\/div>\n\n<\/div><\/div><\/div><div id=\"pgc-6458-3-2\"  class=\"panel-grid-cell\" ><div id=\"panel-6458-3-2-0\" class=\"so-panel widget widget_heading panel-first-child\" data-index=\"9\" ><div class=\"thim-widget-heading template-base\"><div class=\"sc_heading  text-center\"><h4 class=\"title\">S\u00fcrd\u00fcr\u00fclebilir Ula\u015f\u0131m ve Trafik<\/h4><span style=\"background-color:#be0000\" class=\"line\"><\/span><\/div><\/div><\/div><div id=\"panel-6458-3-2-1\" class=\"so-panel widget widget_sow-image panel-last-child\" data-index=\"10\" ><div\n\t\t\t\n\t\t\tclass=\"so-widget-sow-image so-widget-sow-image-default-113ccd71f3e6-6458\"\n\t\t\t\n\t\t>\n<div class=\"sow-image-container\">\n\t\t\t<a href=\"https:\/\/www.wsein.org\/tr\/egitimler\/surdurulebilir-ulasim-ve-trafik\/\"\n\t\t\t\t\t>\n\t\t\t<img loading=\"lazy\" \n\tsrc=\"https:\/\/www.wsein.org\/wp-content\/uploads\/sustainable-mobility.jpg\" width=\"350\" height=\"350\" srcset=\"https:\/\/www.wsein.org\/wp-content\/uploads\/sustainable-mobility.jpg 350w, https:\/\/www.wsein.org\/wp-content\/uploads\/sustainable-mobility-300x300.jpg 300w, https:\/\/www.wsein.org\/wp-content\/uploads\/sustainable-mobility-100x100.jpg 100w, https:\/\/www.wsein.org\/wp-content\/uploads\/sustainable-mobility-150x150.jpg 150w, https:\/\/www.wsein.org\/wp-content\/uploads\/sustainable-mobility-75x75.jpg 75w\" sizes=\"(max-width: 350px) 100vw, 350px\" title=\"S\u00fcrd\u00fcr\u00fclebilir Ula\u015f\u0131m ve Trafik\" alt=\"\" \t\tclass=\"so-widget-image\"\/>\n\t\t\t<\/a><\/div>\n\n<\/div><\/div><\/div><div id=\"pgc-6458-3-3\"  class=\"panel-grid-cell\" ><div id=\"panel-6458-3-3-0\" class=\"so-panel widget widget_heading panel-first-child\" data-index=\"11\" ><div class=\"thim-widget-heading template-base\"><div class=\"sc_heading  text-center\"><h4 class=\"title\">S\u00fcrd\u00fcr\u00fclebilir Toplum<\/h4><span style=\"background-color:#be0000\" class=\"line\"><\/span><\/div><\/div><\/div><div id=\"panel-6458-3-3-1\" class=\"so-panel widget widget_sow-image panel-last-child\" data-index=\"12\" ><div\n\t\t\t\n\t\t\tclass=\"so-widget-sow-image so-widget-sow-image-default-113ccd71f3e6-6458\"\n\t\t\t\n\t\t>\n<div class=\"sow-image-container\">\n\t\t\t<a href=\"https:\/\/www.wsein.org\/tr\/egitimler\/surdurulebilir-toplum\/\"\n\t\t\t\t\t>\n\t\t\t<img loading=\"lazy\" \n\tsrc=\"https:\/\/www.wsein.org\/wp-content\/uploads\/sustainable-community.jpg\" width=\"350\" height=\"350\" srcset=\"https:\/\/www.wsein.org\/wp-content\/uploads\/sustainable-community.jpg 350w, https:\/\/www.wsein.org\/wp-content\/uploads\/sustainable-community-300x300.jpg 300w, https:\/\/www.wsein.org\/wp-content\/uploads\/sustainable-community-100x100.jpg 100w, https:\/\/www.wsein.org\/wp-content\/uploads\/sustainable-community-150x150.jpg 150w, https:\/\/www.wsein.org\/wp-content\/uploads\/sustainable-community-75x75.jpg 75w\" sizes=\"(max-width: 350px) 100vw, 350px\" title=\"S\u00fcrd\u00fcr\u00fclebilir Toplum\" alt=\"\" \t\tclass=\"so-widget-image\"\/>\n\t\t\t<\/a><\/div>\n\n<\/div><\/div><\/div><\/div><\/div><div id=\"pg-6458-4\"  class=\"panel-grid panel-has-style\" ><div class=\"siteorigin-panels-stretch panel-row-style panel-row-style-for-6458-4\" data-stretch-type=\"full\" ><div id=\"pgc-6458-4-0\"  class=\"panel-grid-cell\" ><div id=\"panel-6458-4-0-0\" class=\"so-panel widget widget_text panel-first-child panel-last-child\" data-index=\"13\" >\t\t\t<div class=\"textwidget\"><div class=\"thim-get-100s\">\n<p class=\"get-100s\" ><\/p>\n<p class=\"get-100s\" style=\"padding-top: 15px;\"><span class=\"thim-color\">WSEIN sunar<\/span><\/p>\n<h2 style=\"font-size: 30px!important;\">S\u00dcRD\u00dcR\u00dcLEB\u0130L\u0130R ENERJ\u0130 E\u011e\u0130T\u0130M\u0130<\/h2>\n<h3><span style=\"color: #ffffff;\">Yak\u0131nda gelecek<\/span><\/h3>\n<\/div><\/div>\n\t\t<\/div><\/div><div id=\"pgc-6458-4-1\"  class=\"panel-grid-cell\" ><div id=\"panel-6458-4-1-0\" class=\"so-panel widget widget_text panel-first-child panel-last-child\" data-index=\"14\" >\t\t\t<div class=\"textwidget\"><div class=\"thim-register-now-form\">\n<h3 class=\"title\"><span>E\u011fitimler, workshop\u2019lar ve etkinliklerimizden haberdar olmak ve b\u00fcltenimize ula\u015fmak i\u00e7in abone olun.<\/span><\/h3>\n\n<div class=\"wpcf7 no-js\" id=\"wpcf7-f7130-o1\" lang=\"en-US\" dir=\"ltr\" data-wpcf7-id=\"7130\">\n<div class=\"screen-reader-response\"><p role=\"status\" aria-live=\"polite\" aria-atomic=\"true\"><\/p> <ul><\/ul><\/div>\n<form action=\"\/tr\/wp-json\/wp\/v2\/pages\/6458#wpcf7-f7130-o1\" method=\"post\" class=\"wpcf7-form init\" aria-label=\"Contact form\" novalidate=\"novalidate\" data-status=\"init\">\n<fieldset class=\"hidden-fields-container\"><input type=\"hidden\" name=\"_wpcf7\" value=\"7130\" \/><input type=\"hidden\" name=\"_wpcf7_version\" value=\"6.1.5\" \/><input type=\"hidden\" name=\"_wpcf7_locale\" value=\"en_US\" \/><input type=\"hidden\" name=\"_wpcf7_unit_tag\" value=\"wpcf7-f7130-o1\" \/><input type=\"hidden\" name=\"_wpcf7_container_post\" value=\"0\" \/><input type=\"hidden\" name=\"_wpcf7_posted_data_hash\" value=\"\" \/>\n<\/fieldset>\n<p><span class=\"wpcf7-form-control-wrap\" data-name=\"your-name\"><input size=\"40\" maxlength=\"400\" class=\"wpcf7-form-control wpcf7-text wpcf7-validates-as-required\" aria-required=\"true\" aria-invalid=\"false\" placeholder=\"Ad\u0131n\u0131z\" value=\"\" type=\"text\" name=\"your-name\" \/><\/span>\n<\/p>\n<p><span class=\"wpcf7-form-control-wrap\" data-name=\"your-email\"><input size=\"40\" maxlength=\"400\" class=\"wpcf7-form-control wpcf7-email wpcf7-validates-as-required wpcf7-text wpcf7-validates-as-email\" aria-required=\"true\" aria-invalid=\"false\" placeholder=\"Email\" value=\"\" type=\"email\" name=\"your-email\" \/><\/span>\n<\/p>\n<div style=\"font-size:12px; line-height: 1.35em; padding-top: 10px;\">\n\t<p><span class=\"wpcf7-form-control-wrap\" data-name=\"your-consent\"><span class=\"wpcf7-form-control wpcf7-acceptance\"><span class=\"wpcf7-list-item\"><label><input type=\"checkbox\" name=\"your-consent\" value=\"1\" aria-invalid=\"false\" \/><span class=\"wpcf7-list-item-label\"><span style=\"color: #999; font-weight: 300;\">Bilgilerinizin iste\u011finizi i\u015flemek i\u00e7in kullan\u0131laca\u011f\u0131n\u0131 kabul edersiniz. <a href=\"https:\/\/www.wsein.org\/privacy-policy\/\" target=\"_blank\"><span style=\"color: #db0000;\">Gizlilik politikam\u0131zda<\/span><\/a> bilgi ve feragatname bulunabilir.<\/span><\/label><\/span><\/span><\/span>\n\t<\/p>\n<\/div>\n<p><input class=\"wpcf7-form-control wpcf7-submit has-spinner\" type=\"submit\" value=\"\u015e\u0130MD\u0130 KAYIT OL\" \/>\n<\/p><div class=\"wpcf7-response-output\" aria-hidden=\"true\"><\/div>\n<\/form>\n<\/div>\n\n<\/div><\/div>\n\t\t<\/div><\/div><\/div><\/div><div id=\"pg-6458-5\"  class=\"panel-grid panel-has-style\" ><div class=\"siteorigin-panels-stretch panel-row-style panel-row-style-for-6458-5\" data-stretch-type=\"full\" ><div id=\"pgc-6458-5-0\"  class=\"panel-grid-cell\" ><div id=\"panel-6458-5-0-0\" class=\"so-panel widget widget_heading panel-first-child panel-last-child\" data-index=\"15\" ><div class=\"thim-widget-heading template-base\"><div class=\"sc_heading  text-center\"><h3 style=\"text-transform: uppercase;color:#be0000;\" class=\"title\">S\u00fcrd\u00fcr\u00fclebilir bir d\u00fcnya i\u00e7in<\/h3><span style=\"background-color:#be0000\" class=\"line\"><\/span><\/div><\/div><\/div><\/div><\/div><\/div><\/div>","protected":false},"excerpt":{"rendered":"<p>WSEIN \u00fcyelikdetayE\u011fitmen Ba\u015fvurusudetay\u0130leti\u015fim bilgidetay D\u00fcnya S\u00fcrd\u00fcr\u00fclebilir Enerji Enstit\u00fcs\u00fc E\u011fitimler S\u00fcrd\u00fcr\u00fclebilir \u00c7evre ve At\u0131k S\u00fcrd\u00fcr\u00fclebilir Enerji S\u00fcrd\u00fcr\u00fclebilir Ula\u015f\u0131m ve Trafik S\u00fcrd\u00fcr\u00fclebilir Toplum WSEIN sunar S\u00dcRD\u00dcR\u00dcLEB\u0130L\u0130R ENERJ\u0130 E\u011e\u0130T\u0130M\u0130 Yak\u0131nda gelecek E\u011fitimler, workshop\u2019lar &hellip; <\/p>\n","protected":false},"author":5,"featured_media":0,"parent":0,"menu_order":0,"comment_status":"closed","ping_status":"closed","template":"page-templates\/homepage.php","meta":{"footnotes":"","_links_to":"","_links_to_target":""},"class_list":["post-6458","page","type-page","status-publish","hentry"],"yoast_head":"<!-- This site is optimized with the Yoast SEO plugin v27.1.1 - https:\/\/yoast.com\/product\/yoast-seo-wordpress\/ -->\n<title>Anasayfa | WSEIN - D\u00fcnya S\u00fcrd\u00fcr\u00fclebilir Enerji Enstit\u00fcs\u00fc<\/title>\n<meta name=\"description\" content=\"WSEIN - D\u00fcnya S\u00fcrd\u00fcr\u00fclebilir Enerji Enstit\u00fcs\u00fc, yenilenebilir enerji, at\u0131k y\u00f6netimi, s\u00fcrd\u00fcr\u00fclebilir ula\u015f\u0131m ve trafik, s\u00fcrd\u00fcr\u00fclebilir toplum konular\u0131nda kent \u00e7\u00f6z\u00fcmleri \u00fczerine \u00e7al\u0131\u015fan Viyana merkezli uluslararas\u0131 bir organizasyondur.\" \/>\n<meta name=\"robots\" content=\"index, follow, max-snippet:-1, max-image-preview:large, max-video-preview:-1\" \/>\n<link rel=\"canonical\" href=\"https:\/\/www.wsein.org\/tr\/\" \/>\n<meta name=\"twitter:label1\" content=\"Est. reading time\" \/>\n\t<meta name=\"twitter:data1\" content=\"2 minutes\" \/>\n<script type=\"application\/ld+json\" class=\"yoast-schema-graph\">{\"@context\":\"https:\/\/schema.org\",\"@graph\":[{\"@type\":\"WebPage\",\"@id\":\"https:\/\/www.wsein.org\/tr\/\",\"url\":\"https:\/\/www.wsein.org\/tr\/\",\"name\":\"Anasayfa | WSEIN - D\u00fcnya S\u00fcrd\u00fcr\u00fclebilir Enerji Enstit\u00fcs\u00fc\",\"isPartOf\":{\"@id\":\"https:\/\/www.wsein.org\/tr\/#website\"},\"datePublished\":\"2016-03-17T20:31:32+00:00\",\"dateModified\":\"2025-03-20T14:48:43+00:00\",\"description\":\"WSEIN - D\u00fcnya S\u00fcrd\u00fcr\u00fclebilir Enerji Enstit\u00fcs\u00fc, yenilenebilir enerji, at\u0131k y\u00f6netimi, s\u00fcrd\u00fcr\u00fclebilir ula\u015f\u0131m ve trafik, s\u00fcrd\u00fcr\u00fclebilir toplum konular\u0131nda kent \u00e7\u00f6z\u00fcmleri \u00fczerine \u00e7al\u0131\u015fan Viyana merkezli uluslararas\u0131 bir organizasyondur.\",\"breadcrumb\":{\"@id\":\"https:\/\/www.wsein.org\/tr\/#breadcrumb\"},\"inLanguage\":\"tr\",\"potentialAction\":[{\"@type\":\"ReadAction\",\"target\":[\"https:\/\/www.wsein.org\/tr\/\"]}]},{\"@type\":\"BreadcrumbList\",\"@id\":\"https:\/\/www.wsein.org\/tr\/#breadcrumb\",\"itemListElement\":[{\"@type\":\"ListItem\",\"position\":1,\"name\":\"Home\",\"item\":\"https:\/\/www.wsein.org\/tr\/\"},{\"@type\":\"ListItem\",\"position\":2,\"name\":\"Anasayfa\"}]},{\"@type\":\"WebSite\",\"@id\":\"https:\/\/www.wsein.org\/tr\/#website\",\"url\":\"https:\/\/www.wsein.org\/tr\/\",\"name\":\"WSEIN \u2212 World Sustainable Energy Institute\",\"description\":\"World Sustainable Energy Institute\",\"publisher\":{\"@id\":\"https:\/\/www.wsein.org\/tr\/#organization\"},\"potentialAction\":[{\"@type\":\"SearchAction\",\"target\":{\"@type\":\"EntryPoint\",\"urlTemplate\":\"https:\/\/www.wsein.org\/tr\/?s={search_term_string}\"},\"query-input\":{\"@type\":\"PropertyValueSpecification\",\"valueRequired\":true,\"valueName\":\"search_term_string\"}}],\"inLanguage\":\"tr\"},{\"@type\":\"Organization\",\"@id\":\"https:\/\/www.wsein.org\/tr\/#organization\",\"name\":\"WSEIN - World Sustainable Energy Institute\",\"url\":\"https:\/\/www.wsein.org\/tr\/\",\"logo\":{\"@type\":\"ImageObject\",\"inLanguage\":\"tr\",\"@id\":\"https:\/\/www.wsein.org\/tr\/#\/schema\/logo\/image\/\",\"url\":\"https:\/\/www.wsein.org\/wp-content\/uploads\/Logo_WSEIN.png\",\"contentUrl\":\"https:\/\/www.wsein.org\/wp-content\/uploads\/Logo_WSEIN.png\",\"width\":1000,\"height\":200,\"caption\":\"WSEIN - World Sustainable Energy Institute\"},\"image\":{\"@id\":\"https:\/\/www.wsein.org\/tr\/#\/schema\/logo\/image\/\"},\"sameAs\":[\"https:\/\/www.facebook.com\/WSEinitiative\"]}]}<\/script>\n<!-- \/ Yoast SEO plugin. -->","yoast_head_json":{"title":"Anasayfa | WSEIN - D\u00fcnya S\u00fcrd\u00fcr\u00fclebilir Enerji Enstit\u00fcs\u00fc","description":"WSEIN - D\u00fcnya S\u00fcrd\u00fcr\u00fclebilir Enerji Enstit\u00fcs\u00fc, yenilenebilir enerji, at\u0131k y\u00f6netimi, s\u00fcrd\u00fcr\u00fclebilir ula\u015f\u0131m ve trafik, s\u00fcrd\u00fcr\u00fclebilir toplum konular\u0131nda kent \u00e7\u00f6z\u00fcmleri \u00fczerine \u00e7al\u0131\u015fan Viyana merkezli uluslararas\u0131 bir organizasyondur.","robots":{"index":"index","follow":"follow","max-snippet":"max-snippet:-1","max-image-preview":"max-image-preview:large","max-video-preview":"max-video-preview:-1"},"canonical":"https:\/\/www.wsein.org\/tr\/","twitter_misc":{"Est. reading time":"2 minutes"},"schema":{"@context":"https:\/\/schema.org","@graph":[{"@type":"WebPage","@id":"https:\/\/www.wsein.org\/tr\/","url":"https:\/\/www.wsein.org\/tr\/","name":"Anasayfa | WSEIN - D\u00fcnya S\u00fcrd\u00fcr\u00fclebilir Enerji Enstit\u00fcs\u00fc","isPartOf":{"@id":"https:\/\/www.wsein.org\/tr\/#website"},"datePublished":"2016-03-17T20:31:32+00:00","dateModified":"2025-03-20T14:48:43+00:00","description":"WSEIN - D\u00fcnya S\u00fcrd\u00fcr\u00fclebilir Enerji Enstit\u00fcs\u00fc, yenilenebilir enerji, at\u0131k y\u00f6netimi, s\u00fcrd\u00fcr\u00fclebilir ula\u015f\u0131m ve trafik, s\u00fcrd\u00fcr\u00fclebilir toplum konular\u0131nda kent \u00e7\u00f6z\u00fcmleri \u00fczerine \u00e7al\u0131\u015fan Viyana merkezli uluslararas\u0131 bir organizasyondur.","breadcrumb":{"@id":"https:\/\/www.wsein.org\/tr\/#breadcrumb"},"inLanguage":"tr","potentialAction":[{"@type":"ReadAction","target":["https:\/\/www.wsein.org\/tr\/"]}]},{"@type":"BreadcrumbList","@id":"https:\/\/www.wsein.org\/tr\/#breadcrumb","itemListElement":[{"@type":"ListItem","position":1,"name":"Home","item":"https:\/\/www.wsein.org\/tr\/"},{"@type":"ListItem","position":2,"name":"Anasayfa"}]},{"@type":"WebSite","@id":"https:\/\/www.wsein.org\/tr\/#website","url":"https:\/\/www.wsein.org\/tr\/","name":"WSEIN \u2212 World Sustainable Energy Institute","description":"World Sustainable Energy Institute","publisher":{"@id":"https:\/\/www.wsein.org\/tr\/#organization"},"potentialAction":[{"@type":"SearchAction","target":{"@type":"EntryPoint","urlTemplate":"https:\/\/www.wsein.org\/tr\/?s={search_term_string}"},"query-input":{"@type":"PropertyValueSpecification","valueRequired":true,"valueName":"search_term_string"}}],"inLanguage":"tr"},{"@type":"Organization","@id":"https:\/\/www.wsein.org\/tr\/#organization","name":"WSEIN - World Sustainable Energy Institute","url":"https:\/\/www.wsein.org\/tr\/","logo":{"@type":"ImageObject","inLanguage":"tr","@id":"https:\/\/www.wsein.org\/tr\/#\/schema\/logo\/image\/","url":"https:\/\/www.wsein.org\/wp-content\/uploads\/Logo_WSEIN.png","contentUrl":"https:\/\/www.wsein.org\/wp-content\/uploads\/Logo_WSEIN.png","width":1000,"height":200,"caption":"WSEIN - World Sustainable Energy Institute"},"image":{"@id":"https:\/\/www.wsein.org\/tr\/#\/schema\/logo\/image\/"},"sameAs":["https:\/\/www.facebook.com\/WSEinitiative"]}]}},"_links":{"self":[{"href":"https:\/\/www.wsein.org\/tr\/wp-json\/wp\/v2\/pages\/6458","targetHints":{"allow":["GET"]}}],"collection":[{"href":"https:\/\/www.wsein.org\/tr\/wp-json\/wp\/v2\/pages"}],"about":[{"href":"https:\/\/www.wsein.org\/tr\/wp-json\/wp\/v2\/types\/page"}],"author":[{"embeddable":true,"href":"https:\/\/www.wsein.org\/tr\/wp-json\/wp\/v2\/users\/5"}],"replies":[{"embeddable":true,"href":"https:\/\/www.wsein.org\/tr\/wp-json\/wp\/v2\/comments?post=6458"}],"version-history":[{"count":3,"href":"https:\/\/www.wsein.org\/tr\/wp-json\/wp\/v2\/pages\/6458\/revisions"}],"predecessor-version":[{"id":14957,"href":"https:\/\/www.wsein.org\/tr\/wp-json\/wp\/v2\/pages\/6458\/revisions\/14957"}],"wp:attachment":[{"href":"https:\/\/www.wsein.org\/tr\/wp-json\/wp\/v2\/media?parent=6458"}],"curies":[{"name":"wp","href":"https:\/\/api.w.org\/{rel}","templated":true}]}}