{"id":6472,"date":"2016-03-17T22:16:05","date_gmt":"2016-03-17T21:16:05","guid":{"rendered":"http:\/\/www.wsein.org\/tr\/?page_id=6472"},"modified":"2025-03-20T10:38:18","modified_gmt":"2025-03-20T09:38:18","slug":"egitimler","status":"publish","type":"page","link":"https:\/\/www.wsein.org\/tr\/egitimler\/","title":{"rendered":"E\u011fitimler"},"content":{"rendered":"<div id=\"pl-6472\"  class=\"panel-layout\" ><div id=\"pg-6472-0\"  class=\"panel-grid panel-no-style\" ><div id=\"pgc-6472-0-0\"  class=\"panel-grid-cell\" ><div id=\"panel-6472-0-0-0\" class=\"so-panel widget widget_heading panel-first-child\" data-index=\"0\" ><div class=\"thim-widget-heading template-base\"><div class=\"sc_heading  text-left\"><h2 style=\"text-transform: uppercase;\" class=\"title\">E\u011fitimler<\/h2><span style=\"background-color:#be0000\" class=\"line\"><\/span><\/div><\/div><\/div><div id=\"panel-6472-0-0-1\" class=\"so-panel widget widget_text panel-last-child\" data-index=\"1\" >\t\t\t<div class=\"textwidget\"><div class=\"responsive-video\"><iframe src=\"https:\/\/player.vimeo.com\/video\/262847537?title=0&amp;byline=0&amp;portrait=0\" frameborder=\"0\" allowfullscreen=\"allowfullscreen\"><\/iframe><\/div><\/div>\n\t\t<\/div><\/div><\/div><div id=\"pg-6472-1\"  class=\"panel-grid panel-no-style\" ><div id=\"pgc-6472-1-0\"  class=\"panel-grid-cell\" ><div id=\"panel-6472-1-0-0\" class=\"so-panel widget widget_sow-editor panel-first-child panel-last-child\" data-index=\"2\" ><div\n\t\t\t\n\t\t\tclass=\"so-widget-sow-editor so-widget-sow-editor-base\"\n\t\t\t\n\t\t>\n<div class=\"siteorigin-widget-tinymce textwidget\">\n\t<p>WSEIN \u2212 D\u00fcnya S\u00fcrd\u00fcr\u00fclebilir Enerji Enstit\u00fcs\u00fc S\u00fcrd\u00fcr\u00fclebilir Ula\u015f\u0131m ve Trafik, \u00c7evre ve At\u0131k, Enerji ve Toplum alanlar\u0131nda e\u011fitimler d\u00fczenlemektedir.<\/p>\n<p>E\u011fitimler ve \u00e7al\u0131\u015ftaylar s\u00fcrd\u00fcr\u00fclebilir enerji (yenilenebilir enerji gibi), \u00e7evre, at\u0131k y\u00f6netimi, ula\u015f\u0131m ve trafik planlamas\u0131 ve toplum alanlar\u0131 ile ilgilene herkes i\u00e7in tasarlanm\u0131\u015ft\u0131r.<\/p>\n<p>E\u011fitimler, nitelikli profesyoneller ve alan\u0131nda uzman ki\u015filer taraf\u0131ndan enstit\u00fcm\u00fczde verilmektedir.<\/p>\n<h4 style=\"color: #be0000; padding-top: 20px;\">WSEIN \u015eehir & Toplum \u2013 Geli\u015fim & De\u011fi\u015fim alanlar\u0131nda e\u011fitimler d\u00fczenler.<\/h4>\n<\/div>\n<\/div><\/div><\/div><\/div><div id=\"pg-6472-2\"  class=\"panel-grid panel-no-style\" ><div id=\"pgc-6472-2-0\"  class=\"panel-grid-cell\" ><div id=\"panel-6472-2-0-0\" class=\"so-panel widget widget_heading panel-first-child\" data-index=\"3\" ><div class=\"thim-widget-heading template-base\"><div class=\"sc_heading  text-center\"><h3 style=\"text-transform: uppercase;\" class=\"title\">S\u00fcrd\u00fcr\u00fclebilir \u00c7evre ve At\u0131k<\/h3><span style=\"background-color:#be0000\" class=\"line\"><\/span><\/div><\/div><\/div><div id=\"panel-6472-2-0-1\" class=\"so-panel widget widget_sow-image panel-last-child\" data-index=\"4\" ><div\n\t\t\t\n\t\t\tclass=\"so-widget-sow-image so-widget-sow-image-default-334eeca80698-6472\"\n\t\t\t\n\t\t>\n<div class=\"sow-image-container\">\n\t\t\t<a href=\"https:\/\/www.wsein.org\/tr\/egitimler\/surdurulebilir-cevre\/\"\n\t\t\t\t\t>\n\t\t\t<img fetchpriority=\"high\" \n\tsrc=\"https:\/\/www.wsein.org\/wp-content\/uploads\/event_sustainable-environment-300x200.jpg\" width=\"300\" height=\"200\" srcset=\"https:\/\/www.wsein.org\/wp-content\/uploads\/event_sustainable-environment.jpg 300w, https:\/\/www.wsein.org\/wp-content\/uploads\/event_sustainable-environment-272x182.jpg 272w\" sizes=\"(max-width: 300px) 100vw, 300px\" alt=\"\" \t\tclass=\"so-widget-image\"\/>\n\t\t\t<\/a><\/div>\n\n<\/div><\/div><\/div><div id=\"pgc-6472-2-1\"  class=\"panel-grid-cell\" ><div id=\"panel-6472-2-1-0\" class=\"so-panel widget widget_heading panel-first-child\" data-index=\"5\" ><div class=\"thim-widget-heading template-base\"><div class=\"sc_heading  text-center\"><h3 style=\"text-transform: uppercase;\" class=\"title\">S\u00fcrd\u00fcr\u00fclebilir Enerji<\/h3><span style=\"background-color:#be0000\" class=\"line\"><\/span><\/div><\/div><\/div><div id=\"panel-6472-2-1-1\" class=\"so-panel widget widget_sow-image panel-last-child\" data-index=\"6\" ><div\n\t\t\t\n\t\t\tclass=\"so-widget-sow-image so-widget-sow-image-default-334eeca80698-6472\"\n\t\t\t\n\t\t>\n<div class=\"sow-image-container\">\n\t\t\t<a href=\"https:\/\/www.wsein.org\/tr\/egitimler\/surdurulebilir-enerji\/\"\n\t\t\t\t\t>\n\t\t\t<img \n\tsrc=\"https:\/\/www.wsein.org\/wp-content\/uploads\/event_sustainable-energy-300x200.jpg\" width=\"300\" height=\"200\" srcset=\"https:\/\/www.wsein.org\/wp-content\/uploads\/event_sustainable-energy.jpg 300w, https:\/\/www.wsein.org\/wp-content\/uploads\/event_sustainable-energy-272x182.jpg 272w\" sizes=\"(max-width: 300px) 100vw, 300px\" alt=\"\" \t\tclass=\"so-widget-image\"\/>\n\t\t\t<\/a><\/div>\n\n<\/div><\/div><\/div><\/div><div id=\"pg-6472-3\"  class=\"panel-grid panel-no-style\" ><div id=\"pgc-6472-3-0\"  class=\"panel-grid-cell\" ><div id=\"panel-6472-3-0-0\" class=\"so-panel widget widget_heading panel-first-child\" data-index=\"7\" ><div class=\"thim-widget-heading template-base\"><div class=\"sc_heading  text-center\"><h3 style=\"text-transform: uppercase;\" class=\"title\">S\u00fcrd\u00fcr\u00fclebilir Toplum<\/h3><span style=\"background-color:#be0000\" class=\"line\"><\/span><\/div><\/div><\/div><div id=\"panel-6472-3-0-1\" class=\"so-panel widget widget_sow-image panel-last-child\" data-index=\"8\" ><div\n\t\t\t\n\t\t\tclass=\"so-widget-sow-image so-widget-sow-image-default-334eeca80698-6472\"\n\t\t\t\n\t\t>\n<div class=\"sow-image-container\">\n\t\t\t<a href=\"https:\/\/www.wsein.org\/tr\/egitimler\/surdurulebilir-toplum\/\"\n\t\t\t\t\t>\n\t\t\t<img \n\tsrc=\"https:\/\/www.wsein.org\/wp-content\/uploads\/event_sustainable-community-300x200.jpg\" width=\"300\" height=\"200\" srcset=\"https:\/\/www.wsein.org\/wp-content\/uploads\/event_sustainable-community.jpg 300w, https:\/\/www.wsein.org\/wp-content\/uploads\/event_sustainable-community-272x182.jpg 272w\" sizes=\"(max-width: 300px) 100vw, 300px\" alt=\"\" \t\tclass=\"so-widget-image\"\/>\n\t\t\t<\/a><\/div>\n\n<\/div><\/div><\/div><div id=\"pgc-6472-3-1\"  class=\"panel-grid-cell\" ><div id=\"panel-6472-3-1-0\" class=\"so-panel widget widget_heading panel-first-child\" data-index=\"9\" ><div class=\"thim-widget-heading template-base\"><div class=\"sc_heading  text-center\"><h3 style=\"text-transform: uppercase;\" class=\"title\">S\u00fcrd\u00fcr\u00fclebilir Ula\u015f\u0131m ve Trafik<\/h3><span style=\"background-color:#be0000\" class=\"line\"><\/span><\/div><\/div><\/div><div id=\"panel-6472-3-1-1\" class=\"so-panel widget widget_sow-image panel-last-child\" data-index=\"10\" ><div\n\t\t\t\n\t\t\tclass=\"so-widget-sow-image so-widget-sow-image-default-334eeca80698-6472\"\n\t\t\t\n\t\t>\n<div class=\"sow-image-container\">\n\t\t\t<a href=\"https:\/\/www.wsein.org\/tr\/egitimler\/surdurulebilir-ulasim-ve-trafik\/\"\n\t\t\t\t\t>\n\t\t\t<img loading=\"lazy\" \n\tsrc=\"https:\/\/www.wsein.org\/wp-content\/uploads\/event_sustainable-mobility-300x200.jpg\" width=\"300\" height=\"200\" srcset=\"https:\/\/www.wsein.org\/wp-content\/uploads\/event_sustainable-mobility.jpg 300w, https:\/\/www.wsein.org\/wp-content\/uploads\/event_sustainable-mobility-272x182.jpg 272w\" sizes=\"(max-width: 300px) 100vw, 300px\" alt=\"\" \t\tclass=\"so-widget-image\"\/>\n\t\t\t<\/a><\/div>\n\n<\/div><\/div><\/div><\/div><div id=\"pg-6472-4\"  class=\"panel-grid panel-no-style\" ><div id=\"pgc-6472-4-0\"  class=\"panel-grid-cell\" ><div id=\"panel-6472-4-0-0\" class=\"so-panel widget widget_empty-space panel-first-child\" data-index=\"11\" ><div class=\"thim-widget-empty-space template-base\"><div class=\"empty_space\" style=\"height:30px\"><\/div><\/div><\/div><div id=\"panel-6472-4-0-1\" class=\"so-panel widget widget_text panel-last-child\" data-index=\"12\" ><h3 class=\"widget-title\">WSEIN E\u011fitim Programlar\u0131<\/h3>\t\t\t<div class=\"textwidget\"><a href=\"https:\/\/www.wsein.org\/wp-content\/uploads\/pdf\/tr\/WSEIN_EGITIM_PROGRAMLARI_2020.pdf\" target=\"_blank\">\u00bb WSEIN EGITIM PROGRAMLARI<\/a><\/div>\n\t\t<\/div><\/div><\/div><\/div>","protected":false},"excerpt":{"rendered":"<p>WSEIN \u2212 D\u00fcnya S\u00fcrd\u00fcr\u00fclebilir Enerji Enstit\u00fcs\u00fc S\u00fcrd\u00fcr\u00fclebilir Ula\u015f\u0131m ve Trafik, \u00c7evre ve At\u0131k, Enerji ve Toplum alanlar\u0131nda e\u011fitimler d\u00fczenlemektedir. E\u011fitimler ve \u00e7al\u0131\u015ftaylar s\u00fcrd\u00fcr\u00fclebilir enerji (yenilenebilir enerji gibi), \u00e7evre, at\u0131k y\u00f6netimi, &hellip; <\/p>\n","protected":false},"author":5,"featured_media":0,"parent":0,"menu_order":0,"comment_status":"closed","ping_status":"closed","template":"","meta":{"footnotes":"","_links_to":"","_links_to_target":""},"class_list":["post-6472","page","type-page","status-publish","hentry"],"yoast_head":"<!-- This site is optimized with the Yoast SEO plugin v27.1.1 - https:\/\/yoast.com\/product\/yoast-seo-wordpress\/ -->\n<title>E\u011fitimler | WSEIN - D\u00fcnya S\u00fcrd\u00fcr\u00fclebilir Enerji Enstit\u00fcs\u00fc<\/title>\n<meta name=\"description\" content=\"WSEIN - D\u00fcnya S\u00fcrd\u00fcr\u00fclebilir Enerji Enstit\u00fcs\u00fc, yenilenebilir enerji, at\u0131k y\u00f6netimi, s\u00fcrd\u00fcr\u00fclebilir ula\u015f\u0131m ve trafik, s\u00fcrd\u00fcr\u00fclebilir toplum konular\u0131nda kent \u00e7\u00f6z\u00fcmleri \u00fczerine \u00e7al\u0131\u015fan Viyana merkezli uluslararas\u0131 bir organizasyondur.\" \/>\n<meta name=\"robots\" content=\"index, follow, max-snippet:-1, max-image-preview:large, max-video-preview:-1\" \/>\n<link rel=\"canonical\" href=\"https:\/\/www.wsein.org\/tr\/egitimler\/\" \/>\n<meta name=\"twitter:label1\" content=\"Est. reading time\" \/>\n\t<meta name=\"twitter:data1\" content=\"1 minute\" \/>\n<script type=\"application\/ld+json\" class=\"yoast-schema-graph\">{\"@context\":\"https:\/\/schema.org\",\"@graph\":[{\"@type\":\"WebPage\",\"@id\":\"https:\/\/www.wsein.org\/tr\/egitimler\/\",\"url\":\"https:\/\/www.wsein.org\/tr\/egitimler\/\",\"name\":\"E\u011fitimler | WSEIN - D\u00fcnya S\u00fcrd\u00fcr\u00fclebilir Enerji Enstit\u00fcs\u00fc\",\"isPartOf\":{\"@id\":\"https:\/\/www.wsein.org\/tr\/#website\"},\"datePublished\":\"2016-03-17T21:16:05+00:00\",\"dateModified\":\"2025-03-20T09:38:18+00:00\",\"description\":\"WSEIN - D\u00fcnya S\u00fcrd\u00fcr\u00fclebilir Enerji Enstit\u00fcs\u00fc, yenilenebilir enerji, at\u0131k y\u00f6netimi, s\u00fcrd\u00fcr\u00fclebilir ula\u015f\u0131m ve trafik, s\u00fcrd\u00fcr\u00fclebilir toplum konular\u0131nda kent \u00e7\u00f6z\u00fcmleri \u00fczerine \u00e7al\u0131\u015fan Viyana merkezli uluslararas\u0131 bir organizasyondur.\",\"breadcrumb\":{\"@id\":\"https:\/\/www.wsein.org\/tr\/egitimler\/#breadcrumb\"},\"inLanguage\":\"tr\",\"potentialAction\":[{\"@type\":\"ReadAction\",\"target\":[\"https:\/\/www.wsein.org\/tr\/egitimler\/\"]}]},{\"@type\":\"BreadcrumbList\",\"@id\":\"https:\/\/www.wsein.org\/tr\/egitimler\/#breadcrumb\",\"itemListElement\":[{\"@type\":\"ListItem\",\"position\":1,\"name\":\"Home\",\"item\":\"https:\/\/www.wsein.org\/tr\/\"},{\"@type\":\"ListItem\",\"position\":2,\"name\":\"E\u011fitimler\"}]},{\"@type\":\"WebSite\",\"@id\":\"https:\/\/www.wsein.org\/tr\/#website\",\"url\":\"https:\/\/www.wsein.org\/tr\/\",\"name\":\"WSEIN \u2212 World Sustainable Energy Institute\",\"description\":\"World Sustainable Energy Institute\",\"publisher\":{\"@id\":\"https:\/\/www.wsein.org\/tr\/#organization\"},\"potentialAction\":[{\"@type\":\"SearchAction\",\"target\":{\"@type\":\"EntryPoint\",\"urlTemplate\":\"https:\/\/www.wsein.org\/tr\/?s={search_term_string}\"},\"query-input\":{\"@type\":\"PropertyValueSpecification\",\"valueRequired\":true,\"valueName\":\"search_term_string\"}}],\"inLanguage\":\"tr\"},{\"@type\":\"Organization\",\"@id\":\"https:\/\/www.wsein.org\/tr\/#organization\",\"name\":\"WSEIN - World Sustainable Energy Institute\",\"url\":\"https:\/\/www.wsein.org\/tr\/\",\"logo\":{\"@type\":\"ImageObject\",\"inLanguage\":\"tr\",\"@id\":\"https:\/\/www.wsein.org\/tr\/#\/schema\/logo\/image\/\",\"url\":\"https:\/\/www.wsein.org\/wp-content\/uploads\/Logo_WSEIN.png\",\"contentUrl\":\"https:\/\/www.wsein.org\/wp-content\/uploads\/Logo_WSEIN.png\",\"width\":1000,\"height\":200,\"caption\":\"WSEIN - World Sustainable Energy Institute\"},\"image\":{\"@id\":\"https:\/\/www.wsein.org\/tr\/#\/schema\/logo\/image\/\"},\"sameAs\":[\"https:\/\/www.facebook.com\/WSEinitiative\"]}]}<\/script>\n<!-- \/ Yoast SEO plugin. -->","yoast_head_json":{"title":"E\u011fitimler | WSEIN - D\u00fcnya S\u00fcrd\u00fcr\u00fclebilir Enerji Enstit\u00fcs\u00fc","description":"WSEIN - D\u00fcnya S\u00fcrd\u00fcr\u00fclebilir Enerji Enstit\u00fcs\u00fc, yenilenebilir enerji, at\u0131k y\u00f6netimi, s\u00fcrd\u00fcr\u00fclebilir ula\u015f\u0131m ve trafik, s\u00fcrd\u00fcr\u00fclebilir toplum konular\u0131nda kent \u00e7\u00f6z\u00fcmleri \u00fczerine \u00e7al\u0131\u015fan Viyana merkezli uluslararas\u0131 bir organizasyondur.","robots":{"index":"index","follow":"follow","max-snippet":"max-snippet:-1","max-image-preview":"max-image-preview:large","max-video-preview":"max-video-preview:-1"},"canonical":"https:\/\/www.wsein.org\/tr\/egitimler\/","twitter_misc":{"Est. reading time":"1 minute"},"schema":{"@context":"https:\/\/schema.org","@graph":[{"@type":"WebPage","@id":"https:\/\/www.wsein.org\/tr\/egitimler\/","url":"https:\/\/www.wsein.org\/tr\/egitimler\/","name":"E\u011fitimler | WSEIN - D\u00fcnya S\u00fcrd\u00fcr\u00fclebilir Enerji Enstit\u00fcs\u00fc","isPartOf":{"@id":"https:\/\/www.wsein.org\/tr\/#website"},"datePublished":"2016-03-17T21:16:05+00:00","dateModified":"2025-03-20T09:38:18+00:00","description":"WSEIN - D\u00fcnya S\u00fcrd\u00fcr\u00fclebilir Enerji Enstit\u00fcs\u00fc, yenilenebilir enerji, at\u0131k y\u00f6netimi, s\u00fcrd\u00fcr\u00fclebilir ula\u015f\u0131m ve trafik, s\u00fcrd\u00fcr\u00fclebilir toplum konular\u0131nda kent \u00e7\u00f6z\u00fcmleri \u00fczerine \u00e7al\u0131\u015fan Viyana merkezli uluslararas\u0131 bir organizasyondur.","breadcrumb":{"@id":"https:\/\/www.wsein.org\/tr\/egitimler\/#breadcrumb"},"inLanguage":"tr","potentialAction":[{"@type":"ReadAction","target":["https:\/\/www.wsein.org\/tr\/egitimler\/"]}]},{"@type":"BreadcrumbList","@id":"https:\/\/www.wsein.org\/tr\/egitimler\/#breadcrumb","itemListElement":[{"@type":"ListItem","position":1,"name":"Home","item":"https:\/\/www.wsein.org\/tr\/"},{"@type":"ListItem","position":2,"name":"E\u011fitimler"}]},{"@type":"WebSite","@id":"https:\/\/www.wsein.org\/tr\/#website","url":"https:\/\/www.wsein.org\/tr\/","name":"WSEIN \u2212 World Sustainable Energy Institute","description":"World Sustainable Energy Institute","publisher":{"@id":"https:\/\/www.wsein.org\/tr\/#organization"},"potentialAction":[{"@type":"SearchAction","target":{"@type":"EntryPoint","urlTemplate":"https:\/\/www.wsein.org\/tr\/?s={search_term_string}"},"query-input":{"@type":"PropertyValueSpecification","valueRequired":true,"valueName":"search_term_string"}}],"inLanguage":"tr"},{"@type":"Organization","@id":"https:\/\/www.wsein.org\/tr\/#organization","name":"WSEIN - World Sustainable Energy Institute","url":"https:\/\/www.wsein.org\/tr\/","logo":{"@type":"ImageObject","inLanguage":"tr","@id":"https:\/\/www.wsein.org\/tr\/#\/schema\/logo\/image\/","url":"https:\/\/www.wsein.org\/wp-content\/uploads\/Logo_WSEIN.png","contentUrl":"https:\/\/www.wsein.org\/wp-content\/uploads\/Logo_WSEIN.png","width":1000,"height":200,"caption":"WSEIN - World Sustainable Energy Institute"},"image":{"@id":"https:\/\/www.wsein.org\/tr\/#\/schema\/logo\/image\/"},"sameAs":["https:\/\/www.facebook.com\/WSEinitiative"]}]}},"_links":{"self":[{"href":"https:\/\/www.wsein.org\/tr\/wp-json\/wp\/v2\/pages\/6472","targetHints":{"allow":["GET"]}}],"collection":[{"href":"https:\/\/www.wsein.org\/tr\/wp-json\/wp\/v2\/pages"}],"about":[{"href":"https:\/\/www.wsein.org\/tr\/wp-json\/wp\/v2\/types\/page"}],"author":[{"embeddable":true,"href":"https:\/\/www.wsein.org\/tr\/wp-json\/wp\/v2\/users\/5"}],"replies":[{"embeddable":true,"href":"https:\/\/www.wsein.org\/tr\/wp-json\/wp\/v2\/comments?post=6472"}],"version-history":[{"count":7,"href":"https:\/\/www.wsein.org\/tr\/wp-json\/wp\/v2\/pages\/6472\/revisions"}],"predecessor-version":[{"id":14939,"href":"https:\/\/www.wsein.org\/tr\/wp-json\/wp\/v2\/pages\/6472\/revisions\/14939"}],"wp:attachment":[{"href":"https:\/\/www.wsein.org\/tr\/wp-json\/wp\/v2\/media?parent=6472"}],"curies":[{"name":"wp","href":"https:\/\/api.w.org\/{rel}","templated":true}]}}