{"id":6476,"date":"2016-03-17T22:18:07","date_gmt":"2016-03-17T21:18:07","guid":{"rendered":"http:\/\/www.wsein.org\/tr\/?page_id=6476"},"modified":"2017-08-30T14:51:48","modified_gmt":"2017-08-30T12:51:48","slug":"paydaslar","status":"publish","type":"page","link":"https:\/\/www.wsein.org\/tr\/paydaslar\/","title":{"rendered":"Payda\u015flar"},"content":{"rendered":"<h2>Viyana Teknoloji \u00dcniversitesi<\/h2>\n<p>Viyana Teknoloji \u00dcniversitesi (TU Viyana) Avrupa&#8217;n\u0131n kalbinde, kozmopolit ve k\u00fclt\u00fcrel \u00e7e\u015fitlili\u011fe sahip olan bir \u015fehirde yer almaktad\u0131r. 200 y\u0131l\u0131 a\u015fk\u0131n bir s\u00fcredir bilimsel ara\u015ft\u0131rma, e\u011fitim ve \u00f6\u011fretim alanlar\u0131nda hizmet vermektedir. TU Viyana Avrupa&#8217;n\u0131n en ba\u015far\u0131l\u0131 teknik \u00fcniversiteleri aras\u0131nda yer almaktad\u0131r. Avusturya&#8217;n\u0131n en b\u00fcy\u00fck bilimsel-teknik ara\u015ft\u0131rma ve e\u011fitim kurumu \u00f6zelli\u011fi ta\u015f\u0131maktad\u0131r.<\/p>\n<p>TU Viyana&#8217;n\u0131n misyonu &#8220;insanlar i\u00e7in teknoloji&#8221; olmu\u015ftur. Ara\u015ft\u0131rmalar\u0131 ile &#8220;kapsaml\u0131 yetkinlik geli\u015ftirmek&#8221; ve &#8220;bilimsel m\u00fckemmelli\u011fi geli\u015ftirmek&#8221; hedeflenmektedir.<\/p>\n<p><a title=\"Vienna University of Technology\" href=\"http:\/\/www.tuwien.ac.at\/en\/tuwien_home\/\" target=\"_blank\">www.tuwien.ac.at<\/a><\/p>\n<p><a title=\"Vienna University of Technology\" href=\"http:\/\/www.tuwien.ac.at\/en\/tuwien_home\/\" target=\"_blank\"><img decoding=\"async\" class=\"aligncenter wp-image-416\" src=\"https:\/\/www.wsein.org\/wp-content\/uploads\/logos\/Logo_TU_Vienna.jpg\" alt=\"Logo TU Vienna\" width=\"350\" height=\"133\" \/><\/a><\/p>\n<hr \/>\n<h2>EGE \u00dcniversitesi<\/h2>\n<p>Ege \u00dcniversitesi 1955 y\u0131l\u0131nda kurulmu\u015ftur ve T\u00fcrkiye&#8217;nin en b\u00fcy\u00fck \u015fehirlerinden biri olan \u0130zmir&#8217;de yer almaktad\u0131r. \u00dcniversite, T\u00fcrkiye&#8217;nin en iyi on \u00fcniversitesi aras\u0131nda yer al\u0131r. Bilimsel ara\u015ft\u0131rmalara ve temel bilimlere \u00f6nem vererek uluslararas\u0131 bir bak\u0131\u015f a\u00e7\u0131s\u0131 ile e\u011fitim vermektedir.<\/p>\n<p>Ege \u00dcniversitesi Uluslararas\u0131 Ofisi, Avrupa ve uluslararas\u0131 i\u015fbirliklerini desteklemekte ve gerekli ileti\u015fimi sa\u011flamaktad\u0131r.<\/p>\n<p><a title=\"EGE University\" href=\"http:\/\/ege.edu.tr\/index.php?lid=2&amp;SayfaID=641&amp;cat=details\" target=\"_blank\">www.ege.edu.tr<\/a><\/p>\n<p><a title=\"EGE University\" href=\"http:\/\/ege.edu.tr\/index.php?lid=2&amp;SayfaID=641&amp;cat=details\" target=\"_blank\"><img decoding=\"async\" class=\"aligncenter wp-image-415 size-full\" src=\"https:\/\/www.wsein.org\/wp-content\/uploads\/logos\/Logo_EGE-University.jpg\" alt=\"Logo EGE University\" width=\"175\" height=\"175\" \/><\/a><\/p>\n<hr \/>\n<h2>Dokuz Eyl\u00fcl \u00dcniversitesi<\/h2>\n<p>Dokuz Eyl\u00fcl \u00dcniversitesi, 1982 y\u0131l\u0131nda sa\u011fl\u0131k, ekonomi, sanat, m\u00fchendislik gibi disiplinlerde insanlar\u0131 e\u011fitmek ve toplumun mali, teknik ve sosyal geli\u015fmesine katk\u0131 sa\u011flamak amac\u0131yla kurulmu\u015ftur.<\/p>\n<p>DE\u00dc ara\u015ft\u0131rma yapman\u0131n yan\u0131 s\u0131ra y\u00fcksek kaliteli ve modern e\u011fitim hedeflemektedir.<\/p>\n<p><a title=\"Dokuz Eyl\u00fcl University\" href=\"http:\/\/www.deu.edu.tr\/\" target=\"_blank\">www.deu.edu.tr<\/a><\/p>\n<p><img decoding=\"async\" class=\" size-full wp-image-1541 aligncenter\" src=\"https:\/\/www.wsein.org\/wp-content\/uploads\/logos\/Logo_DEU-University.jpg\" alt=\"Logo DEU University\" width=\"175\" height=\"175\" \/><\/p>\n<hr \/>\n<h2>Kaunas Teknoloji \u00dcniversitesi<\/h2>\n<p>Kaunas Teknoloji \u00dcniversitesi Balt\u0131k b\u00f6lgesinde yer alan Litvanya\u2019n\u0131n Kaunas\u2019ta kuruldu. Bilimsel ara\u015ft\u0131rma ve disiplinler aras\u0131 \u00e7al\u0131\u015fma programlar\u0131 ile i\u015f d\u00fcnyas\u0131 aras\u0131nda g\u00fc\u00e7l\u00fc ba\u011flar kuran KT\u00dc y\u00fcksek \u00f6\u011frenimde uluslararas\u0131 alanda kabul g\u00f6ren bir kurum \u00f6zelli\u011fi ta\u015f\u0131maktad\u0131r.<\/p>\n<p>KT\u00dc fizik, teknoloji ve sosyal bilimler konular\u0131nda ara\u015ft\u0131rmalar y\u00fcr\u00fctmektedir.<\/p>\n<p><a title=\"Kaunas University of Technology\" href=\"http:\/\/ktu.edu\/en\/\" target=\"_blank\">www.ktu.edu<\/a><\/p>\n<p><img loading=\"lazy\" decoding=\"async\" class=\"aligncenter wp-image-1538\" src=\"https:\/\/www.wsein.org\/wp-content\/uploads\/logos\/Logo_KTU-University.jpg\" alt=\"Logo KTU University\" width=\"300\" height=\"175\" \/><\/p>\n<hr \/>\n<h2>Y\u0131ld\u0131z Teknik \u00dcniversitesi<\/h2>\n<p>Y\u0131ld\u0131z Teknik \u00dcniversitesi, T\u00fcrkiye\u2019nin en \u00f6nde gelen e\u011fitim kurumlar\u0131ndan biri olma \u00f6zelli\u011fine sahip, \u0130stanbul \u015fehrinde yer alan, m\u00fchendislik bilimleri \u00fczerine yo\u011funla\u015fm\u0131\u015f bir teknik \u00fcniversitedir.<\/p>\n<p>YT\u00dc misyonu ve vizyonu e\u011fitim, bilimsel ara\u015ft\u0131rma ve teknolojik geli\u015fme alanlar\u0131nda \u00f6nc\u00fc bir \u00fcniversite olmakt\u0131r.<\/p>\n<p><a title=\"Yildiz Technical University\" href=\"http:\/\/www.yildiz.edu.tr\/en\/\" target=\"_blank\">www.yildiz.edu.tr<\/a><\/p>\n<p><img loading=\"lazy\" decoding=\"async\" class=\" wp-image-3072 size-full aligncenter\" src=\"https:\/\/www.wsein.org\/wp-content\/uploads\/logos\/Logo_Yildiz-University.jpg\" alt=\"Logo Yildiz University\" width=\"175\" height=\"175\" \/><\/p>\n<p><img loading=\"lazy\" decoding=\"async\" class=\"wp-image-3797 size-full aligncenter\" src=\"https:\/\/www.wsein.org\/wp-content\/uploads\/logos\/Logo_REK.jpg\" alt=\"\" width=\"175\" height=\"175\" \/><\/p>\n<hr \/>\n<h2>\u0130stanbul Sanayi Odas\u0131<\/h2>\n<p>\u0130stanbul Sanayi Odas\u0131, T\u00fcrkiye&#8217;nin en b\u00fcy\u00fck sanayi odas\u0131 olarak \u00f6ne \u00e7\u0131km\u0131\u015f ve T\u00fcrk sanayisinin en g\u00fc\u00e7l\u00fc temsilcilerinden biri haline gelmi\u015ftir. Oda, g\u00fc\u00e7l\u00fc teknolojik altyap\u0131s\u0131 ile y\u00fcksek katma degree sahip olan, \u00fcretimi desteklemekte ve kendi teknolojisini \u00fcretebilen \u015firketler yaratmak i\u00e7in \u00e7aba g\u00f6stermektedir.<\/p>\n<p>\u0130stanbul Sanayi Odas\u0131 (\u0130SO) t\u00fcm \u00e7al\u0131\u015fmalar\u0131nda sosyal sorumluluk ve \u00e7evre duyarl\u0131l\u0131\u011f\u0131 ile hareket etmekte olup evrensel etik \u00e7er\u00e7evesinde \u00e7al\u0131\u015fmalar\u0131n\u0131 y\u00fcr\u00fctmektedir.<\/p>\n<p><a title=\"Istanbul Chamber of Industry\" href=\"http:\/\/www.iso.org.tr\/Home\/\" target=\"_blank\">www.iso.org.tr<\/a><\/p>\n<p><img loading=\"lazy\" decoding=\"async\" class=\"aligncenter wp-image-3792 size-medium\" src=\"https:\/\/www.wsein.org\/wp-content\/uploads\/logos\/Logo_Istanbul-Chamber-of-Industry.jpg\" alt=\"Logo Istanbul Chamber of Industry\" width=\"300\" height=\"175\" \/><\/p>\n<h2>T\u00dcB\u0130TAK Mam<\/h2>\n<p>Sahip oldu\u011fu ara\u015ft\u0131rma kabiliyet ve kapasitesi, ara\u015ft\u0131rma alt yap\u0131s\u0131, d\u00fcnya standard\u0131 y\u00f6netsel ve i\u015fletim s\u00fcre\u00e7leri ile ileri teknoloji d\u00fcnyas\u0131n\u0131n \u00f6nc\u00fc kurulu\u015flar\u0131ndan olan T\u00dcB\u0130TAK MAM, m\u00fc\u015fteri odakl\u0131 yakla\u015f\u0131m\u0131 ile kamu, savunma ve \u00f6zel sekt\u00f6r kurum ve kurulu\u015flar\u0131 ile akademik kurumlara \u00f6zg\u00fcn \u00e7\u00f6z\u00fcmler sunmaktad\u0131r. Bu \u00e7\u00f6z\u00fcmlerini temel ara\u015ft\u0131rma, uygulamal\u0131 ara\u015ft\u0131rma ve geli\u015ftirme, teknoloji transferi, inovasyon, sistem ve tesis kurma, ulusal standart ve norm belirleme, profesyonel dan\u0131\u015fmanl\u0131k ve e\u011fitim \u00e7al\u0131\u015fmalar\u0131 ile ger\u00e7ekle\u015ftirmektedir.<\/p>\n<p><a title=\"T\u00fcbitak Mam\" href=\"http:\/\/mam.tubitak.gov.tr\/tr\" target=\"_blank\">www.mam.tubitak.gov.tr<\/a><\/p>\n<p><img loading=\"lazy\" decoding=\"async\" class=\"aligncenter wp-image-3792 size-medium\" src=\"https:\/\/www.wsein.org\/wp-content\/uploads\/logos\/Logo_Martek.jpg\" alt=\"Logo T\u00fcbitak Martek\" width=\"300\" height=\"175\" \/><\/p>\n","protected":false},"excerpt":{"rendered":"<p>Viyana Teknoloji \u00dcniversitesi Viyana Teknoloji \u00dcniversitesi (TU Viyana) Avrupa&#8217;n\u0131n kalbinde, kozmopolit ve k\u00fclt\u00fcrel \u00e7e\u015fitlili\u011fe sahip olan bir \u015fehirde yer almaktad\u0131r. 200 y\u0131l\u0131 a\u015fk\u0131n bir s\u00fcredir bilimsel ara\u015ft\u0131rma, e\u011fitim ve \u00f6\u011fretim &hellip; <\/p>\n","protected":false},"author":5,"featured_media":0,"parent":0,"menu_order":0,"comment_status":"closed","ping_status":"closed","template":"","meta":{"footnotes":"","_links_to":"","_links_to_target":""},"class_list":["post-6476","page","type-page","status-publish","hentry"],"yoast_head":"<!-- This site is optimized with the Yoast SEO plugin v27.1.1 - https:\/\/yoast.com\/product\/yoast-seo-wordpress\/ -->\n<title>Payda\u015flar | WSEIN - D\u00fcnya S\u00fcrd\u00fcr\u00fclebilir Enerji Enstit\u00fcs\u00fc<\/title>\n<meta name=\"description\" content=\"WSEIN - D\u00fcnya S\u00fcrd\u00fcr\u00fclebilir Enerji Enstit\u00fcs\u00fc, yenilenebilir enerji, at\u0131k y\u00f6netimi, s\u00fcrd\u00fcr\u00fclebilir ula\u015f\u0131m ve trafik, s\u00fcrd\u00fcr\u00fclebilir toplum konular\u0131nda kent \u00e7\u00f6z\u00fcmleri \u00fczerine \u00e7al\u0131\u015fan Viyana merkezli uluslararas\u0131 bir organizasyondur.\" \/>\n<meta name=\"robots\" content=\"index, follow, max-snippet:-1, max-image-preview:large, max-video-preview:-1\" \/>\n<link rel=\"canonical\" href=\"https:\/\/www.wsein.org\/tr\/paydaslar\/\" \/>\n<meta name=\"twitter:label1\" content=\"Est. reading time\" \/>\n\t<meta name=\"twitter:data1\" content=\"3 minutes\" \/>\n<script type=\"application\/ld+json\" class=\"yoast-schema-graph\">{\"@context\":\"https:\/\/schema.org\",\"@graph\":[{\"@type\":\"WebPage\",\"@id\":\"https:\/\/www.wsein.org\/tr\/paydaslar\/\",\"url\":\"https:\/\/www.wsein.org\/tr\/paydaslar\/\",\"name\":\"Payda\u015flar | WSEIN - D\u00fcnya S\u00fcrd\u00fcr\u00fclebilir Enerji Enstit\u00fcs\u00fc\",\"isPartOf\":{\"@id\":\"https:\/\/www.wsein.org\/tr\/#website\"},\"primaryImageOfPage\":{\"@id\":\"https:\/\/www.wsein.org\/tr\/paydaslar\/#primaryimage\"},\"image\":{\"@id\":\"https:\/\/www.wsein.org\/tr\/paydaslar\/#primaryimage\"},\"thumbnailUrl\":\"https:\/\/www.wsein.org\/wp-content\/uploads\/logos\/Logo_TU_Vienna.jpg\",\"datePublished\":\"2016-03-17T21:18:07+00:00\",\"dateModified\":\"2017-08-30T12:51:48+00:00\",\"description\":\"WSEIN - D\u00fcnya S\u00fcrd\u00fcr\u00fclebilir Enerji Enstit\u00fcs\u00fc, yenilenebilir enerji, at\u0131k y\u00f6netimi, s\u00fcrd\u00fcr\u00fclebilir ula\u015f\u0131m ve trafik, s\u00fcrd\u00fcr\u00fclebilir toplum konular\u0131nda kent \u00e7\u00f6z\u00fcmleri \u00fczerine \u00e7al\u0131\u015fan Viyana merkezli uluslararas\u0131 bir organizasyondur.\",\"breadcrumb\":{\"@id\":\"https:\/\/www.wsein.org\/tr\/paydaslar\/#breadcrumb\"},\"inLanguage\":\"tr\",\"potentialAction\":[{\"@type\":\"ReadAction\",\"target\":[\"https:\/\/www.wsein.org\/tr\/paydaslar\/\"]}]},{\"@type\":\"ImageObject\",\"inLanguage\":\"tr\",\"@id\":\"https:\/\/www.wsein.org\/tr\/paydaslar\/#primaryimage\",\"url\":\"https:\/\/www.wsein.org\/wp-content\/uploads\/logos\/Logo_TU_Vienna.jpg\",\"contentUrl\":\"https:\/\/www.wsein.org\/wp-content\/uploads\/logos\/Logo_TU_Vienna.jpg\"},{\"@type\":\"BreadcrumbList\",\"@id\":\"https:\/\/www.wsein.org\/tr\/paydaslar\/#breadcrumb\",\"itemListElement\":[{\"@type\":\"ListItem\",\"position\":1,\"name\":\"Home\",\"item\":\"https:\/\/www.wsein.org\/tr\/\"},{\"@type\":\"ListItem\",\"position\":2,\"name\":\"Payda\u015flar\"}]},{\"@type\":\"WebSite\",\"@id\":\"https:\/\/www.wsein.org\/tr\/#website\",\"url\":\"https:\/\/www.wsein.org\/tr\/\",\"name\":\"WSEIN \u2212 World Sustainable Energy Institute\",\"description\":\"World Sustainable Energy Institute\",\"publisher\":{\"@id\":\"https:\/\/www.wsein.org\/tr\/#organization\"},\"potentialAction\":[{\"@type\":\"SearchAction\",\"target\":{\"@type\":\"EntryPoint\",\"urlTemplate\":\"https:\/\/www.wsein.org\/tr\/?s={search_term_string}\"},\"query-input\":{\"@type\":\"PropertyValueSpecification\",\"valueRequired\":true,\"valueName\":\"search_term_string\"}}],\"inLanguage\":\"tr\"},{\"@type\":\"Organization\",\"@id\":\"https:\/\/www.wsein.org\/tr\/#organization\",\"name\":\"WSEIN - World Sustainable Energy Institute\",\"url\":\"https:\/\/www.wsein.org\/tr\/\",\"logo\":{\"@type\":\"ImageObject\",\"inLanguage\":\"tr\",\"@id\":\"https:\/\/www.wsein.org\/tr\/#\/schema\/logo\/image\/\",\"url\":\"https:\/\/www.wsein.org\/wp-content\/uploads\/Logo_WSEIN.png\",\"contentUrl\":\"https:\/\/www.wsein.org\/wp-content\/uploads\/Logo_WSEIN.png\",\"width\":1000,\"height\":200,\"caption\":\"WSEIN - World Sustainable Energy Institute\"},\"image\":{\"@id\":\"https:\/\/www.wsein.org\/tr\/#\/schema\/logo\/image\/\"},\"sameAs\":[\"https:\/\/www.facebook.com\/WSEinitiative\"]}]}<\/script>\n<!-- \/ Yoast SEO plugin. -->","yoast_head_json":{"title":"Payda\u015flar | WSEIN - D\u00fcnya S\u00fcrd\u00fcr\u00fclebilir Enerji Enstit\u00fcs\u00fc","description":"WSEIN - D\u00fcnya S\u00fcrd\u00fcr\u00fclebilir Enerji Enstit\u00fcs\u00fc, yenilenebilir enerji, at\u0131k y\u00f6netimi, s\u00fcrd\u00fcr\u00fclebilir ula\u015f\u0131m ve trafik, s\u00fcrd\u00fcr\u00fclebilir toplum konular\u0131nda kent \u00e7\u00f6z\u00fcmleri \u00fczerine \u00e7al\u0131\u015fan Viyana merkezli uluslararas\u0131 bir organizasyondur.","robots":{"index":"index","follow":"follow","max-snippet":"max-snippet:-1","max-image-preview":"max-image-preview:large","max-video-preview":"max-video-preview:-1"},"canonical":"https:\/\/www.wsein.org\/tr\/paydaslar\/","twitter_misc":{"Est. reading time":"3 minutes"},"schema":{"@context":"https:\/\/schema.org","@graph":[{"@type":"WebPage","@id":"https:\/\/www.wsein.org\/tr\/paydaslar\/","url":"https:\/\/www.wsein.org\/tr\/paydaslar\/","name":"Payda\u015flar | WSEIN - D\u00fcnya S\u00fcrd\u00fcr\u00fclebilir Enerji Enstit\u00fcs\u00fc","isPartOf":{"@id":"https:\/\/www.wsein.org\/tr\/#website"},"primaryImageOfPage":{"@id":"https:\/\/www.wsein.org\/tr\/paydaslar\/#primaryimage"},"image":{"@id":"https:\/\/www.wsein.org\/tr\/paydaslar\/#primaryimage"},"thumbnailUrl":"https:\/\/www.wsein.org\/wp-content\/uploads\/logos\/Logo_TU_Vienna.jpg","datePublished":"2016-03-17T21:18:07+00:00","dateModified":"2017-08-30T12:51:48+00:00","description":"WSEIN - D\u00fcnya S\u00fcrd\u00fcr\u00fclebilir Enerji Enstit\u00fcs\u00fc, yenilenebilir enerji, at\u0131k y\u00f6netimi, s\u00fcrd\u00fcr\u00fclebilir ula\u015f\u0131m ve trafik, s\u00fcrd\u00fcr\u00fclebilir toplum konular\u0131nda kent \u00e7\u00f6z\u00fcmleri \u00fczerine \u00e7al\u0131\u015fan Viyana merkezli uluslararas\u0131 bir organizasyondur.","breadcrumb":{"@id":"https:\/\/www.wsein.org\/tr\/paydaslar\/#breadcrumb"},"inLanguage":"tr","potentialAction":[{"@type":"ReadAction","target":["https:\/\/www.wsein.org\/tr\/paydaslar\/"]}]},{"@type":"ImageObject","inLanguage":"tr","@id":"https:\/\/www.wsein.org\/tr\/paydaslar\/#primaryimage","url":"https:\/\/www.wsein.org\/wp-content\/uploads\/logos\/Logo_TU_Vienna.jpg","contentUrl":"https:\/\/www.wsein.org\/wp-content\/uploads\/logos\/Logo_TU_Vienna.jpg"},{"@type":"BreadcrumbList","@id":"https:\/\/www.wsein.org\/tr\/paydaslar\/#breadcrumb","itemListElement":[{"@type":"ListItem","position":1,"name":"Home","item":"https:\/\/www.wsein.org\/tr\/"},{"@type":"ListItem","position":2,"name":"Payda\u015flar"}]},{"@type":"WebSite","@id":"https:\/\/www.wsein.org\/tr\/#website","url":"https:\/\/www.wsein.org\/tr\/","name":"WSEIN \u2212 World Sustainable Energy Institute","description":"World Sustainable Energy Institute","publisher":{"@id":"https:\/\/www.wsein.org\/tr\/#organization"},"potentialAction":[{"@type":"SearchAction","target":{"@type":"EntryPoint","urlTemplate":"https:\/\/www.wsein.org\/tr\/?s={search_term_string}"},"query-input":{"@type":"PropertyValueSpecification","valueRequired":true,"valueName":"search_term_string"}}],"inLanguage":"tr"},{"@type":"Organization","@id":"https:\/\/www.wsein.org\/tr\/#organization","name":"WSEIN - World Sustainable Energy Institute","url":"https:\/\/www.wsein.org\/tr\/","logo":{"@type":"ImageObject","inLanguage":"tr","@id":"https:\/\/www.wsein.org\/tr\/#\/schema\/logo\/image\/","url":"https:\/\/www.wsein.org\/wp-content\/uploads\/Logo_WSEIN.png","contentUrl":"https:\/\/www.wsein.org\/wp-content\/uploads\/Logo_WSEIN.png","width":1000,"height":200,"caption":"WSEIN - World Sustainable Energy Institute"},"image":{"@id":"https:\/\/www.wsein.org\/tr\/#\/schema\/logo\/image\/"},"sameAs":["https:\/\/www.facebook.com\/WSEinitiative"]}]}},"_links":{"self":[{"href":"https:\/\/www.wsein.org\/tr\/wp-json\/wp\/v2\/pages\/6476","targetHints":{"allow":["GET"]}}],"collection":[{"href":"https:\/\/www.wsein.org\/tr\/wp-json\/wp\/v2\/pages"}],"about":[{"href":"https:\/\/www.wsein.org\/tr\/wp-json\/wp\/v2\/types\/page"}],"author":[{"embeddable":true,"href":"https:\/\/www.wsein.org\/tr\/wp-json\/wp\/v2\/users\/5"}],"replies":[{"embeddable":true,"href":"https:\/\/www.wsein.org\/tr\/wp-json\/wp\/v2\/comments?post=6476"}],"version-history":[{"count":0,"href":"https:\/\/www.wsein.org\/tr\/wp-json\/wp\/v2\/pages\/6476\/revisions"}],"wp:attachment":[{"href":"https:\/\/www.wsein.org\/tr\/wp-json\/wp\/v2\/media?parent=6476"}],"curies":[{"name":"wp","href":"https:\/\/api.w.org\/{rel}","templated":true}]}}