{"id":6478,"date":"2016-03-17T22:19:03","date_gmt":"2016-03-17T21:19:03","guid":{"rendered":"http:\/\/www.wsein.org\/tr\/?page_id=6478"},"modified":"2016-11-28T11:22:56","modified_gmt":"2016-11-28T10:22:56","slug":"forum","status":"publish","type":"page","link":"https:\/\/www.wsein.org\/tr\/forum\/","title":{"rendered":"Forum"},"content":{"rendered":"<div id=\"pl-6478\"  class=\"panel-layout\" ><div id=\"pg-6478-0\"  class=\"panel-grid panel-no-style\" ><div id=\"pgc-6478-0-0\"  class=\"panel-grid-cell\" ><div id=\"panel-6478-0-0-0\" class=\"so-panel widget widget_heading panel-first-child\" data-index=\"0\" ><div class=\"thim-widget-heading template-base\"><div class=\"sc_heading  text-left\"><h2 style=\"text-transform: uppercase;\" class=\"title\">D\u00fcnya S\u00fcrd\u00fcr\u00fclebilir Enerji Forumu (WSEF)<\/h2><span style=\"background-color:#be0000\" class=\"line\"><\/span><\/div><\/div><\/div><div id=\"panel-6478-0-0-1\" class=\"so-panel widget widget_text panel-last-child\" data-index=\"1\" >\t\t\t<div class=\"textwidget\"><div class=\"responsive-video\"><iframe src=\"https:\/\/player.vimeo.com\/video\/156167127?title=0&byline=0&portrait=0\" frameborder=\"0\" webkitallowfullscreen mozallowfullscreen allowfullscreen><\/iframe><\/div>\n\n<div class=\"class-video\">Diller<\/div>\n<div class=\"class-video\"><a  href=\"https:\/\/www.wsein.org\/forum\/forum-spanish\">\u0130spanyolca<\/a><\/div> <div class=\"class-video\"><a  href=\"https:\/\/www.wsein.org\/forum\/forum-french\">Frans\u0131zca<\/a><\/div> <div class=\"class-video\"><a  href=\"https:\/\/www.wsein.org\/forum\/forum-russian\">Rus\u00e7a<\/a><\/div> <div class=\"class-video\"><a  href=\"https:\/\/www.wsein.org\/forum\/forum-arabic\">Arap\u00e7a<\/a><\/div> <div class=\"class-video\"><a  href=\"https:\/\/www.wsein.org\/forum\/forum-chinese\">\u00c7ince<\/a><\/div> <div class=\"class-video\"><a  href=\"https:\/\/www.wsein.org\/forum\/\">\u0130ngilizce<\/a><\/div><\/div>\n\t\t<\/div><\/div><\/div><div id=\"pg-6478-1\"  class=\"panel-grid panel-no-style\" ><div id=\"pgc-6478-1-0\"  class=\"panel-grid-cell\" ><div id=\"panel-6478-1-0-0\" class=\"so-panel widget widget_sow-editor panel-first-child panel-last-child\" data-index=\"2\" ><div\n\t\t\t\n\t\t\tclass=\"so-widget-sow-editor so-widget-sow-editor-base\"\n\t\t\t\n\t\t>\n<div class=\"siteorigin-widget-tinymce textwidget\">\n\t<p>WSEIN, alanlar\u0131nda uzman ki\u015filer, profesyoneller ve \u00fcniversite \u00f6\u011fretim \u00fcyeleri ile kurum ve kurulu\u015flar\u0131, belediyeleri, bakanl\u0131klar\u0131 ve \u015firketlerin temsilcilerini bir araya getirmek i\u00e7in\u00a0<strong>D\u00fcnya S\u00fcrd\u00fcr\u00fclebilir Enerji Forumu\u2019nu (WSEF)<\/strong> d\u00fczenlemektedir.<\/p>\n<p>WSEF d\u00fcnya \u00e7ap\u0131nda ilgili kurumlar\u0131 ve bireyleri a\u011f\u0131rlayarak, 'B\u00fct\u00fcnle\u015ftirici S\u00fcrd\u00fcr\u00fclebilir \u00c7\u00f6z\u00fcmlere' odaklan\u0131r. Forumlarda, s\u00fcrd\u00fcr\u00fclebilir enerji, \u00e7evre ve at\u0131k, toplum, ula\u015f\u0131m ve trafik sorunlar\u0131\u00a0ve\u00a0\u00e7\u00f6z\u00fcm metotlar\u0131 ele al\u0131n\u0131r.<\/p>\n<p>\u00a0<\/p>\n<\/div>\n<\/div><\/div><\/div><\/div><\/div>","protected":false},"excerpt":{"rendered":"<p>Diller \u0130spanyolca Frans\u0131zca Rus\u00e7a Arap\u00e7a \u00c7ince \u0130ngilizce WSEIN, alanlar\u0131nda uzman ki\u015filer, profesyoneller ve \u00fcniversite \u00f6\u011fretim \u00fcyeleri ile kurum ve kurulu\u015flar\u0131, belediyeleri, bakanl\u0131klar\u0131 ve \u015firketlerin temsilcilerini bir araya getirmek i\u00e7in\u00a0D\u00fcnya S\u00fcrd\u00fcr\u00fclebilir &hellip; <\/p>\n","protected":false},"author":5,"featured_media":0,"parent":0,"menu_order":0,"comment_status":"closed","ping_status":"closed","template":"","meta":{"footnotes":"","_links_to":"","_links_to_target":""},"class_list":["post-6478","page","type-page","status-publish","hentry"],"yoast_head":"<!-- This site is optimized with the Yoast SEO plugin v27.5 - https:\/\/yoast.com\/product\/yoast-seo-wordpress\/ -->\n<title>Forum | WSEIN - D\u00fcnya S\u00fcrd\u00fcr\u00fclebilir Enerji Enstit\u00fcs\u00fc<\/title>\n<meta name=\"description\" content=\"WSEIN - D\u00fcnya S\u00fcrd\u00fcr\u00fclebilir Enerji Enstit\u00fcs\u00fc, yenilenebilir enerji, at\u0131k y\u00f6netimi, s\u00fcrd\u00fcr\u00fclebilir ula\u015f\u0131m ve trafik, s\u00fcrd\u00fcr\u00fclebilir toplum konular\u0131nda kent \u00e7\u00f6z\u00fcmleri \u00fczerine \u00e7al\u0131\u015fan Viyana merkezli uluslararas\u0131 bir organizasyondur.\" \/>\n<meta name=\"robots\" content=\"index, follow, max-snippet:-1, max-image-preview:large, max-video-preview:-1\" \/>\n<link rel=\"canonical\" href=\"https:\/\/www.wsein.org\/tr\/forum\/\" \/>\n<meta name=\"twitter:label1\" content=\"Est. reading time\" \/>\n\t<meta name=\"twitter:data1\" content=\"1 minute\" \/>\n<script type=\"application\/ld+json\" class=\"yoast-schema-graph\">{\"@context\":\"https:\\\/\\\/schema.org\",\"@graph\":[{\"@type\":\"WebPage\",\"@id\":\"https:\\\/\\\/www.wsein.org\\\/tr\\\/forum\\\/\",\"url\":\"https:\\\/\\\/www.wsein.org\\\/tr\\\/forum\\\/\",\"name\":\"Forum | WSEIN - D\u00fcnya S\u00fcrd\u00fcr\u00fclebilir Enerji Enstit\u00fcs\u00fc\",\"isPartOf\":{\"@id\":\"https:\\\/\\\/www.wsein.org\\\/tr\\\/#website\"},\"datePublished\":\"2016-03-17T21:19:03+00:00\",\"dateModified\":\"2016-11-28T10:22:56+00:00\",\"description\":\"WSEIN - D\u00fcnya S\u00fcrd\u00fcr\u00fclebilir Enerji Enstit\u00fcs\u00fc, yenilenebilir enerji, at\u0131k y\u00f6netimi, s\u00fcrd\u00fcr\u00fclebilir ula\u015f\u0131m ve trafik, s\u00fcrd\u00fcr\u00fclebilir toplum konular\u0131nda kent \u00e7\u00f6z\u00fcmleri \u00fczerine \u00e7al\u0131\u015fan Viyana merkezli uluslararas\u0131 bir organizasyondur.\",\"breadcrumb\":{\"@id\":\"https:\\\/\\\/www.wsein.org\\\/tr\\\/forum\\\/#breadcrumb\"},\"inLanguage\":\"tr\",\"potentialAction\":[{\"@type\":\"ReadAction\",\"target\":[\"https:\\\/\\\/www.wsein.org\\\/tr\\\/forum\\\/\"]}]},{\"@type\":\"BreadcrumbList\",\"@id\":\"https:\\\/\\\/www.wsein.org\\\/tr\\\/forum\\\/#breadcrumb\",\"itemListElement\":[{\"@type\":\"ListItem\",\"position\":1,\"name\":\"Home\",\"item\":\"https:\\\/\\\/www.wsein.org\\\/tr\\\/\"},{\"@type\":\"ListItem\",\"position\":2,\"name\":\"Forum\"}]},{\"@type\":\"WebSite\",\"@id\":\"https:\\\/\\\/www.wsein.org\\\/tr\\\/#website\",\"url\":\"https:\\\/\\\/www.wsein.org\\\/tr\\\/\",\"name\":\"WSEIN \u2212 World Sustainable Energy Institute\",\"description\":\"World Sustainable Energy Institute\",\"publisher\":{\"@id\":\"https:\\\/\\\/www.wsein.org\\\/tr\\\/#organization\"},\"potentialAction\":[{\"@type\":\"SearchAction\",\"target\":{\"@type\":\"EntryPoint\",\"urlTemplate\":\"https:\\\/\\\/www.wsein.org\\\/tr\\\/?s={search_term_string}\"},\"query-input\":{\"@type\":\"PropertyValueSpecification\",\"valueRequired\":true,\"valueName\":\"search_term_string\"}}],\"inLanguage\":\"tr\"},{\"@type\":\"Organization\",\"@id\":\"https:\\\/\\\/www.wsein.org\\\/tr\\\/#organization\",\"name\":\"WSEIN - World Sustainable Energy Institute\",\"url\":\"https:\\\/\\\/www.wsein.org\\\/tr\\\/\",\"logo\":{\"@type\":\"ImageObject\",\"inLanguage\":\"tr\",\"@id\":\"https:\\\/\\\/www.wsein.org\\\/tr\\\/#\\\/schema\\\/logo\\\/image\\\/\",\"url\":\"https:\\\/\\\/www.wsein.org\\\/wp-content\\\/uploads\\\/Logo_WSEIN.png\",\"contentUrl\":\"https:\\\/\\\/www.wsein.org\\\/wp-content\\\/uploads\\\/Logo_WSEIN.png\",\"width\":1000,\"height\":200,\"caption\":\"WSEIN - World Sustainable Energy Institute\"},\"image\":{\"@id\":\"https:\\\/\\\/www.wsein.org\\\/tr\\\/#\\\/schema\\\/logo\\\/image\\\/\"},\"sameAs\":[\"https:\\\/\\\/www.facebook.com\\\/WSEinitiative\"]}]}<\/script>\n<!-- \/ Yoast SEO plugin. -->","yoast_head_json":{"title":"Forum | WSEIN - D\u00fcnya S\u00fcrd\u00fcr\u00fclebilir Enerji Enstit\u00fcs\u00fc","description":"WSEIN - D\u00fcnya S\u00fcrd\u00fcr\u00fclebilir Enerji Enstit\u00fcs\u00fc, yenilenebilir enerji, at\u0131k y\u00f6netimi, s\u00fcrd\u00fcr\u00fclebilir ula\u015f\u0131m ve trafik, s\u00fcrd\u00fcr\u00fclebilir toplum konular\u0131nda kent \u00e7\u00f6z\u00fcmleri \u00fczerine \u00e7al\u0131\u015fan Viyana merkezli uluslararas\u0131 bir organizasyondur.","robots":{"index":"index","follow":"follow","max-snippet":"max-snippet:-1","max-image-preview":"max-image-preview:large","max-video-preview":"max-video-preview:-1"},"canonical":"https:\/\/www.wsein.org\/tr\/forum\/","twitter_misc":{"Est. reading time":"1 minute"},"schema":{"@context":"https:\/\/schema.org","@graph":[{"@type":"WebPage","@id":"https:\/\/www.wsein.org\/tr\/forum\/","url":"https:\/\/www.wsein.org\/tr\/forum\/","name":"Forum | WSEIN - D\u00fcnya S\u00fcrd\u00fcr\u00fclebilir Enerji Enstit\u00fcs\u00fc","isPartOf":{"@id":"https:\/\/www.wsein.org\/tr\/#website"},"datePublished":"2016-03-17T21:19:03+00:00","dateModified":"2016-11-28T10:22:56+00:00","description":"WSEIN - D\u00fcnya S\u00fcrd\u00fcr\u00fclebilir Enerji Enstit\u00fcs\u00fc, yenilenebilir enerji, at\u0131k y\u00f6netimi, s\u00fcrd\u00fcr\u00fclebilir ula\u015f\u0131m ve trafik, s\u00fcrd\u00fcr\u00fclebilir toplum konular\u0131nda kent \u00e7\u00f6z\u00fcmleri \u00fczerine \u00e7al\u0131\u015fan Viyana merkezli uluslararas\u0131 bir organizasyondur.","breadcrumb":{"@id":"https:\/\/www.wsein.org\/tr\/forum\/#breadcrumb"},"inLanguage":"tr","potentialAction":[{"@type":"ReadAction","target":["https:\/\/www.wsein.org\/tr\/forum\/"]}]},{"@type":"BreadcrumbList","@id":"https:\/\/www.wsein.org\/tr\/forum\/#breadcrumb","itemListElement":[{"@type":"ListItem","position":1,"name":"Home","item":"https:\/\/www.wsein.org\/tr\/"},{"@type":"ListItem","position":2,"name":"Forum"}]},{"@type":"WebSite","@id":"https:\/\/www.wsein.org\/tr\/#website","url":"https:\/\/www.wsein.org\/tr\/","name":"WSEIN \u2212 World Sustainable Energy Institute","description":"World Sustainable Energy Institute","publisher":{"@id":"https:\/\/www.wsein.org\/tr\/#organization"},"potentialAction":[{"@type":"SearchAction","target":{"@type":"EntryPoint","urlTemplate":"https:\/\/www.wsein.org\/tr\/?s={search_term_string}"},"query-input":{"@type":"PropertyValueSpecification","valueRequired":true,"valueName":"search_term_string"}}],"inLanguage":"tr"},{"@type":"Organization","@id":"https:\/\/www.wsein.org\/tr\/#organization","name":"WSEIN - World Sustainable Energy Institute","url":"https:\/\/www.wsein.org\/tr\/","logo":{"@type":"ImageObject","inLanguage":"tr","@id":"https:\/\/www.wsein.org\/tr\/#\/schema\/logo\/image\/","url":"https:\/\/www.wsein.org\/wp-content\/uploads\/Logo_WSEIN.png","contentUrl":"https:\/\/www.wsein.org\/wp-content\/uploads\/Logo_WSEIN.png","width":1000,"height":200,"caption":"WSEIN - World Sustainable Energy Institute"},"image":{"@id":"https:\/\/www.wsein.org\/tr\/#\/schema\/logo\/image\/"},"sameAs":["https:\/\/www.facebook.com\/WSEinitiative"]}]}},"_links":{"self":[{"href":"https:\/\/www.wsein.org\/tr\/wp-json\/wp\/v2\/pages\/6478","targetHints":{"allow":["GET"]}}],"collection":[{"href":"https:\/\/www.wsein.org\/tr\/wp-json\/wp\/v2\/pages"}],"about":[{"href":"https:\/\/www.wsein.org\/tr\/wp-json\/wp\/v2\/types\/page"}],"author":[{"embeddable":true,"href":"https:\/\/www.wsein.org\/tr\/wp-json\/wp\/v2\/users\/5"}],"replies":[{"embeddable":true,"href":"https:\/\/www.wsein.org\/tr\/wp-json\/wp\/v2\/comments?post=6478"}],"version-history":[{"count":0,"href":"https:\/\/www.wsein.org\/tr\/wp-json\/wp\/v2\/pages\/6478\/revisions"}],"wp:attachment":[{"href":"https:\/\/www.wsein.org\/tr\/wp-json\/wp\/v2\/media?parent=6478"}],"curies":[{"name":"wp","href":"https:\/\/api.w.org\/{rel}","templated":true}]}}