{"id":6836,"date":"2016-03-30T14:49:58","date_gmt":"2016-03-30T12:49:58","guid":{"rendered":"http:\/\/www.wsein.org\/tr\/?page_id=6836"},"modified":"2016-04-20T15:51:23","modified_gmt":"2016-04-20T13:51:23","slug":"egitmen-basvurusu","status":"publish","type":"page","link":"https:\/\/www.wsein.org\/tr\/enstitu\/egitmen-basvurusu\/","title":{"rendered":"E\u011fitmen Ba\u015fvurusu"},"content":{"rendered":"<div id=\"pl-6836\"  class=\"panel-layout\" ><div id=\"pg-6836-0\"  class=\"panel-grid panel-no-style\" ><div id=\"pgc-6836-0-0\"  class=\"panel-grid-cell\" ><div id=\"panel-6836-0-0-0\" class=\"so-panel widget widget_heading panel-first-child\" data-index=\"0\" ><div class=\"thim-widget-heading template-base\"><div class=\"sc_heading  text-center\"><h2 style=\"text-transform: uppercase;\" class=\"title\">E\u011e\u0130TMEN BA\u015eVURUSU<\/h2><p class=\"sub-heading\" style=\"\">Du\u0308nya Su\u0308rdu\u0308ru\u0308lebilir Enerji Enstit\u00fcs\u00fc<\/p><span style=\"background-color:#be0000\" class=\"line\"><\/span><\/div><\/div><\/div><div id=\"panel-6836-0-0-1\" class=\"so-panel widget widget_text\" data-index=\"1\" ><div class=\"panel-widget-style panel-widget-style-for-6836-0-0-1\" >\t\t\t<div class=\"textwidget\"><div class=\"thim-apply-as-intructor\">\nMesleki bilgi ve yetkinliklerinizi WSEIN \u00e7at\u0131s\u0131 alt\u0131nda payla\u015fmak isterseniz, Du\u0308nya Su\u0308rdu\u0308ru\u0308lebilir Enerji Enstit\u00fcm\u00fcze \u00fcye olabilirsiniz. S\u00fcrd\u00fcr\u00fclebilir ula\u015f\u0131m ve trafik, \u00e7evre ve at\u0131k, enerji ve toplum konular\u0131nda sunumlar yaparak bilgilerinizi payla\u015fabilir veya problemlere \u00e7\u00f6z\u00fcmler sunarak katk\u0131da bulunabilirsiniz.\n<\/div>\n<\/div>\n\t\t<\/div><\/div><div id=\"panel-6836-0-0-2\" class=\"so-panel widget widget_single-images panel-last-child\" data-index=\"2\" ><div class=\"thim-widget-single-images template-single-images\">\n<div class=\"single-image text-center\"><img fetchpriority=\"high\" src =\"https:\/\/www.wsein.org\/wp-content\/uploads\/header-01-1.jpg\" width=\"1500\" height=\"550\" alt=\"\"\/><\/div><\/div><\/div><\/div><\/div><div id=\"pg-6836-1\"  class=\"panel-grid panel-no-style\" ><div id=\"pgc-6836-1-0\"  class=\"panel-grid-cell\" ><div id=\"panel-6836-1-0-0\" class=\"so-panel widget widget_heading panel-first-child panel-last-child\" data-index=\"3\" ><div class=\"thim-widget-heading template-base\"><div class=\"sc_heading  text-center\"><h3 style=\"text-transform: uppercase;\" class=\"title\">E\u011e\u0130TMENL\u0130K HAKKINDA<\/h3><span style=\"background-color:#be0000\" class=\"line\"><\/span><\/div><\/div><\/div><\/div><\/div><div id=\"pg-6836-2\"  class=\"panel-grid panel-no-style\" ><div id=\"pgc-6836-2-0\"  class=\"panel-grid-cell\" ><div id=\"panel-6836-2-0-0\" class=\"so-panel widget widget_tab panel-first-child panel-last-child\" data-index=\"4\" ><div class=\"thim-widget-tab template-tab\">\n<ul class=\"nav nav-tabs\" role=\"tablist\"><li role=\"presentation\" class='active tab-col-3'><a href=\"#thim-widget-tab-11776849295-1-97\"  role=\"tab\" data-toggle=\"tab\"><i class=\"fa fa-user-plus\"><\/i><span>E\u011fitmen nas\u0131l olunur<\/span><\/a><\/li><li role=\"presentation\" class='tab-col-3'><a href=\"#thim-widget-tab-21776849295-1-97\"  role=\"tab\" data-toggle=\"tab\"><i class=\"fa fa-list-ol\"><\/i><span>\u00c7al\u0131\u015fanlar\u0131m\u0131z<\/span><\/a><\/li><li role=\"presentation\" class='tab-col-3'><a href=\"#thim-widget-tab-31776849295-1-97\"  role=\"tab\" data-toggle=\"tab\"><i class=\"fa fa-book\"><\/i><span>Ba\u015fvuru<\/span><\/a><\/li><\/ul><div class=\"tab-content\"> <div role=\"tabpanel\" class=\"tab-pane active\" id=\"thim-widget-tab-11776849295-1-97\">D\u00fcnya S\u00fcrd\u00fcr\u00fclebilir Enerji Enstit\u00fcs\u00fcn\u00fcn hedefi s\u00fcrd\u00fcr\u00fclebilir ula\u015f\u0131m ve trafik, \u00e7evre, enerji ve toplum alanlar\u0131nda s\u00fcrd\u00fcr\u00fclebilir \u00e7\u00f6z\u00fcmler \u00fcretebilmek ve bu bilincin olu\u015fmas\u0131n\u0131 sa\u011flayabilmektir.\n<br><br>\n\u015eehirler ve toplumlardaki de\u011fi\u015fimler \u00fczerine e\u011fitimler, workshop\u2019lar, webinerler d\u00fczenlenmektedir.<\/div> <div role=\"tabpanel\" class=\"tab-pane\" id=\"thim-widget-tab-21776849295-1-97\">Alanlar\u0131nda uzmanl\u0131k kazanm\u0131\u015f uluslararas\u0131 bilinirlikteki profesyoneller, akademisyenler ile biraraya gelmek i\u00e7in aram\u0131za kat\u0131labilirsiniz.\n<br><br>\nBizlerle uzmanl\u0131k alan\u0131n\u0131z\u0131, bilgi ve yetkinliklerinizi payla\u015fmak  ve WSEIN de e\u011fitmen olabilmek i\u00e7in tak\u0131m\u0131m\u0131za \u00fcye olabilirsiniz.<\/div> <div role=\"tabpanel\" class=\"tab-pane\" id=\"thim-widget-tab-31776849295-1-97\">WSEIN Ba\u015fvuru formumuzu doldurarak <a href=\"mailto:office@wsein.org\">office@wsein.org<\/a> adresimize ba\u015fvurunuzu g\u00f6nderebilirsiniz.\n<br><br>\nSorular\u0131n\u0131z i\u00e7in l\u00fctfen bizimle irtibata ge\u00e7iniz. \n<br><br>\n<h4>Ba\u015fvuru formunu indirmek i\u00e7in<\/h4>\n<a href=\"https:\/\/www.wsein.org\/wp-content\/uploads\/pdf\/tr\/WSEIN_EGITMENLIK_BASVURU_FORMU.pdf\" target=\"_blank\">\u00bb WSEIN E\u011e\u0130TMENL\u0130K BA\u015eVURU FORMU<\/a><\/div><\/div><\/div><\/div><\/div><\/div><\/div>","protected":false},"excerpt":{"rendered":"<p>Mesleki bilgi ve yetkinliklerinizi WSEIN \u00e7at\u0131s\u0131 alt\u0131nda payla\u015fmak isterseniz, Du\u0308nya Su\u0308rdu\u0308ru\u0308lebilir Enerji Enstit\u00fcm\u00fcze \u00fcye olabilirsiniz. S\u00fcrd\u00fcr\u00fclebilir ula\u015f\u0131m ve trafik, \u00e7evre ve at\u0131k, enerji ve toplum konular\u0131nda sunumlar yaparak bilgilerinizi payla\u015fabilir &hellip; <\/p>\n","protected":false},"author":5,"featured_media":0,"parent":6455,"menu_order":0,"comment_status":"closed","ping_status":"closed","template":"","meta":{"footnotes":"","_links_to":"","_links_to_target":""},"class_list":["post-6836","page","type-page","status-publish","hentry"],"yoast_head":"<!-- This site is optimized with the Yoast SEO plugin v27.1.1 - https:\/\/yoast.com\/product\/yoast-seo-wordpress\/ -->\n<title>E\u011fitmen Ba\u015fvurusu | WSEIN - D\u00fcnya S\u00fcrd\u00fcr\u00fclebilir Enerji Enstit\u00fcs\u00fc<\/title>\n<meta name=\"description\" content=\"WSEIN - D\u00fcnya S\u00fcrd\u00fcr\u00fclebilir Enerji Enstit\u00fcs\u00fc, yenilenebilir enerji, at\u0131k y\u00f6netimi, s\u00fcrd\u00fcr\u00fclebilir ula\u015f\u0131m ve trafik, s\u00fcrd\u00fcr\u00fclebilir toplum konular\u0131nda kent \u00e7\u00f6z\u00fcmleri \u00fczerine \u00e7al\u0131\u015fan Viyana merkezli uluslararas\u0131 bir organizasyondur.\" \/>\n<meta name=\"robots\" content=\"index, follow, max-snippet:-1, max-image-preview:large, max-video-preview:-1\" \/>\n<link rel=\"canonical\" href=\"https:\/\/www.wsein.org\/tr\/enstitu\/egitmen-basvurusu\/\" \/>\n<meta name=\"twitter:label1\" content=\"Est. reading time\" \/>\n\t<meta name=\"twitter:data1\" content=\"1 minute\" \/>\n<script type=\"application\/ld+json\" class=\"yoast-schema-graph\">{\"@context\":\"https:\/\/schema.org\",\"@graph\":[{\"@type\":\"WebPage\",\"@id\":\"https:\/\/www.wsein.org\/tr\/enstitu\/egitmen-basvurusu\/\",\"url\":\"https:\/\/www.wsein.org\/tr\/enstitu\/egitmen-basvurusu\/\",\"name\":\"E\u011fitmen Ba\u015fvurusu | WSEIN - D\u00fcnya S\u00fcrd\u00fcr\u00fclebilir Enerji Enstit\u00fcs\u00fc\",\"isPartOf\":{\"@id\":\"https:\/\/www.wsein.org\/tr\/#website\"},\"primaryImageOfPage\":{\"@id\":\"https:\/\/www.wsein.org\/tr\/enstitu\/egitmen-basvurusu\/#primaryimage\"},\"image\":{\"@id\":\"https:\/\/www.wsein.org\/tr\/enstitu\/egitmen-basvurusu\/#primaryimage\"},\"thumbnailUrl\":\"https:\/\/www.wsein.org\/wp-content\/uploads\/header-01-1.jpg\",\"datePublished\":\"2016-03-30T12:49:58+00:00\",\"dateModified\":\"2016-04-20T13:51:23+00:00\",\"description\":\"WSEIN - D\u00fcnya S\u00fcrd\u00fcr\u00fclebilir Enerji Enstit\u00fcs\u00fc, yenilenebilir enerji, at\u0131k y\u00f6netimi, s\u00fcrd\u00fcr\u00fclebilir ula\u015f\u0131m ve trafik, s\u00fcrd\u00fcr\u00fclebilir toplum konular\u0131nda kent \u00e7\u00f6z\u00fcmleri \u00fczerine \u00e7al\u0131\u015fan Viyana merkezli uluslararas\u0131 bir organizasyondur.\",\"breadcrumb\":{\"@id\":\"https:\/\/www.wsein.org\/tr\/enstitu\/egitmen-basvurusu\/#breadcrumb\"},\"inLanguage\":\"tr\",\"potentialAction\":[{\"@type\":\"ReadAction\",\"target\":[\"https:\/\/www.wsein.org\/tr\/enstitu\/egitmen-basvurusu\/\"]}]},{\"@type\":\"ImageObject\",\"inLanguage\":\"tr\",\"@id\":\"https:\/\/www.wsein.org\/tr\/enstitu\/egitmen-basvurusu\/#primaryimage\",\"url\":\"https:\/\/www.wsein.org\/wp-content\/uploads\/header-01-1.jpg\",\"contentUrl\":\"https:\/\/www.wsein.org\/wp-content\/uploads\/header-01-1.jpg\"},{\"@type\":\"BreadcrumbList\",\"@id\":\"https:\/\/www.wsein.org\/tr\/enstitu\/egitmen-basvurusu\/#breadcrumb\",\"itemListElement\":[{\"@type\":\"ListItem\",\"position\":1,\"name\":\"Home\",\"item\":\"https:\/\/www.wsein.org\/tr\/\"},{\"@type\":\"ListItem\",\"position\":2,\"name\":\"Enstit\u00fc\",\"item\":\"https:\/\/www.wsein.org\/tr\/enstitu\/\"},{\"@type\":\"ListItem\",\"position\":3,\"name\":\"E\u011fitmen Ba\u015fvurusu\"}]},{\"@type\":\"WebSite\",\"@id\":\"https:\/\/www.wsein.org\/tr\/#website\",\"url\":\"https:\/\/www.wsein.org\/tr\/\",\"name\":\"WSEIN \u2212 World Sustainable Energy Institute\",\"description\":\"World Sustainable Energy Institute\",\"publisher\":{\"@id\":\"https:\/\/www.wsein.org\/tr\/#organization\"},\"potentialAction\":[{\"@type\":\"SearchAction\",\"target\":{\"@type\":\"EntryPoint\",\"urlTemplate\":\"https:\/\/www.wsein.org\/tr\/?s={search_term_string}\"},\"query-input\":{\"@type\":\"PropertyValueSpecification\",\"valueRequired\":true,\"valueName\":\"search_term_string\"}}],\"inLanguage\":\"tr\"},{\"@type\":\"Organization\",\"@id\":\"https:\/\/www.wsein.org\/tr\/#organization\",\"name\":\"WSEIN - World Sustainable Energy Institute\",\"url\":\"https:\/\/www.wsein.org\/tr\/\",\"logo\":{\"@type\":\"ImageObject\",\"inLanguage\":\"tr\",\"@id\":\"https:\/\/www.wsein.org\/tr\/#\/schema\/logo\/image\/\",\"url\":\"https:\/\/www.wsein.org\/wp-content\/uploads\/Logo_WSEIN.png\",\"contentUrl\":\"https:\/\/www.wsein.org\/wp-content\/uploads\/Logo_WSEIN.png\",\"width\":1000,\"height\":200,\"caption\":\"WSEIN - World Sustainable Energy Institute\"},\"image\":{\"@id\":\"https:\/\/www.wsein.org\/tr\/#\/schema\/logo\/image\/\"},\"sameAs\":[\"https:\/\/www.facebook.com\/WSEinitiative\"]}]}<\/script>\n<!-- \/ Yoast SEO plugin. -->","yoast_head_json":{"title":"E\u011fitmen Ba\u015fvurusu | WSEIN - D\u00fcnya S\u00fcrd\u00fcr\u00fclebilir Enerji Enstit\u00fcs\u00fc","description":"WSEIN - D\u00fcnya S\u00fcrd\u00fcr\u00fclebilir Enerji Enstit\u00fcs\u00fc, yenilenebilir enerji, at\u0131k y\u00f6netimi, s\u00fcrd\u00fcr\u00fclebilir ula\u015f\u0131m ve trafik, s\u00fcrd\u00fcr\u00fclebilir toplum konular\u0131nda kent \u00e7\u00f6z\u00fcmleri \u00fczerine \u00e7al\u0131\u015fan Viyana merkezli uluslararas\u0131 bir organizasyondur.","robots":{"index":"index","follow":"follow","max-snippet":"max-snippet:-1","max-image-preview":"max-image-preview:large","max-video-preview":"max-video-preview:-1"},"canonical":"https:\/\/www.wsein.org\/tr\/enstitu\/egitmen-basvurusu\/","twitter_misc":{"Est. reading time":"1 minute"},"schema":{"@context":"https:\/\/schema.org","@graph":[{"@type":"WebPage","@id":"https:\/\/www.wsein.org\/tr\/enstitu\/egitmen-basvurusu\/","url":"https:\/\/www.wsein.org\/tr\/enstitu\/egitmen-basvurusu\/","name":"E\u011fitmen Ba\u015fvurusu | WSEIN - D\u00fcnya S\u00fcrd\u00fcr\u00fclebilir Enerji Enstit\u00fcs\u00fc","isPartOf":{"@id":"https:\/\/www.wsein.org\/tr\/#website"},"primaryImageOfPage":{"@id":"https:\/\/www.wsein.org\/tr\/enstitu\/egitmen-basvurusu\/#primaryimage"},"image":{"@id":"https:\/\/www.wsein.org\/tr\/enstitu\/egitmen-basvurusu\/#primaryimage"},"thumbnailUrl":"https:\/\/www.wsein.org\/wp-content\/uploads\/header-01-1.jpg","datePublished":"2016-03-30T12:49:58+00:00","dateModified":"2016-04-20T13:51:23+00:00","description":"WSEIN - D\u00fcnya S\u00fcrd\u00fcr\u00fclebilir Enerji Enstit\u00fcs\u00fc, yenilenebilir enerji, at\u0131k y\u00f6netimi, s\u00fcrd\u00fcr\u00fclebilir ula\u015f\u0131m ve trafik, s\u00fcrd\u00fcr\u00fclebilir toplum konular\u0131nda kent \u00e7\u00f6z\u00fcmleri \u00fczerine \u00e7al\u0131\u015fan Viyana merkezli uluslararas\u0131 bir organizasyondur.","breadcrumb":{"@id":"https:\/\/www.wsein.org\/tr\/enstitu\/egitmen-basvurusu\/#breadcrumb"},"inLanguage":"tr","potentialAction":[{"@type":"ReadAction","target":["https:\/\/www.wsein.org\/tr\/enstitu\/egitmen-basvurusu\/"]}]},{"@type":"ImageObject","inLanguage":"tr","@id":"https:\/\/www.wsein.org\/tr\/enstitu\/egitmen-basvurusu\/#primaryimage","url":"https:\/\/www.wsein.org\/wp-content\/uploads\/header-01-1.jpg","contentUrl":"https:\/\/www.wsein.org\/wp-content\/uploads\/header-01-1.jpg"},{"@type":"BreadcrumbList","@id":"https:\/\/www.wsein.org\/tr\/enstitu\/egitmen-basvurusu\/#breadcrumb","itemListElement":[{"@type":"ListItem","position":1,"name":"Home","item":"https:\/\/www.wsein.org\/tr\/"},{"@type":"ListItem","position":2,"name":"Enstit\u00fc","item":"https:\/\/www.wsein.org\/tr\/enstitu\/"},{"@type":"ListItem","position":3,"name":"E\u011fitmen Ba\u015fvurusu"}]},{"@type":"WebSite","@id":"https:\/\/www.wsein.org\/tr\/#website","url":"https:\/\/www.wsein.org\/tr\/","name":"WSEIN \u2212 World Sustainable Energy Institute","description":"World Sustainable Energy Institute","publisher":{"@id":"https:\/\/www.wsein.org\/tr\/#organization"},"potentialAction":[{"@type":"SearchAction","target":{"@type":"EntryPoint","urlTemplate":"https:\/\/www.wsein.org\/tr\/?s={search_term_string}"},"query-input":{"@type":"PropertyValueSpecification","valueRequired":true,"valueName":"search_term_string"}}],"inLanguage":"tr"},{"@type":"Organization","@id":"https:\/\/www.wsein.org\/tr\/#organization","name":"WSEIN - World Sustainable Energy Institute","url":"https:\/\/www.wsein.org\/tr\/","logo":{"@type":"ImageObject","inLanguage":"tr","@id":"https:\/\/www.wsein.org\/tr\/#\/schema\/logo\/image\/","url":"https:\/\/www.wsein.org\/wp-content\/uploads\/Logo_WSEIN.png","contentUrl":"https:\/\/www.wsein.org\/wp-content\/uploads\/Logo_WSEIN.png","width":1000,"height":200,"caption":"WSEIN - World Sustainable Energy Institute"},"image":{"@id":"https:\/\/www.wsein.org\/tr\/#\/schema\/logo\/image\/"},"sameAs":["https:\/\/www.facebook.com\/WSEinitiative"]}]}},"_links":{"self":[{"href":"https:\/\/www.wsein.org\/tr\/wp-json\/wp\/v2\/pages\/6836","targetHints":{"allow":["GET"]}}],"collection":[{"href":"https:\/\/www.wsein.org\/tr\/wp-json\/wp\/v2\/pages"}],"about":[{"href":"https:\/\/www.wsein.org\/tr\/wp-json\/wp\/v2\/types\/page"}],"author":[{"embeddable":true,"href":"https:\/\/www.wsein.org\/tr\/wp-json\/wp\/v2\/users\/5"}],"replies":[{"embeddable":true,"href":"https:\/\/www.wsein.org\/tr\/wp-json\/wp\/v2\/comments?post=6836"}],"version-history":[{"count":0,"href":"https:\/\/www.wsein.org\/tr\/wp-json\/wp\/v2\/pages\/6836\/revisions"}],"up":[{"embeddable":true,"href":"https:\/\/www.wsein.org\/tr\/wp-json\/wp\/v2\/pages\/6455"}],"wp:attachment":[{"href":"https:\/\/www.wsein.org\/tr\/wp-json\/wp\/v2\/media?parent=6836"}],"curies":[{"name":"wp","href":"https:\/\/api.w.org\/{rel}","templated":true}]}}