{"id":6866,"date":"2016-03-30T16:25:41","date_gmt":"2016-03-30T14:25:41","guid":{"rendered":"http:\/\/www.wsein.org\/tr\/?page_id=6866"},"modified":"2025-03-19T19:10:01","modified_gmt":"2025-03-19T18:10:01","slug":"yasal-bilgi","status":"publish","type":"page","link":"https:\/\/www.wsein.org\/tr\/yasal-bilgi\/","title":{"rendered":"Yasal Bilgi"},"content":{"rendered":"<h2>D\u00fcnya S\u00fcrd\u00fcr\u00fclebilir Enerji Enstit\u00fcs\u00fc (WSEIN)<\/h2>\n<p>Kurulu\u015f tarihi<br \/>\nV\u0130YANA May\u0131s 2014<br \/>\nKay\u0131t<br \/>\nViyana \u2212 Avusturya<br \/>\nKay\u0131t numaras\u0131<br \/>\nZVR-Zahl 501501845<\/p>\n<p>Enstit\u00fc WSEIN <a title=\"Articles of the Association WSEIN\" href=\"https:\/\/www.wsein.org\/wp-content\/uploads\/pdf\/Articles_of_Association_WSEIN_English.pdf\" target=\"_blank\" rel=\"noopener noreferrer\">\u2192 T\u00fcz\u00fck (\u0130ngilizce)<\/a><br \/>\nEnstit\u00fc WSEIN <a title=\"Articles of the Association WSEIN\" href=\"https:\/\/www.wsein.org\/wp-content\/uploads\/pdf\/Articles_of_Association_WSEIN_German.pdf\" target=\"_blank\" rel=\"noopener noreferrer\">\u2192 T\u00fcz\u00fck (Almanca)<\/a><\/p>\n<p>Welt Nachhaltige Energie Enstit\u00fcs\u00fc (WSEIN)<br \/>\nD\u00fcnya S\u00fcrd\u00fcr\u00fclebilir Enerji Enstit\u00fcs\u00fc (WSEIN)<br \/>\n1180 Viyana<br \/>\nAVUSTURYA<\/p>\n<p>Telefon <a href=\"tel:+4369910044848\">+43 699 1004 4848<br \/>\n<\/a>Telefon <a href=\"tel: +90 531 700 1648\">+90 531 700 1648<\/a><br \/>\nE-posta <a href=\"mailto:office@wsein.org\">office@wsein.org<\/a><br \/>\nWeb <a title=\"D\u00fcnya S\u00fcrd\u00fcr\u00fclebilir Enerji Enstit\u00fcs\u00fc\" href=\"http:\/\/www.wsein.org\" target=\"_blank\" rel=\"noopener noreferrer\">https:\/\/www.wsein.org\/tr\/<\/a><\/p>\n<p>D\u00fcnya S\u00fcrd\u00fcr\u00fclebilir Enerji Enstit\u00fcs\u00fc<br \/>\nBanka hesab\u0131<br \/>\nUniCredit Bank Austria AG<br \/>\nIBAN AT671200010009305292<br \/>\nBIC BKAUATWW<\/p>\n<p>E-ticaret kanunu \u00a7 5g\u00f6re t\u00fcm haklar\u0131 sakl\u0131d\u0131r.<\/p>\n<h4>Reviesta S\u00fcrd\u00fcr\u00fclebilir Enerji Sistemleri ve \u00c7evre Teknolojileri Uluslararas\u0131 Dan\u0131\u015fmanl\u0131k San. Tic. LTD. \u015eT\u0130.<\/h4>\n<p>WSEIN T\u00fcrkiye temsilcili\u011fi REV\u0130ESTA S\u00fcrd\u00fcr\u00fclebilir Enerji Sistemleri ve \u00c7evre Teknolojileri Uluslararas\u0131 Dan\u0131\u015fmanl\u0131k San. Tic. LTD. \u015eT\u0130. Taraf\u0131ndan yap\u0131lmaktad\u0131r.<br \/>\nReviesta S\u00fcrd\u00fcr\u00fclebilir Enerji Sistemleri ve \u00c7evre Teknolojileri Uluslararas\u0131 Dan\u0131\u015fmanl\u0131k San. Tic. LTD. \u015eT\u0130.<br \/>\nIstanbul Cad. Pelin Han Kat:1 No:63<br \/>\nBakirk\u00f6y &#8211; \u0130stanbul, T\u00fcrkiye<br \/>\nBak\u0131rk\u00f6y Vergi Dairesi: 7340665397<br \/>\nViyana Merkez<br \/>\nT\u00fcrkiye Temsilcili\u011fi<br \/>\nBanka hesab\u0131<br \/>\nGaranti Bankasi<br \/>\nIban TR76 0006 2000 7060 0009 0780 30<br \/>\nHesap \u0130smi : Reviesta S\u00fcrd\u00fcr\u00fclebilir Enerji Dani\u015fmanlik San. Tic. Ltd. \u015eti<br \/>\nHesap Cinsi : Eur<\/p>\n<p>Genel sorular\u0131n\u0131z i\u00e7in: <a href=\"mailto:office@reviesta.com\">office@reviesta.com<\/a><\/p>\n<h4>Foto\u011fraf<\/h4>\n<p>\u00a9\u00a0D\u00fcnya S\u00fcrd\u00fcr\u00fclebilir Enerji Enstit\u00fcs\u00fc<br \/>\n\u00a9 iStockphoto.com \/ imagedepotpro \/ ThomasVogel \/ gilleslougassi, <a title=\"iStockphoto\" href=\"www.istockphoto.com\" target=\"_blank\" rel=\"noopener noreferrer\">www.istockphoto.com<\/a><br \/>\n\u00a9 de.clipdealer.com \/ Creativemark, <a title=\"Clipdealer\" href=\"http:\/\/de.clipdealer.com\" target=\"_blank\" rel=\"noopener noreferrer\">de.clipdealer.com<\/a><br \/>\n\u00a9\u00a0Shutterstock \/ Keith Bell \/ Asfia \/ chaoss \/ italianestro \/ Radu Bercan \/ NicoElNino \/ Jack.Q \/ carlos castilla\u00a0\/ italianestro \/ FooTToo \/ Lightspring \/ Matej Kastelic \/ Rawpixel.com \/ Radu Bercan \/ Lipskiy \/ saiko3p \/ Michael Bogner &#8211; <a title=\"Shutterstock\" href=\"http:\/\/www.shutterstock.com\/\" target=\"_blank\" rel=\"noopener noreferrer\">www.shutterstock.com<\/a><br \/>\n\u00a9 Maria Petrak, <a href=\"http:\/\/thebestoftheworld.info\/\" target=\"_blank\" rel=\"noopener noreferrer\">www.thebestoftheworld.info<\/a><br \/>\n\u00a9\u00a0TU Wien, <a title=\"TU Wien\" href=\"http:\/\/www.tuwien.ac.at\/dle\/pr\/aktuelles\/tu_fotos\/fotos_personen_m_z\/\" target=\"_blank\" rel=\"noopener noreferrer\">www.tuwien.ac.at\/dle\/pr\/aktuelles\/tu_fotos\/fotos_personen_m_z\/<\/a><br \/>\n\u00a9 J. Piestrzynska<br \/>\n\u00a9\u00a0Ismail G\u00f6kmen, Viyana<\/p>\n<h4>Web sitesi teknik uygulamas\u0131<\/h4>\n<p>G.S.Reinisch Medya Tasar\u0131m, Viyana<\/p>\n<h4>Feragatname<\/h4>\n<p>Yazar ba\u011flant\u0131l\u0131 olan veya y\u00f6nlendirilen sayfalar\u0131nda bahsedilen herhangi bir i\u00e7erikten sorumlu de\u011fildir.<\/p>\n","protected":false},"excerpt":{"rendered":"<p>D\u00fcnya S\u00fcrd\u00fcr\u00fclebilir Enerji Enstit\u00fcs\u00fc (WSEIN) Kurulu\u015f tarihi V\u0130YANA May\u0131s 2014 Kay\u0131t Viyana \u2212 Avusturya Kay\u0131t numaras\u0131 ZVR-Zahl 501501845 Enstit\u00fc WSEIN \u2192 T\u00fcz\u00fck (\u0130ngilizce) Enstit\u00fc WSEIN \u2192 T\u00fcz\u00fck (Almanca) Welt Nachhaltige &hellip; <\/p>\n","protected":false},"author":5,"featured_media":0,"parent":0,"menu_order":0,"comment_status":"closed","ping_status":"closed","template":"","meta":{"footnotes":"","_links_to":"","_links_to_target":""},"class_list":["post-6866","page","type-page","status-publish","hentry"],"yoast_head":"<!-- This site is optimized with the Yoast SEO plugin v27.5 - https:\/\/yoast.com\/product\/yoast-seo-wordpress\/ -->\n<title>Yasal Bilgi | WSEIN - D\u00fcnya S\u00fcrd\u00fcr\u00fclebilir Enerji Enstit\u00fcs\u00fc<\/title>\n<meta name=\"description\" content=\"WSEIN - D\u00fcnya S\u00fcrd\u00fcr\u00fclebilir Enerji Enstit\u00fcs\u00fc, yenilenebilir enerji, at\u0131k y\u00f6netimi, s\u00fcrd\u00fcr\u00fclebilir ula\u015f\u0131m ve trafik, s\u00fcrd\u00fcr\u00fclebilir toplum konular\u0131nda kent \u00e7\u00f6z\u00fcmleri \u00fczerine \u00e7al\u0131\u015fan Viyana merkezli uluslararas\u0131 bir organizasyondur.\" \/>\n<meta name=\"robots\" content=\"index, follow, max-snippet:-1, max-image-preview:large, max-video-preview:-1\" \/>\n<link rel=\"canonical\" href=\"https:\/\/www.wsein.org\/tr\/yasal-bilgi\/\" \/>\n<meta name=\"twitter:label1\" content=\"Est. reading time\" \/>\n\t<meta name=\"twitter:data1\" content=\"2 minutes\" \/>\n<script type=\"application\/ld+json\" class=\"yoast-schema-graph\">{\"@context\":\"https:\\\/\\\/schema.org\",\"@graph\":[{\"@type\":\"WebPage\",\"@id\":\"https:\\\/\\\/www.wsein.org\\\/tr\\\/yasal-bilgi\\\/\",\"url\":\"https:\\\/\\\/www.wsein.org\\\/tr\\\/yasal-bilgi\\\/\",\"name\":\"Yasal Bilgi | WSEIN - D\u00fcnya S\u00fcrd\u00fcr\u00fclebilir Enerji Enstit\u00fcs\u00fc\",\"isPartOf\":{\"@id\":\"https:\\\/\\\/www.wsein.org\\\/tr\\\/#website\"},\"datePublished\":\"2016-03-30T14:25:41+00:00\",\"dateModified\":\"2025-03-19T18:10:01+00:00\",\"description\":\"WSEIN - D\u00fcnya S\u00fcrd\u00fcr\u00fclebilir Enerji Enstit\u00fcs\u00fc, yenilenebilir enerji, at\u0131k y\u00f6netimi, s\u00fcrd\u00fcr\u00fclebilir ula\u015f\u0131m ve trafik, s\u00fcrd\u00fcr\u00fclebilir toplum konular\u0131nda kent \u00e7\u00f6z\u00fcmleri \u00fczerine \u00e7al\u0131\u015fan Viyana merkezli uluslararas\u0131 bir organizasyondur.\",\"breadcrumb\":{\"@id\":\"https:\\\/\\\/www.wsein.org\\\/tr\\\/yasal-bilgi\\\/#breadcrumb\"},\"inLanguage\":\"tr\",\"potentialAction\":[{\"@type\":\"ReadAction\",\"target\":[\"https:\\\/\\\/www.wsein.org\\\/tr\\\/yasal-bilgi\\\/\"]}]},{\"@type\":\"BreadcrumbList\",\"@id\":\"https:\\\/\\\/www.wsein.org\\\/tr\\\/yasal-bilgi\\\/#breadcrumb\",\"itemListElement\":[{\"@type\":\"ListItem\",\"position\":1,\"name\":\"Home\",\"item\":\"https:\\\/\\\/www.wsein.org\\\/tr\\\/\"},{\"@type\":\"ListItem\",\"position\":2,\"name\":\"Yasal Bilgi\"}]},{\"@type\":\"WebSite\",\"@id\":\"https:\\\/\\\/www.wsein.org\\\/tr\\\/#website\",\"url\":\"https:\\\/\\\/www.wsein.org\\\/tr\\\/\",\"name\":\"WSEIN \u2212 World Sustainable Energy Institute\",\"description\":\"World Sustainable Energy Institute\",\"publisher\":{\"@id\":\"https:\\\/\\\/www.wsein.org\\\/tr\\\/#organization\"},\"potentialAction\":[{\"@type\":\"SearchAction\",\"target\":{\"@type\":\"EntryPoint\",\"urlTemplate\":\"https:\\\/\\\/www.wsein.org\\\/tr\\\/?s={search_term_string}\"},\"query-input\":{\"@type\":\"PropertyValueSpecification\",\"valueRequired\":true,\"valueName\":\"search_term_string\"}}],\"inLanguage\":\"tr\"},{\"@type\":\"Organization\",\"@id\":\"https:\\\/\\\/www.wsein.org\\\/tr\\\/#organization\",\"name\":\"WSEIN - World Sustainable Energy Institute\",\"url\":\"https:\\\/\\\/www.wsein.org\\\/tr\\\/\",\"logo\":{\"@type\":\"ImageObject\",\"inLanguage\":\"tr\",\"@id\":\"https:\\\/\\\/www.wsein.org\\\/tr\\\/#\\\/schema\\\/logo\\\/image\\\/\",\"url\":\"https:\\\/\\\/www.wsein.org\\\/wp-content\\\/uploads\\\/Logo_WSEIN.png\",\"contentUrl\":\"https:\\\/\\\/www.wsein.org\\\/wp-content\\\/uploads\\\/Logo_WSEIN.png\",\"width\":1000,\"height\":200,\"caption\":\"WSEIN - World Sustainable Energy Institute\"},\"image\":{\"@id\":\"https:\\\/\\\/www.wsein.org\\\/tr\\\/#\\\/schema\\\/logo\\\/image\\\/\"},\"sameAs\":[\"https:\\\/\\\/www.facebook.com\\\/WSEinitiative\"]}]}<\/script>\n<!-- \/ Yoast SEO plugin. -->","yoast_head_json":{"title":"Yasal Bilgi | WSEIN - D\u00fcnya S\u00fcrd\u00fcr\u00fclebilir Enerji Enstit\u00fcs\u00fc","description":"WSEIN - D\u00fcnya S\u00fcrd\u00fcr\u00fclebilir Enerji Enstit\u00fcs\u00fc, yenilenebilir enerji, at\u0131k y\u00f6netimi, s\u00fcrd\u00fcr\u00fclebilir ula\u015f\u0131m ve trafik, s\u00fcrd\u00fcr\u00fclebilir toplum konular\u0131nda kent \u00e7\u00f6z\u00fcmleri \u00fczerine \u00e7al\u0131\u015fan Viyana merkezli uluslararas\u0131 bir organizasyondur.","robots":{"index":"index","follow":"follow","max-snippet":"max-snippet:-1","max-image-preview":"max-image-preview:large","max-video-preview":"max-video-preview:-1"},"canonical":"https:\/\/www.wsein.org\/tr\/yasal-bilgi\/","twitter_misc":{"Est. reading time":"2 minutes"},"schema":{"@context":"https:\/\/schema.org","@graph":[{"@type":"WebPage","@id":"https:\/\/www.wsein.org\/tr\/yasal-bilgi\/","url":"https:\/\/www.wsein.org\/tr\/yasal-bilgi\/","name":"Yasal Bilgi | WSEIN - D\u00fcnya S\u00fcrd\u00fcr\u00fclebilir Enerji Enstit\u00fcs\u00fc","isPartOf":{"@id":"https:\/\/www.wsein.org\/tr\/#website"},"datePublished":"2016-03-30T14:25:41+00:00","dateModified":"2025-03-19T18:10:01+00:00","description":"WSEIN - D\u00fcnya S\u00fcrd\u00fcr\u00fclebilir Enerji Enstit\u00fcs\u00fc, yenilenebilir enerji, at\u0131k y\u00f6netimi, s\u00fcrd\u00fcr\u00fclebilir ula\u015f\u0131m ve trafik, s\u00fcrd\u00fcr\u00fclebilir toplum konular\u0131nda kent \u00e7\u00f6z\u00fcmleri \u00fczerine \u00e7al\u0131\u015fan Viyana merkezli uluslararas\u0131 bir organizasyondur.","breadcrumb":{"@id":"https:\/\/www.wsein.org\/tr\/yasal-bilgi\/#breadcrumb"},"inLanguage":"tr","potentialAction":[{"@type":"ReadAction","target":["https:\/\/www.wsein.org\/tr\/yasal-bilgi\/"]}]},{"@type":"BreadcrumbList","@id":"https:\/\/www.wsein.org\/tr\/yasal-bilgi\/#breadcrumb","itemListElement":[{"@type":"ListItem","position":1,"name":"Home","item":"https:\/\/www.wsein.org\/tr\/"},{"@type":"ListItem","position":2,"name":"Yasal Bilgi"}]},{"@type":"WebSite","@id":"https:\/\/www.wsein.org\/tr\/#website","url":"https:\/\/www.wsein.org\/tr\/","name":"WSEIN \u2212 World Sustainable Energy Institute","description":"World Sustainable Energy Institute","publisher":{"@id":"https:\/\/www.wsein.org\/tr\/#organization"},"potentialAction":[{"@type":"SearchAction","target":{"@type":"EntryPoint","urlTemplate":"https:\/\/www.wsein.org\/tr\/?s={search_term_string}"},"query-input":{"@type":"PropertyValueSpecification","valueRequired":true,"valueName":"search_term_string"}}],"inLanguage":"tr"},{"@type":"Organization","@id":"https:\/\/www.wsein.org\/tr\/#organization","name":"WSEIN - World Sustainable Energy Institute","url":"https:\/\/www.wsein.org\/tr\/","logo":{"@type":"ImageObject","inLanguage":"tr","@id":"https:\/\/www.wsein.org\/tr\/#\/schema\/logo\/image\/","url":"https:\/\/www.wsein.org\/wp-content\/uploads\/Logo_WSEIN.png","contentUrl":"https:\/\/www.wsein.org\/wp-content\/uploads\/Logo_WSEIN.png","width":1000,"height":200,"caption":"WSEIN - World Sustainable Energy Institute"},"image":{"@id":"https:\/\/www.wsein.org\/tr\/#\/schema\/logo\/image\/"},"sameAs":["https:\/\/www.facebook.com\/WSEinitiative"]}]}},"_links":{"self":[{"href":"https:\/\/www.wsein.org\/tr\/wp-json\/wp\/v2\/pages\/6866","targetHints":{"allow":["GET"]}}],"collection":[{"href":"https:\/\/www.wsein.org\/tr\/wp-json\/wp\/v2\/pages"}],"about":[{"href":"https:\/\/www.wsein.org\/tr\/wp-json\/wp\/v2\/types\/page"}],"author":[{"embeddable":true,"href":"https:\/\/www.wsein.org\/tr\/wp-json\/wp\/v2\/users\/5"}],"replies":[{"embeddable":true,"href":"https:\/\/www.wsein.org\/tr\/wp-json\/wp\/v2\/comments?post=6866"}],"version-history":[{"count":0,"href":"https:\/\/www.wsein.org\/tr\/wp-json\/wp\/v2\/pages\/6866\/revisions"}],"wp:attachment":[{"href":"https:\/\/www.wsein.org\/tr\/wp-json\/wp\/v2\/media?parent=6866"}],"curies":[{"name":"wp","href":"https:\/\/api.w.org\/{rel}","templated":true}]}}