{"id":6909,"date":"2016-03-31T11:30:46","date_gmt":"2016-03-31T09:30:46","guid":{"rendered":"http:\/\/www.wsein.org\/tr\/?page_id=6909"},"modified":"2025-03-20T10:45:14","modified_gmt":"2025-03-20T09:45:14","slug":"surdurulebilir-ulasim-ve-trafik","status":"publish","type":"page","link":"https:\/\/www.wsein.org\/tr\/egitimler\/surdurulebilir-ulasim-ve-trafik\/","title":{"rendered":"S\u00fcrd\u00fcr\u00fclebilir Ula\u015f\u0131m ve Trafik"},"content":{"rendered":"<div id=\"pl-6909\"  class=\"panel-layout\" ><div id=\"pg-6909-0\"  class=\"panel-grid panel-no-style\" ><div id=\"pgc-6909-0-0\"  class=\"panel-grid-cell\" ><div id=\"panel-6909-0-0-0\" class=\"so-panel widget widget_heading panel-first-child\" data-index=\"0\" ><div class=\"thim-widget-heading template-base\"><div class=\"sc_heading  text-left\"><h2 style=\"text-transform: uppercase;\" class=\"title\">S\u00dcRD\u00dcR\u00dcLEB\u0130L\u0130R ULA\u015eIM VE TRAF\u0130K PROGRAMI<\/h2><span style=\"background-color:#be0000\" class=\"line\"><\/span><\/div><\/div><\/div><div id=\"panel-6909-0-0-1\" class=\"so-panel widget widget_text\" data-index=\"1\" >\t\t\t<div class=\"textwidget\"><div class=\"responsive-video\"><iframe src=\"https:\/\/player.vimeo.com\/video\/156947453?title=0&amp;byline=0&amp;portrait=0\" frameborder=\"0\" allowfullscreen=\"allowfullscreen\"><\/iframe><\/div><\/div>\n\t\t<\/div><div id=\"panel-6909-0-0-2\" class=\"so-panel widget widget_text\" data-index=\"2\" ><h3 class=\"widget-title\">S\u00fcrd\u00fcr\u00fclebilir ula\u015f\u0131m ve trafik e\u011fitimi, trafik planlamas\u0131, ula\u015f\u0131m \u00e7\u00f6z\u00fcmleri, s\u00fcrd\u00fcr\u00fclebilir altyap\u0131 ve \u015fehircilik konular\u0131 ile ilgilenen kurumlar, belediyeler i\u00e7in dan\u0131\u015fmanl\u0131k sunmaktad\u0131r.<\/h3>\t\t\t<div class=\"textwidget\">Ula\u015f\u0131m ve trafik, enerji t\u00fcketimi ve emisyonu \u00e7evre \u00fczerinde olumsuz etki yaratmaktad\u0131r. Trafik, hava kirlili\u011fi ve k\u00fcresel \u0131s\u0131nma konular\u0131nda \u00f6nemli bir rol oynamaktad\u0131r. WSEIN, toplumun ihtiya\u00e7lar\u0131n\u0131 kar\u015f\u0131layabilecek trafik planlamas\u0131 sistemi geli\u015ftirilmesini sa\u011flamak ve ayn\u0131 zamanda ekosisteme uygun s\u00fcrd\u00fcr\u00fclebilir trafik planlamas\u0131 yapabilmeyi ama\u00e7lamaktad\u0131r. <\/div>\n\t\t<\/div><div id=\"panel-6909-0-0-3\" class=\"so-panel widget widget_heading\" data-index=\"3\" ><div class=\"thim-widget-heading template-base\"><div class=\"sc_heading  text-left\"><h3 style=\"text-transform: uppercase;color:#1b2c4e;\" class=\"title\">S\u00dcRD\u00dcR\u00dcLEB\u0130L\u0130R ULA\u015eIM VE TRAF\u0130K E\u011e\u0130T\u0130M\u0130<\/h3><span style=\"background-color:#be0000\" class=\"line\"><\/span><\/div><\/div><\/div><div id=\"panel-6909-0-0-4\" class=\"so-panel widget widget_sow-editor panel-last-child\" data-index=\"4\" ><div\n\t\t\t\n\t\t\tclass=\"so-widget-sow-editor so-widget-sow-editor-base\"\n\t\t\t\n\t\t>\n<div class=\"siteorigin-widget-tinymce textwidget\">\n\t<h3>HEDEF GRUP<\/h3>\n<p>Toplum ve \u015fehir temsilcileri (belediyeler-bakanl\u0131klar)<\/p>\n<h4>S\u00fcre (3 g\u00fcn)<\/h4>\n<p>1.g\u00fcn Workshop<br \/> 2.g\u00fcn Teknik Gezi<br \/> 3.g\u00fcn S\u00fcrd\u00fcr\u00fclebilir \u015fehir Viyana tan\u0131t\u0131m\u0131<\/p>\n<h4>Konaklama ve E\u011fitimler<\/h4>\n<p>4 veya 5 y\u0131ld\u0131zl\u0131 Viyana\u2019 daki otellerde yap\u0131lacakt\u0131r<\/p>\n<h4>Kurs Konular\u0131<\/h4>\n<p>Trafik planlamas\u0131 temelleri<br \/> Ula\u015f\u0131m sistemlerinde enerji<br \/> Trafik problemi ile ilgili pratik \u00e7\u00f6z\u00fcmler<br \/> \u00c7evreye etkileri<br \/> \u015eehir \u00e7\u00f6z\u00fcmleri<br \/> \u015eirket \u00e7\u00f6z\u00fcmleri<\/p>\n<\/div>\n<\/div><\/div><\/div><\/div><div id=\"pg-6909-1\"  class=\"panel-grid panel-no-style\" ><div id=\"pgc-6909-1-0\"  class=\"panel-grid-cell\" ><div id=\"panel-6909-1-0-0\" class=\"so-panel widget widget_heading panel-first-child panel-last-child\" data-index=\"5\" ><div class=\"thim-widget-heading template-base\"><div class=\"sc_heading  text-left\"><h3 style=\"text-transform: uppercase;color:#1b2c4e;\" class=\"title\">UZMANLAR<\/h3><span style=\"background-color:#be0000\" class=\"line\"><\/span><\/div><\/div><\/div><\/div><\/div><div id=\"pg-6909-2\"  class=\"panel-grid panel-no-style\" ><div id=\"pgc-6909-2-0\"  class=\"panel-grid-cell\" ><div id=\"panel-6909-2-0-0\" class=\"so-panel widget widget_text panel-first-child panel-last-child\" data-index=\"6\" ><h3 class=\"widget-title\">Prof. Dr. Hermann KNOFLACHER<\/h3>\t\t\t<div class=\"textwidget\"><img fetchpriority=\"high\" decoding=\"async\" src=\"https:\/\/www.wsein.org\/wp-content\/uploads\/team\/knoflacher.jpg\" alt=\"Prof. Dr. Hermann Knoflacher\" width=\"350\" height=\"250\" \/>\n\n<p class=\"sub-heading\">Profes\u00f6r, Ula\u015f\u0131m Planlama ve Trafik M\u00fchendisli\u011fi Ara\u015ft\u0131rma Merkezi, Ula\u015ft\u0131rma Enstit\u00fcs\u00fc, Viyana Teknoloji \u00dcniversitesi<\/p><\/div>\n\t\t<\/div><\/div><div id=\"pgc-6909-2-1\"  class=\"panel-grid-cell\" ><div id=\"panel-6909-2-1-0\" class=\"so-panel widget widget_text panel-first-child panel-last-child\" data-index=\"7\" ><h3 class=\"widget-title\">Y\u00fcksek M\u00fchendis G\u00f6khan YILDIRIM<\/h3>\t\t\t<div class=\"textwidget\"><img decoding=\"async\" src=\"https:\/\/www.wsein.org\/wp-content\/uploads\/team\/yildirim.jpg\" alt=\"Y\u00fcksek M\u00fchendis G\u00f6khan Y\u0131ld\u0131r\u0131m\" width=\"350\" height=\"250\" \/>\n\n<p class=\"sub-heading\">WSEIN Ba\u015fkan\u0131<\/p><\/div>\n\t\t<\/div><\/div><\/div><div id=\"pg-6909-3\"  class=\"panel-grid panel-no-style\" ><div id=\"pgc-6909-3-0\"  class=\"panel-grid-cell\" ><div id=\"panel-6909-3-0-0\" class=\"so-panel widget widget_heading panel-first-child\" data-index=\"8\" ><div class=\"thim-widget-heading template-base\"><div class=\"sc_heading  text-left\"><h3 style=\"text-transform: uppercase;color:#1b2c4e;\" class=\"title\">\u0130ND\u0130R<\/h3><span style=\"background-color:#be0000\" class=\"line\"><\/span><\/div><\/div><\/div><div id=\"panel-6909-3-0-1\" class=\"so-panel widget widget_text\" data-index=\"9\" >\t\t\t<div class=\"textwidget\"><h4>Program\u0131 indirmek i\u00e7in<\/h4>\n<a href=\"https:\/\/www.wsein.org\/wp-content\/uploads\/pdf\/tr\/SURDURULEBILIR_ULASIM_VE_TRAFIK_EGITIMI.pdf\" target=\"_blank\">\u00bb S\u00dcRD\u00dcR\u00dcLEB\u0130L\u0130R ULA\u015eIM VE TRAFIK E\u011e\u0130T\u0130M\u0130<\/a><\/div>\n\t\t<\/div><div id=\"panel-6909-3-0-2\" class=\"so-panel widget widget_text\" data-index=\"10\" >\t\t\t<div class=\"textwidget\"><h4>Program detay\u0131 i\u00e7in<\/h4>\n<a href=\"https:\/\/www.wsein.org\/wp-content\/uploads\/pdf\/tr\/SURDURULEBILIR_ULASIM_VE_TRAFIK_EGITIM_DETAYI.pdf\" target=\"_blank\">\u00bb S\u00dcRD\u00dcR\u00dcLEB\u0130L\u0130R ULA\u015eIM VE TRAFIK E\u011e\u0130T\u0130M DETAYI<\/a><\/div>\n\t\t<\/div><div id=\"panel-6909-3-0-3\" class=\"so-panel widget widget_text panel-last-child\" data-index=\"11\" >\t\t\t<div class=\"textwidget\"><h4>Kay\u0131t olmak i\u00e7in<\/h4>\n<a href=\"https:\/\/www.wsein.org\/wp-content\/uploads\/pdf\/tr\/SURDURULEBILIR_ULASIM_VE_TRAFIK_EGITIMI_KAYIT.pdf\" target=\"_blank\">\u00bb S\u00dcRD\u00dcR\u00dcLEB\u0130L\u0130R ULA\u015eIM VE TRAFIK E\u011e\u0130T\u0130M\u0130 KAYIT<\/a><\/div>\n\t\t<\/div><\/div><\/div><\/div>","protected":false},"excerpt":{"rendered":"<p>Ula\u015f\u0131m ve trafik, enerji t\u00fcketimi ve emisyonu \u00e7evre \u00fczerinde olumsuz etki yaratmaktad\u0131r. Trafik, hava kirlili\u011fi ve k\u00fcresel \u0131s\u0131nma konular\u0131nda \u00f6nemli bir rol oynamaktad\u0131r. WSEIN, toplumun ihtiya\u00e7lar\u0131n\u0131 kar\u015f\u0131layabilecek trafik planlamas\u0131 sistemi &hellip; <\/p>\n","protected":false},"author":5,"featured_media":0,"parent":6472,"menu_order":0,"comment_status":"closed","ping_status":"closed","template":"","meta":{"footnotes":"","_links_to":"","_links_to_target":""},"class_list":["post-6909","page","type-page","status-publish","hentry"],"yoast_head":"<!-- This site is optimized with the Yoast SEO plugin v27.5 - https:\/\/yoast.com\/product\/yoast-seo-wordpress\/ -->\n<title>S\u00fcrd\u00fcr\u00fclebilir Ula\u015fim ve Trafik | WSEIN - D\u00fcnya S\u00fcrd\u00fcr\u00fclebilir Enerji Enstit\u00fcs\u00fc<\/title>\n<meta name=\"description\" content=\"WSEIN - D\u00fcnya S\u00fcrd\u00fcr\u00fclebilir Enerji Enstit\u00fcs\u00fc, yenilenebilir enerji, at\u0131k y\u00f6netimi, s\u00fcrd\u00fcr\u00fclebilir ula\u015f\u0131m ve trafik, s\u00fcrd\u00fcr\u00fclebilir toplum konular\u0131nda kent \u00e7\u00f6z\u00fcmleri \u00fczerine \u00e7al\u0131\u015fan Viyana merkezli uluslararas\u0131 bir organizasyondur.\" \/>\n<meta name=\"robots\" content=\"index, follow, max-snippet:-1, max-image-preview:large, max-video-preview:-1\" \/>\n<link rel=\"canonical\" href=\"https:\/\/www.wsein.org\/tr\/egitimler\/surdurulebilir-ulasim-ve-trafik\/\" \/>\n<meta name=\"twitter:label1\" content=\"Est. reading time\" \/>\n\t<meta name=\"twitter:data1\" content=\"2 minutes\" \/>\n<script type=\"application\/ld+json\" class=\"yoast-schema-graph\">{\"@context\":\"https:\\\/\\\/schema.org\",\"@graph\":[{\"@type\":\"WebPage\",\"@id\":\"https:\\\/\\\/www.wsein.org\\\/tr\\\/egitimler\\\/surdurulebilir-ulasim-ve-trafik\\\/\",\"url\":\"https:\\\/\\\/www.wsein.org\\\/tr\\\/egitimler\\\/surdurulebilir-ulasim-ve-trafik\\\/\",\"name\":\"S\u00fcrd\u00fcr\u00fclebilir Ula\u015fim ve Trafik | WSEIN - D\u00fcnya S\u00fcrd\u00fcr\u00fclebilir Enerji Enstit\u00fcs\u00fc\",\"isPartOf\":{\"@id\":\"https:\\\/\\\/www.wsein.org\\\/tr\\\/#website\"},\"primaryImageOfPage\":{\"@id\":\"https:\\\/\\\/www.wsein.org\\\/tr\\\/egitimler\\\/surdurulebilir-ulasim-ve-trafik\\\/#primaryimage\"},\"image\":{\"@id\":\"https:\\\/\\\/www.wsein.org\\\/tr\\\/egitimler\\\/surdurulebilir-ulasim-ve-trafik\\\/#primaryimage\"},\"thumbnailUrl\":\"https:\\\/\\\/www.wsein.org\\\/wp-content\\\/uploads\\\/team\\\/knoflacher.jpg\",\"datePublished\":\"2016-03-31T09:30:46+00:00\",\"dateModified\":\"2025-03-20T09:45:14+00:00\",\"description\":\"WSEIN - D\u00fcnya S\u00fcrd\u00fcr\u00fclebilir Enerji Enstit\u00fcs\u00fc, yenilenebilir enerji, at\u0131k y\u00f6netimi, s\u00fcrd\u00fcr\u00fclebilir ula\u015f\u0131m ve trafik, s\u00fcrd\u00fcr\u00fclebilir toplum konular\u0131nda kent \u00e7\u00f6z\u00fcmleri \u00fczerine \u00e7al\u0131\u015fan Viyana merkezli uluslararas\u0131 bir organizasyondur.\",\"breadcrumb\":{\"@id\":\"https:\\\/\\\/www.wsein.org\\\/tr\\\/egitimler\\\/surdurulebilir-ulasim-ve-trafik\\\/#breadcrumb\"},\"inLanguage\":\"tr\",\"potentialAction\":[{\"@type\":\"ReadAction\",\"target\":[\"https:\\\/\\\/www.wsein.org\\\/tr\\\/egitimler\\\/surdurulebilir-ulasim-ve-trafik\\\/\"]}]},{\"@type\":\"ImageObject\",\"inLanguage\":\"tr\",\"@id\":\"https:\\\/\\\/www.wsein.org\\\/tr\\\/egitimler\\\/surdurulebilir-ulasim-ve-trafik\\\/#primaryimage\",\"url\":\"https:\\\/\\\/www.wsein.org\\\/wp-content\\\/uploads\\\/team\\\/knoflacher.jpg\",\"contentUrl\":\"https:\\\/\\\/www.wsein.org\\\/wp-content\\\/uploads\\\/team\\\/knoflacher.jpg\"},{\"@type\":\"BreadcrumbList\",\"@id\":\"https:\\\/\\\/www.wsein.org\\\/tr\\\/egitimler\\\/surdurulebilir-ulasim-ve-trafik\\\/#breadcrumb\",\"itemListElement\":[{\"@type\":\"ListItem\",\"position\":1,\"name\":\"Home\",\"item\":\"https:\\\/\\\/www.wsein.org\\\/tr\\\/\"},{\"@type\":\"ListItem\",\"position\":2,\"name\":\"E\u011fitimler\",\"item\":\"https:\\\/\\\/www.wsein.org\\\/tr\\\/egitimler\\\/\"},{\"@type\":\"ListItem\",\"position\":3,\"name\":\"S\u00fcrd\u00fcr\u00fclebilir Ula\u015f\u0131m ve Trafik\"}]},{\"@type\":\"WebSite\",\"@id\":\"https:\\\/\\\/www.wsein.org\\\/tr\\\/#website\",\"url\":\"https:\\\/\\\/www.wsein.org\\\/tr\\\/\",\"name\":\"WSEIN \u2212 World Sustainable Energy Institute\",\"description\":\"World Sustainable Energy Institute\",\"publisher\":{\"@id\":\"https:\\\/\\\/www.wsein.org\\\/tr\\\/#organization\"},\"potentialAction\":[{\"@type\":\"SearchAction\",\"target\":{\"@type\":\"EntryPoint\",\"urlTemplate\":\"https:\\\/\\\/www.wsein.org\\\/tr\\\/?s={search_term_string}\"},\"query-input\":{\"@type\":\"PropertyValueSpecification\",\"valueRequired\":true,\"valueName\":\"search_term_string\"}}],\"inLanguage\":\"tr\"},{\"@type\":\"Organization\",\"@id\":\"https:\\\/\\\/www.wsein.org\\\/tr\\\/#organization\",\"name\":\"WSEIN - World Sustainable Energy Institute\",\"url\":\"https:\\\/\\\/www.wsein.org\\\/tr\\\/\",\"logo\":{\"@type\":\"ImageObject\",\"inLanguage\":\"tr\",\"@id\":\"https:\\\/\\\/www.wsein.org\\\/tr\\\/#\\\/schema\\\/logo\\\/image\\\/\",\"url\":\"https:\\\/\\\/www.wsein.org\\\/wp-content\\\/uploads\\\/Logo_WSEIN.png\",\"contentUrl\":\"https:\\\/\\\/www.wsein.org\\\/wp-content\\\/uploads\\\/Logo_WSEIN.png\",\"width\":1000,\"height\":200,\"caption\":\"WSEIN - World Sustainable Energy Institute\"},\"image\":{\"@id\":\"https:\\\/\\\/www.wsein.org\\\/tr\\\/#\\\/schema\\\/logo\\\/image\\\/\"},\"sameAs\":[\"https:\\\/\\\/www.facebook.com\\\/WSEinitiative\"]}]}<\/script>\n<!-- \/ Yoast SEO plugin. -->","yoast_head_json":{"title":"S\u00fcrd\u00fcr\u00fclebilir Ula\u015fim ve Trafik | WSEIN - D\u00fcnya S\u00fcrd\u00fcr\u00fclebilir Enerji Enstit\u00fcs\u00fc","description":"WSEIN - D\u00fcnya S\u00fcrd\u00fcr\u00fclebilir Enerji Enstit\u00fcs\u00fc, yenilenebilir enerji, at\u0131k y\u00f6netimi, s\u00fcrd\u00fcr\u00fclebilir ula\u015f\u0131m ve trafik, s\u00fcrd\u00fcr\u00fclebilir toplum konular\u0131nda kent \u00e7\u00f6z\u00fcmleri \u00fczerine \u00e7al\u0131\u015fan Viyana merkezli uluslararas\u0131 bir organizasyondur.","robots":{"index":"index","follow":"follow","max-snippet":"max-snippet:-1","max-image-preview":"max-image-preview:large","max-video-preview":"max-video-preview:-1"},"canonical":"https:\/\/www.wsein.org\/tr\/egitimler\/surdurulebilir-ulasim-ve-trafik\/","twitter_misc":{"Est. reading time":"2 minutes"},"schema":{"@context":"https:\/\/schema.org","@graph":[{"@type":"WebPage","@id":"https:\/\/www.wsein.org\/tr\/egitimler\/surdurulebilir-ulasim-ve-trafik\/","url":"https:\/\/www.wsein.org\/tr\/egitimler\/surdurulebilir-ulasim-ve-trafik\/","name":"S\u00fcrd\u00fcr\u00fclebilir Ula\u015fim ve Trafik | WSEIN - D\u00fcnya S\u00fcrd\u00fcr\u00fclebilir Enerji Enstit\u00fcs\u00fc","isPartOf":{"@id":"https:\/\/www.wsein.org\/tr\/#website"},"primaryImageOfPage":{"@id":"https:\/\/www.wsein.org\/tr\/egitimler\/surdurulebilir-ulasim-ve-trafik\/#primaryimage"},"image":{"@id":"https:\/\/www.wsein.org\/tr\/egitimler\/surdurulebilir-ulasim-ve-trafik\/#primaryimage"},"thumbnailUrl":"https:\/\/www.wsein.org\/wp-content\/uploads\/team\/knoflacher.jpg","datePublished":"2016-03-31T09:30:46+00:00","dateModified":"2025-03-20T09:45:14+00:00","description":"WSEIN - D\u00fcnya S\u00fcrd\u00fcr\u00fclebilir Enerji Enstit\u00fcs\u00fc, yenilenebilir enerji, at\u0131k y\u00f6netimi, s\u00fcrd\u00fcr\u00fclebilir ula\u015f\u0131m ve trafik, s\u00fcrd\u00fcr\u00fclebilir toplum konular\u0131nda kent \u00e7\u00f6z\u00fcmleri \u00fczerine \u00e7al\u0131\u015fan Viyana merkezli uluslararas\u0131 bir organizasyondur.","breadcrumb":{"@id":"https:\/\/www.wsein.org\/tr\/egitimler\/surdurulebilir-ulasim-ve-trafik\/#breadcrumb"},"inLanguage":"tr","potentialAction":[{"@type":"ReadAction","target":["https:\/\/www.wsein.org\/tr\/egitimler\/surdurulebilir-ulasim-ve-trafik\/"]}]},{"@type":"ImageObject","inLanguage":"tr","@id":"https:\/\/www.wsein.org\/tr\/egitimler\/surdurulebilir-ulasim-ve-trafik\/#primaryimage","url":"https:\/\/www.wsein.org\/wp-content\/uploads\/team\/knoflacher.jpg","contentUrl":"https:\/\/www.wsein.org\/wp-content\/uploads\/team\/knoflacher.jpg"},{"@type":"BreadcrumbList","@id":"https:\/\/www.wsein.org\/tr\/egitimler\/surdurulebilir-ulasim-ve-trafik\/#breadcrumb","itemListElement":[{"@type":"ListItem","position":1,"name":"Home","item":"https:\/\/www.wsein.org\/tr\/"},{"@type":"ListItem","position":2,"name":"E\u011fitimler","item":"https:\/\/www.wsein.org\/tr\/egitimler\/"},{"@type":"ListItem","position":3,"name":"S\u00fcrd\u00fcr\u00fclebilir Ula\u015f\u0131m ve Trafik"}]},{"@type":"WebSite","@id":"https:\/\/www.wsein.org\/tr\/#website","url":"https:\/\/www.wsein.org\/tr\/","name":"WSEIN \u2212 World Sustainable Energy Institute","description":"World Sustainable Energy Institute","publisher":{"@id":"https:\/\/www.wsein.org\/tr\/#organization"},"potentialAction":[{"@type":"SearchAction","target":{"@type":"EntryPoint","urlTemplate":"https:\/\/www.wsein.org\/tr\/?s={search_term_string}"},"query-input":{"@type":"PropertyValueSpecification","valueRequired":true,"valueName":"search_term_string"}}],"inLanguage":"tr"},{"@type":"Organization","@id":"https:\/\/www.wsein.org\/tr\/#organization","name":"WSEIN - World Sustainable Energy Institute","url":"https:\/\/www.wsein.org\/tr\/","logo":{"@type":"ImageObject","inLanguage":"tr","@id":"https:\/\/www.wsein.org\/tr\/#\/schema\/logo\/image\/","url":"https:\/\/www.wsein.org\/wp-content\/uploads\/Logo_WSEIN.png","contentUrl":"https:\/\/www.wsein.org\/wp-content\/uploads\/Logo_WSEIN.png","width":1000,"height":200,"caption":"WSEIN - World Sustainable Energy Institute"},"image":{"@id":"https:\/\/www.wsein.org\/tr\/#\/schema\/logo\/image\/"},"sameAs":["https:\/\/www.facebook.com\/WSEinitiative"]}]}},"_links":{"self":[{"href":"https:\/\/www.wsein.org\/tr\/wp-json\/wp\/v2\/pages\/6909","targetHints":{"allow":["GET"]}}],"collection":[{"href":"https:\/\/www.wsein.org\/tr\/wp-json\/wp\/v2\/pages"}],"about":[{"href":"https:\/\/www.wsein.org\/tr\/wp-json\/wp\/v2\/types\/page"}],"author":[{"embeddable":true,"href":"https:\/\/www.wsein.org\/tr\/wp-json\/wp\/v2\/users\/5"}],"replies":[{"embeddable":true,"href":"https:\/\/www.wsein.org\/tr\/wp-json\/wp\/v2\/comments?post=6909"}],"version-history":[{"count":1,"href":"https:\/\/www.wsein.org\/tr\/wp-json\/wp\/v2\/pages\/6909\/revisions"}],"predecessor-version":[{"id":14943,"href":"https:\/\/www.wsein.org\/tr\/wp-json\/wp\/v2\/pages\/6909\/revisions\/14943"}],"up":[{"embeddable":true,"href":"https:\/\/www.wsein.org\/tr\/wp-json\/wp\/v2\/pages\/6472"}],"wp:attachment":[{"href":"https:\/\/www.wsein.org\/tr\/wp-json\/wp\/v2\/media?parent=6909"}],"curies":[{"name":"wp","href":"https:\/\/api.w.org\/{rel}","templated":true}]}}