{"id":6928,"date":"2016-03-31T12:30:08","date_gmt":"2016-03-31T10:30:08","guid":{"rendered":"http:\/\/www.wsein.org\/tr\/?page_id=6928"},"modified":"2025-03-20T10:49:11","modified_gmt":"2025-03-20T09:49:11","slug":"surdurulebilir-enerji","status":"publish","type":"page","link":"https:\/\/www.wsein.org\/tr\/egitimler\/surdurulebilir-enerji\/","title":{"rendered":"S\u00fcrd\u00fcr\u00fclebilir Enerji"},"content":{"rendered":"<div id=\"pl-6928\"  class=\"panel-layout\" ><div id=\"pg-6928-0\"  class=\"panel-grid panel-no-style\" ><div id=\"pgc-6928-0-0\"  class=\"panel-grid-cell\" ><div id=\"panel-6928-0-0-0\" class=\"so-panel widget widget_heading panel-first-child\" data-index=\"0\" ><div class=\"thim-widget-heading template-base\"><div class=\"sc_heading  text-left\"><h2 style=\"text-transform: uppercase;color:#1b2c4e;\" class=\"title\">S\u00dcRD\u00dcR\u00dcLEB\u0130L\u0130R ENERJ\u0130 PROGRAMI<\/h2><span style=\"background-color:#be0000\" class=\"line\"><\/span><\/div><\/div><\/div><div id=\"panel-6928-0-0-1\" class=\"so-panel widget widget_text\" data-index=\"1\" >\t\t\t<div class=\"textwidget\"><div class=\"responsive-video\"><iframe src=\"https:\/\/player.vimeo.com\/video\/156947450?title=0&byline=0&portrait=0\" frameborder=\"0\" webkitallowfullscreen mozallowfullscreen allowfullscreen><\/iframe><\/div><\/div>\n\t\t<\/div><div id=\"panel-6928-0-0-2\" class=\"so-panel widget widget_text\" data-index=\"2\" ><h3 class=\"widget-title\">Program yenilenebilir enerji, enerji verimlili\u011fi, ula\u015f\u0131mda enerji talebi, binalar, sanayi ve \u015fehirler i\u00e7in gerekli olan enerjinin \u00fcretimi ve kullan\u0131m\u0131 konular\u0131nda kat\u0131lmc\u0131lar\u0131 bilgilendirmektedir.<\/h3>\t\t\t<div class=\"textwidget\">Enerji talebinin ve t\u00fcketiminin her ge\u00e7en g\u00fcn artmas\u0131, iklim de\u011fi\u015fikli\u011finde ve gezegenimizin ekolojik felaketler ya\u015famas\u0131nda b\u00fcy\u00fck oranda etkilidir. D\u00fcnya n\u00fcfusunun artmas\u0131, ayn\u0131 zamanda  teknik alanlardaki geli\u015fmeler, enerji talebini artt\u0131rmaktad\u0131r. AB Enerji Politikas\u0131 b\u00f6l\u00fcm\u00fcne g\u00f6re, 2050 y\u0131l\u0131 itibariyle D\u00fcnya Enerji Konseyi taraf\u0131ndan tahmin edilen enerji talebi en az\u0131ndan bug\u00fcnk\u00fc seviyesini katlayarak artacakt\u0131r. Birincil enerji kaynaklar\u0131n\u0131n yan\u0131 s\u0131ra; Yenilenebilir Enerji, R\u00fczgar, G\u00fcne\u015f, Fotovoltaik Enerji, Biyogaz, Biyok\u00fctle  gibi ikincil enerji kaynaklar\u0131n\u0131n kullan\u0131m\u0131n\u0131n \u00f6nemi artmaktad\u0131r. Daha fazla enerji \u00fcretiminin yan\u0131 s\u0131ra, enerji verimlili\u011fi ve enerjinin ak\u0131ll\u0131 kullan\u0131m\u0131 gibi konular s\u00fcrd\u00fcr\u00fclebilir bir ya\u015fam\u0131n temelini olu\u015fturmaktad\u0131r.<\/div>\n\t\t<\/div><div id=\"panel-6928-0-0-3\" class=\"so-panel widget widget_heading\" data-index=\"3\" ><div class=\"thim-widget-heading template-base\"><div class=\"sc_heading  text-left\"><h3 style=\"text-transform: uppercase;color:#1b2c4e;\" class=\"title\">S\u00dcRD\u00dcR\u00dcLEB\u0130L\u0130R ENERJ\u0130 E\u011e\u0130T\u0130M\u0130<\/h3><span style=\"background-color:#be0000\" class=\"line\"><\/span><\/div><\/div><\/div><div id=\"panel-6928-0-0-4\" class=\"so-panel widget widget_sow-editor panel-last-child\" data-index=\"4\" ><div\n\t\t\t\n\t\t\tclass=\"so-widget-sow-editor so-widget-sow-editor-base\"\n\t\t\t\n\t\t>\n<div class=\"siteorigin-widget-tinymce textwidget\">\n\t<h3>HEDEF<\/h3>\n<p>S\u00fcrd\u00fcr\u00fclebilir enerji e\u011fitim program\u0131 karar verici t\u00fcm ilgili kurum ve kurulu\u015flara ve belediyelere, \u015fehir ve toplum i\u00e7in yenilenebilir enerji ve enerji verimlili\u011fi konular\u0131n\u0131 ele almaktad\u0131r.<\/p>\n<h4>S\u00fcre (3 g\u00fcn)<\/h4>\n<p>1.g\u00fcn Workshop<br \/> 2.g\u00fcn Teknik Gezi<br \/> 3.g\u00fcn S\u00fcrd\u00fcr\u00fclebilir \u015fehir Viyana tan\u0131t\u0131m\u0131<\/p>\n<h4>Konaklama ve E\u011fitimler<\/h4>\n<p>4 veya 5 y\u0131ld\u0131zl\u0131 Viyana\u2019 daki otellerde yap\u0131lacakt\u0131r.<\/p>\n<h4>Kurs Konular\u0131<\/h4>\n<p>Enerji \u2013 Enerji mix<br \/> Yenilenebilir enerji esaslar\u0131<br \/> E-Ula\u015f\u0131m<br \/> Elektrik \u00dcretimi<br \/> \u015eehirler i\u00e7in \u00e7\u00f6z\u00fcmler<br \/> \u015eirketler i\u00e7in \u00e7\u00f6z\u00fcmler<\/p>\n<\/div>\n<\/div><\/div><\/div><\/div><div id=\"pg-6928-1\"  class=\"panel-grid panel-no-style\" ><div id=\"pgc-6928-1-0\"  class=\"panel-grid-cell\" ><div id=\"panel-6928-1-0-0\" class=\"so-panel widget widget_heading panel-first-child panel-last-child\" data-index=\"5\" ><div class=\"thim-widget-heading template-base\"><div class=\"sc_heading  text-left\"><h3 style=\"text-transform: uppercase;color:#1b2c4e;\" class=\"title\">UZMANLAR<\/h3><span style=\"background-color:#be0000\" class=\"line\"><\/span><\/div><\/div><\/div><\/div><\/div><div id=\"pg-6928-2\"  class=\"panel-grid panel-no-style\" ><div id=\"pgc-6928-2-0\"  class=\"panel-grid-cell\" ><div id=\"panel-6928-2-0-0\" class=\"so-panel widget widget_text panel-first-child panel-last-child\" data-index=\"6\" ><h3 class=\"widget-title\">Prof. Reinhard HAAS<\/h3>\t\t\t<div class=\"textwidget\"><img fetchpriority=\"high\" decoding=\"async\" src=\"https:\/\/www.wsein.org\/wp-content\/uploads\/haas.jpg\" alt=\"Univ. Prof. Reinhard Haas\" width=\"350\" height=\"250\" \/>\n\n<p class=\"sub-heading\">Teknoloji, Avusturya Viyana \u00dcniversitesi Enerji Ekonomi \u00dcniversitesi Profes\u00f6r\u00fc<\/p><\/div>\n\t\t<\/div><\/div><div id=\"pgc-6928-2-1\"  class=\"panel-grid-cell\" ><div id=\"panel-6928-2-1-0\" class=\"so-panel widget widget_text panel-first-child panel-last-child\" data-index=\"7\" ><h3 class=\"widget-title\">Y\u00fcksek M\u00fchendis G\u00f6khan YILDIRIM<\/h3>\t\t\t<div class=\"textwidget\"><img decoding=\"async\" src=\"https:\/\/www.wsein.org\/wp-content\/uploads\/team\/yildirim.jpg\" alt=\"Y\u00fcksek M\u00fchendis G\u00f6khan Y\u0131ld\u0131r\u0131m\" width=\"350\" height=\"250\" \/>\n\n<p class=\"sub-heading\">WSEIN Ba\u015fkan\u0131<\/p><\/div>\n\t\t<\/div><\/div><\/div><div id=\"pg-6928-3\"  class=\"panel-grid panel-no-style\" ><div id=\"pgc-6928-3-0\"  class=\"panel-grid-cell\" ><div id=\"panel-6928-3-0-0\" class=\"so-panel widget widget_heading panel-first-child\" data-index=\"8\" ><div class=\"thim-widget-heading template-base\"><div class=\"sc_heading  text-left\"><h3 style=\"text-transform: uppercase;color:#1b2c4e;\" class=\"title\">\u0130ND\u0130R<\/h3><span style=\"background-color:#be0000\" class=\"line\"><\/span><\/div><\/div><\/div><div id=\"panel-6928-3-0-1\" class=\"so-panel widget widget_text\" data-index=\"9\" >\t\t\t<div class=\"textwidget\"><h4>Program\u0131 indirmek i\u00e7in<\/h4>\n<a href=\"https:\/\/www.wsein.org\/wp-content\/uploads\/pdf\/tr\/SURDURULEBILIR_ENERJI_EGITIMI.pdf\" target=\"_blank\">\u00bb S\u00dcRD\u00dcR\u00dcLEB\u0130L\u0130R ENERJ\u0130 E\u011e\u0130T\u0130M\u0130<\/a><\/div>\n\t\t<\/div><div id=\"panel-6928-3-0-2\" class=\"so-panel widget widget_text\" data-index=\"10\" >\t\t\t<div class=\"textwidget\"><h4>Program detay\u0131n\u0131 indirmek i\u00e7in<\/h4>\n<a href=\"https:\/\/www.wsein.org\/wp-content\/uploads\/pdf\/tr\/SURDURULEBILIR_ENERJI_ EGITIM_DETAYI.pdf\" target=\"_blank\">\u00bb S\u00dcRD\u00dcR\u00dcLEB\u0130L\u0130R ENERJ\u0130 E\u011e\u0130T\u0130M DETAYI<\/a><\/div>\n\t\t<\/div><div id=\"panel-6928-3-0-3\" class=\"so-panel widget widget_text panel-last-child\" data-index=\"11\" >\t\t\t<div class=\"textwidget\"><h4>Kay\u0131t olmak i\u00e7in<\/h4>\n<a href=\"https:\/\/www.wsein.org\/wp-content\/uploads\/pdf\/tr\/SURDURULEBILIR_ENERJI_EGITIMI_KAYIT.pdf\" target=\"_blank\">\u00bb S\u00dcRD\u00dcR\u00dcLEB\u0130L\u0130R ENERJ\u0130 E\u011e\u0130T\u0130M\u0130 KAYIT<\/a><\/div>\n\t\t<\/div><\/div><\/div><\/div>","protected":false},"excerpt":{"rendered":"<p>Enerji talebinin ve t\u00fcketiminin her ge\u00e7en g\u00fcn artmas\u0131, iklim de\u011fi\u015fikli\u011finde ve gezegenimizin ekolojik felaketler ya\u015famas\u0131nda b\u00fcy\u00fck oranda etkilidir. D\u00fcnya n\u00fcfusunun artmas\u0131, ayn\u0131 zamanda teknik alanlardaki geli\u015fmeler, enerji talebini artt\u0131rmaktad\u0131r. AB &hellip; <\/p>\n","protected":false},"author":5,"featured_media":0,"parent":6472,"menu_order":0,"comment_status":"closed","ping_status":"closed","template":"","meta":{"footnotes":"","_links_to":"","_links_to_target":""},"class_list":["post-6928","page","type-page","status-publish","hentry"],"yoast_head":"<!-- This site is optimized with the Yoast SEO plugin v27.1.1 - https:\/\/yoast.com\/product\/yoast-seo-wordpress\/ -->\n<title>S\u00fcrd\u00fcr\u00fclebilir Enerji | WSEIN - D\u00fcnya S\u00fcrd\u00fcr\u00fclebilir Enerji Enstit\u00fcs\u00fc<\/title>\n<meta name=\"description\" content=\"WSEIN - D\u00fcnya S\u00fcrd\u00fcr\u00fclebilir Enerji Enstit\u00fcs\u00fc, yenilenebilir enerji, at\u0131k y\u00f6netimi, s\u00fcrd\u00fcr\u00fclebilir ula\u015f\u0131m ve trafik, s\u00fcrd\u00fcr\u00fclebilir toplum konular\u0131nda kent \u00e7\u00f6z\u00fcmleri \u00fczerine \u00e7al\u0131\u015fan Viyana merkezli uluslararas\u0131 bir organizasyondur.\" \/>\n<meta name=\"robots\" content=\"index, follow, max-snippet:-1, max-image-preview:large, max-video-preview:-1\" \/>\n<link rel=\"canonical\" href=\"https:\/\/www.wsein.org\/tr\/egitimler\/surdurulebilir-enerji\/\" \/>\n<meta name=\"twitter:label1\" content=\"Est. reading time\" \/>\n\t<meta name=\"twitter:data1\" content=\"2 minutes\" \/>\n<script type=\"application\/ld+json\" class=\"yoast-schema-graph\">{\"@context\":\"https:\/\/schema.org\",\"@graph\":[{\"@type\":\"WebPage\",\"@id\":\"https:\/\/www.wsein.org\/tr\/egitimler\/surdurulebilir-enerji\/\",\"url\":\"https:\/\/www.wsein.org\/tr\/egitimler\/surdurulebilir-enerji\/\",\"name\":\"S\u00fcrd\u00fcr\u00fclebilir Enerji | WSEIN - D\u00fcnya S\u00fcrd\u00fcr\u00fclebilir Enerji Enstit\u00fcs\u00fc\",\"isPartOf\":{\"@id\":\"https:\/\/www.wsein.org\/tr\/#website\"},\"primaryImageOfPage\":{\"@id\":\"https:\/\/www.wsein.org\/tr\/egitimler\/surdurulebilir-enerji\/#primaryimage\"},\"image\":{\"@id\":\"https:\/\/www.wsein.org\/tr\/egitimler\/surdurulebilir-enerji\/#primaryimage\"},\"thumbnailUrl\":\"https:\/\/www.wsein.org\/wp-content\/uploads\/haas.jpg\",\"datePublished\":\"2016-03-31T10:30:08+00:00\",\"dateModified\":\"2025-03-20T09:49:11+00:00\",\"description\":\"WSEIN - D\u00fcnya S\u00fcrd\u00fcr\u00fclebilir Enerji Enstit\u00fcs\u00fc, yenilenebilir enerji, at\u0131k y\u00f6netimi, s\u00fcrd\u00fcr\u00fclebilir ula\u015f\u0131m ve trafik, s\u00fcrd\u00fcr\u00fclebilir toplum konular\u0131nda kent \u00e7\u00f6z\u00fcmleri \u00fczerine \u00e7al\u0131\u015fan Viyana merkezli uluslararas\u0131 bir organizasyondur.\",\"breadcrumb\":{\"@id\":\"https:\/\/www.wsein.org\/tr\/egitimler\/surdurulebilir-enerji\/#breadcrumb\"},\"inLanguage\":\"tr\",\"potentialAction\":[{\"@type\":\"ReadAction\",\"target\":[\"https:\/\/www.wsein.org\/tr\/egitimler\/surdurulebilir-enerji\/\"]}]},{\"@type\":\"ImageObject\",\"inLanguage\":\"tr\",\"@id\":\"https:\/\/www.wsein.org\/tr\/egitimler\/surdurulebilir-enerji\/#primaryimage\",\"url\":\"https:\/\/www.wsein.org\/wp-content\/uploads\/haas.jpg\",\"contentUrl\":\"https:\/\/www.wsein.org\/wp-content\/uploads\/haas.jpg\"},{\"@type\":\"BreadcrumbList\",\"@id\":\"https:\/\/www.wsein.org\/tr\/egitimler\/surdurulebilir-enerji\/#breadcrumb\",\"itemListElement\":[{\"@type\":\"ListItem\",\"position\":1,\"name\":\"Home\",\"item\":\"https:\/\/www.wsein.org\/tr\/\"},{\"@type\":\"ListItem\",\"position\":2,\"name\":\"E\u011fitimler\",\"item\":\"https:\/\/www.wsein.org\/tr\/egitimler\/\"},{\"@type\":\"ListItem\",\"position\":3,\"name\":\"S\u00fcrd\u00fcr\u00fclebilir Enerji\"}]},{\"@type\":\"WebSite\",\"@id\":\"https:\/\/www.wsein.org\/tr\/#website\",\"url\":\"https:\/\/www.wsein.org\/tr\/\",\"name\":\"WSEIN \u2212 World Sustainable Energy Institute\",\"description\":\"World Sustainable Energy Institute\",\"publisher\":{\"@id\":\"https:\/\/www.wsein.org\/tr\/#organization\"},\"potentialAction\":[{\"@type\":\"SearchAction\",\"target\":{\"@type\":\"EntryPoint\",\"urlTemplate\":\"https:\/\/www.wsein.org\/tr\/?s={search_term_string}\"},\"query-input\":{\"@type\":\"PropertyValueSpecification\",\"valueRequired\":true,\"valueName\":\"search_term_string\"}}],\"inLanguage\":\"tr\"},{\"@type\":\"Organization\",\"@id\":\"https:\/\/www.wsein.org\/tr\/#organization\",\"name\":\"WSEIN - World Sustainable Energy Institute\",\"url\":\"https:\/\/www.wsein.org\/tr\/\",\"logo\":{\"@type\":\"ImageObject\",\"inLanguage\":\"tr\",\"@id\":\"https:\/\/www.wsein.org\/tr\/#\/schema\/logo\/image\/\",\"url\":\"https:\/\/www.wsein.org\/wp-content\/uploads\/Logo_WSEIN.png\",\"contentUrl\":\"https:\/\/www.wsein.org\/wp-content\/uploads\/Logo_WSEIN.png\",\"width\":1000,\"height\":200,\"caption\":\"WSEIN - World Sustainable Energy Institute\"},\"image\":{\"@id\":\"https:\/\/www.wsein.org\/tr\/#\/schema\/logo\/image\/\"},\"sameAs\":[\"https:\/\/www.facebook.com\/WSEinitiative\"]}]}<\/script>\n<!-- \/ Yoast SEO plugin. -->","yoast_head_json":{"title":"S\u00fcrd\u00fcr\u00fclebilir Enerji | WSEIN - D\u00fcnya S\u00fcrd\u00fcr\u00fclebilir Enerji Enstit\u00fcs\u00fc","description":"WSEIN - D\u00fcnya S\u00fcrd\u00fcr\u00fclebilir Enerji Enstit\u00fcs\u00fc, yenilenebilir enerji, at\u0131k y\u00f6netimi, s\u00fcrd\u00fcr\u00fclebilir ula\u015f\u0131m ve trafik, s\u00fcrd\u00fcr\u00fclebilir toplum konular\u0131nda kent \u00e7\u00f6z\u00fcmleri \u00fczerine \u00e7al\u0131\u015fan Viyana merkezli uluslararas\u0131 bir organizasyondur.","robots":{"index":"index","follow":"follow","max-snippet":"max-snippet:-1","max-image-preview":"max-image-preview:large","max-video-preview":"max-video-preview:-1"},"canonical":"https:\/\/www.wsein.org\/tr\/egitimler\/surdurulebilir-enerji\/","twitter_misc":{"Est. reading time":"2 minutes"},"schema":{"@context":"https:\/\/schema.org","@graph":[{"@type":"WebPage","@id":"https:\/\/www.wsein.org\/tr\/egitimler\/surdurulebilir-enerji\/","url":"https:\/\/www.wsein.org\/tr\/egitimler\/surdurulebilir-enerji\/","name":"S\u00fcrd\u00fcr\u00fclebilir Enerji | WSEIN - D\u00fcnya S\u00fcrd\u00fcr\u00fclebilir Enerji Enstit\u00fcs\u00fc","isPartOf":{"@id":"https:\/\/www.wsein.org\/tr\/#website"},"primaryImageOfPage":{"@id":"https:\/\/www.wsein.org\/tr\/egitimler\/surdurulebilir-enerji\/#primaryimage"},"image":{"@id":"https:\/\/www.wsein.org\/tr\/egitimler\/surdurulebilir-enerji\/#primaryimage"},"thumbnailUrl":"https:\/\/www.wsein.org\/wp-content\/uploads\/haas.jpg","datePublished":"2016-03-31T10:30:08+00:00","dateModified":"2025-03-20T09:49:11+00:00","description":"WSEIN - D\u00fcnya S\u00fcrd\u00fcr\u00fclebilir Enerji Enstit\u00fcs\u00fc, yenilenebilir enerji, at\u0131k y\u00f6netimi, s\u00fcrd\u00fcr\u00fclebilir ula\u015f\u0131m ve trafik, s\u00fcrd\u00fcr\u00fclebilir toplum konular\u0131nda kent \u00e7\u00f6z\u00fcmleri \u00fczerine \u00e7al\u0131\u015fan Viyana merkezli uluslararas\u0131 bir organizasyondur.","breadcrumb":{"@id":"https:\/\/www.wsein.org\/tr\/egitimler\/surdurulebilir-enerji\/#breadcrumb"},"inLanguage":"tr","potentialAction":[{"@type":"ReadAction","target":["https:\/\/www.wsein.org\/tr\/egitimler\/surdurulebilir-enerji\/"]}]},{"@type":"ImageObject","inLanguage":"tr","@id":"https:\/\/www.wsein.org\/tr\/egitimler\/surdurulebilir-enerji\/#primaryimage","url":"https:\/\/www.wsein.org\/wp-content\/uploads\/haas.jpg","contentUrl":"https:\/\/www.wsein.org\/wp-content\/uploads\/haas.jpg"},{"@type":"BreadcrumbList","@id":"https:\/\/www.wsein.org\/tr\/egitimler\/surdurulebilir-enerji\/#breadcrumb","itemListElement":[{"@type":"ListItem","position":1,"name":"Home","item":"https:\/\/www.wsein.org\/tr\/"},{"@type":"ListItem","position":2,"name":"E\u011fitimler","item":"https:\/\/www.wsein.org\/tr\/egitimler\/"},{"@type":"ListItem","position":3,"name":"S\u00fcrd\u00fcr\u00fclebilir Enerji"}]},{"@type":"WebSite","@id":"https:\/\/www.wsein.org\/tr\/#website","url":"https:\/\/www.wsein.org\/tr\/","name":"WSEIN \u2212 World Sustainable Energy Institute","description":"World Sustainable Energy Institute","publisher":{"@id":"https:\/\/www.wsein.org\/tr\/#organization"},"potentialAction":[{"@type":"SearchAction","target":{"@type":"EntryPoint","urlTemplate":"https:\/\/www.wsein.org\/tr\/?s={search_term_string}"},"query-input":{"@type":"PropertyValueSpecification","valueRequired":true,"valueName":"search_term_string"}}],"inLanguage":"tr"},{"@type":"Organization","@id":"https:\/\/www.wsein.org\/tr\/#organization","name":"WSEIN - World Sustainable Energy Institute","url":"https:\/\/www.wsein.org\/tr\/","logo":{"@type":"ImageObject","inLanguage":"tr","@id":"https:\/\/www.wsein.org\/tr\/#\/schema\/logo\/image\/","url":"https:\/\/www.wsein.org\/wp-content\/uploads\/Logo_WSEIN.png","contentUrl":"https:\/\/www.wsein.org\/wp-content\/uploads\/Logo_WSEIN.png","width":1000,"height":200,"caption":"WSEIN - World Sustainable Energy Institute"},"image":{"@id":"https:\/\/www.wsein.org\/tr\/#\/schema\/logo\/image\/"},"sameAs":["https:\/\/www.facebook.com\/WSEinitiative"]}]}},"_links":{"self":[{"href":"https:\/\/www.wsein.org\/tr\/wp-json\/wp\/v2\/pages\/6928","targetHints":{"allow":["GET"]}}],"collection":[{"href":"https:\/\/www.wsein.org\/tr\/wp-json\/wp\/v2\/pages"}],"about":[{"href":"https:\/\/www.wsein.org\/tr\/wp-json\/wp\/v2\/types\/page"}],"author":[{"embeddable":true,"href":"https:\/\/www.wsein.org\/tr\/wp-json\/wp\/v2\/users\/5"}],"replies":[{"embeddable":true,"href":"https:\/\/www.wsein.org\/tr\/wp-json\/wp\/v2\/comments?post=6928"}],"version-history":[{"count":1,"href":"https:\/\/www.wsein.org\/tr\/wp-json\/wp\/v2\/pages\/6928\/revisions"}],"predecessor-version":[{"id":14945,"href":"https:\/\/www.wsein.org\/tr\/wp-json\/wp\/v2\/pages\/6928\/revisions\/14945"}],"up":[{"embeddable":true,"href":"https:\/\/www.wsein.org\/tr\/wp-json\/wp\/v2\/pages\/6472"}],"wp:attachment":[{"href":"https:\/\/www.wsein.org\/tr\/wp-json\/wp\/v2\/media?parent=6928"}],"curies":[{"name":"wp","href":"https:\/\/api.w.org\/{rel}","templated":true}]}}