{"id":6934,"date":"2016-03-31T12:59:27","date_gmt":"2016-03-31T10:59:27","guid":{"rendered":"http:\/\/www.wsein.org\/tr\/?page_id=6934"},"modified":"2025-03-20T10:44:00","modified_gmt":"2025-03-20T09:44:00","slug":"surdurulebilir-toplum","status":"publish","type":"page","link":"https:\/\/www.wsein.org\/tr\/egitimler\/surdurulebilir-toplum\/","title":{"rendered":"S\u00fcrd\u00fcr\u00fclebilir Toplum"},"content":{"rendered":"<div id=\"pl-6934\"  class=\"panel-layout\" ><div id=\"pg-6934-0\"  class=\"panel-grid panel-no-style\" ><div id=\"pgc-6934-0-0\"  class=\"panel-grid-cell\" ><div id=\"panel-6934-0-0-0\" class=\"so-panel widget widget_heading panel-first-child\" data-index=\"0\" ><div class=\"thim-widget-heading template-base\"><div class=\"sc_heading  text-left\"><h2 style=\"text-transform: uppercase;color:#1b2c4e;\" class=\"title\">S\u00fcrd\u00fcr\u00fclebilir Toplum Program\u0131<\/h2><span style=\"background-color:#be0000\" class=\"line\"><\/span><\/div><\/div><\/div><div id=\"panel-6934-0-0-1\" class=\"so-panel widget widget_text\" data-index=\"1\" >\t\t\t<div class=\"textwidget\"><div class=\"responsive-video\"><iframe src=\"https:\/\/player.vimeo.com\/video\/156947454?title=0&byline=0&portrait=0\" frameborder=\"0\" webkitallowfullscreen mozallowfullscreen allowfullscreen><\/iframe><\/div><\/div>\n\t\t<\/div><div id=\"panel-6934-0-0-2\" class=\"so-panel widget widget_text\" data-index=\"2\" ><h3 class=\"widget-title\">S\u00fcrd\u00fcr\u00fclebilir toplum e\u011fitimi ile sa\u011fl\u0131kta, besin tercihi ve t\u00fcketiminde, gen\u00e7lik ve \u00e7ocuklukta s\u00fcrd\u00fcr\u00fclebilir olma konular\u0131 ile ilgilenen bireyler, giri\u015fimciler, kurum ve kurulu\u015flar ve ilgili politikac\u0131lar i\u00e7in tasarlanm\u0131\u015ft\u0131r.<\/h3>\t\t\t<div class=\"textwidget\"><\/div>\n\t\t<\/div><div id=\"panel-6934-0-0-3\" class=\"so-panel widget widget_heading\" data-index=\"3\" ><div class=\"thim-widget-heading template-base\"><div class=\"sc_heading  text-left\"><h3 style=\"text-transform: uppercase;color:#1b2c4e;\" class=\"title\">1. S\u00dcRD\u00dcR\u00dcLEB\u0130L\u0130R TOPLUM E\u011e\u0130T\u0130M\u0130<\/h3><span style=\"background-color:#be0000\" class=\"line\"><\/span><\/div><\/div><\/div><div id=\"panel-6934-0-0-4\" class=\"so-panel widget widget_sow-editor panel-last-child\" data-index=\"4\" ><div\n\t\t\t\n\t\t\tclass=\"so-widget-sow-editor so-widget-sow-editor-base\"\n\t\t\t\n\t\t>\n<div class=\"siteorigin-widget-tinymce textwidget\">\n\t<h3>HEDEFLENEN GRUP<\/h3>\n<p>Toplum ve \u015eehir Temsilcileri (Belediyeler-Bakanl\u0131klar)<\/p>\n<h4>S\u00fcre (3 g\u00fcn)<\/h4>\n<p>1.g\u00fcn Workshop<br \/> 2.g\u00fcn Teknik Gezi<br \/> 3.g\u00fcn S\u00fcrd\u00fcr\u00fclebilir \u015fehir Viyana tan\u0131t\u0131m\u0131<\/p>\n<h4>Konaklama ve E\u011fitimler<\/h4>\n<p>4 veya 5 y\u0131ld\u0131zl\u0131 Viyana\u2019 daki otellerde yap\u0131lacakt\u0131r<\/p>\n<h4>Kurs Konular\u0131<\/h4>\n<p>S\u00fcrd\u00fcr\u00fclebilir Giri\u015fimcilik<br \/> S\u00fcrd\u00fcr\u00fclebilir Sa\u011fl\u0131k<br \/> S\u00fcrd\u00fcr\u00fclebilir Besin<br \/> S\u00fcrd\u00fcr\u00fclebilir Gen\u00e7 &amp; \u00c7ocuk<\/p>\n<\/div>\n<\/div><\/div><\/div><\/div><div id=\"pg-6934-1\"  class=\"panel-grid panel-no-style\" ><div id=\"pgc-6934-1-0\"  class=\"panel-grid-cell\" ><div id=\"panel-6934-1-0-0\" class=\"so-panel widget widget_heading panel-first-child panel-last-child\" data-index=\"5\" ><div class=\"thim-widget-heading template-base\"><div class=\"sc_heading  text-left\"><h3 style=\"text-transform: uppercase;color:#1b2c4e;\" class=\"title\">UZMANLAR<\/h3><span style=\"background-color:#be0000\" class=\"line\"><\/span><\/div><\/div><\/div><\/div><\/div><div id=\"pg-6934-2\"  class=\"panel-grid panel-no-style\" ><div id=\"pgc-6934-2-0\"  class=\"panel-grid-cell\" ><div id=\"panel-6934-2-0-0\" class=\"so-panel widget widget_text panel-first-child panel-last-child\" data-index=\"6\" ><h3 class=\"widget-title\">Prof. Dr. Roland Ernest POMS<\/h3>\t\t\t<div class=\"textwidget\"><img fetchpriority=\"high\" decoding=\"async\" src=\"https:\/\/www.wsein.org\/wp-content\/uploads\/team\/poms.jpg\" alt=\"Univ. Prof. Dr. Roland Ernest Poms\" width=\"350\" height=\"250\" \/>\n\n<p class=\"sub-heading\">ICC \u2212 Uluslararas\u0131 Tah\u0131l Bilimi ve Teknolojisi Birli\u011fi<\/p><\/div>\n\t\t<\/div><\/div><div id=\"pgc-6934-2-1\"  class=\"panel-grid-cell\" ><div id=\"panel-6934-2-1-0\" class=\"so-panel widget widget_text panel-first-child panel-last-child\" data-index=\"7\" ><h3 class=\"widget-title\">Y\u00fcksek M\u00fchendis G\u00f6khan YILDIRIM<\/h3>\t\t\t<div class=\"textwidget\"><img decoding=\"async\" class=\"so-widget-image\" src=\"https:\/\/www.wsein.org\/wp-content\/uploads\/yildirim.jpg\" alt=\"Y\u00fcksek M\u00fchendis G\u00f6khan Y\u0131ld\u0131r\u0131m\" width=\"350\" height=\"250\" \/>\n\n<p class=\"sub-heading\">WSEIN Ba\u015fkan\u0131<\/p><\/div>\n\t\t<\/div><\/div><\/div><div id=\"pg-6934-3\"  class=\"panel-grid panel-no-style\" ><div id=\"pgc-6934-3-0\"  class=\"panel-grid-cell\" ><div id=\"panel-6934-3-0-0\" class=\"so-panel widget widget_heading panel-first-child\" data-index=\"8\" ><div class=\"thim-widget-heading template-base\"><div class=\"sc_heading  text-left\"><h3 style=\"text-transform: uppercase;color:#1b2c4e;\" class=\"title\">\u0130ND\u0130R<\/h3><span style=\"background-color:#be0000\" class=\"line\"><\/span><\/div><\/div><\/div><div id=\"panel-6934-3-0-1\" class=\"so-panel widget widget_text\" data-index=\"9\" >\t\t\t<div class=\"textwidget\"><h4>Program\u0131 indirmek i\u00e7in<\/h4>\n<a href=\"https:\/\/www.wsein.org\/wp-content\/uploads\/pdf\/tr\/SURDURULEBILIR_TOPLUM_EGITIMI.pdf\" target=\"_blank\">\u00bb S\u00dcRD\u00dcR\u00dcLEB\u0130L\u0130R TOPLUM E\u011e\u0130T\u0130M\u0130<\/a><\/div>\n\t\t<\/div><div id=\"panel-6934-3-0-2\" class=\"so-panel widget widget_text\" data-index=\"10\" >\t\t\t<div class=\"textwidget\"><h4>Program detay\u0131n\u0131 indirmek i\u00e7in<\/h4>\n<a href=\"https:\/\/www.wsein.org\/wp-content\/uploads\/pdf\/tr\/SURDURULEBILIR_TOPLUM_EGITIM_DETAYI.pdf\" target=\"_blank\">\u00bbS\u00dcRD\u00dcR\u00dcLEB\u0130L\u0130R TOPLUM E\u011e\u0130T\u0130M DETAYI<\/a><\/div>\n\t\t<\/div><div id=\"panel-6934-3-0-3\" class=\"so-panel widget widget_text panel-last-child\" data-index=\"11\" >\t\t\t<div class=\"textwidget\"><h4>Kay\u0131t olmak i\u00e7in<\/h4>\n<a href=\"https:\/\/www.wsein.org\/wp-content\/uploads\/pdf\/tr\/SURDURULEBILIR_TOPLUM_EGITIMI_KAYIT.pdf\" target=\"_blank\">\u00bb S\u00dcRD\u00dcR\u00dcLEB\u0130L\u0130R TOPLUM E\u011e\u0130T\u0130M\u0130 KAYIT<\/a><\/div>\n\t\t<\/div><\/div><\/div><div id=\"pg-6934-4\"  class=\"panel-grid panel-no-style\" ><div id=\"pgc-6934-4-0\"  class=\"panel-grid-cell\" ><div id=\"panel-6934-4-0-0\" class=\"so-panel widget widget_text panel-first-child\" data-index=\"12\" >\t\t\t<div class=\"textwidget\"><hr><\/div>\n\t\t<\/div><div id=\"panel-6934-4-0-1\" class=\"so-panel widget widget_heading\" data-index=\"13\" ><div class=\"thim-widget-heading template-base\"><div class=\"sc_heading  text-left\"><h3 style=\"text-transform: uppercase;color:#1b2c4e;\" class=\"title\">1.1 S\u00dcRD\u00dcR\u00dcLEB\u0130L\u0130R G\u0130R\u0130\u015e\u0130MC\u0130L\u0130K BA\u015eLANGI\u00c7 PROGRAMI<\/h3><span style=\"background-color:#be0000\" class=\"line\"><\/span><\/div><\/div><\/div><div id=\"panel-6934-4-0-2\" class=\"so-panel widget widget_sow-editor panel-last-child\" data-index=\"14\" ><div\n\t\t\t\n\t\t\tclass=\"so-widget-sow-editor so-widget-sow-editor-base\"\n\t\t\t\n\t\t>\n<div class=\"siteorigin-widget-tinymce textwidget\">\n\t<h3>HEDEF<\/h3>\n<p>S\u00fcrd\u00fcr\u00fclebilir enerji, at\u0131k y\u00f6netimi, s\u00fcrd\u00fcr\u00fclebilir \u00e7evre, ula\u015f\u0131m ve trafik planlamas\u0131 gibi alanlardaki inovatif \u00e7al\u0131\u015fmalar\u0131n\u0131, giri\u015fimcili\u011fe d\u00f6n\u00fc\u015ft\u00fcrmek isteyen herkese uygun bir programd\u0131r.<\/p>\n<h3>HEDEF GRUP<\/h3>\n<p>\u00d6zellikle<em>, s\u00fcrd\u00fcr\u00fclebilir giri\u015fimciler <\/em>hedeflenmi\u015ftir<em>.<\/em><br \/> Giri\u015fimciler, potansiyel giri\u015fimciler, ara\u015ft\u0131rma\u00a0ekipleri<br \/> \u0130dareciler (\u015fehir, b\u00f6lge planlamac\u0131lar vb.)<\/p>\n<h4>S\u00fcre (2 g\u00fcn)<\/h4>\n<p>1 g\u00fcn Teknik Gezi\u00a0<br \/>1 g\u00fcn\u00a0E\u011fitim<\/p>\n<h4>Konaklama ve E\u011fitimler<\/h4>\n<p>4 veya 5 y\u0131ld\u0131zl\u0131 Viyana\u2019 daki otellerde yap\u0131lacakt\u0131r<\/p>\n<h4>\u0130\u00e7erik<\/h4>\n<p>Yarat\u0131c\u0131 d\u00fc\u015f\u00fcnme ve giri\u015fimcilik \u00fczerine iki g\u00fcn boyunca e\u011fitimler d\u00fczenlenecektir.\u00a0E\u011fitim yo\u011fun bir \u00f6\u011frenme deneyimi sa\u011flamaktad\u0131r.<br \/> \u0083\u0083<br \/> Temel yetkinlik tan\u0131m\u0131<br \/> Giri\u015fimcilikte ba\u015far\u0131 fakt\u00f6rleri<br \/> Start-up i\u00e7in i\u015f plan\u0131<br \/> Avrupa Fon Kaynaklar\u0131<br \/> Risk y\u00f6netimi<\/p>\n<\/div>\n<\/div><\/div><\/div><\/div><div id=\"pg-6934-5\"  class=\"panel-grid panel-no-style\" ><div id=\"pgc-6934-5-0\"  class=\"panel-grid-cell\" ><div id=\"panel-6934-5-0-0\" class=\"so-panel widget widget_heading panel-first-child panel-last-child\" data-index=\"15\" ><div class=\"thim-widget-heading template-base\"><div class=\"sc_heading  text-left\"><h3 style=\"text-transform: uppercase;color:#1b2c4e;\" class=\"title\">UZMANLAR<\/h3><span style=\"background-color:#be0000\" class=\"line\"><\/span><\/div><\/div><\/div><\/div><\/div><div id=\"pg-6934-6\"  class=\"panel-grid panel-no-style\" ><div id=\"pgc-6934-6-0\"  class=\"panel-grid-cell\" ><div id=\"panel-6934-6-0-0\" class=\"so-panel widget widget_text panel-first-child panel-last-child\" data-index=\"16\" ><h3 class=\"widget-title\">Andrea FENZ<\/h3>\t\t\t<div class=\"textwidget\"><img decoding=\"async\" src=\"https:\/\/www.wsein.org\/wp-content\/uploads\/team\/fenz.jpg\" alt=\"Andrea Fenz\" width=\"350\" height=\"250\" \/>\n\n<p class=\"sub-heading\">ECQA Sertifikal\u0131 E\u011fitmen, EU Proje Y\u00f6neticisi<\/p><\/div>\n\t\t<\/div><\/div><div id=\"pgc-6934-6-1\"  class=\"panel-grid-cell\" ><div id=\"panel-6934-6-1-0\" class=\"so-panel widget widget_text panel-first-child panel-last-child\" data-index=\"17\" ><h3 class=\"widget-title\">Y\u00fcksek M\u00fchendis G\u00f6khan YILDIRIM<\/h3>\t\t\t<div class=\"textwidget\"><img loading=\"lazy\" decoding=\"async\" class=\"so-widget-image\" src=\"https:\/\/www.wsein.org\/wp-content\/uploads\/yildirim.jpg\" srcset=\"https:\/\/www.wsein.org\/wp-content\/uploads\/yildirim-300x214.jpg 300w, https:\/\/www.wsein.org\/wp-content\/uploads\/yildirim.jpg 350w\" alt=\"\" width=\"350\" height=\"250\" \/>\n\n<p class=\"sub-heading\">WSEIN Ba\u015fkan\u0131<\/p><\/div>\n\t\t<\/div><\/div><\/div><div id=\"pg-6934-7\"  class=\"panel-grid panel-no-style\" ><div id=\"pgc-6934-7-0\"  class=\"panel-grid-cell\" ><div id=\"panel-6934-7-0-0\" class=\"so-panel widget widget_heading panel-first-child\" data-index=\"18\" ><div class=\"thim-widget-heading template-base\"><div class=\"sc_heading  text-left\"><h3 style=\"text-transform: uppercase;color:#1b2c4e;\" class=\"title\">\u0130ND\u0130R<\/h3><span style=\"background-color:#be0000\" class=\"line\"><\/span><\/div><\/div><\/div><div id=\"panel-6934-7-0-1\" class=\"so-panel widget widget_text\" data-index=\"19\" >\t\t\t<div class=\"textwidget\"><h4>Program\u0131 indirmek i\u00e7in<\/h4>\n<a href=\"https:\/\/www.wsein.org\/wp-content\/uploads\/pdf\/tr\/SURDURULEBILIR_GIRISIMCILIK_BASLANGIC_PROGRAMI.pdf\" target=\"_blank\">\u00bb S\u00dcRD\u00dcR\u00dcLEB\u0130L\u0130R G\u0130R\u0130\u015e\u0130MC\u0130L\u0130K BA\u015eLANGI\u00c7 PROGRAMI<\/a><\/div>\n\t\t<\/div><div id=\"panel-6934-7-0-2\" class=\"so-panel widget widget_text\" data-index=\"20\" >\t\t\t<div class=\"textwidget\"><h4>Program detay\u0131n\u0131 indirmek i\u00e7in<\/h4>\n<a href=\"https:\/\/www.wsein.org\/wp-content\/uploads\/pdf\/tr\/SURDURULEBILIR_GIRISIMCILIK_BASLANGIC_PROGRAMI_DETAYI.pdf\" target=\"_blank\">\u00bb S\u00dcRD\u00dcR\u00dcLEB\u0130L\u0130R G\u0130R\u0130\u015e\u0130MC\u0130L\u0130K BA\u015eLANGI\u00c7 E\u011e\u0130T\u0130M DETAYI<\/a><\/div>\n\t\t<\/div><div id=\"panel-6934-7-0-3\" class=\"so-panel widget widget_text panel-last-child\" data-index=\"21\" >\t\t\t<div class=\"textwidget\"><h4>Kay\u0131t olmak i\u00e7in<\/h4>\n<a href=\"https:\/\/www.wsein.org\/wp-content\/uploads\/pdf\/tr\/SURDURULEBILIR_GIRISIMCILIK_BASLANGIC_PROGRAMI_KAYIT.pdf\" target=\"_blank\">\u00bb S\u00dcRD\u00dcR\u00dcLEB\u0130L\u0130R G\u0130R\u0130\u015e\u0130MC\u0130L\u0130K BA\u015eLANGI\u00c7 PROGRAMI KAYIT<\/a><\/div>\n\t\t<\/div><\/div><\/div><\/div>","protected":false},"excerpt":{"rendered":"<p>HEDEFLENEN GRUPToplum ve \u015eehir Temsilcileri (Belediyeler-Bakanl\u0131klar)S\u00fcre (3 g\u00fcn)1.g\u00fcn Workshop 2.g\u00fcn Teknik Gezi 3.g\u00fcn S\u00fcrd\u00fcr\u00fclebilir \u015fehir Viyana tan\u0131t\u0131m\u0131Konaklama ve E\u011fitimler4 veya 5 y\u0131ld\u0131zl\u0131 Viyana\u2019 daki otellerde yap\u0131lacakt\u0131rKurs Konular\u0131S\u00fcrd\u00fcr\u00fclebilir Giri\u015fimcilik S\u00fcrd\u00fcr\u00fclebilir Sa\u011fl\u0131k &hellip; <\/p>\n","protected":false},"author":5,"featured_media":0,"parent":6472,"menu_order":0,"comment_status":"closed","ping_status":"closed","template":"","meta":{"footnotes":"","_links_to":"","_links_to_target":""},"class_list":["post-6934","page","type-page","status-publish","hentry"],"yoast_head":"<!-- This site is optimized with the Yoast SEO plugin v27.1.1 - https:\/\/yoast.com\/product\/yoast-seo-wordpress\/ -->\n<title>S\u00fcrd\u00fcr\u00fclebilir Toplum | WSEIN - D\u00fcnya S\u00fcrd\u00fcr\u00fclebilir Enerji Enstit\u00fcs\u00fc<\/title>\n<meta name=\"description\" content=\"WSEIN - D\u00fcnya S\u00fcrd\u00fcr\u00fclebilir Enerji Enstit\u00fcs\u00fc, yenilenebilir enerji, at\u0131k y\u00f6netimi, s\u00fcrd\u00fcr\u00fclebilir ula\u015f\u0131m ve trafik, s\u00fcrd\u00fcr\u00fclebilir toplum konular\u0131nda kent \u00e7\u00f6z\u00fcmleri \u00fczerine \u00e7al\u0131\u015fan Viyana merkezli uluslararas\u0131 bir organizasyondur.\" \/>\n<meta name=\"robots\" content=\"index, follow, max-snippet:-1, max-image-preview:large, max-video-preview:-1\" \/>\n<link rel=\"canonical\" href=\"https:\/\/www.wsein.org\/tr\/egitimler\/surdurulebilir-toplum\/\" \/>\n<meta name=\"twitter:label1\" content=\"Est. reading time\" \/>\n\t<meta name=\"twitter:data1\" content=\"3 minutes\" \/>\n<script type=\"application\/ld+json\" class=\"yoast-schema-graph\">{\"@context\":\"https:\/\/schema.org\",\"@graph\":[{\"@type\":\"WebPage\",\"@id\":\"https:\/\/www.wsein.org\/tr\/egitimler\/surdurulebilir-toplum\/\",\"url\":\"https:\/\/www.wsein.org\/tr\/egitimler\/surdurulebilir-toplum\/\",\"name\":\"S\u00fcrd\u00fcr\u00fclebilir Toplum | WSEIN - D\u00fcnya S\u00fcrd\u00fcr\u00fclebilir Enerji Enstit\u00fcs\u00fc\",\"isPartOf\":{\"@id\":\"https:\/\/www.wsein.org\/tr\/#website\"},\"primaryImageOfPage\":{\"@id\":\"https:\/\/www.wsein.org\/tr\/egitimler\/surdurulebilir-toplum\/#primaryimage\"},\"image\":{\"@id\":\"https:\/\/www.wsein.org\/tr\/egitimler\/surdurulebilir-toplum\/#primaryimage\"},\"thumbnailUrl\":\"https:\/\/www.wsein.org\/wp-content\/uploads\/team\/poms.jpg\",\"datePublished\":\"2016-03-31T10:59:27+00:00\",\"dateModified\":\"2025-03-20T09:44:00+00:00\",\"description\":\"WSEIN - D\u00fcnya S\u00fcrd\u00fcr\u00fclebilir Enerji Enstit\u00fcs\u00fc, yenilenebilir enerji, at\u0131k y\u00f6netimi, s\u00fcrd\u00fcr\u00fclebilir ula\u015f\u0131m ve trafik, s\u00fcrd\u00fcr\u00fclebilir toplum konular\u0131nda kent \u00e7\u00f6z\u00fcmleri \u00fczerine \u00e7al\u0131\u015fan Viyana merkezli uluslararas\u0131 bir organizasyondur.\",\"breadcrumb\":{\"@id\":\"https:\/\/www.wsein.org\/tr\/egitimler\/surdurulebilir-toplum\/#breadcrumb\"},\"inLanguage\":\"tr\",\"potentialAction\":[{\"@type\":\"ReadAction\",\"target\":[\"https:\/\/www.wsein.org\/tr\/egitimler\/surdurulebilir-toplum\/\"]}]},{\"@type\":\"ImageObject\",\"inLanguage\":\"tr\",\"@id\":\"https:\/\/www.wsein.org\/tr\/egitimler\/surdurulebilir-toplum\/#primaryimage\",\"url\":\"https:\/\/www.wsein.org\/wp-content\/uploads\/team\/poms.jpg\",\"contentUrl\":\"https:\/\/www.wsein.org\/wp-content\/uploads\/team\/poms.jpg\"},{\"@type\":\"BreadcrumbList\",\"@id\":\"https:\/\/www.wsein.org\/tr\/egitimler\/surdurulebilir-toplum\/#breadcrumb\",\"itemListElement\":[{\"@type\":\"ListItem\",\"position\":1,\"name\":\"Home\",\"item\":\"https:\/\/www.wsein.org\/tr\/\"},{\"@type\":\"ListItem\",\"position\":2,\"name\":\"E\u011fitimler\",\"item\":\"https:\/\/www.wsein.org\/tr\/egitimler\/\"},{\"@type\":\"ListItem\",\"position\":3,\"name\":\"S\u00fcrd\u00fcr\u00fclebilir Toplum\"}]},{\"@type\":\"WebSite\",\"@id\":\"https:\/\/www.wsein.org\/tr\/#website\",\"url\":\"https:\/\/www.wsein.org\/tr\/\",\"name\":\"WSEIN \u2212 World Sustainable Energy Institute\",\"description\":\"World Sustainable Energy Institute\",\"publisher\":{\"@id\":\"https:\/\/www.wsein.org\/tr\/#organization\"},\"potentialAction\":[{\"@type\":\"SearchAction\",\"target\":{\"@type\":\"EntryPoint\",\"urlTemplate\":\"https:\/\/www.wsein.org\/tr\/?s={search_term_string}\"},\"query-input\":{\"@type\":\"PropertyValueSpecification\",\"valueRequired\":true,\"valueName\":\"search_term_string\"}}],\"inLanguage\":\"tr\"},{\"@type\":\"Organization\",\"@id\":\"https:\/\/www.wsein.org\/tr\/#organization\",\"name\":\"WSEIN - World Sustainable Energy Institute\",\"url\":\"https:\/\/www.wsein.org\/tr\/\",\"logo\":{\"@type\":\"ImageObject\",\"inLanguage\":\"tr\",\"@id\":\"https:\/\/www.wsein.org\/tr\/#\/schema\/logo\/image\/\",\"url\":\"https:\/\/www.wsein.org\/wp-content\/uploads\/Logo_WSEIN.png\",\"contentUrl\":\"https:\/\/www.wsein.org\/wp-content\/uploads\/Logo_WSEIN.png\",\"width\":1000,\"height\":200,\"caption\":\"WSEIN - World Sustainable Energy Institute\"},\"image\":{\"@id\":\"https:\/\/www.wsein.org\/tr\/#\/schema\/logo\/image\/\"},\"sameAs\":[\"https:\/\/www.facebook.com\/WSEinitiative\"]}]}<\/script>\n<!-- \/ Yoast SEO plugin. -->","yoast_head_json":{"title":"S\u00fcrd\u00fcr\u00fclebilir Toplum | WSEIN - D\u00fcnya S\u00fcrd\u00fcr\u00fclebilir Enerji Enstit\u00fcs\u00fc","description":"WSEIN - D\u00fcnya S\u00fcrd\u00fcr\u00fclebilir Enerji Enstit\u00fcs\u00fc, yenilenebilir enerji, at\u0131k y\u00f6netimi, s\u00fcrd\u00fcr\u00fclebilir ula\u015f\u0131m ve trafik, s\u00fcrd\u00fcr\u00fclebilir toplum konular\u0131nda kent \u00e7\u00f6z\u00fcmleri \u00fczerine \u00e7al\u0131\u015fan Viyana merkezli uluslararas\u0131 bir organizasyondur.","robots":{"index":"index","follow":"follow","max-snippet":"max-snippet:-1","max-image-preview":"max-image-preview:large","max-video-preview":"max-video-preview:-1"},"canonical":"https:\/\/www.wsein.org\/tr\/egitimler\/surdurulebilir-toplum\/","twitter_misc":{"Est. reading time":"3 minutes"},"schema":{"@context":"https:\/\/schema.org","@graph":[{"@type":"WebPage","@id":"https:\/\/www.wsein.org\/tr\/egitimler\/surdurulebilir-toplum\/","url":"https:\/\/www.wsein.org\/tr\/egitimler\/surdurulebilir-toplum\/","name":"S\u00fcrd\u00fcr\u00fclebilir Toplum | WSEIN - D\u00fcnya S\u00fcrd\u00fcr\u00fclebilir Enerji Enstit\u00fcs\u00fc","isPartOf":{"@id":"https:\/\/www.wsein.org\/tr\/#website"},"primaryImageOfPage":{"@id":"https:\/\/www.wsein.org\/tr\/egitimler\/surdurulebilir-toplum\/#primaryimage"},"image":{"@id":"https:\/\/www.wsein.org\/tr\/egitimler\/surdurulebilir-toplum\/#primaryimage"},"thumbnailUrl":"https:\/\/www.wsein.org\/wp-content\/uploads\/team\/poms.jpg","datePublished":"2016-03-31T10:59:27+00:00","dateModified":"2025-03-20T09:44:00+00:00","description":"WSEIN - D\u00fcnya S\u00fcrd\u00fcr\u00fclebilir Enerji Enstit\u00fcs\u00fc, yenilenebilir enerji, at\u0131k y\u00f6netimi, s\u00fcrd\u00fcr\u00fclebilir ula\u015f\u0131m ve trafik, s\u00fcrd\u00fcr\u00fclebilir toplum konular\u0131nda kent \u00e7\u00f6z\u00fcmleri \u00fczerine \u00e7al\u0131\u015fan Viyana merkezli uluslararas\u0131 bir organizasyondur.","breadcrumb":{"@id":"https:\/\/www.wsein.org\/tr\/egitimler\/surdurulebilir-toplum\/#breadcrumb"},"inLanguage":"tr","potentialAction":[{"@type":"ReadAction","target":["https:\/\/www.wsein.org\/tr\/egitimler\/surdurulebilir-toplum\/"]}]},{"@type":"ImageObject","inLanguage":"tr","@id":"https:\/\/www.wsein.org\/tr\/egitimler\/surdurulebilir-toplum\/#primaryimage","url":"https:\/\/www.wsein.org\/wp-content\/uploads\/team\/poms.jpg","contentUrl":"https:\/\/www.wsein.org\/wp-content\/uploads\/team\/poms.jpg"},{"@type":"BreadcrumbList","@id":"https:\/\/www.wsein.org\/tr\/egitimler\/surdurulebilir-toplum\/#breadcrumb","itemListElement":[{"@type":"ListItem","position":1,"name":"Home","item":"https:\/\/www.wsein.org\/tr\/"},{"@type":"ListItem","position":2,"name":"E\u011fitimler","item":"https:\/\/www.wsein.org\/tr\/egitimler\/"},{"@type":"ListItem","position":3,"name":"S\u00fcrd\u00fcr\u00fclebilir Toplum"}]},{"@type":"WebSite","@id":"https:\/\/www.wsein.org\/tr\/#website","url":"https:\/\/www.wsein.org\/tr\/","name":"WSEIN \u2212 World Sustainable Energy Institute","description":"World Sustainable Energy Institute","publisher":{"@id":"https:\/\/www.wsein.org\/tr\/#organization"},"potentialAction":[{"@type":"SearchAction","target":{"@type":"EntryPoint","urlTemplate":"https:\/\/www.wsein.org\/tr\/?s={search_term_string}"},"query-input":{"@type":"PropertyValueSpecification","valueRequired":true,"valueName":"search_term_string"}}],"inLanguage":"tr"},{"@type":"Organization","@id":"https:\/\/www.wsein.org\/tr\/#organization","name":"WSEIN - World Sustainable Energy Institute","url":"https:\/\/www.wsein.org\/tr\/","logo":{"@type":"ImageObject","inLanguage":"tr","@id":"https:\/\/www.wsein.org\/tr\/#\/schema\/logo\/image\/","url":"https:\/\/www.wsein.org\/wp-content\/uploads\/Logo_WSEIN.png","contentUrl":"https:\/\/www.wsein.org\/wp-content\/uploads\/Logo_WSEIN.png","width":1000,"height":200,"caption":"WSEIN - World Sustainable Energy Institute"},"image":{"@id":"https:\/\/www.wsein.org\/tr\/#\/schema\/logo\/image\/"},"sameAs":["https:\/\/www.facebook.com\/WSEinitiative"]}]}},"_links":{"self":[{"href":"https:\/\/www.wsein.org\/tr\/wp-json\/wp\/v2\/pages\/6934","targetHints":{"allow":["GET"]}}],"collection":[{"href":"https:\/\/www.wsein.org\/tr\/wp-json\/wp\/v2\/pages"}],"about":[{"href":"https:\/\/www.wsein.org\/tr\/wp-json\/wp\/v2\/types\/page"}],"author":[{"embeddable":true,"href":"https:\/\/www.wsein.org\/tr\/wp-json\/wp\/v2\/users\/5"}],"replies":[{"embeddable":true,"href":"https:\/\/www.wsein.org\/tr\/wp-json\/wp\/v2\/comments?post=6934"}],"version-history":[{"count":2,"href":"https:\/\/www.wsein.org\/tr\/wp-json\/wp\/v2\/pages\/6934\/revisions"}],"predecessor-version":[{"id":14942,"href":"https:\/\/www.wsein.org\/tr\/wp-json\/wp\/v2\/pages\/6934\/revisions\/14942"}],"up":[{"embeddable":true,"href":"https:\/\/www.wsein.org\/tr\/wp-json\/wp\/v2\/pages\/6472"}],"wp:attachment":[{"href":"https:\/\/www.wsein.org\/tr\/wp-json\/wp\/v2\/media?parent=6934"}],"curies":[{"name":"wp","href":"https:\/\/api.w.org\/{rel}","templated":true}]}}