{"id":7016,"date":"2016-04-06T16:56:39","date_gmt":"2016-04-06T14:56:39","guid":{"rendered":"http:\/\/www.wsein.org\/tr\/?page_id=7016"},"modified":"2025-03-20T15:02:22","modified_gmt":"2025-03-20T14:02:22","slug":"dokumanlar","status":"publish","type":"page","link":"https:\/\/www.wsein.org\/tr\/dokumanlar\/","title":{"rendered":"Dok\u00fcmanlar"},"content":{"rendered":"<div id=\"pl-7016\"  class=\"panel-layout\" ><div id=\"pg-7016-0\"  class=\"panel-grid panel-no-style\" ><div id=\"pgc-7016-0-0\"  class=\"panel-grid-cell\" ><div id=\"panel-7016-0-0-0\" class=\"so-panel widget widget_sow-editor panel-first-child panel-last-child\" data-index=\"0\" ><div\n\t\t\t\n\t\t\tclass=\"so-widget-sow-editor so-widget-sow-editor-base\"\n\t\t\t\n\t\t>\n<div class=\"siteorigin-widget-tinymce textwidget\">\n\t<h3>1. WSEIN Bro\u015f\u00fcr\u00fc<\/h3>\n<p><img decoding=\"async\" class=\"alignnone wp-image-3540 size-full\" style=\"border: 1px solid #f1f1f1;\" src=\"https:\/\/www.wsein.org\/wp-content\/uploads\/pdf\/tr\/IMAGE_WSEIN_PRESENTATION_2018.jpg\" alt=\"WSEIN BROCHURE\" width=\"141\" height=\"100\" \/><\/p>\n<p><a href=\"https:\/\/www.wsein.org\/wp-content\/uploads\/pdf\/tr\/WSEIN_PRESENTATION_TR.pdf\" target=\"_blank\">\u00bb WSEIN BRO\u015e\u00dcR\u00dc<\/a><br \/>\n20 sayfa<\/p>\n<\/div>\n<\/div><\/div><\/div><\/div><div id=\"pg-7016-1\"  class=\"panel-grid panel-no-style\" ><div id=\"pgc-7016-1-0\"  class=\"panel-grid-cell\" ><div id=\"panel-7016-1-0-0\" class=\"so-panel widget widget_sow-editor panel-first-child panel-last-child\" data-index=\"1\" ><div\n\t\t\t\n\t\t\tclass=\"so-widget-sow-editor so-widget-sow-editor-base\"\n\t\t\t\n\t\t>\n<div class=\"siteorigin-widget-tinymce textwidget\">\n\t<h3>2. WSEIN E\u011fitim Programlar\u0131<\/h3>\n<p><a title=\"WSEIN EGITIM PROGRAMLARI \u0130ndir\" href=\"https:\/\/www.wsein.org\/wp-content\/uploads\/pdf\/tr\/WSEIN_EGITIM_PROGRAMLARI_2020.pdf\" download=\"WSEIN EGITIM PROGRAMLARI\"><img decoding=\"async\" class=\"alignnone wp-image-3540 size-full\" style=\"border: 1px solid #f1f1f1;\" src=\"https:\/\/www.wsein.org\/wp-content\/uploads\/pdf\/IMAGE_WSEIN_TRAININGS.jpg\" alt=\"WSEIN EGITIM PROGRAMLARI\" width=\"100\" height=\"142\" \/><\/a><\/p>\n<p><a href=\"https:\/\/www.wsein.org\/wp-content\/uploads\/pdf\/tr\/WSEIN_EGITIM_PROGRAMLARI.pdf\" target=\"_blank\">\u00bb WSEIN EGITIM PROGRAMLARI<\/a><br \/>\n12 sayfa<\/p>\n<p><a href=\"https:\/\/www.wsein.org\/wp-content\/uploads\/pdf\/tr\/GENEL_BAKIS_WSEIN_EGITIM_PROGRAMLARI_2025.pdf\" target=\"_blank\">\u00bb GENEL BAKIS WSEIN EGITIM PROGRAMLARI<\/a><br \/>\n1 sayfa<\/p>\n<\/div>\n<\/div><\/div><\/div><\/div><div id=\"pg-7016-2\"  class=\"panel-grid panel-no-style\" ><div id=\"pgc-7016-2-0\"  class=\"panel-grid-cell\" ><div id=\"panel-7016-2-0-0\" class=\"so-panel widget widget_sow-editor panel-first-child panel-last-child\" data-index=\"2\" ><div\n\t\t\t\n\t\t\tclass=\"so-widget-sow-editor so-widget-sow-editor-base\"\n\t\t\t\n\t\t>\n<div class=\"siteorigin-widget-tinymce textwidget\">\n\t<h3>3. WSEIN E\u011fitimleri 2025<\/h3>\n<h4>3.1 S\u00fcrd\u00fcr\u00fclebilir Ula\u015f\u0131m ve Trafik E\u011fitimi<\/h4>\n<p><a href=\"https:\/\/www.wsein.org\/wp-content\/uploads\/pdf\/tr\/SURDURULEBILIR_ULASIM_VE_TRAFIK_EGITIMI.pdf\" target=\"_blank\">\u00bb S\u00dcRD\u00dcR\u00dcLEB\u0130L\u0130R ULA\u015eIM VE TRAFIK E\u011e\u0130T\u0130M\u0130<\/a><\/p>\n<h4>3.2 At\u0131k Y\u00f6netimi E\u011fitimi<\/h4>\n<p><a href=\"https:\/\/www.wsein.org\/wp-content\/uploads\/pdf\/tr\/ATIK_YONETIMI_EGITIMI.pdf\" target=\"_blank\">\u00bb ATIK Y\u00d6NET\u0130M\u0130 E\u011e\u0130T\u0130M\u0130<\/a><\/p>\n<h4>3.3 S\u00fcrd\u00fcr\u00fclebilir Enerji E\u011fitimi<\/h4>\n<p><a href=\"https:\/\/www.wsein.org\/wp-content\/uploads\/pdf\/tr\/SURDURULEBILIR_ENERJI_EGITIMI.pdf\" target=\"_blank\">\u00bb S\u00dcRD\u00dcR\u00dcLEB\u0130L\u0130R ENERJ\u0130 E\u011e\u0130T\u0130M\u0130<\/a><\/p>\n<h4>3.4 S\u00fcrd\u00fcr\u00fclebilir Toplum E\u011fitimi<\/h4>\n<p><a href=\"https:\/\/www.wsein.org\/wp-content\/uploads\/pdf\/tr\/SURDURULEBILIR_TOPLUM_EGITIMI.pdf\" target=\"_blank\">\u00bb S\u00dcRD\u00dcR\u00dcLEB\u0130L\u0130R TOPLUM E\u011e\u0130T\u0130M\u0130<\/a><\/p>\n<h4>3.5 S\u00fcrd\u00fcr\u00fclebilir Giri\u015fimcilik Ba\u015flang\u0131\u00e7 E\u011fitim Program\u0131<\/h4>\n<p><a href=\"https:\/\/www.wsein.org\/wp-content\/uploads\/pdf\/tr\/SURDURULEBILIR_GIRISIMCILIK_BASLANGIC_PROGRAMI.pdf\" target=\"_blank\">\u00bb S\u00dcRD\u00dcR\u00dcLEB\u0130L\u0130R GR\u0130\u015e\u0130MC\u0130L\u0130K BA\u015eLANGI\u00c7 E\u011e\u0130T\u0130M PROGRAMI<\/a><\/p>\n<\/div>\n<\/div><\/div><\/div><\/div><div id=\"pg-7016-3\"  class=\"panel-grid panel-no-style\" ><div id=\"pgc-7016-3-0\"  class=\"panel-grid-cell\" ><div id=\"panel-7016-3-0-0\" class=\"so-panel widget widget_sow-editor panel-first-child panel-last-child\" data-index=\"3\" ><div\n\t\t\t\n\t\t\tclass=\"so-widget-sow-editor so-widget-sow-editor-base\"\n\t\t\t\n\t\t>\n<div class=\"siteorigin-widget-tinymce textwidget\">\n\t<h3>4. WSEIN Program detay\u0131<\/h3>\n<h4>4.1 S\u00fcrd\u00fcr\u00fclebilir Ula\u015f\u0131m ve Trafik E\u011fitim Detayi<\/h4>\n<p><a href=\"https:\/\/www.wsein.org\/wp-content\/uploads\/pdf\/tr\/SURDURULEBILIR_ULASIM_VE_TRAFIK_EGITIM_DETAYI.pdf\" target=\"_blank\">\u00bb  S\u00dcRD\u00dcR\u00dcLEB\u0130L\u0130R ULA\u015eIM VE TRAFIK E\u011e\u0130T\u0130M DETAYI<\/a><\/p>\n<h4>4.2 At\u0131k Y\u00f6netimi E\u011fitimi Detayi<\/h4>\n<p><a href=\"https:\/\/www.wsein.org\/wp-content\/uploads\/pdf\/tr\/ATIK_YONETIMI_EGITIM_DETAYI.pdf\" target=\"_blank\">\u00bb ATIK Y\u00d6NET\u0130M\u0130 E\u011e\u0130T\u0130M\u0130 DETAYI<\/a><\/p>\n<h4>4.3 S\u00fcrd\u00fcr\u00fclebilir Enerji E\u011fitimi Detayi<\/h4>\n<p><a href=\"https:\/\/www.wsein.org\/wp-content\/uploads\/pdf\/tr\/SURDURULEBILIR_ENERJI_ EGITIM_DETAYI.pdf\" target=\"_blank\">\u00bb S\u00dcRD\u00dcR\u00dcLEB\u0130L\u0130R ENERJ\u0130 E\u011e\u0130T\u0130M\u0130 DETAYI<\/a><\/p>\n<h4>4.4 S\u00fcrd\u00fcr\u00fclebilir Toplum E\u011fitimi Detayi<\/h4>\n<p><a href=\"https:\/\/www.wsein.org\/wp-content\/uploads\/pdf\/tr\/SURDURULEBILIR_TOPLUM_EGITIM_DETAYI.pdf\" target=\"_blank\">\u00bb S\u00dcRD\u00dcR\u00dcLEB\u0130L\u0130R TOPLUM E\u011e\u0130T\u0130M\u0130 DETAYI<\/a><\/p>\n<h4>4.5 S\u00fcrd\u00fcr\u00fclebilir \u015eehir E\u011fitimi Detayi<\/h4>\n<p><a href=\"https:\/\/www.wsein.org\/wp-content\/uploads\/pdf\/tr\/SURDURULEBILIR_SEHIR_EGITIM_DETAYI.pdf\" target=\"_blank\">\u00bb S\u00dcRD\u00dcR\u00dcLEB\u0130L\u0130R \u015eEHIR E\u011e\u0130T\u0130M DETAYI<\/a><\/p>\n<h4>4.6 S\u00fcrd\u00fcr\u00fclebilir Giri\u015fimcilik Ba\u015flang\u0131\u00e7 E\u011fitim Program\u0131 Detayi<\/h4>\n<p><a href=\"https:\/\/www.wsein.org\/wp-content\/uploads\/pdf\/tr\/SURDURULEBILIR_GIRISIMCILIK_BASLANGIC_PROGRAMI_DETAYI.pdf\" target=\"_blank\">\u00bb S\u00dcRD\u00dcR\u00dcLEB\u0130L\u0130R GR\u0130\u015e\u0130MC\u0130L\u0130K BA\u015eLANGI\u00c7 E\u011e\u0130T\u0130M PROGRAMI DETAYI<\/a><\/p>\n<\/div>\n<\/div><\/div><\/div><\/div><div id=\"pg-7016-4\"  class=\"panel-grid panel-no-style\" ><div id=\"pgc-7016-4-0\"  class=\"panel-grid-cell\" ><div id=\"panel-7016-4-0-0\" class=\"so-panel widget widget_sow-editor panel-first-child panel-last-child\" data-index=\"4\" ><div\n\t\t\t\n\t\t\tclass=\"so-widget-sow-editor so-widget-sow-editor-base\"\n\t\t\t\n\t\t>\n<div class=\"siteorigin-widget-tinymce textwidget\">\n\t<h3>5. WSEIN KAYIT FORMU 2025<\/h3>\n<h4>5.1 S\u00fcrd\u00fcr\u00fclebilir Ula\u015f\u0131m ve Trafik E\u011fitimi Kayit<\/h4>\n<p><a href=\"https:\/\/www.wsein.org\/wp-content\/uploads\/pdf\/tr\/SURDURULEBILIR_ULASIM_VE_TRAFIK_EGITIMI_KAYIT.pdf\" target=\"_blank\">\u00bb SURDURULEBILIR ULASIM VE TRAFIK EGITIMI KAYIT<\/a><\/p>\n<h4>5.2 At\u0131k Y\u00f6netimi E\u011fitimi Kayit<\/h4>\n<p><a href=\"https:\/\/www.wsein.org\/wp-content\/uploads\/pdf\/tr\/ATIK_YONETIMI_EGITIMI_KAYIT.pdf\" target=\"_blank\">\u00bb ATIK Y\u00d6NET\u0130M\u0130 E\u011e\u0130T\u0130M\u0130 KAYIT<\/a><\/p>\n<h4>5.3 S\u00fcrd\u00fcr\u00fclebilir Enerji E\u011fitimi Kayit<\/h4>\n<p><a href=\"https:\/\/www.wsein.org\/wp-content\/uploads\/pdf\/tr\/SURDURULEBILIR_ENERJI_EGITIMI_KAYIT.pdf\" target=\"_blank\">\u00bb SURDURULEBILIR ENERJI EGITIMI KAYIT<\/a><\/p>\n<h4>5.4 S\u00fcrd\u00fcr\u00fclebilir Toplum E\u011fitimi Kayit<\/h4>\n<p><a href=\"https:\/\/www.wsein.org\/wp-content\/uploads\/pdf\/tr\/SURDURULEBILIR_TOPLUM_EGITIMI_KAYIT.pdf\" target=\"_blank\">\u00bb SURDURULEBILIR TOPLUM EGITIMI KAYIT<\/a><\/p>\n<h4>5.5 S\u00fcrd\u00fcr\u00fclebilir \u015eehir E\u011fitimi Kayit<\/h4>\n<p><a href=\"https:\/\/www.wsein.org\/wp-content\/uploads\/pdf\/tr\/SURDURULEBILIR_SEHIR_EGITIMI_KAYIT.pdf\" target=\"_blank\">\u00bb S\u00dcRD\u00dcR\u00dcLEB\u0130L\u0130R \u015eEHIR E\u011e\u0130T\u0130M\u0130 KAYIT<\/a><\/p>\n<h4>5.6 SESP Program\u0131 Kayit<\/h4>\n<p><a href=\"https:\/\/www.wsein.org\/wp-content\/uploads\/pdf\/tr\/SURDURULEBILIR_GIRISIMCILIK_BASLANGIC_PROGRAMI_KAYIT.pdf\" target=\"_blank\">\u00bb S\u00dcRD\u00dcR\u00dcLEB\u0130L\u0130R G\u0130R\u0130\u015e\u0130MC\u0130L\u0130K BA\u015eLANGI\u00c7 PROGRAMI KAYIT<\/a><\/p>\n<\/div>\n<\/div><\/div><\/div><\/div><div id=\"pg-7016-5\"  class=\"panel-grid panel-no-style\" ><div id=\"pgc-7016-5-0\"  class=\"panel-grid-cell\" ><div id=\"panel-7016-5-0-0\" class=\"so-panel widget widget_sow-editor panel-first-child panel-last-child\" data-index=\"5\" ><div\n\t\t\t\n\t\t\tclass=\"so-widget-sow-editor so-widget-sow-editor-base\"\n\t\t\t\n\t\t>\n<div class=\"siteorigin-widget-tinymce textwidget\">\n\t<h3>6. WSEIN KATILIM FORMU<\/h3>\n<h4>6.1 WSEIN \u00dcyelik Ba\u015fvurusu<\/h4>\n<p><a title=\"WSEIN \u00dcYEL\u0130K BA\u015eVURU FORMU\" href=\"https:\/\/www.wsein.org\/wp-content\/uploads\/pdf\/tr\/WSEIN_UYELIK_BASVURU_FORMU.pdf\" target=\"_blank\">\u00bb WSEIN \u00dcYEL\u0130K BA\u015eVURU FORMU<\/a><\/p>\n<h4>6.2 WSEIN E\u011fitmen Ba\u015fvurusu<\/h4>\n<p><a href=\"https:\/\/www.wsein.org\/wp-content\/uploads\/pdf\/tr\/WSEIN_EGITMENLIK_BASVURU_FORMU.pdf\" target=\"_blank\">\u00bb WSEIN E\u011e\u0130TMEN BA\u015eVURUSU<\/a><\/p>\n<\/div>\n<\/div><\/div><\/div><\/div><\/div>","protected":false},"excerpt":{"rendered":"<p>1. WSEIN Bro\u015f\u00fcr\u00fc \u00bb WSEIN BRO\u015e\u00dcR\u00dc 20 sayfa 2. WSEIN E\u011fitim Programlar\u0131 \u00bb WSEIN EGITIM PROGRAMLARI 12 sayfa \u00bb GENEL BAKIS WSEIN EGITIM PROGRAMLARI 1 sayfa<\/p>\n","protected":false},"author":5,"featured_media":0,"parent":0,"menu_order":0,"comment_status":"closed","ping_status":"closed","template":"","meta":{"footnotes":"","_links_to":"","_links_to_target":""},"class_list":["post-7016","page","type-page","status-publish","hentry"],"yoast_head":"<!-- This site is optimized with the Yoast SEO plugin v27.1.1 - https:\/\/yoast.com\/product\/yoast-seo-wordpress\/ -->\n<title>Dok\u00fcmanlar | WSEIN - D\u00fcnya S\u00fcrd\u00fcr\u00fclebilir Enerji Enstit\u00fcs\u00fc<\/title>\n<meta name=\"description\" content=\"WSEIN - D\u00fcnya S\u00fcrd\u00fcr\u00fclebilir Enerji Enstit\u00fcs\u00fc, yenilenebilir enerji, at\u0131k y\u00f6netimi, s\u00fcrd\u00fcr\u00fclebilir ula\u015f\u0131m ve trafik, s\u00fcrd\u00fcr\u00fclebilir toplum konular\u0131nda kent \u00e7\u00f6z\u00fcmleri \u00fczerine \u00e7al\u0131\u015fan Viyana merkezli uluslararas\u0131 bir organizasyondur.\" \/>\n<meta name=\"robots\" content=\"index, follow, max-snippet:-1, max-image-preview:large, max-video-preview:-1\" \/>\n<link rel=\"canonical\" href=\"https:\/\/www.wsein.org\/tr\/dokumanlar\/\" \/>\n<meta name=\"twitter:label1\" content=\"Est. reading time\" \/>\n\t<meta name=\"twitter:data1\" content=\"2 minutes\" \/>\n<script type=\"application\/ld+json\" class=\"yoast-schema-graph\">{\"@context\":\"https:\/\/schema.org\",\"@graph\":[{\"@type\":\"WebPage\",\"@id\":\"https:\/\/www.wsein.org\/tr\/dokumanlar\/\",\"url\":\"https:\/\/www.wsein.org\/tr\/dokumanlar\/\",\"name\":\"Dok\u00fcmanlar | WSEIN - D\u00fcnya S\u00fcrd\u00fcr\u00fclebilir Enerji Enstit\u00fcs\u00fc\",\"isPartOf\":{\"@id\":\"https:\/\/www.wsein.org\/tr\/#website\"},\"primaryImageOfPage\":{\"@id\":\"https:\/\/www.wsein.org\/tr\/dokumanlar\/#primaryimage\"},\"image\":{\"@id\":\"https:\/\/www.wsein.org\/tr\/dokumanlar\/#primaryimage\"},\"thumbnailUrl\":\"https:\/\/www.wsein.org\/wp-content\/uploads\/pdf\/tr\/IMAGE_WSEIN_PRESENTATION_2018.jpg\",\"datePublished\":\"2016-04-06T14:56:39+00:00\",\"dateModified\":\"2025-03-20T14:02:22+00:00\",\"description\":\"WSEIN - D\u00fcnya S\u00fcrd\u00fcr\u00fclebilir Enerji Enstit\u00fcs\u00fc, yenilenebilir enerji, at\u0131k y\u00f6netimi, s\u00fcrd\u00fcr\u00fclebilir ula\u015f\u0131m ve trafik, s\u00fcrd\u00fcr\u00fclebilir toplum konular\u0131nda kent \u00e7\u00f6z\u00fcmleri \u00fczerine \u00e7al\u0131\u015fan Viyana merkezli uluslararas\u0131 bir organizasyondur.\",\"breadcrumb\":{\"@id\":\"https:\/\/www.wsein.org\/tr\/dokumanlar\/#breadcrumb\"},\"inLanguage\":\"tr\",\"potentialAction\":[{\"@type\":\"ReadAction\",\"target\":[\"https:\/\/www.wsein.org\/tr\/dokumanlar\/\"]}]},{\"@type\":\"ImageObject\",\"inLanguage\":\"tr\",\"@id\":\"https:\/\/www.wsein.org\/tr\/dokumanlar\/#primaryimage\",\"url\":\"https:\/\/www.wsein.org\/wp-content\/uploads\/pdf\/tr\/IMAGE_WSEIN_PRESENTATION_2018.jpg\",\"contentUrl\":\"https:\/\/www.wsein.org\/wp-content\/uploads\/pdf\/tr\/IMAGE_WSEIN_PRESENTATION_2018.jpg\"},{\"@type\":\"BreadcrumbList\",\"@id\":\"https:\/\/www.wsein.org\/tr\/dokumanlar\/#breadcrumb\",\"itemListElement\":[{\"@type\":\"ListItem\",\"position\":1,\"name\":\"Home\",\"item\":\"https:\/\/www.wsein.org\/tr\/\"},{\"@type\":\"ListItem\",\"position\":2,\"name\":\"Dok\u00fcmanlar\"}]},{\"@type\":\"WebSite\",\"@id\":\"https:\/\/www.wsein.org\/tr\/#website\",\"url\":\"https:\/\/www.wsein.org\/tr\/\",\"name\":\"WSEIN \u2212 World Sustainable Energy Institute\",\"description\":\"World Sustainable Energy Institute\",\"publisher\":{\"@id\":\"https:\/\/www.wsein.org\/tr\/#organization\"},\"potentialAction\":[{\"@type\":\"SearchAction\",\"target\":{\"@type\":\"EntryPoint\",\"urlTemplate\":\"https:\/\/www.wsein.org\/tr\/?s={search_term_string}\"},\"query-input\":{\"@type\":\"PropertyValueSpecification\",\"valueRequired\":true,\"valueName\":\"search_term_string\"}}],\"inLanguage\":\"tr\"},{\"@type\":\"Organization\",\"@id\":\"https:\/\/www.wsein.org\/tr\/#organization\",\"name\":\"WSEIN - World Sustainable Energy Institute\",\"url\":\"https:\/\/www.wsein.org\/tr\/\",\"logo\":{\"@type\":\"ImageObject\",\"inLanguage\":\"tr\",\"@id\":\"https:\/\/www.wsein.org\/tr\/#\/schema\/logo\/image\/\",\"url\":\"https:\/\/www.wsein.org\/wp-content\/uploads\/Logo_WSEIN.png\",\"contentUrl\":\"https:\/\/www.wsein.org\/wp-content\/uploads\/Logo_WSEIN.png\",\"width\":1000,\"height\":200,\"caption\":\"WSEIN - World Sustainable Energy Institute\"},\"image\":{\"@id\":\"https:\/\/www.wsein.org\/tr\/#\/schema\/logo\/image\/\"},\"sameAs\":[\"https:\/\/www.facebook.com\/WSEinitiative\"]}]}<\/script>\n<!-- \/ Yoast SEO plugin. -->","yoast_head_json":{"title":"Dok\u00fcmanlar | WSEIN - D\u00fcnya S\u00fcrd\u00fcr\u00fclebilir Enerji Enstit\u00fcs\u00fc","description":"WSEIN - D\u00fcnya S\u00fcrd\u00fcr\u00fclebilir Enerji Enstit\u00fcs\u00fc, yenilenebilir enerji, at\u0131k y\u00f6netimi, s\u00fcrd\u00fcr\u00fclebilir ula\u015f\u0131m ve trafik, s\u00fcrd\u00fcr\u00fclebilir toplum konular\u0131nda kent \u00e7\u00f6z\u00fcmleri \u00fczerine \u00e7al\u0131\u015fan Viyana merkezli uluslararas\u0131 bir organizasyondur.","robots":{"index":"index","follow":"follow","max-snippet":"max-snippet:-1","max-image-preview":"max-image-preview:large","max-video-preview":"max-video-preview:-1"},"canonical":"https:\/\/www.wsein.org\/tr\/dokumanlar\/","twitter_misc":{"Est. reading time":"2 minutes"},"schema":{"@context":"https:\/\/schema.org","@graph":[{"@type":"WebPage","@id":"https:\/\/www.wsein.org\/tr\/dokumanlar\/","url":"https:\/\/www.wsein.org\/tr\/dokumanlar\/","name":"Dok\u00fcmanlar | WSEIN - D\u00fcnya S\u00fcrd\u00fcr\u00fclebilir Enerji Enstit\u00fcs\u00fc","isPartOf":{"@id":"https:\/\/www.wsein.org\/tr\/#website"},"primaryImageOfPage":{"@id":"https:\/\/www.wsein.org\/tr\/dokumanlar\/#primaryimage"},"image":{"@id":"https:\/\/www.wsein.org\/tr\/dokumanlar\/#primaryimage"},"thumbnailUrl":"https:\/\/www.wsein.org\/wp-content\/uploads\/pdf\/tr\/IMAGE_WSEIN_PRESENTATION_2018.jpg","datePublished":"2016-04-06T14:56:39+00:00","dateModified":"2025-03-20T14:02:22+00:00","description":"WSEIN - D\u00fcnya S\u00fcrd\u00fcr\u00fclebilir Enerji Enstit\u00fcs\u00fc, yenilenebilir enerji, at\u0131k y\u00f6netimi, s\u00fcrd\u00fcr\u00fclebilir ula\u015f\u0131m ve trafik, s\u00fcrd\u00fcr\u00fclebilir toplum konular\u0131nda kent \u00e7\u00f6z\u00fcmleri \u00fczerine \u00e7al\u0131\u015fan Viyana merkezli uluslararas\u0131 bir organizasyondur.","breadcrumb":{"@id":"https:\/\/www.wsein.org\/tr\/dokumanlar\/#breadcrumb"},"inLanguage":"tr","potentialAction":[{"@type":"ReadAction","target":["https:\/\/www.wsein.org\/tr\/dokumanlar\/"]}]},{"@type":"ImageObject","inLanguage":"tr","@id":"https:\/\/www.wsein.org\/tr\/dokumanlar\/#primaryimage","url":"https:\/\/www.wsein.org\/wp-content\/uploads\/pdf\/tr\/IMAGE_WSEIN_PRESENTATION_2018.jpg","contentUrl":"https:\/\/www.wsein.org\/wp-content\/uploads\/pdf\/tr\/IMAGE_WSEIN_PRESENTATION_2018.jpg"},{"@type":"BreadcrumbList","@id":"https:\/\/www.wsein.org\/tr\/dokumanlar\/#breadcrumb","itemListElement":[{"@type":"ListItem","position":1,"name":"Home","item":"https:\/\/www.wsein.org\/tr\/"},{"@type":"ListItem","position":2,"name":"Dok\u00fcmanlar"}]},{"@type":"WebSite","@id":"https:\/\/www.wsein.org\/tr\/#website","url":"https:\/\/www.wsein.org\/tr\/","name":"WSEIN \u2212 World Sustainable Energy Institute","description":"World Sustainable Energy Institute","publisher":{"@id":"https:\/\/www.wsein.org\/tr\/#organization"},"potentialAction":[{"@type":"SearchAction","target":{"@type":"EntryPoint","urlTemplate":"https:\/\/www.wsein.org\/tr\/?s={search_term_string}"},"query-input":{"@type":"PropertyValueSpecification","valueRequired":true,"valueName":"search_term_string"}}],"inLanguage":"tr"},{"@type":"Organization","@id":"https:\/\/www.wsein.org\/tr\/#organization","name":"WSEIN - World Sustainable Energy Institute","url":"https:\/\/www.wsein.org\/tr\/","logo":{"@type":"ImageObject","inLanguage":"tr","@id":"https:\/\/www.wsein.org\/tr\/#\/schema\/logo\/image\/","url":"https:\/\/www.wsein.org\/wp-content\/uploads\/Logo_WSEIN.png","contentUrl":"https:\/\/www.wsein.org\/wp-content\/uploads\/Logo_WSEIN.png","width":1000,"height":200,"caption":"WSEIN - World Sustainable Energy Institute"},"image":{"@id":"https:\/\/www.wsein.org\/tr\/#\/schema\/logo\/image\/"},"sameAs":["https:\/\/www.facebook.com\/WSEinitiative"]}]}},"_links":{"self":[{"href":"https:\/\/www.wsein.org\/tr\/wp-json\/wp\/v2\/pages\/7016","targetHints":{"allow":["GET"]}}],"collection":[{"href":"https:\/\/www.wsein.org\/tr\/wp-json\/wp\/v2\/pages"}],"about":[{"href":"https:\/\/www.wsein.org\/tr\/wp-json\/wp\/v2\/types\/page"}],"author":[{"embeddable":true,"href":"https:\/\/www.wsein.org\/tr\/wp-json\/wp\/v2\/users\/5"}],"replies":[{"embeddable":true,"href":"https:\/\/www.wsein.org\/tr\/wp-json\/wp\/v2\/comments?post=7016"}],"version-history":[{"count":1,"href":"https:\/\/www.wsein.org\/tr\/wp-json\/wp\/v2\/pages\/7016\/revisions"}],"predecessor-version":[{"id":14949,"href":"https:\/\/www.wsein.org\/tr\/wp-json\/wp\/v2\/pages\/7016\/revisions\/14949"}],"wp:attachment":[{"href":"https:\/\/www.wsein.org\/tr\/wp-json\/wp\/v2\/media?parent=7016"}],"curies":[{"name":"wp","href":"https:\/\/api.w.org\/{rel}","templated":true}]}}