{"id":7019,"date":"2016-04-06T17:01:11","date_gmt":"2016-04-06T15:01:11","guid":{"rendered":"http:\/\/www.wsein.org\/tr\/?page_id=7019"},"modified":"2020-01-12T15:15:45","modified_gmt":"2020-01-12T14:15:45","slug":"gokhan-yildirim","status":"publish","type":"page","link":"https:\/\/www.wsein.org\/tr\/enstitu\/takim\/gokhan-yildirim\/","title":{"rendered":"Y\u00fcksek M\u00fchendis G\u00f6khan Y\u0131ld\u0131r\u0131m"},"content":{"rendered":"<div id=\"pl-7019\"  class=\"panel-layout\" ><div id=\"pg-7019-0\"  class=\"panel-grid panel-no-style\" ><div id=\"pgc-7019-0-0\"  class=\"panel-grid-cell\" ><div id=\"panel-7019-0-0-0\" class=\"so-panel widget widget_sow-editor panel-first-child panel-last-child\" data-index=\"0\" ><div\n\t\t\t\n\t\t\tclass=\"so-widget-sow-editor so-widget-sow-editor-base\"\n\t\t\t\n\t\t>\n<div class=\"siteorigin-widget-tinymce textwidget\">\n\t<p><img fetchpriority=\"high\" fetchpriority=\"high\" decoding=\"async\" class=\"alignnone wp-image-2329 size-full\" src=\"https:\/\/www.wsein.org\/wp-content\/uploads\/team\/yildirim-all.jpg\" alt=\"MSc. G\u00f6khan Yildirim\" width=\"1075\" height=\"358\" \/><\/p>\n<p style=\"font-family: Georgia; font-size: 21px; line-height: 1.5em; padding-bottom: 10px;\">Benim vizyonum gelicek nesillerin Viyana gibi s\u00fcrd\u00fcr\u00fclebilir \u015fehirlerde b\u00fcy\u00fcmesidir. G\u00f6khan Y\u0131ld\u0131r\u0131m<\/p>\n<\/div>\n<\/div><\/div><\/div><\/div><div id=\"pg-7019-1\"  class=\"panel-grid panel-no-style\" ><div id=\"pgc-7019-1-0\"  class=\"panel-grid-cell\" ><div id=\"panel-7019-1-0-0\" class=\"so-panel widget widget_sow-editor panel-first-child panel-last-child\" data-index=\"1\" ><div\n\t\t\t\n\t\t\tclass=\"so-widget-sow-editor so-widget-sow-editor-base\"\n\t\t\t\n\t\t>\n<div class=\"siteorigin-widget-tinymce textwidget\">\n\t<h2>Y\u00fcksek M\u00fchendis G\u00f6khan Y\u0131ld\u0131r\u0131m<\/h2>\n<h3 style=\"color: #be0000;\">Y\u00d6NET\u0130M KURULU<\/h3>\n<h3>WSEIN Ba\u015fkan\u0131<\/h3>\n<\/div>\n<\/div><\/div><\/div><div id=\"pgc-7019-1-1\"  class=\"panel-grid-cell\" ><div id=\"panel-7019-1-1-0\" class=\"so-panel widget widget_black-studio-tinymce widget_black_studio_tinymce panel-first-child\" data-index=\"2\" ><div class=\"textwidget\"><h4 style=\"padding-top: 15px;\">\u0130LET\u0130\u015e\u0130M<\/h4>\n<div class=\"thim-footer-location\">\n<p class=\"info\"><i class=\"fa fa-phone\"><\/i><a href=\"tel:+4369910044848\"> +43 699 1004 4848<\/a><\/p>\n<p class=\"info\"><i class=\"fa fa-envelope\"><\/i><a href=\"mailto:goekhan.yildirim@wsein.org\"> goekhan.yildirim@wsein.org<\/a><\/p>\n<\/div>\n<\/div><\/div><div id=\"panel-7019-1-1-1\" class=\"so-panel widget widget_social panel-last-child\" data-index=\"3\" ><div class=\"thim-widget-social template-base\"><div class=\"thim-social\">\n\t\t<ul class=\"social_link\">\n\t\t<li><a class=\"facebook hasTooltip\" href=\"https:\/\/www.facebook.com\/WSEinitiative\" target=\"_self\"><i class=\"edu-facebook\"><\/i><\/a><\/li><li><a class=\"linkedin hasTooltip\" href=\"https:\/\/at.linkedin.com\/in\/g\u00f6khan-yildirim-a5070b26\" target=\"_self\" ><i class=\"edu-linkedin\"><\/i><\/a><\/li>\t<\/ul>\n<\/div>\n<\/div><\/div><\/div><\/div><div id=\"pg-7019-2\"  class=\"panel-grid panel-no-style\" ><div id=\"pgc-7019-2-0\"  class=\"panel-grid-cell\" ><div id=\"panel-7019-2-0-0\" class=\"so-panel widget widget_sow-editor panel-first-child panel-last-child\" data-index=\"4\" ><div\n\t\t\t\n\t\t\tclass=\"so-widget-sow-editor so-widget-sow-editor-base\"\n\t\t\t\n\t\t>\n<div class=\"siteorigin-widget-tinymce textwidget\">\n\t<hr \/>\n<p style=\"padding-bottom: 15px;\">\u0130stanbul, T\u00fcrkiye do\u011fumlu<\/p>\n<h4>\u00c7ALI\u015eMALAR<\/h4>\n<p>\u0130stanbul Y\u0131ld\u0131z Teknik \u00dcniversitesi M\u00fchendislik B\u00f6l\u00fcm\u00fc (Lisans)<br \/>\nViyana Teknik \u00dcniversitesi, Avusturya (Y\u00fcksek Lisans)<\/p>\n<p>B\u00fct\u00fcnle\u015ftirici Trafik Planlamas\u0131, Ula\u015f\u0131m Planlama, Belediye Y\u00f6netimi alanlar\u0131nda \u00e7al\u0131\u015fmalar<\/p>\n<p>Studies focus on Integrative Traffic Planning, Transport Planning, Management of Municipalities<\/p>\n<h6>Y\u00fcksek Lisans Tezi<br \/>\n\u00abTrafik Planlamas\u0131nda Ekolojik Ayak \u0130zi Kullan\u0131m\u0131 ve bu y\u00f6ntemle \u0130stanbul ve Viyana aras\u0131ndaki Yolcu Trafi\u011fi Yap\u0131s\u0131 Kar\u015f\u0131la\u015ft\u0131r\u0131lmas\u0131\u00bb<\/h6>\n<hr \/>\n<h4>\u0130LER\u0130 E\u011e\u0130T\u0130M<\/h4>\n<p>2010 \u2212 2011, S\u00fcrd\u00fcr\u00fclebilir Enerji \u00c7\u00f6z\u00fcmleri, Uygulamal\u0131 Bilimler \u00dcniversitesi \/ FH Pinkafeld<br \/>\n2010, y\u0131l\u0131nda \u00c7\u00f6plerin Mekanik ve Termik olarak de\u011ferlendirilmesi konusunda uzmanl\u0131k ve yeterlilik belgesi,<br \/>\nAvusturya Su ve At\u0131k Y\u00f6netimi Derne\u011fi (\u00d6WAV), <a href=\"https:\/\/www.wsein.org\/wp-content\/uploads\/OEWAV_Certificate.pdf\" target=\"_blank\" rel=\"noopener\">At\u0131k Enerjisi Sertifikas\u0131<\/a><br \/>\n2008, Proje Y\u00f6netimi, Uygulamal\u0131 Bilimler \u00dcniversitesi Diploma Kursu \/ BFI Viyana<br \/>\n2008 \u2212 2007, \u0130\u015fletme Y\u00f6netimi \/ WIFI Viyana<\/p>\n<hr \/>\n<h4>PROFESYONEL TECR\u00dcBE<\/h4>\n<p>2014 \u2212 halen, D\u00fcnya S\u00fcrd\u00fcr\u00fclebilir Enerji Enstit\u00fcs\u00fc Kurucu Ba\u015fkan (WSEIN)<br \/>\n2013 \u2212 halen, WSE Giri\u015fimi Kurucusu ve Global Direkt\u00f6r\u00fc<br \/>\n2011, ABD Program\u0131 \"Yeni bir ba\u015flang\u0131\u00e7 - Giri\u015fimcilik ve \u0130\u015f D\u00fcnyas\u0131nda \u0130novasyon\"<br \/>\n2010 \u2212 halen, DE\u0130K - DT\u0130K, Avusturya D\u00fcnya T\u00fcrk \u0130\u015f Konseyi Avrupa B\u00f6lge \u00dcyesi<br \/>\n2009, \u0130stanbul Reviesta T\u00fcrkiye Kurucusu Mart 2009, Reviesta Consulting Group, \u00c7evre Teknolojileri E.\u00dc., Kurucu ve Y\u00f6neticisi<br \/>\n2009, y\u0131l\u0131nda Biyok\u00fctle Projesi Fach Hochschule Pinkafeld<br \/>\n2007 \u2212 2008, REHAU - G\u00fcneydo\u011fu Avrupa Polimer \u00c7\u00f6z\u00fcmleri, Pazarlama, Da\u011f\u0131t\u0131m ve Kontrol<br \/>\n2006 \u2212 2007, Uluslararas\u0131 Projeler ve Pazarlama, DOKA Kal\u0131plar\u0131 LTD., Avusturya<br \/>\n1993 \u2212 2003, \u0130stanbul B\u00f6lge M\u00fcd\u00fcr\u00fc, Y\u0131ld\u0131r\u0131m Elektronik<\/p>\n<hr \/>\n<h4>KONFERANSLAR \u2212 SEM\u0130NERLER<\/h4>\n<p>2015, \"B\u00fct\u00fcnle\u015fik S\u00fcrd\u00fcr\u00fclebilir \u015eehir \u00c7\u00f6z\u00fcmler\" Konu\u015fmac\u0131, T\u00fcrkmenistan Bilimler Akademisi Teknoloji Merkezi, A\u015fkabat, T\u00fcrkmenistan<br \/>\n2015, 3. D\u00fcnya Geli\u015fen Sekt\u00f6rler Zirvesi \u2013 Kat\u0131l\u0131mc\u0131, Wuhan City, \u00c7in<br \/>\n2014, \"Kentler i\u00e7in S\u00fcrd\u00fcr\u00fclebilir \u00c7\u00f6z\u00fcmler ile Avrupa Enerji Ba\u011f\u0131ms\u0131zl\u0131\u011f\u0131\" Konu\u015fmac\u0131, T\u00fcrkmenistan Bilimler Akademisi Teknoloji Merkezi, A\u015fkabat, T\u00fcrkmenistan<br \/>\n2014, \"Entegre s\u00fcrd\u00fcr\u00fclebilir \u015fehir \u00c7\u00f6z\u00fcmler\" \u00c7al\u0131\u015ftay\u0131, Tiran, Arnavutluk Vitrina \u00dcniversitesi<br \/>\n2013, 2. D\u00fcnya Geli\u015fen Sekt\u00f6rler Zirvesi \"S\u00fcrd\u00fcr\u00fclebilir \u015eehirler\" Konu\u015fmac\u0131, Wuhan City, \u00c7in<\/p>\n<hr \/>\n<h4>D\u0130LLER<\/h4>\n<p>\u0130ngilizce, T\u00fcrk\u00e7e, Almanca<\/p>\n<p style=\"font-size: 11px; padding-top: 10px;\">Foto\u011fraflar \u00a9 Ismail G\u00f6kmen, Viyana<\/p>\n<\/div>\n<\/div><\/div><\/div><\/div><\/div>","protected":false},"excerpt":{"rendered":"<p>Benim vizyonum gelicek nesillerin Viyana gibi s\u00fcrd\u00fcr\u00fclebilir \u015fehirlerde b\u00fcy\u00fcmesidir. G\u00f6khan Y\u0131ld\u0131r\u0131m Y\u00fcksek M\u00fchendis G\u00f6khan Y\u0131ld\u0131r\u0131m Y\u00d6NET\u0130M KURULU WSEIN Ba\u015fkan\u0131 \u0130LET\u0130\u015e\u0130M +43 699 1004 4848 goekhan.yildirim@wsein.org<\/p>\n","protected":false},"author":5,"featured_media":0,"parent":7004,"menu_order":0,"comment_status":"closed","ping_status":"closed","template":"","meta":{"footnotes":"","_links_to":"","_links_to_target":""},"class_list":["post-7019","page","type-page","status-publish","hentry"],"yoast_head":"<!-- This site is optimized with the Yoast SEO plugin v27.1.1 - https:\/\/yoast.com\/product\/yoast-seo-wordpress\/ -->\n<title>Y\u00fcksek M\u00fchendis G\u00f6khan Y\u0131ld\u0131r\u0131m | WSEIN - D\u00fcnya S\u00fcrd\u00fcr\u00fclebilir Enerji Enstit\u00fcs\u00fc<\/title>\n<meta name=\"description\" content=\"WSEIN - D\u00fcnya S\u00fcrd\u00fcr\u00fclebilir Enerji Enstit\u00fcs\u00fc, yenilenebilir enerji, at\u0131k y\u00f6netimi, s\u00fcrd\u00fcr\u00fclebilir ula\u015f\u0131m ve trafik, s\u00fcrd\u00fcr\u00fclebilir toplum konular\u0131nda kent \u00e7\u00f6z\u00fcmleri \u00fczerine \u00e7al\u0131\u015fan Viyana merkezli uluslararas\u0131 bir organizasyondur.\" \/>\n<meta name=\"robots\" content=\"index, follow, max-snippet:-1, max-image-preview:large, max-video-preview:-1\" \/>\n<link rel=\"canonical\" href=\"https:\/\/www.wsein.org\/tr\/enstitu\/takim\/gokhan-yildirim\/\" \/>\n<meta name=\"twitter:label1\" content=\"Est. reading time\" \/>\n\t<meta name=\"twitter:data1\" content=\"2 minutes\" \/>\n<script type=\"application\/ld+json\" class=\"yoast-schema-graph\">{\"@context\":\"https:\/\/schema.org\",\"@graph\":[{\"@type\":\"WebPage\",\"@id\":\"https:\/\/www.wsein.org\/tr\/enstitu\/takim\/gokhan-yildirim\/\",\"url\":\"https:\/\/www.wsein.org\/tr\/enstitu\/takim\/gokhan-yildirim\/\",\"name\":\"Y\u00fcksek M\u00fchendis G\u00f6khan Y\u0131ld\u0131r\u0131m | WSEIN - D\u00fcnya S\u00fcrd\u00fcr\u00fclebilir Enerji Enstit\u00fcs\u00fc\",\"isPartOf\":{\"@id\":\"https:\/\/www.wsein.org\/tr\/#website\"},\"primaryImageOfPage\":{\"@id\":\"https:\/\/www.wsein.org\/tr\/enstitu\/takim\/gokhan-yildirim\/#primaryimage\"},\"image\":{\"@id\":\"https:\/\/www.wsein.org\/tr\/enstitu\/takim\/gokhan-yildirim\/#primaryimage\"},\"thumbnailUrl\":\"https:\/\/www.wsein.org\/wp-content\/uploads\/team\/yildirim-all.jpg\",\"datePublished\":\"2016-04-06T15:01:11+00:00\",\"dateModified\":\"2020-01-12T14:15:45+00:00\",\"description\":\"WSEIN - D\u00fcnya S\u00fcrd\u00fcr\u00fclebilir Enerji Enstit\u00fcs\u00fc, yenilenebilir enerji, at\u0131k y\u00f6netimi, s\u00fcrd\u00fcr\u00fclebilir ula\u015f\u0131m ve trafik, s\u00fcrd\u00fcr\u00fclebilir toplum konular\u0131nda kent \u00e7\u00f6z\u00fcmleri \u00fczerine \u00e7al\u0131\u015fan Viyana merkezli uluslararas\u0131 bir organizasyondur.\",\"breadcrumb\":{\"@id\":\"https:\/\/www.wsein.org\/tr\/enstitu\/takim\/gokhan-yildirim\/#breadcrumb\"},\"inLanguage\":\"tr\",\"potentialAction\":[{\"@type\":\"ReadAction\",\"target\":[\"https:\/\/www.wsein.org\/tr\/enstitu\/takim\/gokhan-yildirim\/\"]}]},{\"@type\":\"ImageObject\",\"inLanguage\":\"tr\",\"@id\":\"https:\/\/www.wsein.org\/tr\/enstitu\/takim\/gokhan-yildirim\/#primaryimage\",\"url\":\"https:\/\/www.wsein.org\/wp-content\/uploads\/team\/yildirim-all.jpg\",\"contentUrl\":\"https:\/\/www.wsein.org\/wp-content\/uploads\/team\/yildirim-all.jpg\"},{\"@type\":\"BreadcrumbList\",\"@id\":\"https:\/\/www.wsein.org\/tr\/enstitu\/takim\/gokhan-yildirim\/#breadcrumb\",\"itemListElement\":[{\"@type\":\"ListItem\",\"position\":1,\"name\":\"Home\",\"item\":\"https:\/\/www.wsein.org\/tr\/\"},{\"@type\":\"ListItem\",\"position\":2,\"name\":\"Enstit\u00fc\",\"item\":\"https:\/\/www.wsein.org\/tr\/enstitu\/\"},{\"@type\":\"ListItem\",\"position\":3,\"name\":\"Tak\u0131m\",\"item\":\"https:\/\/www.wsein.org\/tr\/enstitu\/takim\/\"},{\"@type\":\"ListItem\",\"position\":4,\"name\":\"Y\u00fcksek M\u00fchendis G\u00f6khan Y\u0131ld\u0131r\u0131m\"}]},{\"@type\":\"WebSite\",\"@id\":\"https:\/\/www.wsein.org\/tr\/#website\",\"url\":\"https:\/\/www.wsein.org\/tr\/\",\"name\":\"WSEIN \u2212 World Sustainable Energy Institute\",\"description\":\"World Sustainable Energy Institute\",\"publisher\":{\"@id\":\"https:\/\/www.wsein.org\/tr\/#organization\"},\"potentialAction\":[{\"@type\":\"SearchAction\",\"target\":{\"@type\":\"EntryPoint\",\"urlTemplate\":\"https:\/\/www.wsein.org\/tr\/?s={search_term_string}\"},\"query-input\":{\"@type\":\"PropertyValueSpecification\",\"valueRequired\":true,\"valueName\":\"search_term_string\"}}],\"inLanguage\":\"tr\"},{\"@type\":\"Organization\",\"@id\":\"https:\/\/www.wsein.org\/tr\/#organization\",\"name\":\"WSEIN - World Sustainable Energy Institute\",\"url\":\"https:\/\/www.wsein.org\/tr\/\",\"logo\":{\"@type\":\"ImageObject\",\"inLanguage\":\"tr\",\"@id\":\"https:\/\/www.wsein.org\/tr\/#\/schema\/logo\/image\/\",\"url\":\"https:\/\/www.wsein.org\/wp-content\/uploads\/Logo_WSEIN.png\",\"contentUrl\":\"https:\/\/www.wsein.org\/wp-content\/uploads\/Logo_WSEIN.png\",\"width\":1000,\"height\":200,\"caption\":\"WSEIN - World Sustainable Energy Institute\"},\"image\":{\"@id\":\"https:\/\/www.wsein.org\/tr\/#\/schema\/logo\/image\/\"},\"sameAs\":[\"https:\/\/www.facebook.com\/WSEinitiative\"]}]}<\/script>\n<!-- \/ Yoast SEO plugin. -->","yoast_head_json":{"title":"Y\u00fcksek M\u00fchendis G\u00f6khan Y\u0131ld\u0131r\u0131m | WSEIN - D\u00fcnya S\u00fcrd\u00fcr\u00fclebilir Enerji Enstit\u00fcs\u00fc","description":"WSEIN - D\u00fcnya S\u00fcrd\u00fcr\u00fclebilir Enerji Enstit\u00fcs\u00fc, yenilenebilir enerji, at\u0131k y\u00f6netimi, s\u00fcrd\u00fcr\u00fclebilir ula\u015f\u0131m ve trafik, s\u00fcrd\u00fcr\u00fclebilir toplum konular\u0131nda kent \u00e7\u00f6z\u00fcmleri \u00fczerine \u00e7al\u0131\u015fan Viyana merkezli uluslararas\u0131 bir organizasyondur.","robots":{"index":"index","follow":"follow","max-snippet":"max-snippet:-1","max-image-preview":"max-image-preview:large","max-video-preview":"max-video-preview:-1"},"canonical":"https:\/\/www.wsein.org\/tr\/enstitu\/takim\/gokhan-yildirim\/","twitter_misc":{"Est. reading time":"2 minutes"},"schema":{"@context":"https:\/\/schema.org","@graph":[{"@type":"WebPage","@id":"https:\/\/www.wsein.org\/tr\/enstitu\/takim\/gokhan-yildirim\/","url":"https:\/\/www.wsein.org\/tr\/enstitu\/takim\/gokhan-yildirim\/","name":"Y\u00fcksek M\u00fchendis G\u00f6khan Y\u0131ld\u0131r\u0131m | WSEIN - D\u00fcnya S\u00fcrd\u00fcr\u00fclebilir Enerji Enstit\u00fcs\u00fc","isPartOf":{"@id":"https:\/\/www.wsein.org\/tr\/#website"},"primaryImageOfPage":{"@id":"https:\/\/www.wsein.org\/tr\/enstitu\/takim\/gokhan-yildirim\/#primaryimage"},"image":{"@id":"https:\/\/www.wsein.org\/tr\/enstitu\/takim\/gokhan-yildirim\/#primaryimage"},"thumbnailUrl":"https:\/\/www.wsein.org\/wp-content\/uploads\/team\/yildirim-all.jpg","datePublished":"2016-04-06T15:01:11+00:00","dateModified":"2020-01-12T14:15:45+00:00","description":"WSEIN - D\u00fcnya S\u00fcrd\u00fcr\u00fclebilir Enerji Enstit\u00fcs\u00fc, yenilenebilir enerji, at\u0131k y\u00f6netimi, s\u00fcrd\u00fcr\u00fclebilir ula\u015f\u0131m ve trafik, s\u00fcrd\u00fcr\u00fclebilir toplum konular\u0131nda kent \u00e7\u00f6z\u00fcmleri \u00fczerine \u00e7al\u0131\u015fan Viyana merkezli uluslararas\u0131 bir organizasyondur.","breadcrumb":{"@id":"https:\/\/www.wsein.org\/tr\/enstitu\/takim\/gokhan-yildirim\/#breadcrumb"},"inLanguage":"tr","potentialAction":[{"@type":"ReadAction","target":["https:\/\/www.wsein.org\/tr\/enstitu\/takim\/gokhan-yildirim\/"]}]},{"@type":"ImageObject","inLanguage":"tr","@id":"https:\/\/www.wsein.org\/tr\/enstitu\/takim\/gokhan-yildirim\/#primaryimage","url":"https:\/\/www.wsein.org\/wp-content\/uploads\/team\/yildirim-all.jpg","contentUrl":"https:\/\/www.wsein.org\/wp-content\/uploads\/team\/yildirim-all.jpg"},{"@type":"BreadcrumbList","@id":"https:\/\/www.wsein.org\/tr\/enstitu\/takim\/gokhan-yildirim\/#breadcrumb","itemListElement":[{"@type":"ListItem","position":1,"name":"Home","item":"https:\/\/www.wsein.org\/tr\/"},{"@type":"ListItem","position":2,"name":"Enstit\u00fc","item":"https:\/\/www.wsein.org\/tr\/enstitu\/"},{"@type":"ListItem","position":3,"name":"Tak\u0131m","item":"https:\/\/www.wsein.org\/tr\/enstitu\/takim\/"},{"@type":"ListItem","position":4,"name":"Y\u00fcksek M\u00fchendis G\u00f6khan Y\u0131ld\u0131r\u0131m"}]},{"@type":"WebSite","@id":"https:\/\/www.wsein.org\/tr\/#website","url":"https:\/\/www.wsein.org\/tr\/","name":"WSEIN \u2212 World Sustainable Energy Institute","description":"World Sustainable Energy Institute","publisher":{"@id":"https:\/\/www.wsein.org\/tr\/#organization"},"potentialAction":[{"@type":"SearchAction","target":{"@type":"EntryPoint","urlTemplate":"https:\/\/www.wsein.org\/tr\/?s={search_term_string}"},"query-input":{"@type":"PropertyValueSpecification","valueRequired":true,"valueName":"search_term_string"}}],"inLanguage":"tr"},{"@type":"Organization","@id":"https:\/\/www.wsein.org\/tr\/#organization","name":"WSEIN - World Sustainable Energy Institute","url":"https:\/\/www.wsein.org\/tr\/","logo":{"@type":"ImageObject","inLanguage":"tr","@id":"https:\/\/www.wsein.org\/tr\/#\/schema\/logo\/image\/","url":"https:\/\/www.wsein.org\/wp-content\/uploads\/Logo_WSEIN.png","contentUrl":"https:\/\/www.wsein.org\/wp-content\/uploads\/Logo_WSEIN.png","width":1000,"height":200,"caption":"WSEIN - World Sustainable Energy Institute"},"image":{"@id":"https:\/\/www.wsein.org\/tr\/#\/schema\/logo\/image\/"},"sameAs":["https:\/\/www.facebook.com\/WSEinitiative"]}]}},"_links":{"self":[{"href":"https:\/\/www.wsein.org\/tr\/wp-json\/wp\/v2\/pages\/7019","targetHints":{"allow":["GET"]}}],"collection":[{"href":"https:\/\/www.wsein.org\/tr\/wp-json\/wp\/v2\/pages"}],"about":[{"href":"https:\/\/www.wsein.org\/tr\/wp-json\/wp\/v2\/types\/page"}],"author":[{"embeddable":true,"href":"https:\/\/www.wsein.org\/tr\/wp-json\/wp\/v2\/users\/5"}],"replies":[{"embeddable":true,"href":"https:\/\/www.wsein.org\/tr\/wp-json\/wp\/v2\/comments?post=7019"}],"version-history":[{"count":0,"href":"https:\/\/www.wsein.org\/tr\/wp-json\/wp\/v2\/pages\/7019\/revisions"}],"up":[{"embeddable":true,"href":"https:\/\/www.wsein.org\/tr\/wp-json\/wp\/v2\/pages\/7004"}],"wp:attachment":[{"href":"https:\/\/www.wsein.org\/tr\/wp-json\/wp\/v2\/media?parent=7019"}],"curies":[{"name":"wp","href":"https:\/\/api.w.org\/{rel}","templated":true}]}}