{"id":7062,"date":"2016-04-06T20:48:45","date_gmt":"2016-04-06T18:48:45","guid":{"rendered":"http:\/\/www.wsein.org\/tr\/?page_id=7062"},"modified":"2016-04-20T13:19:27","modified_gmt":"2016-04-20T11:19:27","slug":"karl-lorber","status":"publish","type":"page","link":"https:\/\/www.wsein.org\/tr\/enstitu\/takim\/karl-lorber\/","title":{"rendered":"Prof. Dr.-Ing. Karl E. Lorber"},"content":{"rendered":"<h2>Prof. Dr. Karl E. Lorber<\/h2>\n<h3 style=\"color: #be0000;\">DANI\u015eMA KURULU \u00dcYES\u0130 \/ \u00c7EVRE<\/h3>\n<h3>Enerji S\u00fcrd\u00fcr\u00fclebilir \u00c7evre \/ At\u0131k<\/h3>\n<hr \/>\n<p style=\"padding-bottom: 15px;\">Carinthia, Avusturya do\u011fumlu<\/p>\n<h4>\u00c7ALI\u015eMALAR<\/h4>\n<p>Graz Teknik \u00dcniversitesi Kimya ve Kimya M\u00fchendisli\u011fi (TU)<br \/>\nDoktora derecesi<\/p>\n<hr \/>\n<h4>PROFESYONEL KAR\u0130YER<\/h4>\n<p>1971 &minus; 1978, TU Graz \u00d6\u011fretim \u00dcyesi \u00dcniversite Asistan\u0131<br \/>\n1976 &minus; 1975, Misafir Bilimci, Standartlar ve Teknoloji Ulusal Enstit\u00fcs\u00fc, (NIST), Washington DC, ABD<br \/>\n1978 &minus; 1993 \u00c7evre Kimya Profes\u00f6r\u00fc, \u00c7evre M\u00fchendisli\u011fi B\u00f6l\u00fcm\u00fc, Berlin Teknik \u00dcniversitesi<br \/>\n1980 &minus; halen, Uzman , \u00c7evre M\u00fchendisli\u011fi, At\u0131k Y\u00f6netimi ve Site \u0130yile\u015ftirme<br \/>\n1990 &minus; 1992, Konuk professor, Almanya&#8217;daki Kirlenmi\u015f Siteleri \u0130yile\u015ftirme, Cottbus Teknik \u00dcniversitesi<br \/>\n1993 &minus; halen, Profes\u00f6r &#8220;S\u00fcrd\u00fcr\u00fclebilir At\u0131k Y\u00f6netimi Teknolojileri, Avusturya \u00c7al\u0131\u015fma Program\u0131 Sorumlu<\/p>\n<p>S\u00fcrd\u00fcr\u00fclebilir At\u0131k Y\u00f6netimi ve Teknolojileri Enstit\u00fc Ba\u015fkan\u0131 (IAE)<br \/>\n&#8220;End\u00fcstri \u00c7evre M\u00fchendisli\u011fi&#8221; Avusturya \u00c7evre Bakanl\u0131\u011f\u0131 Ulusal Dan\u0131\u015fma Kurulu \u00dcyesi (WASA)<br \/>\nH\u00fck\u00fcmet At\u0131k Y\u00f6netimi, D\u00fczenli At\u0131k Depolama Teknolojileri, \u0130yile\u015ftirme ve \u00c7evre M\u00fchendisli\u011fi yetkili Dan\u0131\u015fman\u0131 (Bilirki\u015filik)<br \/>\n1998 &minus; 2002, Avrupa Birli\u011fi INCO-DC-Projesi &#8220;deri sanayi \u00e7evresel etkilerinin azalt\u0131lmas\u0131&#8221;<br \/>\n(EILT) Koordinat\u00f6rl\u00fc\u011f\u00fc<br \/>\n2005 &minus; halen, Yay\u0131n Kurulu \u00dcyesi, At\u0131k Y\u00f6netimi ve Ara\u015ft\u0131rmas\u0131, Y\u00f6netim Edit\u00f6r\u00fc, ISWA Dergi (WM &#038; R),<br \/>\n1992 &minus; 1993, De\u011ferlendirme J\u00fcri \u00dcyesi, \u0130yile\u015ftirme Projesi, SMDK K\u00f6lliken, \u0130svi\u00e7re<br \/>\n1993 &minus; halen, Organizat\u00f6r At\u0131k Ar\u0131tma, At\u0131k Y\u00f6netimi \u0130yile\u015ftirilmesi DEPOTECH (www.depotech.at)<br \/>\n2008, De\u011ferlendirme J\u00fcri \u00dcyesi, Saha \u0130yile\u015ftirme Projesi, Tuttendorfer Breite, Avusturya<\/p>\n<hr \/>\n<h4>\u00dcYEL\u0130KLER<\/h4>\n<p>Avusturya \u00c7evre Bakanl\u0131\u011f\u0131 Ulusal Dan\u0131\u015fma Kurulu (WASA)<br \/>\nGeri D\u00f6n\u00fc\u015f\u00fcm Kongresi Uluslararas\u0131<br \/>\nProgram (IRC) Komitesi, Berlin<br \/>\nAvusturya Su ve At\u0131k Y\u00f6netimi Derne\u011fi (\u00d6WAV)<br \/>\nAlman M\u00fchendisler Birli\u011fi (VDI)<br \/>\nAlman Kimyagerler Derne\u011fi (GDCh)<br \/>\nAvusturya Kimyagerler Derne\u011fi<br \/>\nUluslararas\u0131 Kat\u0131 At\u0131k Birli\u011fi (ISWA)<\/p>\n<hr \/>\n<h4>D\u0130L ve YETERL\u0130K DERECES\u0130<\/h4>\n<p>Almanca (anadil)<br \/>\n\u0130ngilizce (m\u00fckemmel)<br \/>\n\u0130spanyolca (\u00e7al\u0131\u015fma kullan\u0131m d\u00fczeyi)<\/p>\n<hr \/>\n<h4>\u0130\u015e DENEY\u0130M\u0130 \u00dcLKELER BAZINDA<\/h4>\n<p>Avusturya, Almanya, Hindistan, Tayland, \u00c7in, Amerika Birle\u015fik Devletleri (ABD), T\u00fcrkiye, \u015eili, Ekvador, Brezilya, Peru, \u0130spanya, Romanya<\/p>\n<hr \/>\n<h4>YETK\u0130NL\u0130KLER<\/h4>\n<p>\u00c7evre M\u00fchendisli\u011fi<br \/>\nAnalitik Kimya<br \/>\nS\u00fcrd\u00fcr\u00fclebilir At\u0131k Y\u00f6netimi<br \/>\n\u0130yile\u015ftirme ve Bertaraf Teknolojileri<br \/>\nD\u00fczenli Depolama<br \/>\nRemediasyon<br \/>\n\u2018Brownfield\u2019 Geli\u015ftirme<br \/>\nProje Y\u00f6netimi<br \/>\nYorum ve Yay\u0131n \u00c7al\u0131\u015fmalar\u0131<\/p>\n","protected":false},"excerpt":{"rendered":"<p>Prof. Dr. Karl E. Lorber DANI\u015eMA KURULU \u00dcYES\u0130 \/ \u00c7EVRE Enerji S\u00fcrd\u00fcr\u00fclebilir \u00c7evre \/ At\u0131k Carinthia, Avusturya do\u011fumlu \u00c7ALI\u015eMALAR Graz Teknik \u00dcniversitesi Kimya ve Kimya M\u00fchendisli\u011fi (TU) Doktora derecesi PROFESYONEL &hellip; <\/p>\n","protected":false},"author":5,"featured_media":0,"parent":7004,"menu_order":0,"comment_status":"closed","ping_status":"closed","template":"","meta":{"footnotes":"","_links_to":"","_links_to_target":""},"class_list":["post-7062","page","type-page","status-publish","hentry"],"yoast_head":"<!-- This site is optimized with the Yoast SEO plugin v27.1.1 - https:\/\/yoast.com\/product\/yoast-seo-wordpress\/ -->\n<title>Prof. Dr.-Ing. Karl E. Lorber | WSEIN - D\u00fcnya S\u00fcrd\u00fcr\u00fclebilir Enerji Enstit\u00fcs\u00fc<\/title>\n<meta name=\"description\" content=\"WSEIN - D\u00fcnya S\u00fcrd\u00fcr\u00fclebilir Enerji Enstit\u00fcs\u00fc, yenilenebilir enerji, at\u0131k y\u00f6netimi, s\u00fcrd\u00fcr\u00fclebilir ula\u015f\u0131m ve trafik, s\u00fcrd\u00fcr\u00fclebilir toplum konular\u0131nda kent \u00e7\u00f6z\u00fcmleri \u00fczerine \u00e7al\u0131\u015fan Viyana merkezli uluslararas\u0131 bir organizasyondur.\" \/>\n<meta name=\"robots\" content=\"index, follow, max-snippet:-1, max-image-preview:large, max-video-preview:-1\" \/>\n<link rel=\"canonical\" href=\"https:\/\/www.wsein.org\/tr\/enstitu\/takim\/karl-lorber\/\" \/>\n<meta name=\"twitter:label1\" content=\"Est. reading time\" \/>\n\t<meta name=\"twitter:data1\" content=\"2 minutes\" \/>\n<script type=\"application\/ld+json\" class=\"yoast-schema-graph\">{\"@context\":\"https:\/\/schema.org\",\"@graph\":[{\"@type\":\"WebPage\",\"@id\":\"https:\/\/www.wsein.org\/tr\/enstitu\/takim\/karl-lorber\/\",\"url\":\"https:\/\/www.wsein.org\/tr\/enstitu\/takim\/karl-lorber\/\",\"name\":\"Prof. Dr.-Ing. Karl E. Lorber | WSEIN - D\u00fcnya S\u00fcrd\u00fcr\u00fclebilir Enerji Enstit\u00fcs\u00fc\",\"isPartOf\":{\"@id\":\"https:\/\/www.wsein.org\/tr\/#website\"},\"datePublished\":\"2016-04-06T18:48:45+00:00\",\"dateModified\":\"2016-04-20T11:19:27+00:00\",\"description\":\"WSEIN - D\u00fcnya S\u00fcrd\u00fcr\u00fclebilir Enerji Enstit\u00fcs\u00fc, yenilenebilir enerji, at\u0131k y\u00f6netimi, s\u00fcrd\u00fcr\u00fclebilir ula\u015f\u0131m ve trafik, s\u00fcrd\u00fcr\u00fclebilir toplum konular\u0131nda kent \u00e7\u00f6z\u00fcmleri \u00fczerine \u00e7al\u0131\u015fan Viyana merkezli uluslararas\u0131 bir organizasyondur.\",\"breadcrumb\":{\"@id\":\"https:\/\/www.wsein.org\/tr\/enstitu\/takim\/karl-lorber\/#breadcrumb\"},\"inLanguage\":\"tr\",\"potentialAction\":[{\"@type\":\"ReadAction\",\"target\":[\"https:\/\/www.wsein.org\/tr\/enstitu\/takim\/karl-lorber\/\"]}]},{\"@type\":\"BreadcrumbList\",\"@id\":\"https:\/\/www.wsein.org\/tr\/enstitu\/takim\/karl-lorber\/#breadcrumb\",\"itemListElement\":[{\"@type\":\"ListItem\",\"position\":1,\"name\":\"Home\",\"item\":\"https:\/\/www.wsein.org\/tr\/\"},{\"@type\":\"ListItem\",\"position\":2,\"name\":\"Enstit\u00fc\",\"item\":\"https:\/\/www.wsein.org\/tr\/enstitu\/\"},{\"@type\":\"ListItem\",\"position\":3,\"name\":\"Tak\u0131m\",\"item\":\"https:\/\/www.wsein.org\/tr\/enstitu\/takim\/\"},{\"@type\":\"ListItem\",\"position\":4,\"name\":\"Prof. Dr.-Ing. Karl E. Lorber\"}]},{\"@type\":\"WebSite\",\"@id\":\"https:\/\/www.wsein.org\/tr\/#website\",\"url\":\"https:\/\/www.wsein.org\/tr\/\",\"name\":\"WSEIN \u2212 World Sustainable Energy Institute\",\"description\":\"World Sustainable Energy Institute\",\"publisher\":{\"@id\":\"https:\/\/www.wsein.org\/tr\/#organization\"},\"potentialAction\":[{\"@type\":\"SearchAction\",\"target\":{\"@type\":\"EntryPoint\",\"urlTemplate\":\"https:\/\/www.wsein.org\/tr\/?s={search_term_string}\"},\"query-input\":{\"@type\":\"PropertyValueSpecification\",\"valueRequired\":true,\"valueName\":\"search_term_string\"}}],\"inLanguage\":\"tr\"},{\"@type\":\"Organization\",\"@id\":\"https:\/\/www.wsein.org\/tr\/#organization\",\"name\":\"WSEIN - World Sustainable Energy Institute\",\"url\":\"https:\/\/www.wsein.org\/tr\/\",\"logo\":{\"@type\":\"ImageObject\",\"inLanguage\":\"tr\",\"@id\":\"https:\/\/www.wsein.org\/tr\/#\/schema\/logo\/image\/\",\"url\":\"https:\/\/www.wsein.org\/wp-content\/uploads\/Logo_WSEIN.png\",\"contentUrl\":\"https:\/\/www.wsein.org\/wp-content\/uploads\/Logo_WSEIN.png\",\"width\":1000,\"height\":200,\"caption\":\"WSEIN - World Sustainable Energy Institute\"},\"image\":{\"@id\":\"https:\/\/www.wsein.org\/tr\/#\/schema\/logo\/image\/\"},\"sameAs\":[\"https:\/\/www.facebook.com\/WSEinitiative\"]}]}<\/script>\n<!-- \/ Yoast SEO plugin. -->","yoast_head_json":{"title":"Prof. Dr.-Ing. Karl E. Lorber | WSEIN - D\u00fcnya S\u00fcrd\u00fcr\u00fclebilir Enerji Enstit\u00fcs\u00fc","description":"WSEIN - D\u00fcnya S\u00fcrd\u00fcr\u00fclebilir Enerji Enstit\u00fcs\u00fc, yenilenebilir enerji, at\u0131k y\u00f6netimi, s\u00fcrd\u00fcr\u00fclebilir ula\u015f\u0131m ve trafik, s\u00fcrd\u00fcr\u00fclebilir toplum konular\u0131nda kent \u00e7\u00f6z\u00fcmleri \u00fczerine \u00e7al\u0131\u015fan Viyana merkezli uluslararas\u0131 bir organizasyondur.","robots":{"index":"index","follow":"follow","max-snippet":"max-snippet:-1","max-image-preview":"max-image-preview:large","max-video-preview":"max-video-preview:-1"},"canonical":"https:\/\/www.wsein.org\/tr\/enstitu\/takim\/karl-lorber\/","twitter_misc":{"Est. reading time":"2 minutes"},"schema":{"@context":"https:\/\/schema.org","@graph":[{"@type":"WebPage","@id":"https:\/\/www.wsein.org\/tr\/enstitu\/takim\/karl-lorber\/","url":"https:\/\/www.wsein.org\/tr\/enstitu\/takim\/karl-lorber\/","name":"Prof. Dr.-Ing. Karl E. Lorber | WSEIN - D\u00fcnya S\u00fcrd\u00fcr\u00fclebilir Enerji Enstit\u00fcs\u00fc","isPartOf":{"@id":"https:\/\/www.wsein.org\/tr\/#website"},"datePublished":"2016-04-06T18:48:45+00:00","dateModified":"2016-04-20T11:19:27+00:00","description":"WSEIN - D\u00fcnya S\u00fcrd\u00fcr\u00fclebilir Enerji Enstit\u00fcs\u00fc, yenilenebilir enerji, at\u0131k y\u00f6netimi, s\u00fcrd\u00fcr\u00fclebilir ula\u015f\u0131m ve trafik, s\u00fcrd\u00fcr\u00fclebilir toplum konular\u0131nda kent \u00e7\u00f6z\u00fcmleri \u00fczerine \u00e7al\u0131\u015fan Viyana merkezli uluslararas\u0131 bir organizasyondur.","breadcrumb":{"@id":"https:\/\/www.wsein.org\/tr\/enstitu\/takim\/karl-lorber\/#breadcrumb"},"inLanguage":"tr","potentialAction":[{"@type":"ReadAction","target":["https:\/\/www.wsein.org\/tr\/enstitu\/takim\/karl-lorber\/"]}]},{"@type":"BreadcrumbList","@id":"https:\/\/www.wsein.org\/tr\/enstitu\/takim\/karl-lorber\/#breadcrumb","itemListElement":[{"@type":"ListItem","position":1,"name":"Home","item":"https:\/\/www.wsein.org\/tr\/"},{"@type":"ListItem","position":2,"name":"Enstit\u00fc","item":"https:\/\/www.wsein.org\/tr\/enstitu\/"},{"@type":"ListItem","position":3,"name":"Tak\u0131m","item":"https:\/\/www.wsein.org\/tr\/enstitu\/takim\/"},{"@type":"ListItem","position":4,"name":"Prof. Dr.-Ing. Karl E. Lorber"}]},{"@type":"WebSite","@id":"https:\/\/www.wsein.org\/tr\/#website","url":"https:\/\/www.wsein.org\/tr\/","name":"WSEIN \u2212 World Sustainable Energy Institute","description":"World Sustainable Energy Institute","publisher":{"@id":"https:\/\/www.wsein.org\/tr\/#organization"},"potentialAction":[{"@type":"SearchAction","target":{"@type":"EntryPoint","urlTemplate":"https:\/\/www.wsein.org\/tr\/?s={search_term_string}"},"query-input":{"@type":"PropertyValueSpecification","valueRequired":true,"valueName":"search_term_string"}}],"inLanguage":"tr"},{"@type":"Organization","@id":"https:\/\/www.wsein.org\/tr\/#organization","name":"WSEIN - World Sustainable Energy Institute","url":"https:\/\/www.wsein.org\/tr\/","logo":{"@type":"ImageObject","inLanguage":"tr","@id":"https:\/\/www.wsein.org\/tr\/#\/schema\/logo\/image\/","url":"https:\/\/www.wsein.org\/wp-content\/uploads\/Logo_WSEIN.png","contentUrl":"https:\/\/www.wsein.org\/wp-content\/uploads\/Logo_WSEIN.png","width":1000,"height":200,"caption":"WSEIN - World Sustainable Energy Institute"},"image":{"@id":"https:\/\/www.wsein.org\/tr\/#\/schema\/logo\/image\/"},"sameAs":["https:\/\/www.facebook.com\/WSEinitiative"]}]}},"_links":{"self":[{"href":"https:\/\/www.wsein.org\/tr\/wp-json\/wp\/v2\/pages\/7062","targetHints":{"allow":["GET"]}}],"collection":[{"href":"https:\/\/www.wsein.org\/tr\/wp-json\/wp\/v2\/pages"}],"about":[{"href":"https:\/\/www.wsein.org\/tr\/wp-json\/wp\/v2\/types\/page"}],"author":[{"embeddable":true,"href":"https:\/\/www.wsein.org\/tr\/wp-json\/wp\/v2\/users\/5"}],"replies":[{"embeddable":true,"href":"https:\/\/www.wsein.org\/tr\/wp-json\/wp\/v2\/comments?post=7062"}],"version-history":[{"count":0,"href":"https:\/\/www.wsein.org\/tr\/wp-json\/wp\/v2\/pages\/7062\/revisions"}],"up":[{"embeddable":true,"href":"https:\/\/www.wsein.org\/tr\/wp-json\/wp\/v2\/pages\/7004"}],"wp:attachment":[{"href":"https:\/\/www.wsein.org\/tr\/wp-json\/wp\/v2\/media?parent=7062"}],"curies":[{"name":"wp","href":"https:\/\/api.w.org\/{rel}","templated":true}]}}