{"id":7070,"date":"2016-04-06T21:09:54","date_gmt":"2016-04-06T19:09:54","guid":{"rendered":"http:\/\/www.wsein.org\/tr\/?page_id=7070"},"modified":"2016-04-21T00:44:07","modified_gmt":"2016-04-20T22:44:07","slug":"reinhard-haas","status":"publish","type":"page","link":"https:\/\/www.wsein.org\/tr\/enstitu\/takim\/reinhard-haas\/","title":{"rendered":"Prof. Reinhard Haas"},"content":{"rendered":"<h2>Prof. Dr. Reinhard Haas<\/h2>\n<h3 style=\"color: #be0000;\">DANI\u015eMA KURULU \u00dcYES\u0130 \/ ENERJ\u0130<\/h3>\n<h3>S\u00fcrd\u00fcr\u00fclebilir Enerji \/ Yenilenebilir Enerji Sistemleri<\/h3>\n<hr \/>\n<h4>MEVCUT MEVK\u0130<\/h4>\n<p>Teknoloji, Avusturya Viyana \u00dcniversitesi Enerji Ekonomi \u00dcniversitesi Profes\u00f6r\u00fc<\/p>\n<hr \/>\n<h4>PROFESYONEL TECR\u00dcBE<\/h4>\n<p>Reinhard Haas Avusturya Viyana Teknoloji \u00dcniversitesi Enerji Ekonomi B\u00f6l\u00fcm\u00fc Profes\u00f6r\u00fcd\u00fcr.<br \/>\nEnerji Ekonomisi, Y\u00f6netmeli\u011fi ve Enerji piyasalar\u0131nda rekabeti ve Enerji Modelleme \u00f6\u011fretmektedir.<\/p>\n<p>Ara\u015ft\u0131rma oda\u011f\u0131:<br \/>\n(I) yenilenebilir kaynaklar ve yayg\u0131nla\u015ft\u0131rma stratejilerinin de\u011ferlendirme ve modellenmesi<br \/>\n(Ii) s\u00fcrd\u00fcr\u00fclebilir enerji sistemleri modelleme yollar\u0131 (Iii) enerji piyasalar\u0131n\u0131n d\u00fczenlenmesi, serbestle\u015fmesi<br \/>\n(iv) enerji politikas\u0131 stratejileri 20 y\u0131l\u0131 a\u015fk\u0131n bir s\u00fcredir bu alanlarda \u00e7al\u0131\u015fm\u0131\u015f ve uluslararas\u0131 dergilerde \u00e7e\u015fitli makaleleri yay\u0131mlanm\u0131\u015ft\u0131r<\/p>\n<p>Ayr\u0131ca, Avusturyal\u0131 kurumlar\u0131n yan\u0131 s\u0131ra Avrupa Komisyonu ve Uluslararas\u0131 Enerji Ajans\u0131 projeleri koordinat\u00f6rl\u00fc\u011f\u00fc g\u00f6revlerini \u00fcstlenmi\u015ftir.<\/p>\n","protected":false},"excerpt":{"rendered":"<p>Prof. Dr. Reinhard Haas DANI\u015eMA KURULU \u00dcYES\u0130 \/ ENERJ\u0130 S\u00fcrd\u00fcr\u00fclebilir Enerji \/ Yenilenebilir Enerji Sistemleri MEVCUT MEVK\u0130 Teknoloji, Avusturya Viyana \u00dcniversitesi Enerji Ekonomi \u00dcniversitesi Profes\u00f6r\u00fc PROFESYONEL TECR\u00dcBE Reinhard Haas Avusturya &hellip; <\/p>\n","protected":false},"author":5,"featured_media":0,"parent":7004,"menu_order":0,"comment_status":"closed","ping_status":"closed","template":"","meta":{"footnotes":"","_links_to":"","_links_to_target":""},"class_list":["post-7070","page","type-page","status-publish","hentry"],"yoast_head":"<!-- This site is optimized with the Yoast SEO plugin v27.1.1 - https:\/\/yoast.com\/product\/yoast-seo-wordpress\/ -->\n<title>Prof. Dr. Reinhard Haas | WSEIN - D\u00fcnya S\u00fcrd\u00fcr\u00fclebilir Enerji Enstit\u00fcs\u00fc<\/title>\n<meta name=\"description\" content=\"WSEIN - D\u00fcnya S\u00fcrd\u00fcr\u00fclebilir Enerji Enstit\u00fcs\u00fc, yenilenebilir enerji, at\u0131k y\u00f6netimi, s\u00fcrd\u00fcr\u00fclebilir ula\u015f\u0131m ve trafik, s\u00fcrd\u00fcr\u00fclebilir toplum konular\u0131nda kent \u00e7\u00f6z\u00fcmleri \u00fczerine \u00e7al\u0131\u015fan Viyana merkezli uluslararas\u0131 bir organizasyondur.\" \/>\n<meta name=\"robots\" content=\"index, follow, max-snippet:-1, max-image-preview:large, max-video-preview:-1\" \/>\n<link rel=\"canonical\" href=\"https:\/\/www.wsein.org\/tr\/enstitu\/takim\/reinhard-haas\/\" \/>\n<meta name=\"twitter:label1\" content=\"Est. reading time\" \/>\n\t<meta name=\"twitter:data1\" content=\"1 minute\" \/>\n<script type=\"application\/ld+json\" class=\"yoast-schema-graph\">{\"@context\":\"https:\/\/schema.org\",\"@graph\":[{\"@type\":\"WebPage\",\"@id\":\"https:\/\/www.wsein.org\/tr\/enstitu\/takim\/reinhard-haas\/\",\"url\":\"https:\/\/www.wsein.org\/tr\/enstitu\/takim\/reinhard-haas\/\",\"name\":\"Prof. Dr. Reinhard Haas | WSEIN - D\u00fcnya S\u00fcrd\u00fcr\u00fclebilir Enerji Enstit\u00fcs\u00fc\",\"isPartOf\":{\"@id\":\"https:\/\/www.wsein.org\/tr\/#website\"},\"datePublished\":\"2016-04-06T19:09:54+00:00\",\"dateModified\":\"2016-04-20T22:44:07+00:00\",\"description\":\"WSEIN - D\u00fcnya S\u00fcrd\u00fcr\u00fclebilir Enerji Enstit\u00fcs\u00fc, yenilenebilir enerji, at\u0131k y\u00f6netimi, s\u00fcrd\u00fcr\u00fclebilir ula\u015f\u0131m ve trafik, s\u00fcrd\u00fcr\u00fclebilir toplum konular\u0131nda kent \u00e7\u00f6z\u00fcmleri \u00fczerine \u00e7al\u0131\u015fan Viyana merkezli uluslararas\u0131 bir organizasyondur.\",\"breadcrumb\":{\"@id\":\"https:\/\/www.wsein.org\/tr\/enstitu\/takim\/reinhard-haas\/#breadcrumb\"},\"inLanguage\":\"tr\",\"potentialAction\":[{\"@type\":\"ReadAction\",\"target\":[\"https:\/\/www.wsein.org\/tr\/enstitu\/takim\/reinhard-haas\/\"]}]},{\"@type\":\"BreadcrumbList\",\"@id\":\"https:\/\/www.wsein.org\/tr\/enstitu\/takim\/reinhard-haas\/#breadcrumb\",\"itemListElement\":[{\"@type\":\"ListItem\",\"position\":1,\"name\":\"Home\",\"item\":\"https:\/\/www.wsein.org\/tr\/\"},{\"@type\":\"ListItem\",\"position\":2,\"name\":\"Enstit\u00fc\",\"item\":\"https:\/\/www.wsein.org\/tr\/enstitu\/\"},{\"@type\":\"ListItem\",\"position\":3,\"name\":\"Tak\u0131m\",\"item\":\"https:\/\/www.wsein.org\/tr\/enstitu\/takim\/\"},{\"@type\":\"ListItem\",\"position\":4,\"name\":\"Prof. Reinhard Haas\"}]},{\"@type\":\"WebSite\",\"@id\":\"https:\/\/www.wsein.org\/tr\/#website\",\"url\":\"https:\/\/www.wsein.org\/tr\/\",\"name\":\"WSEIN \u2212 World Sustainable Energy Institute\",\"description\":\"World Sustainable Energy Institute\",\"publisher\":{\"@id\":\"https:\/\/www.wsein.org\/tr\/#organization\"},\"potentialAction\":[{\"@type\":\"SearchAction\",\"target\":{\"@type\":\"EntryPoint\",\"urlTemplate\":\"https:\/\/www.wsein.org\/tr\/?s={search_term_string}\"},\"query-input\":{\"@type\":\"PropertyValueSpecification\",\"valueRequired\":true,\"valueName\":\"search_term_string\"}}],\"inLanguage\":\"tr\"},{\"@type\":\"Organization\",\"@id\":\"https:\/\/www.wsein.org\/tr\/#organization\",\"name\":\"WSEIN - World Sustainable Energy Institute\",\"url\":\"https:\/\/www.wsein.org\/tr\/\",\"logo\":{\"@type\":\"ImageObject\",\"inLanguage\":\"tr\",\"@id\":\"https:\/\/www.wsein.org\/tr\/#\/schema\/logo\/image\/\",\"url\":\"https:\/\/www.wsein.org\/wp-content\/uploads\/Logo_WSEIN.png\",\"contentUrl\":\"https:\/\/www.wsein.org\/wp-content\/uploads\/Logo_WSEIN.png\",\"width\":1000,\"height\":200,\"caption\":\"WSEIN - World Sustainable Energy Institute\"},\"image\":{\"@id\":\"https:\/\/www.wsein.org\/tr\/#\/schema\/logo\/image\/\"},\"sameAs\":[\"https:\/\/www.facebook.com\/WSEinitiative\"]}]}<\/script>\n<!-- \/ Yoast SEO plugin. -->","yoast_head_json":{"title":"Prof. Dr. Reinhard Haas | WSEIN - D\u00fcnya S\u00fcrd\u00fcr\u00fclebilir Enerji Enstit\u00fcs\u00fc","description":"WSEIN - D\u00fcnya S\u00fcrd\u00fcr\u00fclebilir Enerji Enstit\u00fcs\u00fc, yenilenebilir enerji, at\u0131k y\u00f6netimi, s\u00fcrd\u00fcr\u00fclebilir ula\u015f\u0131m ve trafik, s\u00fcrd\u00fcr\u00fclebilir toplum konular\u0131nda kent \u00e7\u00f6z\u00fcmleri \u00fczerine \u00e7al\u0131\u015fan Viyana merkezli uluslararas\u0131 bir organizasyondur.","robots":{"index":"index","follow":"follow","max-snippet":"max-snippet:-1","max-image-preview":"max-image-preview:large","max-video-preview":"max-video-preview:-1"},"canonical":"https:\/\/www.wsein.org\/tr\/enstitu\/takim\/reinhard-haas\/","twitter_misc":{"Est. reading time":"1 minute"},"schema":{"@context":"https:\/\/schema.org","@graph":[{"@type":"WebPage","@id":"https:\/\/www.wsein.org\/tr\/enstitu\/takim\/reinhard-haas\/","url":"https:\/\/www.wsein.org\/tr\/enstitu\/takim\/reinhard-haas\/","name":"Prof. Dr. Reinhard Haas | WSEIN - D\u00fcnya S\u00fcrd\u00fcr\u00fclebilir Enerji Enstit\u00fcs\u00fc","isPartOf":{"@id":"https:\/\/www.wsein.org\/tr\/#website"},"datePublished":"2016-04-06T19:09:54+00:00","dateModified":"2016-04-20T22:44:07+00:00","description":"WSEIN - D\u00fcnya S\u00fcrd\u00fcr\u00fclebilir Enerji Enstit\u00fcs\u00fc, yenilenebilir enerji, at\u0131k y\u00f6netimi, s\u00fcrd\u00fcr\u00fclebilir ula\u015f\u0131m ve trafik, s\u00fcrd\u00fcr\u00fclebilir toplum konular\u0131nda kent \u00e7\u00f6z\u00fcmleri \u00fczerine \u00e7al\u0131\u015fan Viyana merkezli uluslararas\u0131 bir organizasyondur.","breadcrumb":{"@id":"https:\/\/www.wsein.org\/tr\/enstitu\/takim\/reinhard-haas\/#breadcrumb"},"inLanguage":"tr","potentialAction":[{"@type":"ReadAction","target":["https:\/\/www.wsein.org\/tr\/enstitu\/takim\/reinhard-haas\/"]}]},{"@type":"BreadcrumbList","@id":"https:\/\/www.wsein.org\/tr\/enstitu\/takim\/reinhard-haas\/#breadcrumb","itemListElement":[{"@type":"ListItem","position":1,"name":"Home","item":"https:\/\/www.wsein.org\/tr\/"},{"@type":"ListItem","position":2,"name":"Enstit\u00fc","item":"https:\/\/www.wsein.org\/tr\/enstitu\/"},{"@type":"ListItem","position":3,"name":"Tak\u0131m","item":"https:\/\/www.wsein.org\/tr\/enstitu\/takim\/"},{"@type":"ListItem","position":4,"name":"Prof. Reinhard Haas"}]},{"@type":"WebSite","@id":"https:\/\/www.wsein.org\/tr\/#website","url":"https:\/\/www.wsein.org\/tr\/","name":"WSEIN \u2212 World Sustainable Energy Institute","description":"World Sustainable Energy Institute","publisher":{"@id":"https:\/\/www.wsein.org\/tr\/#organization"},"potentialAction":[{"@type":"SearchAction","target":{"@type":"EntryPoint","urlTemplate":"https:\/\/www.wsein.org\/tr\/?s={search_term_string}"},"query-input":{"@type":"PropertyValueSpecification","valueRequired":true,"valueName":"search_term_string"}}],"inLanguage":"tr"},{"@type":"Organization","@id":"https:\/\/www.wsein.org\/tr\/#organization","name":"WSEIN - World Sustainable Energy Institute","url":"https:\/\/www.wsein.org\/tr\/","logo":{"@type":"ImageObject","inLanguage":"tr","@id":"https:\/\/www.wsein.org\/tr\/#\/schema\/logo\/image\/","url":"https:\/\/www.wsein.org\/wp-content\/uploads\/Logo_WSEIN.png","contentUrl":"https:\/\/www.wsein.org\/wp-content\/uploads\/Logo_WSEIN.png","width":1000,"height":200,"caption":"WSEIN - World Sustainable Energy Institute"},"image":{"@id":"https:\/\/www.wsein.org\/tr\/#\/schema\/logo\/image\/"},"sameAs":["https:\/\/www.facebook.com\/WSEinitiative"]}]}},"_links":{"self":[{"href":"https:\/\/www.wsein.org\/tr\/wp-json\/wp\/v2\/pages\/7070","targetHints":{"allow":["GET"]}}],"collection":[{"href":"https:\/\/www.wsein.org\/tr\/wp-json\/wp\/v2\/pages"}],"about":[{"href":"https:\/\/www.wsein.org\/tr\/wp-json\/wp\/v2\/types\/page"}],"author":[{"embeddable":true,"href":"https:\/\/www.wsein.org\/tr\/wp-json\/wp\/v2\/users\/5"}],"replies":[{"embeddable":true,"href":"https:\/\/www.wsein.org\/tr\/wp-json\/wp\/v2\/comments?post=7070"}],"version-history":[{"count":0,"href":"https:\/\/www.wsein.org\/tr\/wp-json\/wp\/v2\/pages\/7070\/revisions"}],"up":[{"embeddable":true,"href":"https:\/\/www.wsein.org\/tr\/wp-json\/wp\/v2\/pages\/7004"}],"wp:attachment":[{"href":"https:\/\/www.wsein.org\/tr\/wp-json\/wp\/v2\/media?parent=7070"}],"curies":[{"name":"wp","href":"https:\/\/api.w.org\/{rel}","templated":true}]}}