{"id":7080,"date":"2016-04-06T21:46:38","date_gmt":"2016-04-06T19:46:38","guid":{"rendered":"http:\/\/www.wsein.org\/tr\/?page_id=7080"},"modified":"2016-04-20T13:21:05","modified_gmt":"2016-04-20T11:21:05","slug":"roland-poms","status":"publish","type":"page","link":"https:\/\/www.wsein.org\/tr\/enstitu\/takim\/roland-poms\/","title":{"rendered":"Prof. Dr. Roland Ernest Poms"},"content":{"rendered":"<h2>Prof. Dr. Roland Ernest Poms<\/h2>\n<h3 style=\"color: #be0000;\">DANI\u015eMA KURULU \u00dcYES\u0130 \/ TOPLUM<\/h3>\n<h3>S\u00fcrd\u00fcr\u00fclebilir Toplum<\/h3>\n<hr \/>\n<p style=\"padding-bottom: 15px;\">ICC &minus; Uluslararas\u0131 Tah\u0131l Bilimi ve Teknolojisi Birli\u011fi<\/p>\n<h4>G\u00dcNCEL POZ\u0130SYONLARI VE \u0130\u015eLEVLER\u0130<\/h4>\n<p>2004 \u2013 halen, Genel Sekreter \/ CEO, ICCUluslararas\u0131 Tah\u0131l Bilimi ve Teknolojisi Birli\u011fi, Viyana, Avusturya, www.icc.or.at<br \/>\n2005 \u2013 halen, Kurucu ve Genel M\u00fcd\u00fcr, ICC Hizmetleri GmbH (KOB\u0130), Viyana, Avusturya, www.icc-services.at<br \/>\n2005 \u2013 2010, HEALTHGRAIN, MoniQA<br \/>\n2007 \u2013 2012, PlantLibra:<br \/>\n2005, Proje Y\u00f6neticisi, Koordinat\u00f6rl\u00fck, g\u0131da g\u00fcvenli\u011fi ve kalitesi, beslenme ve sa\u011fl\u0131k AB ortak projeler<br \/>\n2005 \u2013 halen, CEN TC 275 WG 12, Grup Lideri, &#8221; G\u0131da Kaynaklar\u0131nda Alerjen belirlenmesi &#8220;, Berlin, Almanya<br \/>\n2006, \u00d6\u011fretim \u00fcyesi, Do\u011fal Kaynaklar ve Ya\u015fam Bilimleri, Viyana, Avusturya, www.boku.ac.at<br \/>\n2008 \u2013 halen , Denetleme Kurulu Ba\u015fkan\u0131 K\u00fcresel Uyumla\u015ft\u0131rma Giri\u015fimi, Viyana, Avusturya, www.globalharmonization.org<br \/>\n2008 \u2013 halen, Bilimsel Dan\u0131\u015fman, ADRA Avusturya &#8211; ADRA Ajans\u0131, www.adra.at<br \/>\nLLG \u2013 Hayat Toplum ve Sa\u011fl\u0131k Avusturya, Bilimsel Dan\u0131\u015fman, www.llg.at<br \/>\n2009-halen, Edit\u00f6r , Bitkileri &#038; Besinlerin Kalite ve G\u00fcvencesi , Wageningen Academic Publishing, Hollanda, www.icc.or.at\/journal\/QAS<br \/>\n2009 \u2013 halen, Uluslararas\u0131 Ara\u015ft\u0131rma Projeleri Dan\u0131\u015fma Kurulu \u00dcyesi: Dream(FP7), Winwin (Avusturya-Senegal), MycoRed (FP7), Etiyopya G\u0131da G\u00fcvenli\u011fi (UNIDO ve OFID)<br \/>\n2011 \u2013 halen, Kurucu Ortak ve Genel Sekreter, MoniQA Derne\u011fi, Viyana, Avusturya, www.moniqa.org,<br \/>\n2007 \u2013 2012 AB Finansman, Viyana, Avusturya ve Br\u00fcksel , Bel\u00e7ika , MoniQA<br \/>\n2011 \u2013 halen, Profes\u00f6r, G\u0131da G\u00fcvenli\u011fi ve Halk Sa\u011fl\u0131\u011f\u0131 Sichuan \u00dcniversitesi<br \/>\n2011 \u2013 halen, Ba\u015fkan Yard\u0131mc\u0131s\u0131, Halk Sa\u011fl\u0131\u011f\u0131 Laboratuvarlar\u0131 i\u00e7in Akademisi Chengdu, \u00c7in<br \/>\n2012 \u2013 halen, Profes\u00f6r, G\u0131da G\u00fcvenli\u011fi Do\u011fal Kaynaklar ve Ya\u015fam Bilimleri \u00dcniversitesi, BOKU Viyana, Avusturya<\/p>\n<hr \/>\n<h4>\u00dcYEL\u0130KLER<\/h4>\n<p>ISO, CEN, UNIDO, FAO, WHO, Codex Alimentarius, AACC Int, AOAC, AOCS, IAM, IFRC, VIRM-JRC-AT, ICC-Avusturya, \u00d6GE, V\u00d6LB, ADRA<\/p>\n<hr \/>\n<h4>E\u011e\u0130T\u0130M<\/h4>\n<p>2001 \u2013 2003, Ara\u015ft\u0131rma G\u00f6revlisi, JRC &#8211; Sa\u011fl\u0131k ve T\u00fcketicinin Korunmas\u0131, Avrupa Komisyonu Ortak Ara\u015ft\u0131rma Merkezi Enstit\u00fcs\u00fc, Ispra, \u0130talya,<br \/>\n1998 \u2013 2001, Ph.D., Biyoteknoloji, BOKU &#8211; Do\u011fal Kaynaklar \u00dcniversitesi ve Ya\u015fam Bilimleri, S\u00fct Bilimi B\u00f6l\u00fcm\u00fc ve Bakteriyoloji ve Uygulamal\u0131 Genetik Merkezi, Viyana,<br \/>\nAvusturya<br \/>\n1998, M.S., G\u0131da Teknolojisi ve Biyoteknoloji, BOKU &#8211; Do\u011fal Kaynaklar ve Ya\u015fam Bilimleri, Viyana, Avusturya \u00dcniversitesi ve G\u0131da Bilimi ve Beslenme B\u00f6l\u00fcm\u00fc, Minnesota \u00dcniversitesi, St. Paul, ABD<\/p>\n<hr \/>\n<h4>DENEY\u0130M<\/h4>\n<p>2010 \u2013 2011, Misafir Ara\u015ft\u0131rmac\u0131, ESR-\u00c7evre Christchurch, Yeni Zelanda<br \/>\n2001 \u2013 2004, Ara\u015ft\u0131rmac\u0131 ve Grup Lideri, Avrupa Komisyonu Ortak Ara\u015ft\u0131rma Merkezi, T\u00fcketiciyi Koruma ve Sa\u011fl\u0131k Enstit\u00fcs\u00fc, G\u0131da \u00dcr\u00fcnleri Birimi, Ispra, \u0130talya<br \/>\nReferans Malzemeler ve \u00d6l\u00e7\u00fcmler, G\u0131da G\u00fcvenli\u011fi ve Kalite Birimi, Geel, Bel\u00e7ika<br \/>\n1999 \u2013 2001, Ara\u015ft\u0131rmac\u0131, BOKU &#8211; Do\u011fal Kaynaklar ve Ya\u015fam Bilimleri, S\u00fct Bilimi B\u00f6l\u00fcm\u00fc ve Bakteriyoloji ve Uygulamal\u0131 Genetik Merkezi, Viyana, Avusturya \u00dcniversitesi<br \/>\n1999 \u2013 2001, Dan\u0131\u015fman, Federal S\u00fct Kurumu Wolfpassing, Steinakirchen Forst, Avusturya<br \/>\n1999, Laboratuvar Teknisyeni, \u00c7evre Kimya Nikoopour Laboratuvar\u0131, Maria Lanzendorf, Avusturya &#8211; 1998<br \/>\n1997, Gen\u00e7 Bilim \u0130nsan\u0131, Minnesota \u00dcniversitesi G\u0131da Bilimi ve Beslenme, St. Paul B\u00f6l\u00fcm\u00fc, Minnesota, ABD &#8211; 1995<br \/>\n1986 \u2013 Avusturya, Almanya, \u0130svi\u00e7re, ve \u0130ngiltere&#8217;de 1999, \u00c7e\u015fitli k\u0131sa vadeli s\u00f6zle\u015fmeler<\/p>\n<hr \/>\n<h4>D\u0130LLER<\/h4>\n<p>Almanca, \u0130ngilizce, Frans\u0131zca, \u0130talyanca<\/p>\n<hr \/>\n<h4>\u00d6D\u00dcLLER<\/h4>\n<p>2012, BOKU Fahri Profes\u00f6r\u00fc, Viyana, Avusturya<br \/>\n2012, \u00d6\u011fretim \u00dcyesi hibesi, Thammasat \u00dcniversitesi, Bangkok, Tayland<br \/>\n2011, \u00c7in Halk Sa\u011fl\u0131\u011f\u0131 Laboratuvarlar\u0131 Akademisi Ba\u015fkan Yard\u0131mc\u0131s\u0131<br \/>\n2011, Se\u00e7ilmi\u015f Profes\u00f6r, SCU, Chengdu, \u00c7in<br \/>\n2010 hibe, Avrupa Komisyonu Yeni Zelanda MoniQA ara\u015ft\u0131rma hibesi<br \/>\n2003 S\u00fct Sanayi Hermann Zittmayr-\u00d6d\u00fcl\u00fc, Avusturya<br \/>\n2001, Doktora Sonras\u0131 Ara\u015ft\u0131rma hibe, Avrupa Komisyonu, Avrupa Birli\u011fi<br \/>\n1995 Doktora \u00d6ncesi Ara\u015ft\u0131rma bursu, Do\u011fal Kaynaklar ve Ya\u015fam Bilimleri, Viyana, Avusturya \/ Minnesota \u00dcniversitesi, St. Paul, MN, ABD<\/p>\n","protected":false},"excerpt":{"rendered":"<p>Prof. Dr. Roland Ernest Poms DANI\u015eMA KURULU \u00dcYES\u0130 \/ TOPLUM S\u00fcrd\u00fcr\u00fclebilir Toplum ICC &minus; Uluslararas\u0131 Tah\u0131l Bilimi ve Teknolojisi Birli\u011fi G\u00dcNCEL POZ\u0130SYONLARI VE \u0130\u015eLEVLER\u0130 2004 \u2013 halen, Genel Sekreter \/ &hellip; <\/p>\n","protected":false},"author":5,"featured_media":0,"parent":7004,"menu_order":0,"comment_status":"closed","ping_status":"closed","template":"","meta":{"footnotes":"","_links_to":"","_links_to_target":""},"class_list":["post-7080","page","type-page","status-publish","hentry"],"yoast_head":"<!-- This site is optimized with the Yoast SEO plugin v27.1.1 - https:\/\/yoast.com\/product\/yoast-seo-wordpress\/ -->\n<title>Prof. Dr. Roland Ernest Poms | WSEIN - D\u00fcnya S\u00fcrd\u00fcr\u00fclebilir Enerji Enstit\u00fcs\u00fc<\/title>\n<meta name=\"description\" content=\"WSEIN - D\u00fcnya S\u00fcrd\u00fcr\u00fclebilir Enerji Enstit\u00fcs\u00fc, yenilenebilir enerji, at\u0131k y\u00f6netimi, s\u00fcrd\u00fcr\u00fclebilir ula\u015f\u0131m ve trafik, s\u00fcrd\u00fcr\u00fclebilir toplum konular\u0131nda kent \u00e7\u00f6z\u00fcmleri \u00fczerine \u00e7al\u0131\u015fan Viyana merkezli uluslararas\u0131 bir organizasyondur.\" \/>\n<meta name=\"robots\" content=\"index, follow, max-snippet:-1, max-image-preview:large, max-video-preview:-1\" \/>\n<link rel=\"canonical\" href=\"https:\/\/www.wsein.org\/tr\/enstitu\/takim\/roland-poms\/\" \/>\n<meta name=\"twitter:label1\" content=\"Est. reading time\" \/>\n\t<meta name=\"twitter:data1\" content=\"3 minutes\" \/>\n<script type=\"application\/ld+json\" class=\"yoast-schema-graph\">{\"@context\":\"https:\/\/schema.org\",\"@graph\":[{\"@type\":\"WebPage\",\"@id\":\"https:\/\/www.wsein.org\/tr\/enstitu\/takim\/roland-poms\/\",\"url\":\"https:\/\/www.wsein.org\/tr\/enstitu\/takim\/roland-poms\/\",\"name\":\"Prof. Dr. Roland Ernest Poms | WSEIN - D\u00fcnya S\u00fcrd\u00fcr\u00fclebilir Enerji Enstit\u00fcs\u00fc\",\"isPartOf\":{\"@id\":\"https:\/\/www.wsein.org\/tr\/#website\"},\"datePublished\":\"2016-04-06T19:46:38+00:00\",\"dateModified\":\"2016-04-20T11:21:05+00:00\",\"description\":\"WSEIN - D\u00fcnya S\u00fcrd\u00fcr\u00fclebilir Enerji Enstit\u00fcs\u00fc, yenilenebilir enerji, at\u0131k y\u00f6netimi, s\u00fcrd\u00fcr\u00fclebilir ula\u015f\u0131m ve trafik, s\u00fcrd\u00fcr\u00fclebilir toplum konular\u0131nda kent \u00e7\u00f6z\u00fcmleri \u00fczerine \u00e7al\u0131\u015fan Viyana merkezli uluslararas\u0131 bir organizasyondur.\",\"breadcrumb\":{\"@id\":\"https:\/\/www.wsein.org\/tr\/enstitu\/takim\/roland-poms\/#breadcrumb\"},\"inLanguage\":\"tr\",\"potentialAction\":[{\"@type\":\"ReadAction\",\"target\":[\"https:\/\/www.wsein.org\/tr\/enstitu\/takim\/roland-poms\/\"]}]},{\"@type\":\"BreadcrumbList\",\"@id\":\"https:\/\/www.wsein.org\/tr\/enstitu\/takim\/roland-poms\/#breadcrumb\",\"itemListElement\":[{\"@type\":\"ListItem\",\"position\":1,\"name\":\"Home\",\"item\":\"https:\/\/www.wsein.org\/tr\/\"},{\"@type\":\"ListItem\",\"position\":2,\"name\":\"Enstit\u00fc\",\"item\":\"https:\/\/www.wsein.org\/tr\/enstitu\/\"},{\"@type\":\"ListItem\",\"position\":3,\"name\":\"Tak\u0131m\",\"item\":\"https:\/\/www.wsein.org\/tr\/enstitu\/takim\/\"},{\"@type\":\"ListItem\",\"position\":4,\"name\":\"Prof. Dr. Roland Ernest Poms\"}]},{\"@type\":\"WebSite\",\"@id\":\"https:\/\/www.wsein.org\/tr\/#website\",\"url\":\"https:\/\/www.wsein.org\/tr\/\",\"name\":\"WSEIN \u2212 World Sustainable Energy Institute\",\"description\":\"World Sustainable Energy Institute\",\"publisher\":{\"@id\":\"https:\/\/www.wsein.org\/tr\/#organization\"},\"potentialAction\":[{\"@type\":\"SearchAction\",\"target\":{\"@type\":\"EntryPoint\",\"urlTemplate\":\"https:\/\/www.wsein.org\/tr\/?s={search_term_string}\"},\"query-input\":{\"@type\":\"PropertyValueSpecification\",\"valueRequired\":true,\"valueName\":\"search_term_string\"}}],\"inLanguage\":\"tr\"},{\"@type\":\"Organization\",\"@id\":\"https:\/\/www.wsein.org\/tr\/#organization\",\"name\":\"WSEIN - World Sustainable Energy Institute\",\"url\":\"https:\/\/www.wsein.org\/tr\/\",\"logo\":{\"@type\":\"ImageObject\",\"inLanguage\":\"tr\",\"@id\":\"https:\/\/www.wsein.org\/tr\/#\/schema\/logo\/image\/\",\"url\":\"https:\/\/www.wsein.org\/wp-content\/uploads\/Logo_WSEIN.png\",\"contentUrl\":\"https:\/\/www.wsein.org\/wp-content\/uploads\/Logo_WSEIN.png\",\"width\":1000,\"height\":200,\"caption\":\"WSEIN - World Sustainable Energy Institute\"},\"image\":{\"@id\":\"https:\/\/www.wsein.org\/tr\/#\/schema\/logo\/image\/\"},\"sameAs\":[\"https:\/\/www.facebook.com\/WSEinitiative\"]}]}<\/script>\n<!-- \/ Yoast SEO plugin. -->","yoast_head_json":{"title":"Prof. Dr. Roland Ernest Poms | WSEIN - D\u00fcnya S\u00fcrd\u00fcr\u00fclebilir Enerji Enstit\u00fcs\u00fc","description":"WSEIN - D\u00fcnya S\u00fcrd\u00fcr\u00fclebilir Enerji Enstit\u00fcs\u00fc, yenilenebilir enerji, at\u0131k y\u00f6netimi, s\u00fcrd\u00fcr\u00fclebilir ula\u015f\u0131m ve trafik, s\u00fcrd\u00fcr\u00fclebilir toplum konular\u0131nda kent \u00e7\u00f6z\u00fcmleri \u00fczerine \u00e7al\u0131\u015fan Viyana merkezli uluslararas\u0131 bir organizasyondur.","robots":{"index":"index","follow":"follow","max-snippet":"max-snippet:-1","max-image-preview":"max-image-preview:large","max-video-preview":"max-video-preview:-1"},"canonical":"https:\/\/www.wsein.org\/tr\/enstitu\/takim\/roland-poms\/","twitter_misc":{"Est. reading time":"3 minutes"},"schema":{"@context":"https:\/\/schema.org","@graph":[{"@type":"WebPage","@id":"https:\/\/www.wsein.org\/tr\/enstitu\/takim\/roland-poms\/","url":"https:\/\/www.wsein.org\/tr\/enstitu\/takim\/roland-poms\/","name":"Prof. Dr. Roland Ernest Poms | WSEIN - D\u00fcnya S\u00fcrd\u00fcr\u00fclebilir Enerji Enstit\u00fcs\u00fc","isPartOf":{"@id":"https:\/\/www.wsein.org\/tr\/#website"},"datePublished":"2016-04-06T19:46:38+00:00","dateModified":"2016-04-20T11:21:05+00:00","description":"WSEIN - D\u00fcnya S\u00fcrd\u00fcr\u00fclebilir Enerji Enstit\u00fcs\u00fc, yenilenebilir enerji, at\u0131k y\u00f6netimi, s\u00fcrd\u00fcr\u00fclebilir ula\u015f\u0131m ve trafik, s\u00fcrd\u00fcr\u00fclebilir toplum konular\u0131nda kent \u00e7\u00f6z\u00fcmleri \u00fczerine \u00e7al\u0131\u015fan Viyana merkezli uluslararas\u0131 bir organizasyondur.","breadcrumb":{"@id":"https:\/\/www.wsein.org\/tr\/enstitu\/takim\/roland-poms\/#breadcrumb"},"inLanguage":"tr","potentialAction":[{"@type":"ReadAction","target":["https:\/\/www.wsein.org\/tr\/enstitu\/takim\/roland-poms\/"]}]},{"@type":"BreadcrumbList","@id":"https:\/\/www.wsein.org\/tr\/enstitu\/takim\/roland-poms\/#breadcrumb","itemListElement":[{"@type":"ListItem","position":1,"name":"Home","item":"https:\/\/www.wsein.org\/tr\/"},{"@type":"ListItem","position":2,"name":"Enstit\u00fc","item":"https:\/\/www.wsein.org\/tr\/enstitu\/"},{"@type":"ListItem","position":3,"name":"Tak\u0131m","item":"https:\/\/www.wsein.org\/tr\/enstitu\/takim\/"},{"@type":"ListItem","position":4,"name":"Prof. Dr. Roland Ernest Poms"}]},{"@type":"WebSite","@id":"https:\/\/www.wsein.org\/tr\/#website","url":"https:\/\/www.wsein.org\/tr\/","name":"WSEIN \u2212 World Sustainable Energy Institute","description":"World Sustainable Energy Institute","publisher":{"@id":"https:\/\/www.wsein.org\/tr\/#organization"},"potentialAction":[{"@type":"SearchAction","target":{"@type":"EntryPoint","urlTemplate":"https:\/\/www.wsein.org\/tr\/?s={search_term_string}"},"query-input":{"@type":"PropertyValueSpecification","valueRequired":true,"valueName":"search_term_string"}}],"inLanguage":"tr"},{"@type":"Organization","@id":"https:\/\/www.wsein.org\/tr\/#organization","name":"WSEIN - World Sustainable Energy Institute","url":"https:\/\/www.wsein.org\/tr\/","logo":{"@type":"ImageObject","inLanguage":"tr","@id":"https:\/\/www.wsein.org\/tr\/#\/schema\/logo\/image\/","url":"https:\/\/www.wsein.org\/wp-content\/uploads\/Logo_WSEIN.png","contentUrl":"https:\/\/www.wsein.org\/wp-content\/uploads\/Logo_WSEIN.png","width":1000,"height":200,"caption":"WSEIN - World Sustainable Energy Institute"},"image":{"@id":"https:\/\/www.wsein.org\/tr\/#\/schema\/logo\/image\/"},"sameAs":["https:\/\/www.facebook.com\/WSEinitiative"]}]}},"_links":{"self":[{"href":"https:\/\/www.wsein.org\/tr\/wp-json\/wp\/v2\/pages\/7080","targetHints":{"allow":["GET"]}}],"collection":[{"href":"https:\/\/www.wsein.org\/tr\/wp-json\/wp\/v2\/pages"}],"about":[{"href":"https:\/\/www.wsein.org\/tr\/wp-json\/wp\/v2\/types\/page"}],"author":[{"embeddable":true,"href":"https:\/\/www.wsein.org\/tr\/wp-json\/wp\/v2\/users\/5"}],"replies":[{"embeddable":true,"href":"https:\/\/www.wsein.org\/tr\/wp-json\/wp\/v2\/comments?post=7080"}],"version-history":[{"count":0,"href":"https:\/\/www.wsein.org\/tr\/wp-json\/wp\/v2\/pages\/7080\/revisions"}],"up":[{"embeddable":true,"href":"https:\/\/www.wsein.org\/tr\/wp-json\/wp\/v2\/pages\/7004"}],"wp:attachment":[{"href":"https:\/\/www.wsein.org\/tr\/wp-json\/wp\/v2\/media?parent=7080"}],"curies":[{"name":"wp","href":"https:\/\/api.w.org\/{rel}","templated":true}]}}