{"id":7163,"date":"2016-04-11T13:38:52","date_gmt":"2016-04-11T11:38:52","guid":{"rendered":"http:\/\/www.wsein.org\/tr\/?page_id=7163"},"modified":"2016-04-20T10:41:41","modified_gmt":"2016-04-20T08:41:41","slug":"uyelerimiz","status":"publish","type":"page","link":"https:\/\/www.wsein.org\/tr\/enstitu\/uyelerimiz\/","title":{"rendered":"\u00dcyelerimiz"},"content":{"rendered":"<h3><span style=\"color: #1B2C4E;\">Reviesta Dan\u0131\u015fmal\u0131k Grubu<\/span><\/h3>\n<p>Reviesta Dan\u0131\u015fmanl\u0131k Grubu , merkezi Viyana\u2019da olan , ofisi \u0130stanbul\u2019da bulunan ba\u011f\u0131ms\u0131z bir dan\u0131\u015fmanl\u0131k firmas\u0131d\u0131r. \u015eirket, Bat\u0131 ve Do\u011fu aras\u0131nda bir k\u00f6pr\u00fc g\u00f6revi \u00fcstlenmi\u015ftir ve yenilenebilir enerji y\u00f6ntemlerini ve en kaliteli \u00e7evre teknolojilerini transfer etmektedir.<\/p>\n<p style=\"padding: 25px 0;\"><a href=\"http:\/\/www.reviesta.com\/en\/\" target=\"_blank\"><img decoding=\"async\" class=\"wp-image-3506 size-full aligncenter\" title=\"Reviesta Consulting Group\" src=\"https:\/\/www.wsein.org\/wp-content\/uploads\/logos\/Logo_Reviesta.jpg\" alt=\"Logo Reviesta\" width=\"300\" height=\"98\" \/><\/a><\/p>\n<p><a href=\"http:\/\/www.reviesta.com\/en\/\" target=\"_blank\">www.reviesta.com<\/a><\/p>\n<hr \/>\n<h3><span style=\"color: #1B2C4E;\">Elisabeth Moser-Marzi<\/span><\/h3>\n<p>\u00c7e\u015fitli alanlarda dan\u0131\u015fmanl\u0131k hizmeti vermektedir. \u015eirketin uzmanl\u0131k alanlar\u0131 aras\u0131nda sivil, ticari ve idari hukuk yer almaktad\u0131r. Uzmanl\u0131k alanlar\u0131ndan bir tanesi at\u0131k hukukudur. At\u0131klar\u0131n toplanmas\u0131 ve geri d\u00f6n\u00fc\u015f\u00fcm\u00fc esnas\u0131nda ya\u015fan\u0131lan hukuki sorunlar ile ilgili yasal hizmetler sunmaktad\u0131r.<\/p>\n<p style=\"padding: 25px 0;\"><a href=\"http:\/\/www.moser-marzi.at\/en\/default.htm\" target=\"_blank\"><img decoding=\"async\" class=\"wp-image-3515 size-full aligncenter\" src=\"https:\/\/www.wsein.org\/wp-content\/uploads\/logos\/Logo_Moser-Marzi.gif\" alt=\"Logo Moser-Marzi\" width=\"308\" height=\"55\" \/><\/a><\/p>\n<p><a href=\"http:\/\/www.moser-marzi.at\/en\/default.htm\" target=\"_blank\">www.moser-marzi.at<\/a><\/p>\n<hr \/>\n<h3><span style=\"color: #1B2C4E;\">Skills International GmbH<\/span><\/h3>\n<p>Skills International, y\u00fcksek \u00f6\u011fretim kurumlar\u0131 ve i\u015fletmelere i\u015fbirli\u011fi yaparak, proje geli\u015ftirme y\u00f6netimleri, proje y\u00f6netimi, s\u00fcre\u00e7 iyile\u015ftirme, inovasyon y\u00f6netimi, e\u011fitim, tan\u0131t\u0131m ve \u00e7al\u0131\u015fma sonu\u00e7lar\u0131n\u0131n yayg\u0131nla\u015ft\u0131r\u0131lmas\u0131 i\u00e7in m\u00fc\u015fterilerine uluslararas\u0131 standartlarda hizmet vermektedir.<\/p>\n<p style=\"padding: 25px 0;\"><a href=\"http:\/\/www.skills-int.com\/en\/\" target=\"_blank\"><img decoding=\"async\" class=\"wp-image-3526 size-full aligncenter\" src=\"https:\/\/www.wsein.org\/wp-content\/uploads\/logos\/Logo_Skills-International.gif\" alt=\"\" width=\"181\" height=\"233\" \/><\/a><\/p>\n<p><a href=\"http:\/\/www.skills-int.com\/en\/\" target=\"_blank\">www.skills-int.com<\/a><\/p>\n<hr \/>\n<h3><span style=\"color: #1B2C4E;\">Ortado\u011fu Group<\/span><\/h3>\n<p>1981 y\u0131l\u0131nda in\u015faat ve lojistik alan\u0131nda, ticari hayat\u0131na ba\u015flayan Ortado\u011fu Grubu, T\u00fcrkiye&#8217;de ve D\u00fcnya\u2019da 30 y\u0131l\u0131 a\u015fk\u0131n bir s\u00fcredir bir\u00e7ok ba\u015far\u0131l\u0131 projeler ve yat\u0131r\u0131mlar ger\u00e7ekle\u015ftirmektedir. Ortado\u011fu Grup, in\u015faat ve lojistik alanlar\u0131 ile birlikte, enerji, sa\u011fl\u0131k, g\u0131da, uluslararas\u0131 ticaret ve \u00e7evre teknolojileri alanlar\u0131nda yenilik\u00e7i projeler \u00fcretmeye devam etmektedir.<\/p>\n<p style=\"padding: 25px 0;\"><img loading=\"lazy\" decoding=\"async\" class=\"size-full wp-image-3608 aligncenter\" src=\"https:\/\/www.wsein.org\/wp-content\/uploads\/logos\/Logo_Ortadogu-Grup.jpg\" alt=\"Logo Ortadogu Group\" width=\"300\" height=\"108\" \/><\/p>\n<p><a href=\"http:\/\/ortadogugrup.com.tr\/\" target=\"_blank\">www.ortadogugrup.com.tr<\/a><\/p>\n","protected":false},"excerpt":{"rendered":"<p>Reviesta Dan\u0131\u015fmal\u0131k Grubu Reviesta Dan\u0131\u015fmanl\u0131k Grubu , merkezi Viyana\u2019da olan , ofisi \u0130stanbul\u2019da bulunan ba\u011f\u0131ms\u0131z bir dan\u0131\u015fmanl\u0131k firmas\u0131d\u0131r. \u015eirket, Bat\u0131 ve Do\u011fu aras\u0131nda bir k\u00f6pr\u00fc g\u00f6revi \u00fcstlenmi\u015ftir ve yenilenebilir enerji &hellip; <\/p>\n","protected":false},"author":5,"featured_media":0,"parent":6455,"menu_order":0,"comment_status":"closed","ping_status":"closed","template":"","meta":{"footnotes":"","_links_to":"","_links_to_target":""},"class_list":["post-7163","page","type-page","status-publish","hentry"],"yoast_head":"<!-- This site is optimized with the Yoast SEO plugin v27.1.1 - https:\/\/yoast.com\/product\/yoast-seo-wordpress\/ -->\n<title>\u00dcyelerimiz | WSEIN - D\u00fcnya S\u00fcrd\u00fcr\u00fclebilir Enerji Enstit\u00fcs\u00fc<\/title>\n<meta name=\"description\" content=\"WSEIN - D\u00fcnya S\u00fcrd\u00fcr\u00fclebilir Enerji Enstit\u00fcs\u00fc, yenilenebilir enerji, at\u0131k y\u00f6netimi, s\u00fcrd\u00fcr\u00fclebilir ula\u015f\u0131m ve trafik, s\u00fcrd\u00fcr\u00fclebilir toplum konular\u0131nda kent \u00e7\u00f6z\u00fcmleri \u00fczerine \u00e7al\u0131\u015fan Viyana merkezli uluslararas\u0131 bir organizasyondur.\" \/>\n<meta name=\"robots\" content=\"index, follow, max-snippet:-1, max-image-preview:large, max-video-preview:-1\" \/>\n<link rel=\"canonical\" href=\"https:\/\/www.wsein.org\/tr\/enstitu\/uyelerimiz\/\" \/>\n<meta name=\"twitter:label1\" content=\"Est. reading time\" \/>\n\t<meta name=\"twitter:data1\" content=\"1 minute\" \/>\n<script type=\"application\/ld+json\" class=\"yoast-schema-graph\">{\"@context\":\"https:\/\/schema.org\",\"@graph\":[{\"@type\":\"WebPage\",\"@id\":\"https:\/\/www.wsein.org\/tr\/enstitu\/uyelerimiz\/\",\"url\":\"https:\/\/www.wsein.org\/tr\/enstitu\/uyelerimiz\/\",\"name\":\"\u00dcyelerimiz | WSEIN - D\u00fcnya S\u00fcrd\u00fcr\u00fclebilir Enerji Enstit\u00fcs\u00fc\",\"isPartOf\":{\"@id\":\"https:\/\/www.wsein.org\/tr\/#website\"},\"primaryImageOfPage\":{\"@id\":\"https:\/\/www.wsein.org\/tr\/enstitu\/uyelerimiz\/#primaryimage\"},\"image\":{\"@id\":\"https:\/\/www.wsein.org\/tr\/enstitu\/uyelerimiz\/#primaryimage\"},\"thumbnailUrl\":\"https:\/\/www.wsein.org\/wp-content\/uploads\/logos\/Logo_Reviesta.jpg\",\"datePublished\":\"2016-04-11T11:38:52+00:00\",\"dateModified\":\"2016-04-20T08:41:41+00:00\",\"description\":\"WSEIN - D\u00fcnya S\u00fcrd\u00fcr\u00fclebilir Enerji Enstit\u00fcs\u00fc, yenilenebilir enerji, at\u0131k y\u00f6netimi, s\u00fcrd\u00fcr\u00fclebilir ula\u015f\u0131m ve trafik, s\u00fcrd\u00fcr\u00fclebilir toplum konular\u0131nda kent \u00e7\u00f6z\u00fcmleri \u00fczerine \u00e7al\u0131\u015fan Viyana merkezli uluslararas\u0131 bir organizasyondur.\",\"breadcrumb\":{\"@id\":\"https:\/\/www.wsein.org\/tr\/enstitu\/uyelerimiz\/#breadcrumb\"},\"inLanguage\":\"tr\",\"potentialAction\":[{\"@type\":\"ReadAction\",\"target\":[\"https:\/\/www.wsein.org\/tr\/enstitu\/uyelerimiz\/\"]}]},{\"@type\":\"ImageObject\",\"inLanguage\":\"tr\",\"@id\":\"https:\/\/www.wsein.org\/tr\/enstitu\/uyelerimiz\/#primaryimage\",\"url\":\"https:\/\/www.wsein.org\/wp-content\/uploads\/logos\/Logo_Reviesta.jpg\",\"contentUrl\":\"https:\/\/www.wsein.org\/wp-content\/uploads\/logos\/Logo_Reviesta.jpg\"},{\"@type\":\"BreadcrumbList\",\"@id\":\"https:\/\/www.wsein.org\/tr\/enstitu\/uyelerimiz\/#breadcrumb\",\"itemListElement\":[{\"@type\":\"ListItem\",\"position\":1,\"name\":\"Home\",\"item\":\"https:\/\/www.wsein.org\/tr\/\"},{\"@type\":\"ListItem\",\"position\":2,\"name\":\"Enstit\u00fc\",\"item\":\"https:\/\/www.wsein.org\/tr\/enstitu\/\"},{\"@type\":\"ListItem\",\"position\":3,\"name\":\"\u00dcyelerimiz\"}]},{\"@type\":\"WebSite\",\"@id\":\"https:\/\/www.wsein.org\/tr\/#website\",\"url\":\"https:\/\/www.wsein.org\/tr\/\",\"name\":\"WSEIN \u2212 World Sustainable Energy Institute\",\"description\":\"World Sustainable Energy Institute\",\"publisher\":{\"@id\":\"https:\/\/www.wsein.org\/tr\/#organization\"},\"potentialAction\":[{\"@type\":\"SearchAction\",\"target\":{\"@type\":\"EntryPoint\",\"urlTemplate\":\"https:\/\/www.wsein.org\/tr\/?s={search_term_string}\"},\"query-input\":{\"@type\":\"PropertyValueSpecification\",\"valueRequired\":true,\"valueName\":\"search_term_string\"}}],\"inLanguage\":\"tr\"},{\"@type\":\"Organization\",\"@id\":\"https:\/\/www.wsein.org\/tr\/#organization\",\"name\":\"WSEIN - World Sustainable Energy Institute\",\"url\":\"https:\/\/www.wsein.org\/tr\/\",\"logo\":{\"@type\":\"ImageObject\",\"inLanguage\":\"tr\",\"@id\":\"https:\/\/www.wsein.org\/tr\/#\/schema\/logo\/image\/\",\"url\":\"https:\/\/www.wsein.org\/wp-content\/uploads\/Logo_WSEIN.png\",\"contentUrl\":\"https:\/\/www.wsein.org\/wp-content\/uploads\/Logo_WSEIN.png\",\"width\":1000,\"height\":200,\"caption\":\"WSEIN - World Sustainable Energy Institute\"},\"image\":{\"@id\":\"https:\/\/www.wsein.org\/tr\/#\/schema\/logo\/image\/\"},\"sameAs\":[\"https:\/\/www.facebook.com\/WSEinitiative\"]}]}<\/script>\n<!-- \/ Yoast SEO plugin. -->","yoast_head_json":{"title":"\u00dcyelerimiz | WSEIN - D\u00fcnya S\u00fcrd\u00fcr\u00fclebilir Enerji Enstit\u00fcs\u00fc","description":"WSEIN - D\u00fcnya S\u00fcrd\u00fcr\u00fclebilir Enerji Enstit\u00fcs\u00fc, yenilenebilir enerji, at\u0131k y\u00f6netimi, s\u00fcrd\u00fcr\u00fclebilir ula\u015f\u0131m ve trafik, s\u00fcrd\u00fcr\u00fclebilir toplum konular\u0131nda kent \u00e7\u00f6z\u00fcmleri \u00fczerine \u00e7al\u0131\u015fan Viyana merkezli uluslararas\u0131 bir organizasyondur.","robots":{"index":"index","follow":"follow","max-snippet":"max-snippet:-1","max-image-preview":"max-image-preview:large","max-video-preview":"max-video-preview:-1"},"canonical":"https:\/\/www.wsein.org\/tr\/enstitu\/uyelerimiz\/","twitter_misc":{"Est. reading time":"1 minute"},"schema":{"@context":"https:\/\/schema.org","@graph":[{"@type":"WebPage","@id":"https:\/\/www.wsein.org\/tr\/enstitu\/uyelerimiz\/","url":"https:\/\/www.wsein.org\/tr\/enstitu\/uyelerimiz\/","name":"\u00dcyelerimiz | WSEIN - D\u00fcnya S\u00fcrd\u00fcr\u00fclebilir Enerji Enstit\u00fcs\u00fc","isPartOf":{"@id":"https:\/\/www.wsein.org\/tr\/#website"},"primaryImageOfPage":{"@id":"https:\/\/www.wsein.org\/tr\/enstitu\/uyelerimiz\/#primaryimage"},"image":{"@id":"https:\/\/www.wsein.org\/tr\/enstitu\/uyelerimiz\/#primaryimage"},"thumbnailUrl":"https:\/\/www.wsein.org\/wp-content\/uploads\/logos\/Logo_Reviesta.jpg","datePublished":"2016-04-11T11:38:52+00:00","dateModified":"2016-04-20T08:41:41+00:00","description":"WSEIN - D\u00fcnya S\u00fcrd\u00fcr\u00fclebilir Enerji Enstit\u00fcs\u00fc, yenilenebilir enerji, at\u0131k y\u00f6netimi, s\u00fcrd\u00fcr\u00fclebilir ula\u015f\u0131m ve trafik, s\u00fcrd\u00fcr\u00fclebilir toplum konular\u0131nda kent \u00e7\u00f6z\u00fcmleri \u00fczerine \u00e7al\u0131\u015fan Viyana merkezli uluslararas\u0131 bir organizasyondur.","breadcrumb":{"@id":"https:\/\/www.wsein.org\/tr\/enstitu\/uyelerimiz\/#breadcrumb"},"inLanguage":"tr","potentialAction":[{"@type":"ReadAction","target":["https:\/\/www.wsein.org\/tr\/enstitu\/uyelerimiz\/"]}]},{"@type":"ImageObject","inLanguage":"tr","@id":"https:\/\/www.wsein.org\/tr\/enstitu\/uyelerimiz\/#primaryimage","url":"https:\/\/www.wsein.org\/wp-content\/uploads\/logos\/Logo_Reviesta.jpg","contentUrl":"https:\/\/www.wsein.org\/wp-content\/uploads\/logos\/Logo_Reviesta.jpg"},{"@type":"BreadcrumbList","@id":"https:\/\/www.wsein.org\/tr\/enstitu\/uyelerimiz\/#breadcrumb","itemListElement":[{"@type":"ListItem","position":1,"name":"Home","item":"https:\/\/www.wsein.org\/tr\/"},{"@type":"ListItem","position":2,"name":"Enstit\u00fc","item":"https:\/\/www.wsein.org\/tr\/enstitu\/"},{"@type":"ListItem","position":3,"name":"\u00dcyelerimiz"}]},{"@type":"WebSite","@id":"https:\/\/www.wsein.org\/tr\/#website","url":"https:\/\/www.wsein.org\/tr\/","name":"WSEIN \u2212 World Sustainable Energy Institute","description":"World Sustainable Energy Institute","publisher":{"@id":"https:\/\/www.wsein.org\/tr\/#organization"},"potentialAction":[{"@type":"SearchAction","target":{"@type":"EntryPoint","urlTemplate":"https:\/\/www.wsein.org\/tr\/?s={search_term_string}"},"query-input":{"@type":"PropertyValueSpecification","valueRequired":true,"valueName":"search_term_string"}}],"inLanguage":"tr"},{"@type":"Organization","@id":"https:\/\/www.wsein.org\/tr\/#organization","name":"WSEIN - World Sustainable Energy Institute","url":"https:\/\/www.wsein.org\/tr\/","logo":{"@type":"ImageObject","inLanguage":"tr","@id":"https:\/\/www.wsein.org\/tr\/#\/schema\/logo\/image\/","url":"https:\/\/www.wsein.org\/wp-content\/uploads\/Logo_WSEIN.png","contentUrl":"https:\/\/www.wsein.org\/wp-content\/uploads\/Logo_WSEIN.png","width":1000,"height":200,"caption":"WSEIN - World Sustainable Energy Institute"},"image":{"@id":"https:\/\/www.wsein.org\/tr\/#\/schema\/logo\/image\/"},"sameAs":["https:\/\/www.facebook.com\/WSEinitiative"]}]}},"_links":{"self":[{"href":"https:\/\/www.wsein.org\/tr\/wp-json\/wp\/v2\/pages\/7163","targetHints":{"allow":["GET"]}}],"collection":[{"href":"https:\/\/www.wsein.org\/tr\/wp-json\/wp\/v2\/pages"}],"about":[{"href":"https:\/\/www.wsein.org\/tr\/wp-json\/wp\/v2\/types\/page"}],"author":[{"embeddable":true,"href":"https:\/\/www.wsein.org\/tr\/wp-json\/wp\/v2\/users\/5"}],"replies":[{"embeddable":true,"href":"https:\/\/www.wsein.org\/tr\/wp-json\/wp\/v2\/comments?post=7163"}],"version-history":[{"count":0,"href":"https:\/\/www.wsein.org\/tr\/wp-json\/wp\/v2\/pages\/7163\/revisions"}],"up":[{"embeddable":true,"href":"https:\/\/www.wsein.org\/tr\/wp-json\/wp\/v2\/pages\/6455"}],"wp:attachment":[{"href":"https:\/\/www.wsein.org\/tr\/wp-json\/wp\/v2\/media?parent=7163"}],"curies":[{"name":"wp","href":"https:\/\/api.w.org\/{rel}","templated":true}]}}