{"id":7171,"date":"2016-04-11T13:45:18","date_gmt":"2016-04-11T11:45:18","guid":{"rendered":"http:\/\/www.wsein.org\/tr\/?page_id=7171"},"modified":"2025-03-19T11:12:38","modified_gmt":"2025-03-19T10:12:38","slug":"wsein-uyelik","status":"publish","type":"page","link":"https:\/\/www.wsein.org\/tr\/enstitu\/wsein-uyelik\/","title":{"rendered":"WSEIN \u00dcyelik"},"content":{"rendered":"<div id=\"pl-7171\"  class=\"panel-layout\" ><div id=\"pg-7171-0\"  class=\"panel-grid panel-no-style\" ><div id=\"pgc-7171-0-0\"  class=\"panel-grid-cell\" ><div id=\"panel-7171-0-0-0\" class=\"so-panel widget widget_heading panel-first-child\" data-index=\"0\" ><div class=\"thim-widget-heading template-base\"><div class=\"sc_heading  text-left\"><h2 style=\"text-transform: uppercase;\" class=\"title\">WSEIN \u00dcyelik<\/h2><span style=\"background-color:#be0000\" class=\"line\"><\/span><\/div><\/div><\/div><div id=\"panel-7171-0-0-1\" class=\"so-panel widget widget_sow-editor\" data-index=\"1\" ><div\n\t\t\t\n\t\t\tclass=\"so-widget-sow-editor so-widget-sow-editor-base\"\n\t\t\t\n\t\t>\n<div class=\"siteorigin-widget-tinymce textwidget\">\n\t<h4>WSEIN' e kimler kat\u0131labilir?<\/h4>\n<p>WSEIN s\u00fcrd\u00fcr\u00fclebilir ula\u015f\u0131m ve trafik, \u00e7evre ve at\u0131k, enerji ve toplum alanlar\u0131nda \u00e7al\u0131\u015fmalar yapmaktad\u0131r. Bu alanda ger\u00e7ekle\u015ftirdi\u011fimiz \u00e7al\u0131\u015fmalar ile ilgili olan t\u00fcm \u00a0firmalar, kurum ve kurulu\u015flar, \u00fcniversiteler, belediyeler ve bakanl\u0131klar enstit\u00fcm\u00fcze \u00fcye olabilir.<\/p>\n<p>\u00dcyelik ba\u015fvurusu WSEIN y\u00f6netimi taraf\u0131ndan de\u011ferlendirilmektedir.<\/p>\n<h4>WSEIN \u00dcyeli\u011finin Sa\u011flad\u0131klar\u0131<\/h4>\n<p>WSEIN \u00fcyeleri \u00e7al\u0131\u015ft\u0131\u011f\u0131 sekt\u00f6rden ba\u011f\u0131ms\u0131z olarak a\u015fa\u011f\u0131da belirtilen t\u00fcm imkanlara sahip olmaktad\u0131r.<\/p>\n<ul>\n<li>bilgi ve enformasyon hizmeti<\/li>\n<li>etkinlikler, yay\u0131nlar ve dergiler<\/li>\n<li>toplum,enerji, \u00e7evre ve at\u0131k, ula\u015f\u0131m ve trafik politikalar\u0131 ile ilgili bilgi payla\u015f\u0131lmas\u0131<\/li>\n<li>organisazyonunuzun tan\u0131t\u0131m\u0131<\/li>\n<li>b\u00f6lgesel, ulusal, uluslararas\u0131 tan\u0131t\u0131m ve network<\/li>\n<li>Viyana merkezimizde toplant\u0131 olanaklar\u0131<\/li>\n<\/ul>\n<h4 style=\"padding-top: 25px;\">WSEIN \u00dcyelik Aidat\u0131<\/h4>\n<table style=\"width: 90%; margin: 0 0 25px;\">\n<tbody>\n<tr>\n<td style=\"color: #be0000;\">01 \u2013 15<\/td>\n<td style=\"color: #be0000;\">\u00c7al\u0131\u015fan<\/td>\n<td style=\"text-align: right;\">250 EUR<\/td>\n<td style=\"text-align: right;\">y\u0131ll\u0131k<\/td>\n<\/tr>\n<tr>\n<td style=\"color: #be0000;\">16 \u2013 25<\/td>\n<td style=\"color: #be0000;\">\u00c7al\u0131\u015fan<\/td>\n<td style=\"text-align: right;\">500 EUR<\/td>\n<td style=\"text-align: right;\">y\u0131ll\u0131k<\/td>\n<\/tr>\n<tr>\n<td style=\"color: #be0000;\">26 \u2013 49<\/td>\n<td style=\"color: #be0000;\">\u00c7al\u0131\u015fan<\/td>\n<td style=\"text-align: right;\">750 EUR<\/td>\n<td style=\"text-align: right;\">y\u0131ll\u0131k<\/td>\n<\/tr>\n<tr>\n<td style=\"color: #be0000;\">50+<\/td>\n<td style=\"color: #be0000;\">\u00c7al\u0131\u015fan<\/td>\n<td style=\"text-align: right;\">1000 EUR<\/td>\n<td style=\"text-align: right;\">y\u0131ll\u0131k<\/td>\n<\/tr>\n<\/tbody>\n<\/table>\n<h4>\u00dcyelik Ba\u015fvurusu<\/h4>\n<p>WSEIN \u00dcyeli\u011fi i\u00e7in l\u00fctfen ba\u015fvuru formunu doldurup, <a href=\"mailto:office@wsein.org?subject=WSEIN%20Membership\">office@wsein.org<\/a> adresine g\u00f6nderiniz.<\/p>\n<\/div>\n<\/div><\/div><div id=\"panel-7171-0-0-2\" class=\"so-panel widget widget_text panel-last-child\" data-index=\"2\" ><div class=\"panel-widget-style panel-widget-style-for-7171-0-0-2\" ><h3 class=\"widget-title\">Ba\u015fvuru formunu indirmek i\u00e7in<\/h3>\t\t\t<div class=\"textwidget\"><a title=\"WSEIN \u00dcYEL\u0130K BA\u015eVURU FORMU\" href=\"https:\/\/www.wsein.org\/wp-content\/uploads\/pdf\/tr\/WSEIN_UYELIK_BASVURU_FORMU.pdf\" target=\"_blank\">\u00bb WSEIN \u00dcYEL\u0130K BA\u015eVURU FORMU<\/a><\/div>\n\t\t<\/div><\/div><\/div><\/div><\/div>","protected":false},"excerpt":{"rendered":"<p>WSEIN&#8217; e kimler kat\u0131labilir? WSEIN s\u00fcrd\u00fcr\u00fclebilir ula\u015f\u0131m ve trafik, \u00e7evre ve at\u0131k, enerji ve toplum alanlar\u0131nda \u00e7al\u0131\u015fmalar yapmaktad\u0131r. Bu alanda ger\u00e7ekle\u015ftirdi\u011fimiz \u00e7al\u0131\u015fmalar ile ilgili olan t\u00fcm \u00a0firmalar, kurum ve kurulu\u015flar, &hellip; <\/p>\n","protected":false},"author":5,"featured_media":0,"parent":6455,"menu_order":0,"comment_status":"closed","ping_status":"closed","template":"","meta":{"footnotes":"","_links_to":"","_links_to_target":""},"class_list":["post-7171","page","type-page","status-publish","hentry"],"yoast_head":"<!-- This site is optimized with the Yoast SEO plugin v27.1.1 - https:\/\/yoast.com\/product\/yoast-seo-wordpress\/ -->\n<title>WSEIN \u00dcyelik | WSEIN - D\u00fcnya S\u00fcrd\u00fcr\u00fclebilir Enerji Enstit\u00fcs\u00fc<\/title>\n<meta name=\"description\" content=\"WSEIN - D\u00fcnya S\u00fcrd\u00fcr\u00fclebilir Enerji Enstit\u00fcs\u00fc, yenilenebilir enerji, at\u0131k y\u00f6netimi, s\u00fcrd\u00fcr\u00fclebilir ula\u015f\u0131m ve trafik, s\u00fcrd\u00fcr\u00fclebilir toplum konular\u0131nda kent \u00e7\u00f6z\u00fcmleri \u00fczerine \u00e7al\u0131\u015fan Viyana merkezli uluslararas\u0131 bir organizasyondur.\" \/>\n<meta name=\"robots\" content=\"index, follow, max-snippet:-1, max-image-preview:large, max-video-preview:-1\" \/>\n<link rel=\"canonical\" href=\"https:\/\/www.wsein.org\/tr\/enstitu\/wsein-uyelik\/\" \/>\n<meta name=\"twitter:label1\" content=\"Est. reading time\" \/>\n\t<meta name=\"twitter:data1\" content=\"1 minute\" \/>\n<script type=\"application\/ld+json\" class=\"yoast-schema-graph\">{\"@context\":\"https:\/\/schema.org\",\"@graph\":[{\"@type\":\"WebPage\",\"@id\":\"https:\/\/www.wsein.org\/tr\/enstitu\/wsein-uyelik\/\",\"url\":\"https:\/\/www.wsein.org\/tr\/enstitu\/wsein-uyelik\/\",\"name\":\"WSEIN \u00dcyelik | WSEIN - D\u00fcnya S\u00fcrd\u00fcr\u00fclebilir Enerji Enstit\u00fcs\u00fc\",\"isPartOf\":{\"@id\":\"https:\/\/www.wsein.org\/tr\/#website\"},\"datePublished\":\"2016-04-11T11:45:18+00:00\",\"dateModified\":\"2025-03-19T10:12:38+00:00\",\"description\":\"WSEIN - D\u00fcnya S\u00fcrd\u00fcr\u00fclebilir Enerji Enstit\u00fcs\u00fc, yenilenebilir enerji, at\u0131k y\u00f6netimi, s\u00fcrd\u00fcr\u00fclebilir ula\u015f\u0131m ve trafik, s\u00fcrd\u00fcr\u00fclebilir toplum konular\u0131nda kent \u00e7\u00f6z\u00fcmleri \u00fczerine \u00e7al\u0131\u015fan Viyana merkezli uluslararas\u0131 bir organizasyondur.\",\"breadcrumb\":{\"@id\":\"https:\/\/www.wsein.org\/tr\/enstitu\/wsein-uyelik\/#breadcrumb\"},\"inLanguage\":\"tr\",\"potentialAction\":[{\"@type\":\"ReadAction\",\"target\":[\"https:\/\/www.wsein.org\/tr\/enstitu\/wsein-uyelik\/\"]}]},{\"@type\":\"BreadcrumbList\",\"@id\":\"https:\/\/www.wsein.org\/tr\/enstitu\/wsein-uyelik\/#breadcrumb\",\"itemListElement\":[{\"@type\":\"ListItem\",\"position\":1,\"name\":\"Home\",\"item\":\"https:\/\/www.wsein.org\/tr\/\"},{\"@type\":\"ListItem\",\"position\":2,\"name\":\"Enstit\u00fc\",\"item\":\"https:\/\/www.wsein.org\/tr\/enstitu\/\"},{\"@type\":\"ListItem\",\"position\":3,\"name\":\"WSEIN \u00dcyelik\"}]},{\"@type\":\"WebSite\",\"@id\":\"https:\/\/www.wsein.org\/tr\/#website\",\"url\":\"https:\/\/www.wsein.org\/tr\/\",\"name\":\"WSEIN \u2212 World Sustainable Energy Institute\",\"description\":\"World Sustainable Energy Institute\",\"publisher\":{\"@id\":\"https:\/\/www.wsein.org\/tr\/#organization\"},\"potentialAction\":[{\"@type\":\"SearchAction\",\"target\":{\"@type\":\"EntryPoint\",\"urlTemplate\":\"https:\/\/www.wsein.org\/tr\/?s={search_term_string}\"},\"query-input\":{\"@type\":\"PropertyValueSpecification\",\"valueRequired\":true,\"valueName\":\"search_term_string\"}}],\"inLanguage\":\"tr\"},{\"@type\":\"Organization\",\"@id\":\"https:\/\/www.wsein.org\/tr\/#organization\",\"name\":\"WSEIN - World Sustainable Energy Institute\",\"url\":\"https:\/\/www.wsein.org\/tr\/\",\"logo\":{\"@type\":\"ImageObject\",\"inLanguage\":\"tr\",\"@id\":\"https:\/\/www.wsein.org\/tr\/#\/schema\/logo\/image\/\",\"url\":\"https:\/\/www.wsein.org\/wp-content\/uploads\/Logo_WSEIN.png\",\"contentUrl\":\"https:\/\/www.wsein.org\/wp-content\/uploads\/Logo_WSEIN.png\",\"width\":1000,\"height\":200,\"caption\":\"WSEIN - World Sustainable Energy Institute\"},\"image\":{\"@id\":\"https:\/\/www.wsein.org\/tr\/#\/schema\/logo\/image\/\"},\"sameAs\":[\"https:\/\/www.facebook.com\/WSEinitiative\"]}]}<\/script>\n<!-- \/ Yoast SEO plugin. -->","yoast_head_json":{"title":"WSEIN \u00dcyelik | WSEIN - D\u00fcnya S\u00fcrd\u00fcr\u00fclebilir Enerji Enstit\u00fcs\u00fc","description":"WSEIN - D\u00fcnya S\u00fcrd\u00fcr\u00fclebilir Enerji Enstit\u00fcs\u00fc, yenilenebilir enerji, at\u0131k y\u00f6netimi, s\u00fcrd\u00fcr\u00fclebilir ula\u015f\u0131m ve trafik, s\u00fcrd\u00fcr\u00fclebilir toplum konular\u0131nda kent \u00e7\u00f6z\u00fcmleri \u00fczerine \u00e7al\u0131\u015fan Viyana merkezli uluslararas\u0131 bir organizasyondur.","robots":{"index":"index","follow":"follow","max-snippet":"max-snippet:-1","max-image-preview":"max-image-preview:large","max-video-preview":"max-video-preview:-1"},"canonical":"https:\/\/www.wsein.org\/tr\/enstitu\/wsein-uyelik\/","twitter_misc":{"Est. reading time":"1 minute"},"schema":{"@context":"https:\/\/schema.org","@graph":[{"@type":"WebPage","@id":"https:\/\/www.wsein.org\/tr\/enstitu\/wsein-uyelik\/","url":"https:\/\/www.wsein.org\/tr\/enstitu\/wsein-uyelik\/","name":"WSEIN \u00dcyelik | WSEIN - D\u00fcnya S\u00fcrd\u00fcr\u00fclebilir Enerji Enstit\u00fcs\u00fc","isPartOf":{"@id":"https:\/\/www.wsein.org\/tr\/#website"},"datePublished":"2016-04-11T11:45:18+00:00","dateModified":"2025-03-19T10:12:38+00:00","description":"WSEIN - D\u00fcnya S\u00fcrd\u00fcr\u00fclebilir Enerji Enstit\u00fcs\u00fc, yenilenebilir enerji, at\u0131k y\u00f6netimi, s\u00fcrd\u00fcr\u00fclebilir ula\u015f\u0131m ve trafik, s\u00fcrd\u00fcr\u00fclebilir toplum konular\u0131nda kent \u00e7\u00f6z\u00fcmleri \u00fczerine \u00e7al\u0131\u015fan Viyana merkezli uluslararas\u0131 bir organizasyondur.","breadcrumb":{"@id":"https:\/\/www.wsein.org\/tr\/enstitu\/wsein-uyelik\/#breadcrumb"},"inLanguage":"tr","potentialAction":[{"@type":"ReadAction","target":["https:\/\/www.wsein.org\/tr\/enstitu\/wsein-uyelik\/"]}]},{"@type":"BreadcrumbList","@id":"https:\/\/www.wsein.org\/tr\/enstitu\/wsein-uyelik\/#breadcrumb","itemListElement":[{"@type":"ListItem","position":1,"name":"Home","item":"https:\/\/www.wsein.org\/tr\/"},{"@type":"ListItem","position":2,"name":"Enstit\u00fc","item":"https:\/\/www.wsein.org\/tr\/enstitu\/"},{"@type":"ListItem","position":3,"name":"WSEIN \u00dcyelik"}]},{"@type":"WebSite","@id":"https:\/\/www.wsein.org\/tr\/#website","url":"https:\/\/www.wsein.org\/tr\/","name":"WSEIN \u2212 World Sustainable Energy Institute","description":"World Sustainable Energy Institute","publisher":{"@id":"https:\/\/www.wsein.org\/tr\/#organization"},"potentialAction":[{"@type":"SearchAction","target":{"@type":"EntryPoint","urlTemplate":"https:\/\/www.wsein.org\/tr\/?s={search_term_string}"},"query-input":{"@type":"PropertyValueSpecification","valueRequired":true,"valueName":"search_term_string"}}],"inLanguage":"tr"},{"@type":"Organization","@id":"https:\/\/www.wsein.org\/tr\/#organization","name":"WSEIN - World Sustainable Energy Institute","url":"https:\/\/www.wsein.org\/tr\/","logo":{"@type":"ImageObject","inLanguage":"tr","@id":"https:\/\/www.wsein.org\/tr\/#\/schema\/logo\/image\/","url":"https:\/\/www.wsein.org\/wp-content\/uploads\/Logo_WSEIN.png","contentUrl":"https:\/\/www.wsein.org\/wp-content\/uploads\/Logo_WSEIN.png","width":1000,"height":200,"caption":"WSEIN - World Sustainable Energy Institute"},"image":{"@id":"https:\/\/www.wsein.org\/tr\/#\/schema\/logo\/image\/"},"sameAs":["https:\/\/www.facebook.com\/WSEinitiative"]}]}},"_links":{"self":[{"href":"https:\/\/www.wsein.org\/tr\/wp-json\/wp\/v2\/pages\/7171","targetHints":{"allow":["GET"]}}],"collection":[{"href":"https:\/\/www.wsein.org\/tr\/wp-json\/wp\/v2\/pages"}],"about":[{"href":"https:\/\/www.wsein.org\/tr\/wp-json\/wp\/v2\/types\/page"}],"author":[{"embeddable":true,"href":"https:\/\/www.wsein.org\/tr\/wp-json\/wp\/v2\/users\/5"}],"replies":[{"embeddable":true,"href":"https:\/\/www.wsein.org\/tr\/wp-json\/wp\/v2\/comments?post=7171"}],"version-history":[{"count":0,"href":"https:\/\/www.wsein.org\/tr\/wp-json\/wp\/v2\/pages\/7171\/revisions"}],"up":[{"embeddable":true,"href":"https:\/\/www.wsein.org\/tr\/wp-json\/wp\/v2\/pages\/6455"}],"wp:attachment":[{"href":"https:\/\/www.wsein.org\/tr\/wp-json\/wp\/v2\/media?parent=7171"}],"curies":[{"name":"wp","href":"https:\/\/api.w.org\/{rel}","templated":true}]}}