{"id":7176,"date":"2016-04-11T13:58:05","date_gmt":"2016-04-11T11:58:05","guid":{"rendered":"http:\/\/www.wsein.org\/tr\/?page_id=7176"},"modified":"2025-03-18T10:17:30","modified_gmt":"2025-03-18T09:17:30","slug":"hakkimizda","status":"publish","type":"page","link":"https:\/\/www.wsein.org\/tr\/enstitu\/hakkimizda\/","title":{"rendered":"Hakk\u0131m\u0131zda"},"content":{"rendered":"<div id=\"pl-7176\"  class=\"panel-layout\" ><div id=\"pg-7176-0\"  class=\"panel-grid panel-no-style\" ><div id=\"pgc-7176-0-0\"  class=\"panel-grid-cell\" ><div id=\"panel-7176-0-0-0\" class=\"so-panel widget widget_heading panel-first-child panel-last-child\" data-index=\"0\" ><div class=\"thim-widget-heading template-base\"><div class=\"sc_heading  text-center\"><h2 style=\"text-transform: uppercase;\" class=\"title\">D\u00fcnya S\u00fcrd\u00fcr\u00fclebilir Enerji Enstit\u00fcs\u00fc (WSEIN)<\/h2><p class=\"sub-heading\" style=\"color:#be0000;\">B\u00fct\u00fcnle\u015ftirici S\u00fcr\u00fcd\u00fcrebilir Kent \u00c7\u00f6z\u00fcmleri<\/p><span style=\"background-color:#1b2c4e\" class=\"line\"><\/span><\/div><\/div><\/div><\/div><\/div><div id=\"pg-7176-1\"  class=\"panel-grid panel-no-style\" ><div id=\"pgc-7176-1-0\"  class=\"panel-grid-cell\" ><div id=\"panel-7176-1-0-0\" class=\"so-panel widget widget_counters-box panel-first-child panel-last-child\" data-index=\"1\" ><div class=\"thim-widget-counters-box template-base\"><div class=\"counter-box about-us\" style=\"\"><div class=\"content-box-percentage\">\n\t\t<div class=\"wrap-percentage\">\n\t\t<div class=\"display-percentage\" data-percentage=\"708\" >708<\/div><div class=\"text_number\"><\/div><\/div><div class=\"counter-content-container\"><div class=\"counter-box-content\" style=\"\">Takip\u00e7i<\/div><\/div><\/div><\/div><\/div><\/div><\/div><div id=\"pgc-7176-1-1\"  class=\"panel-grid-cell\" ><div id=\"panel-7176-1-1-0\" class=\"so-panel widget widget_counters-box panel-first-child panel-last-child\" data-index=\"2\" ><div class=\"thim-widget-counters-box template-base\"><div class=\"counter-box about-us\" style=\"\"><div class=\"content-box-percentage\">\n\t\t<div class=\"wrap-percentage\">\n\t\t<div class=\"display-percentage\" data-percentage=\"19\" >19<\/div><div class=\"text_number\"><\/div><\/div><div class=\"counter-content-container\"><div class=\"counter-box-content\" style=\"\">Uluslararas\u0131 uzmanlar<\/div><\/div><\/div><\/div><\/div><\/div><\/div><div id=\"pgc-7176-1-2\"  class=\"panel-grid-cell\" ><div id=\"panel-7176-1-2-0\" class=\"so-panel widget widget_counters-box panel-first-child panel-last-child\" data-index=\"3\" ><div class=\"thim-widget-counters-box template-base\"><div class=\"counter-box about-us\" style=\"\"><div class=\"content-box-percentage\">\n\t\t<div class=\"wrap-percentage\">\n\t\t<div class=\"display-percentage\" data-percentage=\"10\" >10<\/div><div class=\"text_number\"><\/div><\/div><div class=\"counter-content-container\"><div class=\"counter-box-content\" style=\"\">E\u011fitimler<\/div><\/div><\/div><\/div><\/div><\/div><\/div><\/div><div id=\"pg-7176-2\"  class=\"panel-grid panel-no-style\" ><div id=\"pgc-7176-2-0\"  class=\"panel-grid-cell\" ><div id=\"panel-7176-2-0-0\" class=\"widget_text so-panel widget widget_custom_html panel-first-child panel-last-child\" data-index=\"4\" ><div class=\"textwidget custom-html-widget\"><div class=\"responsive-video\"><iframe src=\"https:\/\/player.vimeo.com\/video\/156947452?title=0&byline=0&portrait=0\" width=\"1200\" height=\"674\" frameborder=\"0\" webkitallowfullscreen mozallowfullscreen allowfullscreen><\/iframe><\/div><\/div><\/div><\/div><\/div><div id=\"pg-7176-3\"  class=\"panel-grid panel-no-style\" ><div id=\"pgc-7176-3-0\"  class=\"panel-grid-cell\" ><div id=\"panel-7176-3-0-0\" class=\"so-panel widget widget_text panel-first-child panel-last-child\" data-index=\"5\" >\t\t\t<div class=\"textwidget\"><div class=\"thim-about-us-quote\">\n<p>Benim vizyonum gelecek nesillerin Viyana gibi s\u00fcrd\u00fcr\u00fclebilir \u015fehirlerde b\u00fcy\u00fcmesidir.<\/p>\n<div class=\"agency\">G\u00f6khan Y\u0131ld\u0131r\u0131m, WSEIN Ba\u015fkan\u0131<\/div>\n<hr>\n<\/div><\/div>\n\t\t<\/div><\/div><\/div><div id=\"pg-7176-4\"  class=\"panel-grid panel-no-style\" ><div id=\"pgc-7176-4-0\"  class=\"panel-grid-cell\" ><div id=\"panel-7176-4-0-0\" class=\"so-panel widget widget_text panel-first-child\" data-index=\"6\" ><h3 class=\"widget-title\">Hakk\u0131m\u0131zda<\/h3>\t\t\t<div class=\"textwidget\"><p><strong>D\u00fcnya S\u00fcrd\u00fcr\u00fclebilir Enerji Enstit\u00fcs\u00fc (WSEIN)<\/strong> merkezi, Mercer \u00e7al\u0131\u015fmalar\u0131nca d\u00fcnyan\u0131n en ya\u015fan\u0131labilir \u015fehri olan Avusturya\u2019n\u0131n ba\u015fkenti Viyana\u2019dad\u0131r.  WSEIN kar amac\u0131 g\u00fctmeyen bir organizasyondur. Misyonu s\u00fcrd\u00fcr\u00fclebilir \u015fehir \u00e7\u00f6z\u00fcmleri \u00fczerinde \u00e7al\u0131\u015fmakt\u0131r.<\/p>\n<p>WSEIN enerji, ula\u015f\u0131m ve trafik, \u00e7evre ve at\u0131k, toplum alanlar\u0131nda geli\u015ftirmi\u015f oldu\u011fu know-how ile \u015fehirlerde  s\u00fcrd\u00fcr\u00fclebilir geli\u015fimi hedeflemektedir.<\/p>\n<p>WSEIN, geli\u015fmi\u015f \u00fclkelerdeki teknolojileri geli\u015fmekte olan \u00fclkelere ta\u015f\u0131makt\u0131r.<\/p>\n<p>Enstit\u00fcm\u00fcz, s\u00fcrd\u00fcr\u00fclebilir entegre edilmi\u015f \u015fehir planlama, s\u00fcrd\u00fcr\u00fclebilir belediye y\u00f6netimi ve at\u0131k y\u00f6netimi alanlar\u0131nda 2014 y\u0131l\u0131ndan beri  Viyana merkezli faaliyetlerine devam etmektedir.  <\/p>\n<\/div>\n\t\t<\/div><div id=\"panel-7176-4-0-1\" class=\"so-panel widget widget_text panel-last-child\" data-index=\"7\" ><div class=\"panel-widget-style panel-widget-style-for-7176-4-0-1\" ><h3 class=\"widget-title\">\u0130ND\u0130R<\/h3>\t\t\t<div class=\"textwidget\"><p><a href=\"https:\/\/www.wsein.org\/wp-content\/uploads\/pdf\/tr\/WSEIN_EGITIM_PROGRAMLARI_2017.pdf\" target=\"_blank\">\u00bb WSEIN EGITIM PROGRAMLARI 2017<\/a><\/p>\n<\/div>\n\t\t<\/div><\/div><\/div><div id=\"pgc-7176-4-1\"  class=\"panel-grid-cell panel-grid-cell-empty\" ><\/div><div id=\"pgc-7176-4-2\"  class=\"panel-grid-cell\" ><div id=\"panel-7176-4-2-0\" class=\"so-panel widget widget_text panel-first-child panel-last-child\" data-index=\"8\" ><h3 class=\"widget-title\">Ne Yap\u0131yoruz<\/h3>\t\t\t<div class=\"textwidget\"><p>WSEIN, s\u00fcrd\u00fcr\u00fclebilir ula\u015f\u0131m ve trafik, \u00e7evre ve at\u0131k, enerji ve toplum alanlar\u0131nda s\u00fcrd\u00fcr\u00fclebilir \u00e7\u00f6z\u00fcmleri ilgili firmalara, kurum ve kurulu\u015flara, \u00fcniversitelere, belediyelere ve bakanl\u0131klara ula\u015ft\u0131rma g\u00f6revi \u00fcstlenmi\u015ftir .<\/p>\n<p>Enstit\u00fcm\u00fcz, kentte ve toplumdaki geli\u015fimler ve de\u011fi\u015fimler \u00fczerine e\u011fitimler d\u00fczenlemektedir. E\u011fitimlerimiz, s\u00fcrd\u00fcr\u00fclebilir enerji (yenilenebilir enerji vb.), \u00e7evre, at\u0131k y\u00f6netimi, ula\u015f\u0131m ve trafik planlamas\u0131 alanlar\u0131nda ger\u00e7ekle\u015ftirilmektedir. Alanlar\u0131nda uzman profes\u00f6rler, \u00fcniversite mensuplar\u0131 ve uluslararas\u0131 alanda bilinir uzmanlar taraf\u0131ndan e\u011fitimlerimiz verilmektedir.<\/p>\n<p>Enstit\u00fcm\u00fcz \u00e7al\u0131\u015fmalar\u0131n\u0131 70 den fazla \u00fclkede aktif olarak ger\u00e7ekle\u015ftirmektedir.<\/p>\n<\/div>\n\t\t<\/div><\/div><\/div><\/div>","protected":false},"excerpt":{"rendered":"<p>D\u00fcnya S\u00fcrd\u00fcr\u00fclebilir Enerji Enstit\u00fcs\u00fc (WSEIN)B\u00fct\u00fcnle\u015ftirici S\u00fcr\u00fcd\u00fcrebilir Kent \u00c7\u00f6z\u00fcmleri 708Takip\u00e7i 19Uluslararas\u0131 uzmanlar 10E\u011fitimler Benim vizyonum gelecek nesillerin Viyana gibi s\u00fcrd\u00fcr\u00fclebilir \u015fehirlerde b\u00fcy\u00fcmesidir. G\u00f6khan Y\u0131ld\u0131r\u0131m, WSEIN Ba\u015fkan\u0131 Hakk\u0131m\u0131zda D\u00fcnya S\u00fcrd\u00fcr\u00fclebilir Enerji Enstit\u00fcs\u00fc &hellip; <\/p>\n","protected":false},"author":5,"featured_media":0,"parent":6455,"menu_order":0,"comment_status":"closed","ping_status":"closed","template":"","meta":{"footnotes":"","_links_to":"","_links_to_target":""},"class_list":["post-7176","page","type-page","status-publish","hentry"],"yoast_head":"<!-- This site is optimized with the Yoast SEO plugin v27.1.1 - https:\/\/yoast.com\/product\/yoast-seo-wordpress\/ -->\n<title>Hakk\u0131m\u0131zda | WSEIN - D\u00fcnya S\u00fcrd\u00fcr\u00fclebilir Enerji Enstit\u00fcs\u00fc<\/title>\n<meta name=\"description\" content=\"WSEIN - D\u00fcnya S\u00fcrd\u00fcr\u00fclebilir Enerji Enstit\u00fcs\u00fc, yenilenebilir enerji, at\u0131k y\u00f6netimi, s\u00fcrd\u00fcr\u00fclebilir ula\u015f\u0131m ve trafik, s\u00fcrd\u00fcr\u00fclebilir toplum konular\u0131nda kent \u00e7\u00f6z\u00fcmleri \u00fczerine \u00e7al\u0131\u015fan Viyana merkezli uluslararas\u0131 bir organizasyondur.\" \/>\n<meta name=\"robots\" content=\"index, follow, max-snippet:-1, max-image-preview:large, max-video-preview:-1\" \/>\n<link rel=\"canonical\" href=\"https:\/\/www.wsein.org\/tr\/enstitu\/hakkimizda\/\" \/>\n<meta name=\"twitter:label1\" content=\"Est. reading time\" \/>\n\t<meta name=\"twitter:data1\" content=\"1 minute\" \/>\n<script type=\"application\/ld+json\" class=\"yoast-schema-graph\">{\"@context\":\"https:\/\/schema.org\",\"@graph\":[{\"@type\":\"WebPage\",\"@id\":\"https:\/\/www.wsein.org\/tr\/enstitu\/hakkimizda\/\",\"url\":\"https:\/\/www.wsein.org\/tr\/enstitu\/hakkimizda\/\",\"name\":\"Hakk\u0131m\u0131zda | WSEIN - D\u00fcnya S\u00fcrd\u00fcr\u00fclebilir Enerji Enstit\u00fcs\u00fc\",\"isPartOf\":{\"@id\":\"https:\/\/www.wsein.org\/tr\/#website\"},\"datePublished\":\"2016-04-11T11:58:05+00:00\",\"dateModified\":\"2025-03-18T09:17:30+00:00\",\"description\":\"WSEIN - D\u00fcnya S\u00fcrd\u00fcr\u00fclebilir Enerji Enstit\u00fcs\u00fc, yenilenebilir enerji, at\u0131k y\u00f6netimi, s\u00fcrd\u00fcr\u00fclebilir ula\u015f\u0131m ve trafik, s\u00fcrd\u00fcr\u00fclebilir toplum konular\u0131nda kent \u00e7\u00f6z\u00fcmleri \u00fczerine \u00e7al\u0131\u015fan Viyana merkezli uluslararas\u0131 bir organizasyondur.\",\"breadcrumb\":{\"@id\":\"https:\/\/www.wsein.org\/tr\/enstitu\/hakkimizda\/#breadcrumb\"},\"inLanguage\":\"tr\",\"potentialAction\":[{\"@type\":\"ReadAction\",\"target\":[\"https:\/\/www.wsein.org\/tr\/enstitu\/hakkimizda\/\"]}]},{\"@type\":\"BreadcrumbList\",\"@id\":\"https:\/\/www.wsein.org\/tr\/enstitu\/hakkimizda\/#breadcrumb\",\"itemListElement\":[{\"@type\":\"ListItem\",\"position\":1,\"name\":\"Home\",\"item\":\"https:\/\/www.wsein.org\/tr\/\"},{\"@type\":\"ListItem\",\"position\":2,\"name\":\"Enstit\u00fc\",\"item\":\"https:\/\/www.wsein.org\/tr\/enstitu\/\"},{\"@type\":\"ListItem\",\"position\":3,\"name\":\"Hakk\u0131m\u0131zda\"}]},{\"@type\":\"WebSite\",\"@id\":\"https:\/\/www.wsein.org\/tr\/#website\",\"url\":\"https:\/\/www.wsein.org\/tr\/\",\"name\":\"WSEIN \u2212 World Sustainable Energy Institute\",\"description\":\"World Sustainable Energy Institute\",\"publisher\":{\"@id\":\"https:\/\/www.wsein.org\/tr\/#organization\"},\"potentialAction\":[{\"@type\":\"SearchAction\",\"target\":{\"@type\":\"EntryPoint\",\"urlTemplate\":\"https:\/\/www.wsein.org\/tr\/?s={search_term_string}\"},\"query-input\":{\"@type\":\"PropertyValueSpecification\",\"valueRequired\":true,\"valueName\":\"search_term_string\"}}],\"inLanguage\":\"tr\"},{\"@type\":\"Organization\",\"@id\":\"https:\/\/www.wsein.org\/tr\/#organization\",\"name\":\"WSEIN - World Sustainable Energy Institute\",\"url\":\"https:\/\/www.wsein.org\/tr\/\",\"logo\":{\"@type\":\"ImageObject\",\"inLanguage\":\"tr\",\"@id\":\"https:\/\/www.wsein.org\/tr\/#\/schema\/logo\/image\/\",\"url\":\"https:\/\/www.wsein.org\/wp-content\/uploads\/Logo_WSEIN.png\",\"contentUrl\":\"https:\/\/www.wsein.org\/wp-content\/uploads\/Logo_WSEIN.png\",\"width\":1000,\"height\":200,\"caption\":\"WSEIN - World Sustainable Energy Institute\"},\"image\":{\"@id\":\"https:\/\/www.wsein.org\/tr\/#\/schema\/logo\/image\/\"},\"sameAs\":[\"https:\/\/www.facebook.com\/WSEinitiative\"]}]}<\/script>\n<!-- \/ Yoast SEO plugin. -->","yoast_head_json":{"title":"Hakk\u0131m\u0131zda | WSEIN - D\u00fcnya S\u00fcrd\u00fcr\u00fclebilir Enerji Enstit\u00fcs\u00fc","description":"WSEIN - D\u00fcnya S\u00fcrd\u00fcr\u00fclebilir Enerji Enstit\u00fcs\u00fc, yenilenebilir enerji, at\u0131k y\u00f6netimi, s\u00fcrd\u00fcr\u00fclebilir ula\u015f\u0131m ve trafik, s\u00fcrd\u00fcr\u00fclebilir toplum konular\u0131nda kent \u00e7\u00f6z\u00fcmleri \u00fczerine \u00e7al\u0131\u015fan Viyana merkezli uluslararas\u0131 bir organizasyondur.","robots":{"index":"index","follow":"follow","max-snippet":"max-snippet:-1","max-image-preview":"max-image-preview:large","max-video-preview":"max-video-preview:-1"},"canonical":"https:\/\/www.wsein.org\/tr\/enstitu\/hakkimizda\/","twitter_misc":{"Est. reading time":"1 minute"},"schema":{"@context":"https:\/\/schema.org","@graph":[{"@type":"WebPage","@id":"https:\/\/www.wsein.org\/tr\/enstitu\/hakkimizda\/","url":"https:\/\/www.wsein.org\/tr\/enstitu\/hakkimizda\/","name":"Hakk\u0131m\u0131zda | WSEIN - D\u00fcnya S\u00fcrd\u00fcr\u00fclebilir Enerji Enstit\u00fcs\u00fc","isPartOf":{"@id":"https:\/\/www.wsein.org\/tr\/#website"},"datePublished":"2016-04-11T11:58:05+00:00","dateModified":"2025-03-18T09:17:30+00:00","description":"WSEIN - D\u00fcnya S\u00fcrd\u00fcr\u00fclebilir Enerji Enstit\u00fcs\u00fc, yenilenebilir enerji, at\u0131k y\u00f6netimi, s\u00fcrd\u00fcr\u00fclebilir ula\u015f\u0131m ve trafik, s\u00fcrd\u00fcr\u00fclebilir toplum konular\u0131nda kent \u00e7\u00f6z\u00fcmleri \u00fczerine \u00e7al\u0131\u015fan Viyana merkezli uluslararas\u0131 bir organizasyondur.","breadcrumb":{"@id":"https:\/\/www.wsein.org\/tr\/enstitu\/hakkimizda\/#breadcrumb"},"inLanguage":"tr","potentialAction":[{"@type":"ReadAction","target":["https:\/\/www.wsein.org\/tr\/enstitu\/hakkimizda\/"]}]},{"@type":"BreadcrumbList","@id":"https:\/\/www.wsein.org\/tr\/enstitu\/hakkimizda\/#breadcrumb","itemListElement":[{"@type":"ListItem","position":1,"name":"Home","item":"https:\/\/www.wsein.org\/tr\/"},{"@type":"ListItem","position":2,"name":"Enstit\u00fc","item":"https:\/\/www.wsein.org\/tr\/enstitu\/"},{"@type":"ListItem","position":3,"name":"Hakk\u0131m\u0131zda"}]},{"@type":"WebSite","@id":"https:\/\/www.wsein.org\/tr\/#website","url":"https:\/\/www.wsein.org\/tr\/","name":"WSEIN \u2212 World Sustainable Energy Institute","description":"World Sustainable Energy Institute","publisher":{"@id":"https:\/\/www.wsein.org\/tr\/#organization"},"potentialAction":[{"@type":"SearchAction","target":{"@type":"EntryPoint","urlTemplate":"https:\/\/www.wsein.org\/tr\/?s={search_term_string}"},"query-input":{"@type":"PropertyValueSpecification","valueRequired":true,"valueName":"search_term_string"}}],"inLanguage":"tr"},{"@type":"Organization","@id":"https:\/\/www.wsein.org\/tr\/#organization","name":"WSEIN - World Sustainable Energy Institute","url":"https:\/\/www.wsein.org\/tr\/","logo":{"@type":"ImageObject","inLanguage":"tr","@id":"https:\/\/www.wsein.org\/tr\/#\/schema\/logo\/image\/","url":"https:\/\/www.wsein.org\/wp-content\/uploads\/Logo_WSEIN.png","contentUrl":"https:\/\/www.wsein.org\/wp-content\/uploads\/Logo_WSEIN.png","width":1000,"height":200,"caption":"WSEIN - World Sustainable Energy Institute"},"image":{"@id":"https:\/\/www.wsein.org\/tr\/#\/schema\/logo\/image\/"},"sameAs":["https:\/\/www.facebook.com\/WSEinitiative"]}]}},"_links":{"self":[{"href":"https:\/\/www.wsein.org\/tr\/wp-json\/wp\/v2\/pages\/7176","targetHints":{"allow":["GET"]}}],"collection":[{"href":"https:\/\/www.wsein.org\/tr\/wp-json\/wp\/v2\/pages"}],"about":[{"href":"https:\/\/www.wsein.org\/tr\/wp-json\/wp\/v2\/types\/page"}],"author":[{"embeddable":true,"href":"https:\/\/www.wsein.org\/tr\/wp-json\/wp\/v2\/users\/5"}],"replies":[{"embeddable":true,"href":"https:\/\/www.wsein.org\/tr\/wp-json\/wp\/v2\/comments?post=7176"}],"version-history":[{"count":0,"href":"https:\/\/www.wsein.org\/tr\/wp-json\/wp\/v2\/pages\/7176\/revisions"}],"up":[{"embeddable":true,"href":"https:\/\/www.wsein.org\/tr\/wp-json\/wp\/v2\/pages\/6455"}],"wp:attachment":[{"href":"https:\/\/www.wsein.org\/tr\/wp-json\/wp\/v2\/media?parent=7176"}],"curies":[{"name":"wp","href":"https:\/\/api.w.org\/{rel}","templated":true}]}}