{"id":7385,"date":"2016-04-19T12:32:05","date_gmt":"2016-04-19T10:32:05","guid":{"rendered":"http:\/\/www.wsein.org\/tr\/?page_id=7385"},"modified":"2017-09-11T17:09:52","modified_gmt":"2017-09-11T15:09:52","slug":"burcu-ozkaraova-gungor","status":"publish","type":"page","link":"https:\/\/www.wsein.org\/tr\/enstitu\/takim\/burcu-ozkaraova-gungor\/","title":{"rendered":"Dr. E. Burcu \u00d6zkaraova G\u00fcng\u00f6r"},"content":{"rendered":"<h2>Dr. E. Burcu \u00d6zkaraova G\u00fcng\u00f6r<\/h2>\n<h3 style=\"color: #be0000;\">DANI\u015eMA KURULU \u00dcYES\u0130 \/ \u00c7EVRE<\/h3>\n<h3>S\u00fcrd\u00fcr\u00fclebilir \u00c7evre<\/h3>\n","protected":false},"excerpt":{"rendered":"<p>Dr. E. Burcu \u00d6zkaraova G\u00fcng\u00f6r DANI\u015eMA KURULU \u00dcYES\u0130 \/ \u00c7EVRE S\u00fcrd\u00fcr\u00fclebilir \u00c7evre<\/p>\n","protected":false},"author":5,"featured_media":0,"parent":7004,"menu_order":0,"comment_status":"closed","ping_status":"closed","template":"","meta":{"footnotes":"","_links_to":"","_links_to_target":""},"class_list":["post-7385","page","type-page","status-publish","hentry"],"yoast_head":"<!-- This site is optimized with the Yoast SEO plugin v27.1.1 - https:\/\/yoast.com\/product\/yoast-seo-wordpress\/ -->\n<title>Dr. E. Burcu \u00d6zkaraova G\u00fcng\u00f6r | WSEIN - D\u00fcnya S\u00fcrd\u00fcr\u00fclebilir Enerji Enstit\u00fcs\u00fc<\/title>\n<meta name=\"description\" content=\"WSEIN - D\u00fcnya S\u00fcrd\u00fcr\u00fclebilir Enerji Enstit\u00fcs\u00fc, yenilenebilir enerji, at\u0131k y\u00f6netimi, s\u00fcrd\u00fcr\u00fclebilir ula\u015f\u0131m ve trafik, s\u00fcrd\u00fcr\u00fclebilir toplum konular\u0131nda kent \u00e7\u00f6z\u00fcmleri \u00fczerine \u00e7al\u0131\u015fan Viyana merkezli uluslararas\u0131 bir organizasyondur.\" \/>\n<meta name=\"robots\" content=\"index, follow, max-snippet:-1, max-image-preview:large, max-video-preview:-1\" \/>\n<link rel=\"canonical\" href=\"https:\/\/www.wsein.org\/tr\/enstitu\/takim\/burcu-ozkaraova-gungor\/\" \/>\n<script type=\"application\/ld+json\" class=\"yoast-schema-graph\">{\"@context\":\"https:\/\/schema.org\",\"@graph\":[{\"@type\":\"WebPage\",\"@id\":\"https:\/\/www.wsein.org\/tr\/enstitu\/takim\/burcu-ozkaraova-gungor\/\",\"url\":\"https:\/\/www.wsein.org\/tr\/enstitu\/takim\/burcu-ozkaraova-gungor\/\",\"name\":\"Dr. E. Burcu \u00d6zkaraova G\u00fcng\u00f6r | WSEIN - D\u00fcnya S\u00fcrd\u00fcr\u00fclebilir Enerji Enstit\u00fcs\u00fc\",\"isPartOf\":{\"@id\":\"https:\/\/www.wsein.org\/tr\/#website\"},\"datePublished\":\"2016-04-19T10:32:05+00:00\",\"dateModified\":\"2017-09-11T15:09:52+00:00\",\"description\":\"WSEIN - D\u00fcnya S\u00fcrd\u00fcr\u00fclebilir Enerji Enstit\u00fcs\u00fc, yenilenebilir enerji, at\u0131k y\u00f6netimi, s\u00fcrd\u00fcr\u00fclebilir ula\u015f\u0131m ve trafik, s\u00fcrd\u00fcr\u00fclebilir toplum konular\u0131nda kent \u00e7\u00f6z\u00fcmleri \u00fczerine \u00e7al\u0131\u015fan Viyana merkezli uluslararas\u0131 bir organizasyondur.\",\"breadcrumb\":{\"@id\":\"https:\/\/www.wsein.org\/tr\/enstitu\/takim\/burcu-ozkaraova-gungor\/#breadcrumb\"},\"inLanguage\":\"tr\",\"potentialAction\":[{\"@type\":\"ReadAction\",\"target\":[\"https:\/\/www.wsein.org\/tr\/enstitu\/takim\/burcu-ozkaraova-gungor\/\"]}]},{\"@type\":\"BreadcrumbList\",\"@id\":\"https:\/\/www.wsein.org\/tr\/enstitu\/takim\/burcu-ozkaraova-gungor\/#breadcrumb\",\"itemListElement\":[{\"@type\":\"ListItem\",\"position\":1,\"name\":\"Home\",\"item\":\"https:\/\/www.wsein.org\/tr\/\"},{\"@type\":\"ListItem\",\"position\":2,\"name\":\"Enstit\u00fc\",\"item\":\"https:\/\/www.wsein.org\/tr\/enstitu\/\"},{\"@type\":\"ListItem\",\"position\":3,\"name\":\"Tak\u0131m\",\"item\":\"https:\/\/www.wsein.org\/tr\/enstitu\/takim\/\"},{\"@type\":\"ListItem\",\"position\":4,\"name\":\"Dr. E. Burcu \u00d6zkaraova G\u00fcng\u00f6r\"}]},{\"@type\":\"WebSite\",\"@id\":\"https:\/\/www.wsein.org\/tr\/#website\",\"url\":\"https:\/\/www.wsein.org\/tr\/\",\"name\":\"WSEIN \u2212 World Sustainable Energy Institute\",\"description\":\"World Sustainable Energy Institute\",\"publisher\":{\"@id\":\"https:\/\/www.wsein.org\/tr\/#organization\"},\"potentialAction\":[{\"@type\":\"SearchAction\",\"target\":{\"@type\":\"EntryPoint\",\"urlTemplate\":\"https:\/\/www.wsein.org\/tr\/?s={search_term_string}\"},\"query-input\":{\"@type\":\"PropertyValueSpecification\",\"valueRequired\":true,\"valueName\":\"search_term_string\"}}],\"inLanguage\":\"tr\"},{\"@type\":\"Organization\",\"@id\":\"https:\/\/www.wsein.org\/tr\/#organization\",\"name\":\"WSEIN - World Sustainable Energy Institute\",\"url\":\"https:\/\/www.wsein.org\/tr\/\",\"logo\":{\"@type\":\"ImageObject\",\"inLanguage\":\"tr\",\"@id\":\"https:\/\/www.wsein.org\/tr\/#\/schema\/logo\/image\/\",\"url\":\"https:\/\/www.wsein.org\/wp-content\/uploads\/Logo_WSEIN.png\",\"contentUrl\":\"https:\/\/www.wsein.org\/wp-content\/uploads\/Logo_WSEIN.png\",\"width\":1000,\"height\":200,\"caption\":\"WSEIN - World Sustainable Energy Institute\"},\"image\":{\"@id\":\"https:\/\/www.wsein.org\/tr\/#\/schema\/logo\/image\/\"},\"sameAs\":[\"https:\/\/www.facebook.com\/WSEinitiative\"]}]}<\/script>\n<!-- \/ Yoast SEO plugin. -->","yoast_head_json":{"title":"Dr. E. Burcu \u00d6zkaraova G\u00fcng\u00f6r | WSEIN - D\u00fcnya S\u00fcrd\u00fcr\u00fclebilir Enerji Enstit\u00fcs\u00fc","description":"WSEIN - D\u00fcnya S\u00fcrd\u00fcr\u00fclebilir Enerji Enstit\u00fcs\u00fc, yenilenebilir enerji, at\u0131k y\u00f6netimi, s\u00fcrd\u00fcr\u00fclebilir ula\u015f\u0131m ve trafik, s\u00fcrd\u00fcr\u00fclebilir toplum konular\u0131nda kent \u00e7\u00f6z\u00fcmleri \u00fczerine \u00e7al\u0131\u015fan Viyana merkezli uluslararas\u0131 bir organizasyondur.","robots":{"index":"index","follow":"follow","max-snippet":"max-snippet:-1","max-image-preview":"max-image-preview:large","max-video-preview":"max-video-preview:-1"},"canonical":"https:\/\/www.wsein.org\/tr\/enstitu\/takim\/burcu-ozkaraova-gungor\/","schema":{"@context":"https:\/\/schema.org","@graph":[{"@type":"WebPage","@id":"https:\/\/www.wsein.org\/tr\/enstitu\/takim\/burcu-ozkaraova-gungor\/","url":"https:\/\/www.wsein.org\/tr\/enstitu\/takim\/burcu-ozkaraova-gungor\/","name":"Dr. E. Burcu \u00d6zkaraova G\u00fcng\u00f6r | WSEIN - D\u00fcnya S\u00fcrd\u00fcr\u00fclebilir Enerji Enstit\u00fcs\u00fc","isPartOf":{"@id":"https:\/\/www.wsein.org\/tr\/#website"},"datePublished":"2016-04-19T10:32:05+00:00","dateModified":"2017-09-11T15:09:52+00:00","description":"WSEIN - D\u00fcnya S\u00fcrd\u00fcr\u00fclebilir Enerji Enstit\u00fcs\u00fc, yenilenebilir enerji, at\u0131k y\u00f6netimi, s\u00fcrd\u00fcr\u00fclebilir ula\u015f\u0131m ve trafik, s\u00fcrd\u00fcr\u00fclebilir toplum konular\u0131nda kent \u00e7\u00f6z\u00fcmleri \u00fczerine \u00e7al\u0131\u015fan Viyana merkezli uluslararas\u0131 bir organizasyondur.","breadcrumb":{"@id":"https:\/\/www.wsein.org\/tr\/enstitu\/takim\/burcu-ozkaraova-gungor\/#breadcrumb"},"inLanguage":"tr","potentialAction":[{"@type":"ReadAction","target":["https:\/\/www.wsein.org\/tr\/enstitu\/takim\/burcu-ozkaraova-gungor\/"]}]},{"@type":"BreadcrumbList","@id":"https:\/\/www.wsein.org\/tr\/enstitu\/takim\/burcu-ozkaraova-gungor\/#breadcrumb","itemListElement":[{"@type":"ListItem","position":1,"name":"Home","item":"https:\/\/www.wsein.org\/tr\/"},{"@type":"ListItem","position":2,"name":"Enstit\u00fc","item":"https:\/\/www.wsein.org\/tr\/enstitu\/"},{"@type":"ListItem","position":3,"name":"Tak\u0131m","item":"https:\/\/www.wsein.org\/tr\/enstitu\/takim\/"},{"@type":"ListItem","position":4,"name":"Dr. E. Burcu \u00d6zkaraova G\u00fcng\u00f6r"}]},{"@type":"WebSite","@id":"https:\/\/www.wsein.org\/tr\/#website","url":"https:\/\/www.wsein.org\/tr\/","name":"WSEIN \u2212 World Sustainable Energy Institute","description":"World Sustainable Energy Institute","publisher":{"@id":"https:\/\/www.wsein.org\/tr\/#organization"},"potentialAction":[{"@type":"SearchAction","target":{"@type":"EntryPoint","urlTemplate":"https:\/\/www.wsein.org\/tr\/?s={search_term_string}"},"query-input":{"@type":"PropertyValueSpecification","valueRequired":true,"valueName":"search_term_string"}}],"inLanguage":"tr"},{"@type":"Organization","@id":"https:\/\/www.wsein.org\/tr\/#organization","name":"WSEIN - World Sustainable Energy Institute","url":"https:\/\/www.wsein.org\/tr\/","logo":{"@type":"ImageObject","inLanguage":"tr","@id":"https:\/\/www.wsein.org\/tr\/#\/schema\/logo\/image\/","url":"https:\/\/www.wsein.org\/wp-content\/uploads\/Logo_WSEIN.png","contentUrl":"https:\/\/www.wsein.org\/wp-content\/uploads\/Logo_WSEIN.png","width":1000,"height":200,"caption":"WSEIN - World Sustainable Energy Institute"},"image":{"@id":"https:\/\/www.wsein.org\/tr\/#\/schema\/logo\/image\/"},"sameAs":["https:\/\/www.facebook.com\/WSEinitiative"]}]}},"_links":{"self":[{"href":"https:\/\/www.wsein.org\/tr\/wp-json\/wp\/v2\/pages\/7385","targetHints":{"allow":["GET"]}}],"collection":[{"href":"https:\/\/www.wsein.org\/tr\/wp-json\/wp\/v2\/pages"}],"about":[{"href":"https:\/\/www.wsein.org\/tr\/wp-json\/wp\/v2\/types\/page"}],"author":[{"embeddable":true,"href":"https:\/\/www.wsein.org\/tr\/wp-json\/wp\/v2\/users\/5"}],"replies":[{"embeddable":true,"href":"https:\/\/www.wsein.org\/tr\/wp-json\/wp\/v2\/comments?post=7385"}],"version-history":[{"count":0,"href":"https:\/\/www.wsein.org\/tr\/wp-json\/wp\/v2\/pages\/7385\/revisions"}],"up":[{"embeddable":true,"href":"https:\/\/www.wsein.org\/tr\/wp-json\/wp\/v2\/pages\/7004"}],"wp:attachment":[{"href":"https:\/\/www.wsein.org\/tr\/wp-json\/wp\/v2\/media?parent=7385"}],"curies":[{"name":"wp","href":"https:\/\/api.w.org\/{rel}","templated":true}]}}