{"id":8369,"date":"2016-09-28T20:41:15","date_gmt":"2016-09-28T18:41:15","guid":{"rendered":"http:\/\/www.wsein.org\/tr\/?page_id=8369"},"modified":"2018-12-20T18:09:18","modified_gmt":"2018-12-20T17:09:18","slug":"speakers","status":"publish","type":"page","link":"https:\/\/www.wsein.org\/tr\/forum\/speakers\/","title":{"rendered":"Konu\u015fmac\u0131"},"content":{"rendered":"<div id=\"pl-8369\"  class=\"panel-layout\" ><div id=\"pg-8369-0\"  class=\"panel-grid panel-no-style\" ><div id=\"pgc-8369-0-0\"  class=\"panel-grid-cell\" ><div id=\"panel-8369-0-0-0\" class=\"so-panel widget widget_text panel-first-child panel-last-child\" data-index=\"0\" >\t\t\t<div class=\"textwidget\"><img fetchpriority=\"high\" decoding=\"async\" class=\"alignnone wp-image-2340 size-full\" src=\"https:\/\/www.wsein.org\/wp-content\/uploads\/team\/haas.jpg\" alt=\"\" width=\"350\" height=\"250\" \/>\n<\/div>\n\t\t<\/div><\/div><div id=\"pgc-8369-0-1\"  class=\"panel-grid-cell\" ><div id=\"panel-8369-0-1-0\" class=\"so-panel widget widget_text panel-first-child panel-last-child\" data-index=\"1\" >\t\t\t<div class=\"textwidget\"><h3>Prof. Reinhard Haas<\/h3>\n<h4 style=\"color: #be0000;\">S\u00dcR\u00dcD\u00dcR\u00dcLEB\u0130L\u0130R ENERJ\u0130 \/ YEN\u0130LENEB\u0130L\u0130R ENERJ\u0130 S\u0130STEMLER\u0130<\/h4>\n<h4>Dani\u015fma Kurulu \u00dcyesi \/ Enerji<\/h4>\n<h6><a href=\"https:\/\/www.wsein.org\/wp-content\/uploads\/pdf\/CV_Univ-Prof_Haas.pdf\" target=\"_blank\">\u00bbCV Prof. Reinhard Haas<\/a><\/h6><\/div>\n\t\t<\/div><\/div><\/div><div id=\"pg-8369-1\"  class=\"panel-grid panel-no-style\" ><div id=\"pgc-8369-1-0\"  class=\"panel-grid-cell\" ><div id=\"panel-8369-1-0-0\" class=\"so-panel widget widget_text panel-first-child panel-last-child\" data-index=\"2\" >\t\t\t<div class=\"textwidget\"><img decoding=\"async\" class=\"alignnone wp-image-2340 size-full\" src=\"https:\/\/www.wsein.org\/wp-content\/uploads\/team\/ajanovic.jpg\" alt=\"\" width=\"350\" height=\"250\" \/>\n<\/div>\n\t\t<\/div><\/div><div id=\"pgc-8369-1-1\"  class=\"panel-grid-cell\" ><div id=\"panel-8369-1-1-0\" class=\"so-panel widget widget_text panel-first-child panel-last-child\" data-index=\"3\" >\t\t\t<div class=\"textwidget\"><h3>Dr. Amela Ajanovic<\/h3>\n<h4 style=\"color: #be0000;\">S\u00dcR\u00dcD\u00dcR\u00dcLEB\u0130L\u0130R ENERJ\u0130 \/ E-ULA\u015e\u0130M<\/h4>\n<h4>Dani\u015fma Kurulu \u00dcyesi \/ Enerji<\/h4>\n<h6><a href=\"https:\/\/www.wsein.org\/wp-content\/uploads\/pdf\/CV_Dr_Ajanovic.pdf\" target=\"_blank\">\u00bbCV Dr. Amela Ajanovic<\/a><\/h6><\/div>\n\t\t<\/div><\/div><\/div><div id=\"pg-8369-2\"  class=\"panel-grid panel-no-style\" ><div id=\"pgc-8369-2-0\"  class=\"panel-grid-cell\" ><div id=\"panel-8369-2-0-0\" class=\"so-panel widget widget_text panel-first-child panel-last-child\" data-index=\"4\" >\t\t\t<div class=\"textwidget\"><img decoding=\"async\" class=\"alignnone wp-image-2340 size-full\" src=\"https:\/\/www.wsein.org\/wp-content\/uploads\/team\/pacheco.jpg\" alt=\"\" width=\"350\" height=\"250\" \/>\n<\/div>\n\t\t<\/div><\/div><div id=\"pgc-8369-2-1\"  class=\"panel-grid-cell\" ><div id=\"panel-8369-2-1-0\" class=\"so-panel widget widget_text panel-first-child panel-last-child\" data-index=\"5\" >\t\t\t<div class=\"textwidget\"><h3>MA State Senat\u00f6r Marc R. Pacheco<\/h3>\n<h4 style=\"color: #be0000;\">KL\u0130MA & ENERJ\u0130 - S\u00dcRD\u00dcR\u00dcLEB\u0130L\u0130R ENERJ\u0130 VE \u00c7EVRE \u00c7\u00d6Z\u00dcMLER\u0130<\/h4>\n<h4>Massachusetts Senat\u00f6r\u00fc, Boston &minus; USA<\/h4>\n<h6><a href=\"http:\/\/www.marcpacheco.com\/\" target=\"_blank\">www.marcpacheco.com<\/a><\/h6><\/div>\n\t\t<\/div><\/div><\/div><div id=\"pg-8369-3\"  class=\"panel-grid panel-no-style\" ><div id=\"pgc-8369-3-0\"  class=\"panel-grid-cell\" ><div id=\"panel-8369-3-0-0\" class=\"so-panel widget widget_text panel-first-child panel-last-child\" data-index=\"6\" >\t\t\t<div class=\"textwidget\"><img loading=\"lazy\" decoding=\"async\" class=\"alignnone wp-image-2340 size-full\" src=\"https:\/\/www.wsein.org\/wp-content\/uploads\/team\/frey.jpg\" alt=\"\" width=\"350\" height=\"250\" \/>\n<\/div>\n\t\t<\/div><\/div><div id=\"pgc-8369-3-1\"  class=\"panel-grid-cell\" ><div id=\"panel-8369-3-1-0\" class=\"so-panel widget widget_text panel-first-child panel-last-child\" data-index=\"7\" >\t\t\t<div class=\"textwidget\"><h3>Dr. Harald Frey<\/h3>\n<h4 style=\"color: #be0000;\">S\u00dcR\u00dcD\u00dcR\u00dcLEB\u0130L\u0130R ULA\u015eIM VE TRAF\u0130K<\/h4>\n<h4>Dan\u0131\u015fma Kurulu \u00dcyesi \/ Ula\u015f\u0131m ve trafik<\/h4>\n<h6><a href=\"https:\/\/www.wsein.org\/wp-content\/uploads\/pdf\/CV_Dr_Frey.pdf\" target=\"_blank\">\u00bbCV Dr. Harald Frey<\/a><\/h6><\/div>\n\t\t<\/div><\/div><\/div><div id=\"pg-8369-4\"  class=\"panel-grid panel-no-style\" ><div id=\"pgc-8369-4-0\"  class=\"panel-grid-cell\" ><div id=\"panel-8369-4-0-0\" class=\"so-panel widget widget_text panel-first-child panel-last-child\" data-index=\"8\" >\t\t\t<div class=\"textwidget\"><img loading=\"lazy\" decoding=\"async\" class=\"alignnone wp-image-2340 size-full\" src=\"https:\/\/www.wsein.org\/wp-content\/uploads\/team\/lorber.jpg\" alt=\"\" width=\"350\" height=\"250\" \/>\n<\/div>\n\t\t<\/div><\/div><div id=\"pgc-8369-4-1\"  class=\"panel-grid-cell\" ><div id=\"panel-8369-4-1-0\" class=\"so-panel widget widget_text panel-first-child panel-last-child\" data-index=\"9\" >\t\t\t<div class=\"textwidget\"><h3>Prof. Dr. Karl E. Lorber<\/h3>\n<h4 style=\"color: #be0000;\">S\u00dcRD\u00dcR\u00dcLEB\u0130L\u0130R \u00c7EVRE \u2013 \u00c7\u00d6PTEN ENERJ\u0130<\/h4>\n<h4>Dani\u015fma Kurulu \u00dcyesi \/ \u00c7evre<\/h4>\n<h6><a href=\"https:\/\/www.wsein.org\/wp-content\/uploads\/pdf\/CV_Prof_Karl_Lorber.pdf\" target=\"_blank\">\u00bbCV Prof. Dr.-Ing. Karl Lorber<\/a><\/h6><\/div>\n\t\t<\/div><\/div><\/div><div id=\"pg-8369-5\"  class=\"panel-grid panel-no-style\" ><div id=\"pgc-8369-5-0\"  class=\"panel-grid-cell\" ><div id=\"panel-8369-5-0-0\" class=\"so-panel widget widget_text panel-first-child panel-last-child\" data-index=\"10\" >\t\t\t<div class=\"textwidget\"><img loading=\"lazy\" decoding=\"async\" class=\"alignnone wp-image-2340 size-full\" src=\"https:\/\/www.wsein.org\/wp-content\/uploads\/team\/yildirim.jpg\" alt=\"\" width=\"350\" height=\"250\" \/>\n<\/div>\n\t\t<\/div><\/div><div id=\"pgc-8369-5-1\"  class=\"panel-grid-cell\" ><div id=\"panel-8369-5-1-0\" class=\"so-panel widget widget_text panel-first-child panel-last-child\" data-index=\"11\" >\t\t\t<div class=\"textwidget\"><h3>Y\u00fcksek M\u00fchendis G\u00f6khan Y\u0131ld\u0131r\u0131m<\/h3>\n<h4 style=\"color: #be0000;\">ENTEGRE \u015eEHIR \u00c7\u00d6Z\u00dcMLERI<\/h4>\n<h4>WSEIN Ba\u015fkan\u0131<\/h4>\n<h6><a href=\"https:\/\/www.wsein.org\/wp-content\/uploads\/pdf\/CV_MSc_Goekhan_Yildirim.pdf\" target=\"_blank\">\u00bbCV Y\u00fcksek M\u00fchendis G\u00f6khan Y\u0131ld\u0131r\u0131m<\/a><\/h6><\/div>\n\t\t<\/div><\/div><\/div><div id=\"pg-8369-6\"  class=\"panel-grid panel-no-style\" ><div id=\"pgc-8369-6-0\"  class=\"panel-grid-cell\" ><div id=\"panel-8369-6-0-0\" class=\"so-panel widget widget_text panel-first-child panel-last-child\" data-index=\"12\" >\t\t\t<div class=\"textwidget\"><img loading=\"lazy\" decoding=\"async\" class=\"alignnone wp-image-2340 size-full\" src=\"https:\/\/www.wsein.org\/wp-content\/uploads\/team\/moser-marzi.jpg\" alt=\"\" width=\"350\" height=\"250\" \/><\/div>\n\t\t<\/div><\/div><div id=\"pgc-8369-6-1\"  class=\"panel-grid-cell\" ><div id=\"panel-8369-6-1-0\" class=\"so-panel widget widget_text panel-first-child panel-last-child\" data-index=\"13\" >\t\t\t<div class=\"textwidget\"><h3>Mag. Elisabeth Moser-Marzi<\/h3>\n<h4 style=\"color: #be0000;\">S\u00dcRD\u00dcR\u00dcLEB\u0130L\u0130R ATIK GER\u0130 KAZANIMI<\/h4>\n<h4>WSEIN Ba\u015fkan Yard\u0131mc\u0131s\u0131<\/h4>\n<h6><a href=\"https:\/\/www.wsein.org\/wp-content\/uploads\/pdf\/CV_Mag_Moser-Marzi.pdf\" target=\"_blank\">\u00bbCV Mag. Elisabeth Moser-Marzi<\/a><\/h6><\/div>\n\t\t<\/div><\/div><\/div><div id=\"pg-8369-7\"  class=\"panel-grid panel-no-style\" ><div id=\"pgc-8369-7-0\"  class=\"panel-grid-cell\" ><div id=\"panel-8369-7-0-0\" class=\"so-panel widget widget_text panel-first-child panel-last-child\" data-index=\"14\" >\t\t\t<div class=\"textwidget\"><img loading=\"lazy\" decoding=\"async\" class=\"alignnone wp-image-2340 size-full\" src=\"https:\/\/www.wsein.org\/wp-content\/uploads\/team\/poms.jpg\" alt=\"\" width=\"350\" height=\"250\" \/><\/div>\n\t\t<\/div><\/div><div id=\"pgc-8369-7-1\"  class=\"panel-grid-cell\" ><div id=\"panel-8369-7-1-0\" class=\"so-panel widget widget_text panel-first-child panel-last-child\" data-index=\"15\" >\t\t\t<div class=\"textwidget\"><h3>Univ. Prof. Dr. Roland Ernest Poms<\/h3>\n<h4 style=\"color: #be0000;\">S\u00dcRD\u00dcR\u00dcLEB\u0130L\u0130R TOPLUM<\/h4>\n<h4>Dani\u015fma Kurulu \u00dcyesi \/ Toplum<\/h4>\n<h6><a href=\"https:\/\/www.wsein.org\/wp-content\/uploads\/pdf\/CV_Univ-Prof_Roland_Poms.pdf\" target=\"_blank\">\u00bbCV Univ. Prof. Dr. Roland Poms<\/a><\/h6><\/div>\n\t\t<\/div><\/div><\/div><div id=\"pg-8369-8\"  class=\"panel-grid panel-no-style\" ><div id=\"pgc-8369-8-0\"  class=\"panel-grid-cell\" ><div id=\"panel-8369-8-0-0\" class=\"so-panel widget widget_text panel-first-child panel-last-child\" data-index=\"16\" >\t\t\t<div class=\"textwidget\"><img loading=\"lazy\" decoding=\"async\" class=\"alignnone wp-image-2340 size-full\" src=\"https:\/\/www.wsein.org\/wp-content\/uploads\/team\/yumurtaci.jpg\" alt=\"\" width=\"350\" height=\"250\" \/><\/div>\n\t\t<\/div><\/div><div id=\"pgc-8369-8-1\"  class=\"panel-grid-cell\" ><div id=\"panel-8369-8-1-0\" class=\"so-panel widget widget_text panel-first-child panel-last-child\" data-index=\"17\" >\t\t\t<div class=\"textwidget\"><h3>Do\u00e7. Dr. Zehra Yumurtac\u0131<\/h3>\n<h4 style=\"color: #be0000;\">S\u00dcRD\u00dcR\u00dcLEB\u0130L\u0130R ENERJ\u0130 S\u0130STEMLER\u0130<\/h4>\n<h4>Dani\u015fma Kurulu \u00dcyesi \/ Enerji<\/h4>\n<h6><a href=\"https:\/\/www.wsein.org\/wp-content\/uploads\/pdf\/CV_Dr_Yumurtaci.pdf\" target=\"_blank\">\u00bbCV Do\u00e7. Dr. Zehra Yumurtac\u0131<\/a><\/h6><\/div>\n\t\t<\/div><\/div><\/div><div id=\"pg-8369-9\"  class=\"panel-grid panel-no-style\" ><div id=\"pgc-8369-9-0\"  class=\"panel-grid-cell\" ><div id=\"panel-8369-9-0-0\" class=\"so-panel widget widget_text panel-first-child panel-last-child\" data-index=\"18\" >\t\t\t<div class=\"textwidget\"><img loading=\"lazy\" decoding=\"async\" class=\"alignnone wp-image-2340 size-full\" src=\"https:\/\/www.wsein.org\/wp-content\/uploads\/team\/schram.jpg\" alt=\"\" width=\"350\" height=\"250\" \/><\/div>\n\t\t<\/div><\/div><div id=\"pgc-8369-9-1\"  class=\"panel-grid-cell\" ><div id=\"panel-8369-9-1-0\" class=\"so-panel widget widget_text panel-first-child panel-last-child\" data-index=\"19\" >\t\t\t<div class=\"textwidget\"><h3>Brunhilde Schram, MAS, MBA<\/h3>\n<h4 style=\"color: #be0000;\">EKONOM\u0130 4.0<\/h4>\n<h4>Dani\u015fma Kurulu \u00dcyesi \/ Toplum<\/h4>\n<h6><a href=\"https:\/\/www.wsein.org\/wp-content\/uploads\/pdf\/CV_Schram.pdf\" target=\"_blank\">\u00bbCV Brunhilde Schram, MAS, MBA<\/a><\/h6><\/div>\n\t\t<\/div><\/div><\/div><div id=\"pg-8369-10\"  class=\"panel-grid panel-no-style\" ><div id=\"pgc-8369-10-0\"  class=\"panel-grid-cell\" ><div id=\"panel-8369-10-0-0\" class=\"so-panel widget widget_text panel-first-child panel-last-child\" data-index=\"20\" >\t\t\t<div class=\"textwidget\"><img loading=\"lazy\" decoding=\"async\" class=\"alignnone wp-image-2340 size-full\" src=\"https:\/\/www.wsein.org\/wp-content\/uploads\/team\/fenz.jpg\" alt=\"\" width=\"350\" height=\"250\" \/><\/div>\n\t\t<\/div><\/div><div id=\"pgc-8369-10-1\"  class=\"panel-grid-cell\" ><div id=\"panel-8369-10-1-0\" class=\"so-panel widget widget_text panel-first-child panel-last-child\" data-index=\"21\" >\t\t\t<div class=\"textwidget\"><h3>Mag. Andrea Fenz<\/h3>\n<h4 style=\"color: #be0000;\">MODERASYON<\/h4>\n<h6><a href=\"https:\/\/www.wsein.org\/wp-content\/uploads\/pdf\/CV_Mag_Fenz.pdf\" target=\"_blank\">\u00bbCV Mag. Andrea Fenz<\/a><\/h6><\/div>\n\t\t<\/div><\/div><\/div><\/div>","protected":false},"excerpt":{"rendered":"<p>Prof. Reinhard Haas S\u00dcR\u00dcD\u00dcR\u00dcLEB\u0130L\u0130R ENERJ\u0130 \/ YEN\u0130LENEB\u0130L\u0130R ENERJ\u0130 S\u0130STEMLER\u0130 Dani\u015fma Kurulu \u00dcyesi \/ Enerji \u00bbCV Prof. Reinhard Haas Dr. Amela Ajanovic S\u00dcR\u00dcD\u00dcR\u00dcLEB\u0130L\u0130R ENERJ\u0130 \/ E-ULA\u015e\u0130M Dani\u015fma Kurulu \u00dcyesi \/ Enerji &hellip; <\/p>\n","protected":false},"author":5,"featured_media":0,"parent":6478,"menu_order":0,"comment_status":"closed","ping_status":"closed","template":"","meta":{"footnotes":"","_links_to":"","_links_to_target":""},"class_list":["post-8369","page","type-page","status-publish","hentry"],"yoast_head":"<!-- This site is optimized with the Yoast SEO plugin v27.5 - https:\/\/yoast.com\/product\/yoast-seo-wordpress\/ -->\n<title>Konu\u015fmac\u0131 | WSEIN - World Sustainable Energy Institute<\/title>\n<meta name=\"description\" content=\"WSEIN \u2212 World Sustainable Energy Institute is an international organisation based in Vienna that works for sustainable city solutions such as renewable energy, waste management, sustainable mobility and community.\" \/>\n<meta name=\"robots\" content=\"index, follow, max-snippet:-1, max-image-preview:large, max-video-preview:-1\" \/>\n<link rel=\"canonical\" href=\"https:\/\/www.wsein.org\/tr\/forum\/speakers\/\" \/>\n<meta name=\"twitter:label1\" content=\"Est. reading time\" \/>\n\t<meta name=\"twitter:data1\" content=\"1 minute\" \/>\n<script type=\"application\/ld+json\" class=\"yoast-schema-graph\">{\"@context\":\"https:\\\/\\\/schema.org\",\"@graph\":[{\"@type\":\"WebPage\",\"@id\":\"https:\\\/\\\/www.wsein.org\\\/tr\\\/forum\\\/speakers\\\/\",\"url\":\"https:\\\/\\\/www.wsein.org\\\/tr\\\/forum\\\/speakers\\\/\",\"name\":\"Konu\u015fmac\u0131 | WSEIN - World Sustainable Energy Institute\",\"isPartOf\":{\"@id\":\"https:\\\/\\\/www.wsein.org\\\/tr\\\/#website\"},\"primaryImageOfPage\":{\"@id\":\"https:\\\/\\\/www.wsein.org\\\/tr\\\/forum\\\/speakers\\\/#primaryimage\"},\"image\":{\"@id\":\"https:\\\/\\\/www.wsein.org\\\/tr\\\/forum\\\/speakers\\\/#primaryimage\"},\"thumbnailUrl\":\"https:\\\/\\\/www.wsein.org\\\/wp-content\\\/uploads\\\/team\\\/haas.jpg\",\"datePublished\":\"2016-09-28T18:41:15+00:00\",\"dateModified\":\"2018-12-20T17:09:18+00:00\",\"description\":\"WSEIN \u2212 World Sustainable Energy Institute is an international organisation based in Vienna that works for sustainable city solutions such as renewable energy, waste management, sustainable mobility and community.\",\"breadcrumb\":{\"@id\":\"https:\\\/\\\/www.wsein.org\\\/tr\\\/forum\\\/speakers\\\/#breadcrumb\"},\"inLanguage\":\"tr\",\"potentialAction\":[{\"@type\":\"ReadAction\",\"target\":[\"https:\\\/\\\/www.wsein.org\\\/tr\\\/forum\\\/speakers\\\/\"]}]},{\"@type\":\"ImageObject\",\"inLanguage\":\"tr\",\"@id\":\"https:\\\/\\\/www.wsein.org\\\/tr\\\/forum\\\/speakers\\\/#primaryimage\",\"url\":\"https:\\\/\\\/www.wsein.org\\\/wp-content\\\/uploads\\\/team\\\/haas.jpg\",\"contentUrl\":\"https:\\\/\\\/www.wsein.org\\\/wp-content\\\/uploads\\\/team\\\/haas.jpg\"},{\"@type\":\"BreadcrumbList\",\"@id\":\"https:\\\/\\\/www.wsein.org\\\/tr\\\/forum\\\/speakers\\\/#breadcrumb\",\"itemListElement\":[{\"@type\":\"ListItem\",\"position\":1,\"name\":\"Home\",\"item\":\"https:\\\/\\\/www.wsein.org\\\/tr\\\/\"},{\"@type\":\"ListItem\",\"position\":2,\"name\":\"Forum\",\"item\":\"https:\\\/\\\/www.wsein.org\\\/tr\\\/forum\\\/\"},{\"@type\":\"ListItem\",\"position\":3,\"name\":\"Konu\u015fmac\u0131\"}]},{\"@type\":\"WebSite\",\"@id\":\"https:\\\/\\\/www.wsein.org\\\/tr\\\/#website\",\"url\":\"https:\\\/\\\/www.wsein.org\\\/tr\\\/\",\"name\":\"WSEIN \u2212 World Sustainable Energy Institute\",\"description\":\"World Sustainable Energy Institute\",\"publisher\":{\"@id\":\"https:\\\/\\\/www.wsein.org\\\/tr\\\/#organization\"},\"potentialAction\":[{\"@type\":\"SearchAction\",\"target\":{\"@type\":\"EntryPoint\",\"urlTemplate\":\"https:\\\/\\\/www.wsein.org\\\/tr\\\/?s={search_term_string}\"},\"query-input\":{\"@type\":\"PropertyValueSpecification\",\"valueRequired\":true,\"valueName\":\"search_term_string\"}}],\"inLanguage\":\"tr\"},{\"@type\":\"Organization\",\"@id\":\"https:\\\/\\\/www.wsein.org\\\/tr\\\/#organization\",\"name\":\"WSEIN - World Sustainable Energy Institute\",\"url\":\"https:\\\/\\\/www.wsein.org\\\/tr\\\/\",\"logo\":{\"@type\":\"ImageObject\",\"inLanguage\":\"tr\",\"@id\":\"https:\\\/\\\/www.wsein.org\\\/tr\\\/#\\\/schema\\\/logo\\\/image\\\/\",\"url\":\"https:\\\/\\\/www.wsein.org\\\/wp-content\\\/uploads\\\/Logo_WSEIN.png\",\"contentUrl\":\"https:\\\/\\\/www.wsein.org\\\/wp-content\\\/uploads\\\/Logo_WSEIN.png\",\"width\":1000,\"height\":200,\"caption\":\"WSEIN - World Sustainable Energy Institute\"},\"image\":{\"@id\":\"https:\\\/\\\/www.wsein.org\\\/tr\\\/#\\\/schema\\\/logo\\\/image\\\/\"},\"sameAs\":[\"https:\\\/\\\/www.facebook.com\\\/WSEinitiative\"]}]}<\/script>\n<!-- \/ Yoast SEO plugin. -->","yoast_head_json":{"title":"Konu\u015fmac\u0131 | WSEIN - World Sustainable Energy Institute","description":"WSEIN \u2212 World Sustainable Energy Institute is an international organisation based in Vienna that works for sustainable city solutions such as renewable energy, waste management, sustainable mobility and community.","robots":{"index":"index","follow":"follow","max-snippet":"max-snippet:-1","max-image-preview":"max-image-preview:large","max-video-preview":"max-video-preview:-1"},"canonical":"https:\/\/www.wsein.org\/tr\/forum\/speakers\/","twitter_misc":{"Est. reading time":"1 minute"},"schema":{"@context":"https:\/\/schema.org","@graph":[{"@type":"WebPage","@id":"https:\/\/www.wsein.org\/tr\/forum\/speakers\/","url":"https:\/\/www.wsein.org\/tr\/forum\/speakers\/","name":"Konu\u015fmac\u0131 | WSEIN - World Sustainable Energy Institute","isPartOf":{"@id":"https:\/\/www.wsein.org\/tr\/#website"},"primaryImageOfPage":{"@id":"https:\/\/www.wsein.org\/tr\/forum\/speakers\/#primaryimage"},"image":{"@id":"https:\/\/www.wsein.org\/tr\/forum\/speakers\/#primaryimage"},"thumbnailUrl":"https:\/\/www.wsein.org\/wp-content\/uploads\/team\/haas.jpg","datePublished":"2016-09-28T18:41:15+00:00","dateModified":"2018-12-20T17:09:18+00:00","description":"WSEIN \u2212 World Sustainable Energy Institute is an international organisation based in Vienna that works for sustainable city solutions such as renewable energy, waste management, sustainable mobility and community.","breadcrumb":{"@id":"https:\/\/www.wsein.org\/tr\/forum\/speakers\/#breadcrumb"},"inLanguage":"tr","potentialAction":[{"@type":"ReadAction","target":["https:\/\/www.wsein.org\/tr\/forum\/speakers\/"]}]},{"@type":"ImageObject","inLanguage":"tr","@id":"https:\/\/www.wsein.org\/tr\/forum\/speakers\/#primaryimage","url":"https:\/\/www.wsein.org\/wp-content\/uploads\/team\/haas.jpg","contentUrl":"https:\/\/www.wsein.org\/wp-content\/uploads\/team\/haas.jpg"},{"@type":"BreadcrumbList","@id":"https:\/\/www.wsein.org\/tr\/forum\/speakers\/#breadcrumb","itemListElement":[{"@type":"ListItem","position":1,"name":"Home","item":"https:\/\/www.wsein.org\/tr\/"},{"@type":"ListItem","position":2,"name":"Forum","item":"https:\/\/www.wsein.org\/tr\/forum\/"},{"@type":"ListItem","position":3,"name":"Konu\u015fmac\u0131"}]},{"@type":"WebSite","@id":"https:\/\/www.wsein.org\/tr\/#website","url":"https:\/\/www.wsein.org\/tr\/","name":"WSEIN \u2212 World Sustainable Energy Institute","description":"World Sustainable Energy Institute","publisher":{"@id":"https:\/\/www.wsein.org\/tr\/#organization"},"potentialAction":[{"@type":"SearchAction","target":{"@type":"EntryPoint","urlTemplate":"https:\/\/www.wsein.org\/tr\/?s={search_term_string}"},"query-input":{"@type":"PropertyValueSpecification","valueRequired":true,"valueName":"search_term_string"}}],"inLanguage":"tr"},{"@type":"Organization","@id":"https:\/\/www.wsein.org\/tr\/#organization","name":"WSEIN - World Sustainable Energy Institute","url":"https:\/\/www.wsein.org\/tr\/","logo":{"@type":"ImageObject","inLanguage":"tr","@id":"https:\/\/www.wsein.org\/tr\/#\/schema\/logo\/image\/","url":"https:\/\/www.wsein.org\/wp-content\/uploads\/Logo_WSEIN.png","contentUrl":"https:\/\/www.wsein.org\/wp-content\/uploads\/Logo_WSEIN.png","width":1000,"height":200,"caption":"WSEIN - World Sustainable Energy Institute"},"image":{"@id":"https:\/\/www.wsein.org\/tr\/#\/schema\/logo\/image\/"},"sameAs":["https:\/\/www.facebook.com\/WSEinitiative"]}]}},"_links":{"self":[{"href":"https:\/\/www.wsein.org\/tr\/wp-json\/wp\/v2\/pages\/8369","targetHints":{"allow":["GET"]}}],"collection":[{"href":"https:\/\/www.wsein.org\/tr\/wp-json\/wp\/v2\/pages"}],"about":[{"href":"https:\/\/www.wsein.org\/tr\/wp-json\/wp\/v2\/types\/page"}],"author":[{"embeddable":true,"href":"https:\/\/www.wsein.org\/tr\/wp-json\/wp\/v2\/users\/5"}],"replies":[{"embeddable":true,"href":"https:\/\/www.wsein.org\/tr\/wp-json\/wp\/v2\/comments?post=8369"}],"version-history":[{"count":0,"href":"https:\/\/www.wsein.org\/tr\/wp-json\/wp\/v2\/pages\/8369\/revisions"}],"up":[{"embeddable":true,"href":"https:\/\/www.wsein.org\/tr\/wp-json\/wp\/v2\/pages\/6478"}],"wp:attachment":[{"href":"https:\/\/www.wsein.org\/tr\/wp-json\/wp\/v2\/media?parent=8369"}],"curies":[{"name":"wp","href":"https:\/\/api.w.org\/{rel}","templated":true}]}}