{"id":9521,"date":"2018-12-13T17:36:03","date_gmt":"2018-12-13T16:36:03","guid":{"rendered":"http:\/\/www.wsein.org\/?page_id=9521"},"modified":"2018-12-20T18:05:19","modified_gmt":"2018-12-20T17:05:19","slug":"gizlilik-politikamiz","status":"publish","type":"page","link":"https:\/\/www.wsein.org\/tr\/gizlilik-politikamiz\/","title":{"rendered":"Gizlilik Politikam\u0131z"},"content":{"rendered":"<div id=\"pl-9521\"  class=\"panel-layout\" ><div id=\"pg-9521-0\"  class=\"panel-grid panel-no-style\" ><div id=\"pgc-9521-0-0\"  class=\"panel-grid-cell\" ><div id=\"panel-9521-0-0-0\" class=\"so-panel widget widget_sow-editor panel-first-child panel-last-child\" data-index=\"0\" ><div\n\t\t\t\n\t\t\tclass=\"so-widget-sow-editor so-widget-sow-editor-base\"\n\t\t\t\n\t\t>\n<div class=\"siteorigin-widget-tinymce textwidget\">\n\t<h2>G\u0130ZL\u0130L\u0130K POL\u0130T\u0130KAMIZ<\/h2>\n<p>\u0130nternet sayfam\u0131z : <a href=\"https:\/\/www.wsein.org\/\" target=\"_blank\" rel=\"noopener\">http:\/\/www.wsein.org<\/a><\/p>\n<p>Sizin bilgilerinizi korumakla y\u00fck\u00fcml\u00fcy\u00fcz. Bilgileriniz sadece kendi taraf\u0131m\u0131zdan kurallar ve yasal y\u00fck\u00fcml\u00fcl\u00fckler gere\u011fince kullan\u0131lacakt\u0131r (DSGVO).<\/p>\n<p>Bu gizlilik politikam\u0131z \u00e7er\u00e7evesinde bilgilerinizi sadece internet sayfam\u0131z i\u00e7in kullanaca\u011f\u0131m\u0131z\u0131 bildiririz.<\/p>\n<h3>KONTAKT FORMLARI<\/h3>\n<p>Bizimle internet sayfam\u0131z ve\/veya e-mail arac\u0131l\u0131\u011f\u0131yla kontakt kurarsan\u0131z, bilgileriniz 6 ay boyunca korunacakt\u0131r. \u00dc\u00e7\u00fcnc\u00fc taraflarla payla\u015f\u0131lmayacakt\u0131r.<\/p>\n<h3>B\u0130LG\u0130LEND\u0130RME G\u00d6REV\u0130<\/h3>\n<p>Siz sistemimizdeki bigilerinizi silme hakk\u0131na sahipsiniz.<\/p>\n<h3>VER\u0130 G\u00dcVENL\u0130\u011e\u0130<\/h3>\n<p>\u0130nternet sayfam\u0131zda bulunan ki\u015fisel verilerinizin g\u00fcvenli\u011fi teknik ve organizasyonel yeteneklerle s\u0131n\u0131rl\u0131d\u0131r.<\/p>\n<h3>SOSYAL PLUG-INS ve GOOGLE HAR\u0130TALAR<\/h3>\n<p>Bizim internet sayfam\u0131z Google-Plus-Plugin ve Google-Maps-Plugin'i kullanmaktad\u0131r. Google Gizlilik ko\u015fullar\u0131n\u0131 <a href=\"https:\/\/privacy.google.com\/intl\/en-GB\/index.html\" target=\"_blank\" rel=\"noopener\">Google Privacy Sayfas\u0131ndan<\/a> ula\u015fabilirsiniz.<\/p>\n<h3>\u0130ZLEME<\/h3>\n<p>Bu sayfa internet izleme cookies ve scrips kullanmamaktad\u0131r.<\/p>\n<h3>LOG-DOSYALARI<\/h3>\n<p>\u0130nternet sa\u011flay\u0131c\u0131s\u0131 otomatik olarak bilgileri site performans kalitesi i\u00e7in log-dosyalar\u0131 olarak kullan\u0131r. Bu IP Adres protokol\u00fc, browser, dil ayarlar\u0131, operasyon sistemlerini, URL bilgilerini, sizin internet sa\u011flay\u0131c\u0131n\u0131z ve zaman\/g\u00fcn bilgilerinizi i\u00e7erir. Bu bilgiler \u00fc\u00e7\u00fcnc\u00fc ki\u015filerle payla\u015f\u0131lmayacakt\u0131r. <\/p>\n<h3>KONTAKT B\u0130LG\u0130LER\u0130<\/h3>\n<p>WSEIN \u2212 D\u00fcnya S\u00fcrd\u00fcr\u00fclebilir Enerji Enstit\u00fcs\u00fc<br \/>\n1180 Viyana<br \/>\nAvusturya<\/p>\n<p>Telefon <a href=\"tel:+4369910044848\">+43 699 1004 4848<\/a><br \/>\nEmail <a href=\"mailto:office@wsein.org\">office@wsein.org<\/a><\/p>\n<\/div>\n<\/div><\/div><\/div><\/div><\/div>","protected":false},"excerpt":{"rendered":"<p>G\u0130ZL\u0130L\u0130K POL\u0130T\u0130KAMIZ \u0130nternet sayfam\u0131z : http:\/\/www.wsein.org Sizin bilgilerinizi korumakla y\u00fck\u00fcml\u00fcy\u00fcz. Bilgileriniz sadece kendi taraf\u0131m\u0131zdan kurallar ve yasal y\u00fck\u00fcml\u00fcl\u00fckler gere\u011fince kullan\u0131lacakt\u0131r (DSGVO). Bu gizlilik politikam\u0131z \u00e7er\u00e7evesinde bilgilerinizi sadece internet sayfam\u0131z i\u00e7in &hellip; <\/p>\n","protected":false},"author":5,"featured_media":0,"parent":0,"menu_order":0,"comment_status":"closed","ping_status":"closed","template":"","meta":{"footnotes":"","_links_to":"","_links_to_target":""},"class_list":["post-9521","page","type-page","status-publish","hentry"],"yoast_head":"<!-- This site is optimized with the Yoast SEO plugin v27.1.1 - https:\/\/yoast.com\/product\/yoast-seo-wordpress\/ -->\n<title>Gizlilik Politikam\u0131z | WSEIN - World Sustainable Energy Institute<\/title>\n<meta name=\"description\" content=\"WSEIN \u2212 World Sustainable Energy Institute is an international organisation based in Vienna that works for sustainable city solutions such as renewable energy, waste management, sustainable mobility and community.\" \/>\n<meta name=\"robots\" content=\"index, follow, max-snippet:-1, max-image-preview:large, max-video-preview:-1\" \/>\n<link rel=\"canonical\" href=\"https:\/\/www.wsein.org\/tr\/gizlilik-politikamiz\/\" \/>\n<meta name=\"twitter:label1\" content=\"Est. reading time\" \/>\n\t<meta name=\"twitter:data1\" content=\"1 minute\" \/>\n<script type=\"application\/ld+json\" class=\"yoast-schema-graph\">{\"@context\":\"https:\/\/schema.org\",\"@graph\":[{\"@type\":\"WebPage\",\"@id\":\"https:\/\/www.wsein.org\/tr\/gizlilik-politikamiz\/\",\"url\":\"https:\/\/www.wsein.org\/tr\/gizlilik-politikamiz\/\",\"name\":\"Gizlilik Politikam\u0131z | WSEIN - World Sustainable Energy Institute\",\"isPartOf\":{\"@id\":\"https:\/\/www.wsein.org\/tr\/#website\"},\"datePublished\":\"2018-12-13T16:36:03+00:00\",\"dateModified\":\"2018-12-20T17:05:19+00:00\",\"description\":\"WSEIN \u2212 World Sustainable Energy Institute is an international organisation based in Vienna that works for sustainable city solutions such as renewable energy, waste management, sustainable mobility and community.\",\"breadcrumb\":{\"@id\":\"https:\/\/www.wsein.org\/tr\/gizlilik-politikamiz\/#breadcrumb\"},\"inLanguage\":\"tr\",\"potentialAction\":[{\"@type\":\"ReadAction\",\"target\":[\"https:\/\/www.wsein.org\/tr\/gizlilik-politikamiz\/\"]}]},{\"@type\":\"BreadcrumbList\",\"@id\":\"https:\/\/www.wsein.org\/tr\/gizlilik-politikamiz\/#breadcrumb\",\"itemListElement\":[{\"@type\":\"ListItem\",\"position\":1,\"name\":\"Home\",\"item\":\"https:\/\/www.wsein.org\/tr\/\"},{\"@type\":\"ListItem\",\"position\":2,\"name\":\"Gizlilik Politikam\u0131z\"}]},{\"@type\":\"WebSite\",\"@id\":\"https:\/\/www.wsein.org\/tr\/#website\",\"url\":\"https:\/\/www.wsein.org\/tr\/\",\"name\":\"WSEIN \u2212 World Sustainable Energy Institute\",\"description\":\"World Sustainable Energy Institute\",\"publisher\":{\"@id\":\"https:\/\/www.wsein.org\/tr\/#organization\"},\"potentialAction\":[{\"@type\":\"SearchAction\",\"target\":{\"@type\":\"EntryPoint\",\"urlTemplate\":\"https:\/\/www.wsein.org\/tr\/?s={search_term_string}\"},\"query-input\":{\"@type\":\"PropertyValueSpecification\",\"valueRequired\":true,\"valueName\":\"search_term_string\"}}],\"inLanguage\":\"tr\"},{\"@type\":\"Organization\",\"@id\":\"https:\/\/www.wsein.org\/tr\/#organization\",\"name\":\"WSEIN - World Sustainable Energy Institute\",\"url\":\"https:\/\/www.wsein.org\/tr\/\",\"logo\":{\"@type\":\"ImageObject\",\"inLanguage\":\"tr\",\"@id\":\"https:\/\/www.wsein.org\/tr\/#\/schema\/logo\/image\/\",\"url\":\"https:\/\/www.wsein.org\/wp-content\/uploads\/Logo_WSEIN.png\",\"contentUrl\":\"https:\/\/www.wsein.org\/wp-content\/uploads\/Logo_WSEIN.png\",\"width\":1000,\"height\":200,\"caption\":\"WSEIN - World Sustainable Energy Institute\"},\"image\":{\"@id\":\"https:\/\/www.wsein.org\/tr\/#\/schema\/logo\/image\/\"},\"sameAs\":[\"https:\/\/www.facebook.com\/WSEinitiative\"]}]}<\/script>\n<!-- \/ Yoast SEO plugin. -->","yoast_head_json":{"title":"Gizlilik Politikam\u0131z | WSEIN - World Sustainable Energy Institute","description":"WSEIN \u2212 World Sustainable Energy Institute is an international organisation based in Vienna that works for sustainable city solutions such as renewable energy, waste management, sustainable mobility and community.","robots":{"index":"index","follow":"follow","max-snippet":"max-snippet:-1","max-image-preview":"max-image-preview:large","max-video-preview":"max-video-preview:-1"},"canonical":"https:\/\/www.wsein.org\/tr\/gizlilik-politikamiz\/","twitter_misc":{"Est. reading time":"1 minute"},"schema":{"@context":"https:\/\/schema.org","@graph":[{"@type":"WebPage","@id":"https:\/\/www.wsein.org\/tr\/gizlilik-politikamiz\/","url":"https:\/\/www.wsein.org\/tr\/gizlilik-politikamiz\/","name":"Gizlilik Politikam\u0131z | WSEIN - World Sustainable Energy Institute","isPartOf":{"@id":"https:\/\/www.wsein.org\/tr\/#website"},"datePublished":"2018-12-13T16:36:03+00:00","dateModified":"2018-12-20T17:05:19+00:00","description":"WSEIN \u2212 World Sustainable Energy Institute is an international organisation based in Vienna that works for sustainable city solutions such as renewable energy, waste management, sustainable mobility and community.","breadcrumb":{"@id":"https:\/\/www.wsein.org\/tr\/gizlilik-politikamiz\/#breadcrumb"},"inLanguage":"tr","potentialAction":[{"@type":"ReadAction","target":["https:\/\/www.wsein.org\/tr\/gizlilik-politikamiz\/"]}]},{"@type":"BreadcrumbList","@id":"https:\/\/www.wsein.org\/tr\/gizlilik-politikamiz\/#breadcrumb","itemListElement":[{"@type":"ListItem","position":1,"name":"Home","item":"https:\/\/www.wsein.org\/tr\/"},{"@type":"ListItem","position":2,"name":"Gizlilik Politikam\u0131z"}]},{"@type":"WebSite","@id":"https:\/\/www.wsein.org\/tr\/#website","url":"https:\/\/www.wsein.org\/tr\/","name":"WSEIN \u2212 World Sustainable Energy Institute","description":"World Sustainable Energy Institute","publisher":{"@id":"https:\/\/www.wsein.org\/tr\/#organization"},"potentialAction":[{"@type":"SearchAction","target":{"@type":"EntryPoint","urlTemplate":"https:\/\/www.wsein.org\/tr\/?s={search_term_string}"},"query-input":{"@type":"PropertyValueSpecification","valueRequired":true,"valueName":"search_term_string"}}],"inLanguage":"tr"},{"@type":"Organization","@id":"https:\/\/www.wsein.org\/tr\/#organization","name":"WSEIN - World Sustainable Energy Institute","url":"https:\/\/www.wsein.org\/tr\/","logo":{"@type":"ImageObject","inLanguage":"tr","@id":"https:\/\/www.wsein.org\/tr\/#\/schema\/logo\/image\/","url":"https:\/\/www.wsein.org\/wp-content\/uploads\/Logo_WSEIN.png","contentUrl":"https:\/\/www.wsein.org\/wp-content\/uploads\/Logo_WSEIN.png","width":1000,"height":200,"caption":"WSEIN - World Sustainable Energy Institute"},"image":{"@id":"https:\/\/www.wsein.org\/tr\/#\/schema\/logo\/image\/"},"sameAs":["https:\/\/www.facebook.com\/WSEinitiative"]}]}},"_links":{"self":[{"href":"https:\/\/www.wsein.org\/tr\/wp-json\/wp\/v2\/pages\/9521","targetHints":{"allow":["GET"]}}],"collection":[{"href":"https:\/\/www.wsein.org\/tr\/wp-json\/wp\/v2\/pages"}],"about":[{"href":"https:\/\/www.wsein.org\/tr\/wp-json\/wp\/v2\/types\/page"}],"author":[{"embeddable":true,"href":"https:\/\/www.wsein.org\/tr\/wp-json\/wp\/v2\/users\/5"}],"replies":[{"embeddable":true,"href":"https:\/\/www.wsein.org\/tr\/wp-json\/wp\/v2\/comments?post=9521"}],"version-history":[{"count":0,"href":"https:\/\/www.wsein.org\/tr\/wp-json\/wp\/v2\/pages\/9521\/revisions"}],"wp:attachment":[{"href":"https:\/\/www.wsein.org\/tr\/wp-json\/wp\/v2\/media?parent=9521"}],"curies":[{"name":"wp","href":"https:\/\/api.w.org\/{rel}","templated":true}]}}