{"id":9798,"date":"2018-12-20T18:42:07","date_gmt":"2018-12-20T17:42:07","guid":{"rendered":"http:\/\/www.wsein.org\/?page_id=9798"},"modified":"2018-12-20T18:47:17","modified_gmt":"2018-12-20T17:47:17","slug":"konsept","status":"publish","type":"page","link":"https:\/\/www.wsein.org\/tr\/surdurulebilir-sehirler\/konsept\/","title":{"rendered":"Konsept"},"content":{"rendered":"<div id=\"pl-9798\"  class=\"panel-layout\" ><div id=\"pg-9798-0\"  class=\"panel-grid panel-no-style\" ><div id=\"pgc-9798-0-0\"  class=\"panel-grid-cell\" ><div id=\"panel-9798-0-0-0\" class=\"so-panel widget widget_heading panel-first-child panel-last-child\" data-index=\"0\" ><div class=\"thim-widget-heading template-base\"><div class=\"sc_heading  text-left\"><h2 style=\"text-transform: uppercase;\" class=\"title\">ZAMAN \u00c7\u0130ZELGES\u0130 VE \u0130\u015e TANIMI<\/h2><span style=\"background-color:#be0000\" class=\"line\"><\/span><\/div><\/div><\/div><\/div><\/div><div id=\"pg-9798-1\"  class=\"panel-grid panel-no-style\" ><div id=\"pgc-9798-1-0\"  class=\"panel-grid-cell\" ><div id=\"panel-9798-1-0-0\" class=\"so-panel widget widget_sow-image panel-first-child\" data-index=\"1\" ><div\n\t\t\t\n\t\t\tclass=\"so-widget-sow-image so-widget-sow-image-default-8b5b6f678277-9798\"\n\t\t\t\n\t\t>\n<div class=\"sow-image-container\">\n\t\t<img fetchpriority=\"high\" \n\tsrc=\"https:\/\/www.wsein.org\/wp-content\/uploads\/City-of-Vienna.jpg\" width=\"1500\" height=\"1000\" srcset=\"https:\/\/www.wsein.org\/wp-content\/uploads\/City-of-Vienna.jpg 1500w, https:\/\/www.wsein.org\/wp-content\/uploads\/City-of-Vienna-600x400.jpg 600w, https:\/\/www.wsein.org\/wp-content\/uploads\/City-of-Vienna-300x200.jpg 300w, https:\/\/www.wsein.org\/wp-content\/uploads\/City-of-Vienna-768x512.jpg 768w, https:\/\/www.wsein.org\/wp-content\/uploads\/City-of-Vienna-1024x683.jpg 1024w, https:\/\/www.wsein.org\/wp-content\/uploads\/City-of-Vienna-272x182.jpg 272w\" sizes=\"(max-width: 1500px) 100vw, 1500px\" alt=\"\" \t\tclass=\"so-widget-image\"\/>\n\t<\/div>\n\n<\/div><\/div><div id=\"panel-9798-1-0-1\" class=\"so-panel widget widget_sow-editor panel-last-child\" data-index=\"2\" ><div\n\t\t\t\n\t\t\tclass=\"so-widget-sow-editor so-widget-sow-editor-base\"\n\t\t\t\n\t\t>\n<div class=\"siteorigin-widget-tinymce textwidget\">\n\t<p><strong>WSEIN \u2013 D\u00dcNYA S\u00dcR\u00dcD\u00dcRLEB\u0130L\u0130R ENERJ\u0130 ENST\u0130T\u00dc<\/strong> olarak mevc\u00fct \u015fehirlerin kendi kendine yetebilen s\u00fcrd\u00fcr\u00fclebilir \u015fehir haline gelmesi i\u00e7in \u00f6zel konsept re\u00e7etelerimiz mevcuttur.<\/p>\n<p>\u0130zledi\u011fimiz ad\u0131mlar a\u015fa\u011f\u0131daki gibidir :<\/p>\n<ul>\n<li> \u00dclkeye veya \u015eehri ekip olarak ziyaret<\/li>\n<li> Tak\u0131m\u0131m\u0131zla \u00c7al\u0131\u015fma Grubunun kurulmas\u0131<\/li>\n<li> Enerji Konsepti<\/li>\n<li> Ula\u015f\u0131m Konsepti<\/li>\n<li> \u00c7evre Konsepti<\/li>\n<li> Toplum Konsepti<\/li>\n<li> Finans Konsepti<\/li>\n<li> Marketing Konsepti<\/li>\n<\/ul>\n<\/div>\n<\/div><\/div><\/div><\/div><\/div>","protected":false},"excerpt":{"rendered":"<p>WSEIN \u2013 D\u00dcNYA S\u00dcR\u00dcD\u00dcRLEB\u0130L\u0130R ENERJ\u0130 ENST\u0130T\u00dc olarak mevc\u00fct \u015fehirlerin kendi kendine yetebilen s\u00fcrd\u00fcr\u00fclebilir \u015fehir haline gelmesi i\u00e7in \u00f6zel konsept re\u00e7etelerimiz mevcuttur. \u0130zledi\u011fimiz ad\u0131mlar a\u015fa\u011f\u0131daki gibidir : \u00dclkeye veya \u015eehri ekip &hellip; <\/p>\n","protected":false},"author":2,"featured_media":0,"parent":8997,"menu_order":0,"comment_status":"closed","ping_status":"closed","template":"","meta":{"footnotes":"","_links_to":"","_links_to_target":""},"class_list":["post-9798","page","type-page","status-publish","hentry"],"yoast_head":"<!-- This site is optimized with the Yoast SEO plugin v27.5 - https:\/\/yoast.com\/product\/yoast-seo-wordpress\/ -->\n<title>Konsept | WSEIN - World Sustainable Energy Institute<\/title>\n<meta name=\"description\" content=\"WSEIN \u2212 World Sustainable Energy Institute is an international organisation based in Vienna that works for sustainable city solutions such as renewable energy, waste management, sustainable mobility and community.\" \/>\n<meta name=\"robots\" content=\"index, follow, max-snippet:-1, max-image-preview:large, max-video-preview:-1\" \/>\n<link rel=\"canonical\" href=\"https:\/\/www.wsein.org\/tr\/surdurulebilir-sehirler\/konsept\/\" \/>\n<script type=\"application\/ld+json\" class=\"yoast-schema-graph\">{\"@context\":\"https:\\\/\\\/schema.org\",\"@graph\":[{\"@type\":\"WebPage\",\"@id\":\"https:\\\/\\\/www.wsein.org\\\/tr\\\/surdurulebilir-sehirler\\\/konsept\\\/\",\"url\":\"https:\\\/\\\/www.wsein.org\\\/tr\\\/surdurulebilir-sehirler\\\/konsept\\\/\",\"name\":\"Konsept | WSEIN - World Sustainable Energy Institute\",\"isPartOf\":{\"@id\":\"https:\\\/\\\/www.wsein.org\\\/tr\\\/#website\"},\"datePublished\":\"2018-12-20T17:42:07+00:00\",\"dateModified\":\"2018-12-20T17:47:17+00:00\",\"description\":\"WSEIN \u2212 World Sustainable Energy Institute is an international organisation based in Vienna that works for sustainable city solutions such as renewable energy, waste management, sustainable mobility and community.\",\"breadcrumb\":{\"@id\":\"https:\\\/\\\/www.wsein.org\\\/tr\\\/surdurulebilir-sehirler\\\/konsept\\\/#breadcrumb\"},\"inLanguage\":\"tr\",\"potentialAction\":[{\"@type\":\"ReadAction\",\"target\":[\"https:\\\/\\\/www.wsein.org\\\/tr\\\/surdurulebilir-sehirler\\\/konsept\\\/\"]}]},{\"@type\":\"BreadcrumbList\",\"@id\":\"https:\\\/\\\/www.wsein.org\\\/tr\\\/surdurulebilir-sehirler\\\/konsept\\\/#breadcrumb\",\"itemListElement\":[{\"@type\":\"ListItem\",\"position\":1,\"name\":\"Home\",\"item\":\"https:\\\/\\\/www.wsein.org\\\/tr\\\/\"},{\"@type\":\"ListItem\",\"position\":2,\"name\":\"S\u00fcrd\u00fcr\u00fclebilir \u015eehirler\",\"item\":\"https:\\\/\\\/www.wsein.org\\\/tr\\\/surdurulebilir-sehirler\\\/\"},{\"@type\":\"ListItem\",\"position\":3,\"name\":\"Konsept\"}]},{\"@type\":\"WebSite\",\"@id\":\"https:\\\/\\\/www.wsein.org\\\/tr\\\/#website\",\"url\":\"https:\\\/\\\/www.wsein.org\\\/tr\\\/\",\"name\":\"WSEIN \u2212 World Sustainable Energy Institute\",\"description\":\"World Sustainable Energy Institute\",\"publisher\":{\"@id\":\"https:\\\/\\\/www.wsein.org\\\/tr\\\/#organization\"},\"potentialAction\":[{\"@type\":\"SearchAction\",\"target\":{\"@type\":\"EntryPoint\",\"urlTemplate\":\"https:\\\/\\\/www.wsein.org\\\/tr\\\/?s={search_term_string}\"},\"query-input\":{\"@type\":\"PropertyValueSpecification\",\"valueRequired\":true,\"valueName\":\"search_term_string\"}}],\"inLanguage\":\"tr\"},{\"@type\":\"Organization\",\"@id\":\"https:\\\/\\\/www.wsein.org\\\/tr\\\/#organization\",\"name\":\"WSEIN - World Sustainable Energy Institute\",\"url\":\"https:\\\/\\\/www.wsein.org\\\/tr\\\/\",\"logo\":{\"@type\":\"ImageObject\",\"inLanguage\":\"tr\",\"@id\":\"https:\\\/\\\/www.wsein.org\\\/tr\\\/#\\\/schema\\\/logo\\\/image\\\/\",\"url\":\"https:\\\/\\\/www.wsein.org\\\/wp-content\\\/uploads\\\/Logo_WSEIN.png\",\"contentUrl\":\"https:\\\/\\\/www.wsein.org\\\/wp-content\\\/uploads\\\/Logo_WSEIN.png\",\"width\":1000,\"height\":200,\"caption\":\"WSEIN - World Sustainable Energy Institute\"},\"image\":{\"@id\":\"https:\\\/\\\/www.wsein.org\\\/tr\\\/#\\\/schema\\\/logo\\\/image\\\/\"},\"sameAs\":[\"https:\\\/\\\/www.facebook.com\\\/WSEinitiative\"]}]}<\/script>\n<!-- \/ Yoast SEO plugin. -->","yoast_head_json":{"title":"Konsept | WSEIN - World Sustainable Energy Institute","description":"WSEIN \u2212 World Sustainable Energy Institute is an international organisation based in Vienna that works for sustainable city solutions such as renewable energy, waste management, sustainable mobility and community.","robots":{"index":"index","follow":"follow","max-snippet":"max-snippet:-1","max-image-preview":"max-image-preview:large","max-video-preview":"max-video-preview:-1"},"canonical":"https:\/\/www.wsein.org\/tr\/surdurulebilir-sehirler\/konsept\/","schema":{"@context":"https:\/\/schema.org","@graph":[{"@type":"WebPage","@id":"https:\/\/www.wsein.org\/tr\/surdurulebilir-sehirler\/konsept\/","url":"https:\/\/www.wsein.org\/tr\/surdurulebilir-sehirler\/konsept\/","name":"Konsept | WSEIN - World Sustainable Energy Institute","isPartOf":{"@id":"https:\/\/www.wsein.org\/tr\/#website"},"datePublished":"2018-12-20T17:42:07+00:00","dateModified":"2018-12-20T17:47:17+00:00","description":"WSEIN \u2212 World Sustainable Energy Institute is an international organisation based in Vienna that works for sustainable city solutions such as renewable energy, waste management, sustainable mobility and community.","breadcrumb":{"@id":"https:\/\/www.wsein.org\/tr\/surdurulebilir-sehirler\/konsept\/#breadcrumb"},"inLanguage":"tr","potentialAction":[{"@type":"ReadAction","target":["https:\/\/www.wsein.org\/tr\/surdurulebilir-sehirler\/konsept\/"]}]},{"@type":"BreadcrumbList","@id":"https:\/\/www.wsein.org\/tr\/surdurulebilir-sehirler\/konsept\/#breadcrumb","itemListElement":[{"@type":"ListItem","position":1,"name":"Home","item":"https:\/\/www.wsein.org\/tr\/"},{"@type":"ListItem","position":2,"name":"S\u00fcrd\u00fcr\u00fclebilir \u015eehirler","item":"https:\/\/www.wsein.org\/tr\/surdurulebilir-sehirler\/"},{"@type":"ListItem","position":3,"name":"Konsept"}]},{"@type":"WebSite","@id":"https:\/\/www.wsein.org\/tr\/#website","url":"https:\/\/www.wsein.org\/tr\/","name":"WSEIN \u2212 World Sustainable Energy Institute","description":"World Sustainable Energy Institute","publisher":{"@id":"https:\/\/www.wsein.org\/tr\/#organization"},"potentialAction":[{"@type":"SearchAction","target":{"@type":"EntryPoint","urlTemplate":"https:\/\/www.wsein.org\/tr\/?s={search_term_string}"},"query-input":{"@type":"PropertyValueSpecification","valueRequired":true,"valueName":"search_term_string"}}],"inLanguage":"tr"},{"@type":"Organization","@id":"https:\/\/www.wsein.org\/tr\/#organization","name":"WSEIN - World Sustainable Energy Institute","url":"https:\/\/www.wsein.org\/tr\/","logo":{"@type":"ImageObject","inLanguage":"tr","@id":"https:\/\/www.wsein.org\/tr\/#\/schema\/logo\/image\/","url":"https:\/\/www.wsein.org\/wp-content\/uploads\/Logo_WSEIN.png","contentUrl":"https:\/\/www.wsein.org\/wp-content\/uploads\/Logo_WSEIN.png","width":1000,"height":200,"caption":"WSEIN - World Sustainable Energy Institute"},"image":{"@id":"https:\/\/www.wsein.org\/tr\/#\/schema\/logo\/image\/"},"sameAs":["https:\/\/www.facebook.com\/WSEinitiative"]}]}},"_links":{"self":[{"href":"https:\/\/www.wsein.org\/tr\/wp-json\/wp\/v2\/pages\/9798","targetHints":{"allow":["GET"]}}],"collection":[{"href":"https:\/\/www.wsein.org\/tr\/wp-json\/wp\/v2\/pages"}],"about":[{"href":"https:\/\/www.wsein.org\/tr\/wp-json\/wp\/v2\/types\/page"}],"author":[{"embeddable":true,"href":"https:\/\/www.wsein.org\/tr\/wp-json\/wp\/v2\/users\/2"}],"replies":[{"embeddable":true,"href":"https:\/\/www.wsein.org\/tr\/wp-json\/wp\/v2\/comments?post=9798"}],"version-history":[{"count":0,"href":"https:\/\/www.wsein.org\/tr\/wp-json\/wp\/v2\/pages\/9798\/revisions"}],"up":[{"embeddable":true,"href":"https:\/\/www.wsein.org\/tr\/wp-json\/wp\/v2\/pages\/8997"}],"wp:attachment":[{"href":"https:\/\/www.wsein.org\/tr\/wp-json\/wp\/v2\/media?parent=9798"}],"curies":[{"name":"wp","href":"https:\/\/api.w.org\/{rel}","templated":true}]}}