{"id":9814,"date":"2018-12-20T18:56:33","date_gmt":"2018-12-20T17:56:33","guid":{"rendered":"http:\/\/www.wsein.org\/?page_id=9814"},"modified":"2018-12-20T20:22:31","modified_gmt":"2018-12-20T19:22:31","slug":"takim-uzmanlarimiz","status":"publish","type":"page","link":"https:\/\/www.wsein.org\/tr\/surdurulebilir-sehirler\/takim-uzmanlarimiz\/","title":{"rendered":"Tak\u0131m \u2013 Uzmanlar\u0131m\u0131z"},"content":{"rendered":"<div id=\"pl-9814\"  class=\"panel-layout\" ><div id=\"pg-9814-0\"  class=\"panel-grid panel-no-style\" ><div id=\"pgc-9814-0-0\"  class=\"panel-grid-cell\" ><div id=\"panel-9814-0-0-0\" class=\"so-panel widget widget_heading panel-first-child panel-last-child\" data-index=\"0\" ><div class=\"thim-widget-heading template-base\"><div class=\"sc_heading  text-left\"><h2 style=\"text-transform: uppercase;\" class=\"title\">WSEIN TAKIMI VE UZMANLARIMIZ<\/h2><span style=\"background-color:#be0000\" class=\"line\"><\/span><\/div><\/div><\/div><\/div><\/div><div id=\"pg-9814-1\"  class=\"panel-grid panel-no-style\" ><div id=\"pgc-9814-1-0\"  class=\"panel-grid-cell\" ><div id=\"panel-9814-1-0-0\" class=\"so-panel widget widget_sow-image panel-first-child\" data-index=\"1\" ><div\n\t\t\t\n\t\t\tclass=\"so-widget-sow-image so-widget-sow-image-default-4e6925654b7a-9814\"\n\t\t\t\n\t\t>\n<div class=\"sow-image-container\">\n\t\t<img fetchpriority=\"high\" \n\tsrc=\"https:\/\/www.wsein.org\/wp-content\/uploads\/WSEIN_Takim-1.jpg\" width=\"2078\" height=\"2077\" srcset=\"https:\/\/www.wsein.org\/wp-content\/uploads\/WSEIN_Takim-1.jpg 2078w, https:\/\/www.wsein.org\/wp-content\/uploads\/WSEIN_Takim-1-300x300.jpg 300w, https:\/\/www.wsein.org\/wp-content\/uploads\/WSEIN_Takim-1-100x100.jpg 100w, https:\/\/www.wsein.org\/wp-content\/uploads\/WSEIN_Takim-1-600x600.jpg 600w, https:\/\/www.wsein.org\/wp-content\/uploads\/WSEIN_Takim-1-150x150.jpg 150w, https:\/\/www.wsein.org\/wp-content\/uploads\/WSEIN_Takim-1-768x768.jpg 768w, https:\/\/www.wsein.org\/wp-content\/uploads\/WSEIN_Takim-1-1024x1024.jpg 1024w\" sizes=\"(max-width: 2078px) 100vw, 2078px\" title=\"WSEIN Takim\" alt=\"\" \t\tclass=\"so-widget-image\"\/>\n\t<\/div>\n\n<\/div><\/div><div id=\"panel-9814-1-0-1\" class=\"so-panel widget widget_sow-editor panel-last-child\" data-index=\"2\" ><div\n\t\t\t\n\t\t\tclass=\"so-widget-sow-editor so-widget-sow-editor-base\"\n\t\t\t\n\t\t>\n<div class=\"siteorigin-widget-tinymce textwidget\">\n\t<p>S\u00fcrd\u00fcr\u00fclebilir \u015eehir in\u015fa etmek i\u00e7in, zorunlu ve yeni y\u00f6netmelikleri b\u00f6lge i\u00e7in uygun olarak geli\u015ftirmek zorunday\u0131z.<\/p>\n<p>Bu t\u00fcr bir \u00e7ali\u015fma i\u00e7in kaliteli ve en \u00fcst uzmanlara ihtiyac\u0131m\u0131z var. Bizim tak\u0131m\u0131m\u0131z\u0131n uzmanlar\u0131 ak\u0131ll\u0131 \u015fehirler ve s\u00fcrd\u00fcr\u00fclebilir \u015fehirler konusunda bu know-how'a sahiptirler.<\/p>\n<\/div>\n<\/div><\/div><\/div><\/div><\/div>","protected":false},"excerpt":{"rendered":"<p>S\u00fcrd\u00fcr\u00fclebilir \u015eehir in\u015fa etmek i\u00e7in, zorunlu ve yeni y\u00f6netmelikleri b\u00f6lge i\u00e7in uygun olarak geli\u015ftirmek zorunday\u0131z. Bu t\u00fcr bir \u00e7ali\u015fma i\u00e7in kaliteli ve en \u00fcst uzmanlara ihtiyac\u0131m\u0131z var. Bizim tak\u0131m\u0131m\u0131z\u0131n uzmanlar\u0131 &hellip; <\/p>\n","protected":false},"author":2,"featured_media":0,"parent":8997,"menu_order":0,"comment_status":"closed","ping_status":"closed","template":"","meta":{"footnotes":"","_links_to":"","_links_to_target":""},"class_list":["post-9814","page","type-page","status-publish","hentry"],"yoast_head":"<!-- This site is optimized with the Yoast SEO plugin v27.1.1 - https:\/\/yoast.com\/product\/yoast-seo-wordpress\/ -->\n<title>Tak\u0131m \u2013 Uzmanlar\u0131m\u0131z | WSEIN - World Sustainable Energy Institute<\/title>\n<meta name=\"description\" content=\"WSEIN \u2212 World Sustainable Energy Institute is an international organisation based in Vienna that works for sustainable city solutions such as renewable energy, waste management, sustainable mobility and community.\" \/>\n<meta name=\"robots\" content=\"index, follow, max-snippet:-1, max-image-preview:large, max-video-preview:-1\" \/>\n<link rel=\"canonical\" href=\"https:\/\/www.wsein.org\/tr\/surdurulebilir-sehirler\/takim-uzmanlarimiz\/\" \/>\n<script type=\"application\/ld+json\" class=\"yoast-schema-graph\">{\"@context\":\"https:\/\/schema.org\",\"@graph\":[{\"@type\":\"WebPage\",\"@id\":\"https:\/\/www.wsein.org\/tr\/surdurulebilir-sehirler\/takim-uzmanlarimiz\/\",\"url\":\"https:\/\/www.wsein.org\/tr\/surdurulebilir-sehirler\/takim-uzmanlarimiz\/\",\"name\":\"Tak\u0131m \u2013 Uzmanlar\u0131m\u0131z | WSEIN - World Sustainable Energy Institute\",\"isPartOf\":{\"@id\":\"https:\/\/www.wsein.org\/tr\/#website\"},\"datePublished\":\"2018-12-20T17:56:33+00:00\",\"dateModified\":\"2018-12-20T19:22:31+00:00\",\"description\":\"WSEIN \u2212 World Sustainable Energy Institute is an international organisation based in Vienna that works for sustainable city solutions such as renewable energy, waste management, sustainable mobility and community.\",\"breadcrumb\":{\"@id\":\"https:\/\/www.wsein.org\/tr\/surdurulebilir-sehirler\/takim-uzmanlarimiz\/#breadcrumb\"},\"inLanguage\":\"tr\",\"potentialAction\":[{\"@type\":\"ReadAction\",\"target\":[\"https:\/\/www.wsein.org\/tr\/surdurulebilir-sehirler\/takim-uzmanlarimiz\/\"]}]},{\"@type\":\"BreadcrumbList\",\"@id\":\"https:\/\/www.wsein.org\/tr\/surdurulebilir-sehirler\/takim-uzmanlarimiz\/#breadcrumb\",\"itemListElement\":[{\"@type\":\"ListItem\",\"position\":1,\"name\":\"Home\",\"item\":\"https:\/\/www.wsein.org\/tr\/\"},{\"@type\":\"ListItem\",\"position\":2,\"name\":\"S\u00fcrd\u00fcr\u00fclebilir \u015eehirler\",\"item\":\"https:\/\/www.wsein.org\/tr\/surdurulebilir-sehirler\/\"},{\"@type\":\"ListItem\",\"position\":3,\"name\":\"Tak\u0131m \u2013 Uzmanlar\u0131m\u0131z\"}]},{\"@type\":\"WebSite\",\"@id\":\"https:\/\/www.wsein.org\/tr\/#website\",\"url\":\"https:\/\/www.wsein.org\/tr\/\",\"name\":\"WSEIN \u2212 World Sustainable Energy Institute\",\"description\":\"World Sustainable Energy Institute\",\"publisher\":{\"@id\":\"https:\/\/www.wsein.org\/tr\/#organization\"},\"potentialAction\":[{\"@type\":\"SearchAction\",\"target\":{\"@type\":\"EntryPoint\",\"urlTemplate\":\"https:\/\/www.wsein.org\/tr\/?s={search_term_string}\"},\"query-input\":{\"@type\":\"PropertyValueSpecification\",\"valueRequired\":true,\"valueName\":\"search_term_string\"}}],\"inLanguage\":\"tr\"},{\"@type\":\"Organization\",\"@id\":\"https:\/\/www.wsein.org\/tr\/#organization\",\"name\":\"WSEIN - World Sustainable Energy Institute\",\"url\":\"https:\/\/www.wsein.org\/tr\/\",\"logo\":{\"@type\":\"ImageObject\",\"inLanguage\":\"tr\",\"@id\":\"https:\/\/www.wsein.org\/tr\/#\/schema\/logo\/image\/\",\"url\":\"https:\/\/www.wsein.org\/wp-content\/uploads\/Logo_WSEIN.png\",\"contentUrl\":\"https:\/\/www.wsein.org\/wp-content\/uploads\/Logo_WSEIN.png\",\"width\":1000,\"height\":200,\"caption\":\"WSEIN - World Sustainable Energy Institute\"},\"image\":{\"@id\":\"https:\/\/www.wsein.org\/tr\/#\/schema\/logo\/image\/\"},\"sameAs\":[\"https:\/\/www.facebook.com\/WSEinitiative\"]}]}<\/script>\n<!-- \/ Yoast SEO plugin. -->","yoast_head_json":{"title":"Tak\u0131m \u2013 Uzmanlar\u0131m\u0131z | WSEIN - World Sustainable Energy Institute","description":"WSEIN \u2212 World Sustainable Energy Institute is an international organisation based in Vienna that works for sustainable city solutions such as renewable energy, waste management, sustainable mobility and community.","robots":{"index":"index","follow":"follow","max-snippet":"max-snippet:-1","max-image-preview":"max-image-preview:large","max-video-preview":"max-video-preview:-1"},"canonical":"https:\/\/www.wsein.org\/tr\/surdurulebilir-sehirler\/takim-uzmanlarimiz\/","schema":{"@context":"https:\/\/schema.org","@graph":[{"@type":"WebPage","@id":"https:\/\/www.wsein.org\/tr\/surdurulebilir-sehirler\/takim-uzmanlarimiz\/","url":"https:\/\/www.wsein.org\/tr\/surdurulebilir-sehirler\/takim-uzmanlarimiz\/","name":"Tak\u0131m \u2013 Uzmanlar\u0131m\u0131z | WSEIN - World Sustainable Energy Institute","isPartOf":{"@id":"https:\/\/www.wsein.org\/tr\/#website"},"datePublished":"2018-12-20T17:56:33+00:00","dateModified":"2018-12-20T19:22:31+00:00","description":"WSEIN \u2212 World Sustainable Energy Institute is an international organisation based in Vienna that works for sustainable city solutions such as renewable energy, waste management, sustainable mobility and community.","breadcrumb":{"@id":"https:\/\/www.wsein.org\/tr\/surdurulebilir-sehirler\/takim-uzmanlarimiz\/#breadcrumb"},"inLanguage":"tr","potentialAction":[{"@type":"ReadAction","target":["https:\/\/www.wsein.org\/tr\/surdurulebilir-sehirler\/takim-uzmanlarimiz\/"]}]},{"@type":"BreadcrumbList","@id":"https:\/\/www.wsein.org\/tr\/surdurulebilir-sehirler\/takim-uzmanlarimiz\/#breadcrumb","itemListElement":[{"@type":"ListItem","position":1,"name":"Home","item":"https:\/\/www.wsein.org\/tr\/"},{"@type":"ListItem","position":2,"name":"S\u00fcrd\u00fcr\u00fclebilir \u015eehirler","item":"https:\/\/www.wsein.org\/tr\/surdurulebilir-sehirler\/"},{"@type":"ListItem","position":3,"name":"Tak\u0131m \u2013 Uzmanlar\u0131m\u0131z"}]},{"@type":"WebSite","@id":"https:\/\/www.wsein.org\/tr\/#website","url":"https:\/\/www.wsein.org\/tr\/","name":"WSEIN \u2212 World Sustainable Energy Institute","description":"World Sustainable Energy Institute","publisher":{"@id":"https:\/\/www.wsein.org\/tr\/#organization"},"potentialAction":[{"@type":"SearchAction","target":{"@type":"EntryPoint","urlTemplate":"https:\/\/www.wsein.org\/tr\/?s={search_term_string}"},"query-input":{"@type":"PropertyValueSpecification","valueRequired":true,"valueName":"search_term_string"}}],"inLanguage":"tr"},{"@type":"Organization","@id":"https:\/\/www.wsein.org\/tr\/#organization","name":"WSEIN - World Sustainable Energy Institute","url":"https:\/\/www.wsein.org\/tr\/","logo":{"@type":"ImageObject","inLanguage":"tr","@id":"https:\/\/www.wsein.org\/tr\/#\/schema\/logo\/image\/","url":"https:\/\/www.wsein.org\/wp-content\/uploads\/Logo_WSEIN.png","contentUrl":"https:\/\/www.wsein.org\/wp-content\/uploads\/Logo_WSEIN.png","width":1000,"height":200,"caption":"WSEIN - World Sustainable Energy Institute"},"image":{"@id":"https:\/\/www.wsein.org\/tr\/#\/schema\/logo\/image\/"},"sameAs":["https:\/\/www.facebook.com\/WSEinitiative"]}]}},"_links":{"self":[{"href":"https:\/\/www.wsein.org\/tr\/wp-json\/wp\/v2\/pages\/9814","targetHints":{"allow":["GET"]}}],"collection":[{"href":"https:\/\/www.wsein.org\/tr\/wp-json\/wp\/v2\/pages"}],"about":[{"href":"https:\/\/www.wsein.org\/tr\/wp-json\/wp\/v2\/types\/page"}],"author":[{"embeddable":true,"href":"https:\/\/www.wsein.org\/tr\/wp-json\/wp\/v2\/users\/2"}],"replies":[{"embeddable":true,"href":"https:\/\/www.wsein.org\/tr\/wp-json\/wp\/v2\/comments?post=9814"}],"version-history":[{"count":0,"href":"https:\/\/www.wsein.org\/tr\/wp-json\/wp\/v2\/pages\/9814\/revisions"}],"up":[{"embeddable":true,"href":"https:\/\/www.wsein.org\/tr\/wp-json\/wp\/v2\/pages\/8997"}],"wp:attachment":[{"href":"https:\/\/www.wsein.org\/tr\/wp-json\/wp\/v2\/media?parent=9814"}],"curies":[{"name":"wp","href":"https:\/\/api.w.org\/{rel}","templated":true}]}}